{"id":9669,"date":"2021-09-02T12:39:57","date_gmt":"2021-09-02T10:39:57","guid":{"rendered":"https:\/\/zszastavka.cz\/?page_id=9669"},"modified":"2021-09-02T15:13:05","modified_gmt":"2021-09-02T13:13:05","slug":"carodejnice-a-zatmeni-slunce","status":"publish","type":"page","link":"https:\/\/zszastavka.cz\/?page_id=9669","title":{"rendered":"\u010carod\u011bjnice a zatm\u011bn\u00ed slunce"},"content":{"rendered":"<nav id=\"foogallery-gallery-9664_paging-top\" class=\"fg-paging-container fg-ph-dots\"><\/nav><style type=\"text\/css\">\n#foogallery-gallery-9664.fg-justified .fg-item { margin-right: 2px; margin-bottom: 2px; }\n#foogallery-gallery-9664.fg-justified .fg-image { height: 250px; }<\/style>\n\t\t\t<div class=\"foogallery foogallery-container foogallery-justified foogallery-lightbox-foobox fg-justified fg-ready fg-light fg-shadow-outline fg-loading-default fg-loaded-fade-in fg-caption-always fg-hover-fade fg-hover-zoom2\" id=\"foogallery-gallery-9664\" data-foogallery=\"{&quot;item&quot;:{&quot;showCaptionTitle&quot;:false,&quot;showCaptionDescription&quot;:false},&quot;lazy&quot;:true,&quot;paging&quot;:{&quot;type&quot;:&quot;dots&quot;,&quot;size&quot;:20,&quot;position&quot;:&quot;both&quot;,&quot;scrollToTop&quot;:false,&quot;output&quot;:&quot;&quot;,&quot;theme&quot;:&quot;fg-light&quot;},&quot;template&quot;:{&quot;rowHeight&quot;:250,&quot;maxRowHeight&quot;:250,&quot;margins&quot;:2,&quot;align&quot;:&quot;center&quot;,&quot;lastRow&quot;:&quot;smart&quot;}}\" style=\"--fg-title-line-clamp: 0; --fg-description-line-clamp: 0;\" >\n\t<div class=\"fg-item fg-type-image fg-idle\"><figure class=\"fg-item-inner\"><a href=\"https:\/\/zszastavka.cz\/wp-content\/uploads\/2021\/09\/carodejniceSD_30-scaled.jpg\" data-caption-title=\"sdr\" data-attachment-id=\"9668\" data-type=\"image\" class=\"fg-thumb\"><span class=\"fg-image-wrap\"><img decoding=\"async\" title=\"sdr\" height=\"250\" width=\"188\" class=\"skip-lazy fg-image\" data-src-fg=\"https:\/\/zszastavka.cz\/wp-content\/uploads\/cache\/2021\/09\/carodejniceSD_30-scaled\/2107290085.jpg\" src=\"data:image\/svg+xml,%3Csvg%20xmlns%3D%22http%3A%2F%2Fwww.w3.org%2F2000%2Fsvg%22%20width%3D%22188%22%20height%3D%22250%22%20viewBox%3D%220%200%20188%20250%22%3E%3C%2Fsvg%3E\" loading=\"eager\"><\/span><span class=\"fg-image-overlay\"><\/span><\/a><\/figure><div class=\"fg-loader\"><\/div><\/div><div class=\"fg-item fg-type-image fg-idle\"><figure class=\"fg-item-inner\"><a href=\"https:\/\/zszastavka.cz\/wp-content\/uploads\/2021\/09\/carodejniceSD_29-scaled.jpg\" data-caption-title=\"sdr\" data-attachment-id=\"9667\" data-type=\"image\" class=\"fg-thumb\"><span class=\"fg-image-wrap\"><img fetchpriority=\"high\" decoding=\"async\" title=\"sdr\" height=\"250\" width=\"333\" class=\"skip-lazy fg-image\" data-src-fg=\"https:\/\/zszastavka.cz\/wp-content\/uploads\/cache\/2021\/09\/carodejniceSD_29-scaled\/1718474720.jpg\" src=\"data:image\/svg+xml,%3Csvg%20xmlns%3D%22http%3A%2F%2Fwww.w3.org%2F2000%2Fsvg%22%20width%3D%22333%22%20height%3D%22250%22%20viewBox%3D%220%200%20333%20250%22%3E%3C%2Fsvg%3E\" loading=\"eager\"><\/span><span class=\"fg-image-overlay\"><\/span><\/a><\/figure><div class=\"fg-loader\"><\/div><\/div><div class=\"fg-item fg-type-image fg-idle\"><figure class=\"fg-item-inner\"><a href=\"https:\/\/zszastavka.cz\/wp-content\/uploads\/2021\/09\/carodejniceSD_28-scaled.jpg\" data-attachment-id=\"9666\" data-type=\"image\" class=\"fg-thumb\"><span class=\"fg-image-wrap\"><img decoding=\"async\" height=\"250\" width=\"444\" class=\"skip-lazy fg-image\" data-src-fg=\"https:\/\/zszastavka.cz\/wp-content\/uploads\/cache\/2021\/09\/carodejniceSD_28-scaled\/2805210816.jpg\" src=\"data:image\/svg+xml,%3Csvg%20xmlns%3D%22http%3A%2F%2Fwww.w3.org%2F2000%2Fsvg%22%20width%3D%22444%22%20height%3D%22250%22%20viewBox%3D%220%200%20444%20250%22%3E%3C%2Fsvg%3E\" loading=\"eager\"><\/span><span class=\"fg-image-overlay\"><\/span><\/a><\/figure><div class=\"fg-loader\"><\/div><\/div><div class=\"fg-item fg-type-image fg-idle\"><figure class=\"fg-item-inner\"><a href=\"https:\/\/zszastavka.cz\/wp-content\/uploads\/2021\/09\/carodejniceSD_27-scaled.jpg\" data-attachment-id=\"9665\" data-type=\"image\" class=\"fg-thumb\"><span class=\"fg-image-wrap\"><img decoding=\"async\" height=\"250\" width=\"444\" class=\"skip-lazy fg-image\" data-src-fg=\"https:\/\/zszastavka.cz\/wp-content\/uploads\/cache\/2021\/09\/carodejniceSD_27-scaled\/2052778501.jpg\" src=\"data:image\/svg+xml,%3Csvg%20xmlns%3D%22http%3A%2F%2Fwww.w3.org%2F2000%2Fsvg%22%20width%3D%22444%22%20height%3D%22250%22%20viewBox%3D%220%200%20444%20250%22%3E%3C%2Fsvg%3E\" loading=\"eager\"><\/span><span class=\"fg-image-overlay\"><\/span><\/a><\/figure><div class=\"fg-loader\"><\/div><\/div><div class=\"fg-item fg-type-image fg-idle\"><figure class=\"fg-item-inner\"><a href=\"https:\/\/zszastavka.cz\/wp-content\/uploads\/2021\/09\/carodejniceSD_26-scaled.jpg\" data-attachment-id=\"9663\" data-type=\"image\" class=\"fg-thumb\"><span class=\"fg-image-wrap\"><img decoding=\"async\" height=\"250\" width=\"444\" class=\"skip-lazy fg-image\" data-src-fg=\"https:\/\/zszastavka.cz\/wp-content\/uploads\/cache\/2021\/09\/carodejniceSD_26-scaled\/186407196.jpg\" src=\"data:image\/svg+xml,%3Csvg%20xmlns%3D%22http%3A%2F%2Fwww.w3.org%2F2000%2Fsvg%22%20width%3D%22444%22%20height%3D%22250%22%20viewBox%3D%220%200%20444%20250%22%3E%3C%2Fsvg%3E\" loading=\"eager\"><\/span><span class=\"fg-image-overlay\"><\/span><\/a><\/figure><div class=\"fg-loader\"><\/div><\/div><div class=\"fg-item fg-type-image fg-idle\"><figure class=\"fg-item-inner\"><a href=\"https:\/\/zszastavka.cz\/wp-content\/uploads\/2021\/09\/carodejniceSD_25-scaled.jpg\" data-attachment-id=\"9662\" data-type=\"image\" class=\"fg-thumb\"><span class=\"fg-image-wrap\"><img decoding=\"async\" height=\"250\" width=\"141\" class=\"skip-lazy fg-image\" data-src-fg=\"https:\/\/zszastavka.cz\/wp-content\/uploads\/cache\/2021\/09\/carodejniceSD_25-scaled\/1656955309.jpg\" src=\"data:image\/svg+xml,%3Csvg%20xmlns%3D%22http%3A%2F%2Fwww.w3.org%2F2000%2Fsvg%22%20width%3D%22141%22%20height%3D%22250%22%20viewBox%3D%220%200%20141%20250%22%3E%3C%2Fsvg%3E\" loading=\"eager\"><\/span><span class=\"fg-image-overlay\"><\/span><\/a><\/figure><div class=\"fg-loader\"><\/div><\/div><div class=\"fg-item fg-type-image fg-idle\"><figure class=\"fg-item-inner\"><a href=\"https:\/\/zszastavka.cz\/wp-content\/uploads\/2021\/09\/carodejniceSD_24.jpg\" data-caption-title=\"sdr\" data-attachment-id=\"9661\" data-type=\"image\" class=\"fg-thumb\"><span class=\"fg-image-wrap\"><img decoding=\"async\" title=\"sdr\" height=\"250\" width=\"367\" class=\"skip-lazy fg-image\" data-src-fg=\"https:\/\/zszastavka.cz\/wp-content\/uploads\/cache\/2021\/09\/carodejniceSD_24\/1678031446.jpg\" src=\"data:image\/svg+xml,%3Csvg%20xmlns%3D%22http%3A%2F%2Fwww.w3.org%2F2000%2Fsvg%22%20width%3D%22367%22%20height%3D%22250%22%20viewBox%3D%220%200%20367%20250%22%3E%3C%2Fsvg%3E\" loading=\"eager\"><\/span><span class=\"fg-image-overlay\"><\/span><\/a><\/figure><div class=\"fg-loader\"><\/div><\/div><div class=\"fg-item fg-type-image fg-idle\"><figure class=\"fg-item-inner\"><a href=\"https:\/\/zszastavka.cz\/wp-content\/uploads\/2021\/09\/carodejniceSD_23.jpg\" data-caption-title=\"sdr\" data-attachment-id=\"9660\" data-type=\"image\" class=\"fg-thumb\"><span class=\"fg-image-wrap\"><img decoding=\"async\" title=\"sdr\" height=\"250\" width=\"358\" class=\"skip-lazy fg-image\" data-src-fg=\"https:\/\/zszastavka.cz\/wp-content\/uploads\/cache\/2021\/09\/carodejniceSD_23\/2543262169.jpg\" src=\"data:image\/svg+xml,%3Csvg%20xmlns%3D%22http%3A%2F%2Fwww.w3.org%2F2000%2Fsvg%22%20width%3D%22358%22%20height%3D%22250%22%20viewBox%3D%220%200%20358%20250%22%3E%3C%2Fsvg%3E\" loading=\"eager\"><\/span><span class=\"fg-image-overlay\"><\/span><\/a><\/figure><div class=\"fg-loader\"><\/div><\/div><div class=\"fg-item fg-type-image fg-idle\"><figure class=\"fg-item-inner\"><a href=\"https:\/\/zszastavka.cz\/wp-content\/uploads\/2021\/09\/carodejniceSD_22.jpg\" data-caption-title=\"dav\" data-attachment-id=\"9659\" data-type=\"image\" class=\"fg-thumb\"><span class=\"fg-image-wrap\"><img decoding=\"async\" title=\"dav\" height=\"250\" width=\"307\" class=\"skip-lazy fg-image\" data-src-fg=\"https:\/\/zszastavka.cz\/wp-content\/uploads\/cache\/2021\/09\/carodejniceSD_22\/799366920.jpg\" src=\"data:image\/svg+xml,%3Csvg%20xmlns%3D%22http%3A%2F%2Fwww.w3.org%2F2000%2Fsvg%22%20width%3D%22307%22%20height%3D%22250%22%20viewBox%3D%220%200%20307%20250%22%3E%3C%2Fsvg%3E\" loading=\"eager\"><\/span><span class=\"fg-image-overlay\"><\/span><\/a><\/figure><div class=\"fg-loader\"><\/div><\/div><div class=\"fg-item fg-type-image fg-idle\"><figure class=\"fg-item-inner\"><a href=\"https:\/\/zszastavka.cz\/wp-content\/uploads\/2021\/09\/carodejniceSD_21-scaled.jpg\" data-caption-title=\"dav\" data-attachment-id=\"9658\" data-type=\"image\" class=\"fg-thumb\"><span class=\"fg-image-wrap\"><img decoding=\"async\" title=\"dav\" height=\"250\" width=\"333\" class=\"skip-lazy fg-image\" data-src-fg=\"https:\/\/zszastavka.cz\/wp-content\/uploads\/cache\/2021\/09\/carodejniceSD_21-scaled\/254854253.jpg\" src=\"data:image\/svg+xml,%3Csvg%20xmlns%3D%22http%3A%2F%2Fwww.w3.org%2F2000%2Fsvg%22%20width%3D%22333%22%20height%3D%22250%22%20viewBox%3D%220%200%20333%20250%22%3E%3C%2Fsvg%3E\" loading=\"eager\"><\/span><span class=\"fg-image-overlay\"><\/span><\/a><\/figure><div class=\"fg-loader\"><\/div><\/div><div class=\"fg-item fg-type-image fg-idle\"><figure class=\"fg-item-inner\"><a href=\"https:\/\/zszastavka.cz\/wp-content\/uploads\/2021\/09\/carodejniceSD_20.jpg\" data-caption-title=\"dav\" data-attachment-id=\"9657\" data-type=\"image\" class=\"fg-thumb\"><span class=\"fg-image-wrap\"><img decoding=\"async\" title=\"dav\" height=\"250\" width=\"230\" class=\"skip-lazy fg-image\" data-src-fg=\"https:\/\/zszastavka.cz\/wp-content\/uploads\/cache\/2021\/09\/carodejniceSD_20\/2962612342.jpg\" src=\"data:image\/svg+xml,%3Csvg%20xmlns%3D%22http%3A%2F%2Fwww.w3.org%2F2000%2Fsvg%22%20width%3D%22230%22%20height%3D%22250%22%20viewBox%3D%220%200%20230%20250%22%3E%3C%2Fsvg%3E\" loading=\"eager\"><\/span><span class=\"fg-image-overlay\"><\/span><\/a><\/figure><div class=\"fg-loader\"><\/div><\/div><div class=\"fg-item fg-type-image fg-idle\"><figure class=\"fg-item-inner\"><a href=\"https:\/\/zszastavka.cz\/wp-content\/uploads\/2021\/09\/carodejniceSD_19-scaled.jpg\" data-caption-title=\"sdr\" data-attachment-id=\"9656\" data-type=\"image\" class=\"fg-thumb\"><span class=\"fg-image-wrap\"><img decoding=\"async\" title=\"sdr\" height=\"250\" width=\"333\" class=\"skip-lazy fg-image\" data-src-fg=\"https:\/\/zszastavka.cz\/wp-content\/uploads\/cache\/2021\/09\/carodejniceSD_19-scaled\/1379814955.jpg\" src=\"data:image\/svg+xml,%3Csvg%20xmlns%3D%22http%3A%2F%2Fwww.w3.org%2F2000%2Fsvg%22%20width%3D%22333%22%20height%3D%22250%22%20viewBox%3D%220%200%20333%20250%22%3E%3C%2Fsvg%3E\" loading=\"eager\"><\/span><span class=\"fg-image-overlay\"><\/span><\/a><\/figure><div class=\"fg-loader\"><\/div><\/div><div class=\"fg-item fg-type-image fg-idle\"><figure class=\"fg-item-inner\"><a href=\"https:\/\/zszastavka.cz\/wp-content\/uploads\/2021\/09\/carodejniceSD_18.jpg\" data-caption-title=\"dav\" data-attachment-id=\"9655\" data-type=\"image\" class=\"fg-thumb\"><span class=\"fg-image-wrap\"><img decoding=\"async\" title=\"dav\" height=\"250\" width=\"217\" class=\"skip-lazy fg-image\" data-src-fg=\"https:\/\/zszastavka.cz\/wp-content\/uploads\/cache\/2021\/09\/carodejniceSD_18\/1931580523.jpg\" src=\"data:image\/svg+xml,%3Csvg%20xmlns%3D%22http%3A%2F%2Fwww.w3.org%2F2000%2Fsvg%22%20width%3D%22217%22%20height%3D%22250%22%20viewBox%3D%220%200%20217%20250%22%3E%3C%2Fsvg%3E\" loading=\"eager\"><\/span><span class=\"fg-image-overlay\"><\/span><\/a><\/figure><div class=\"fg-loader\"><\/div><\/div><div class=\"fg-item fg-type-image fg-idle\"><figure class=\"fg-item-inner\"><a href=\"https:\/\/zszastavka.cz\/wp-content\/uploads\/2021\/09\/carodejniceSD_17-scaled.jpg\" data-caption-title=\"sdr\" data-attachment-id=\"9654\" data-type=\"image\" class=\"fg-thumb\"><span class=\"fg-image-wrap\"><img decoding=\"async\" title=\"sdr\" height=\"250\" width=\"333\" class=\"skip-lazy fg-image\" data-src-fg=\"https:\/\/zszastavka.cz\/wp-content\/uploads\/cache\/2021\/09\/carodejniceSD_17-scaled\/1309242318.jpg\" src=\"data:image\/svg+xml,%3Csvg%20xmlns%3D%22http%3A%2F%2Fwww.w3.org%2F2000%2Fsvg%22%20width%3D%22333%22%20height%3D%22250%22%20viewBox%3D%220%200%20333%20250%22%3E%3C%2Fsvg%3E\" loading=\"eager\"><\/span><span class=\"fg-image-overlay\"><\/span><\/a><\/figure><div class=\"fg-loader\"><\/div><\/div><div class=\"fg-item fg-type-image fg-idle\"><figure class=\"fg-item-inner\"><a href=\"https:\/\/zszastavka.cz\/wp-content\/uploads\/2021\/09\/carodejniceSD_16-scaled.jpg\" data-caption-title=\"sdr\" data-attachment-id=\"9653\" data-type=\"image\" class=\"fg-thumb\"><span class=\"fg-image-wrap\"><img decoding=\"async\" title=\"sdr\" height=\"250\" width=\"333\" class=\"skip-lazy fg-image\" data-src-fg=\"https:\/\/zszastavka.cz\/wp-content\/uploads\/cache\/2021\/09\/carodejniceSD_16-scaled\/1206768159.jpg\" src=\"data:image\/svg+xml,%3Csvg%20xmlns%3D%22http%3A%2F%2Fwww.w3.org%2F2000%2Fsvg%22%20width%3D%22333%22%20height%3D%22250%22%20viewBox%3D%220%200%20333%20250%22%3E%3C%2Fsvg%3E\" loading=\"eager\"><\/span><span class=\"fg-image-overlay\"><\/span><\/a><\/figure><div class=\"fg-loader\"><\/div><\/div><div class=\"fg-item fg-type-image fg-idle\"><figure class=\"fg-item-inner\"><a href=\"https:\/\/zszastavka.cz\/wp-content\/uploads\/2021\/09\/carodejniceSD_15-scaled.jpg\" data-caption-title=\"sdr\" data-attachment-id=\"9652\" data-type=\"image\" class=\"fg-thumb\"><span class=\"fg-image-wrap\"><img decoding=\"async\" title=\"sdr\" height=\"250\" width=\"333\" class=\"skip-lazy fg-image\" data-src-fg=\"https:\/\/zszastavka.cz\/wp-content\/uploads\/cache\/2021\/09\/carodejniceSD_15-scaled\/775072430.jpg\" src=\"data:image\/svg+xml,%3Csvg%20xmlns%3D%22http%3A%2F%2Fwww.w3.org%2F2000%2Fsvg%22%20width%3D%22333%22%20height%3D%22250%22%20viewBox%3D%220%200%20333%20250%22%3E%3C%2Fsvg%3E\" loading=\"eager\"><\/span><span class=\"fg-image-overlay\"><\/span><\/a><\/figure><div class=\"fg-loader\"><\/div><\/div><div class=\"fg-item fg-type-image fg-idle\"><figure class=\"fg-item-inner\"><a href=\"https:\/\/zszastavka.cz\/wp-content\/uploads\/2021\/09\/carodejniceSD_14-scaled.jpg\" data-caption-title=\"sdr\" data-attachment-id=\"9651\" data-type=\"image\" class=\"fg-thumb\"><span class=\"fg-image-wrap\"><img decoding=\"async\" title=\"sdr\" height=\"250\" width=\"333\" class=\"skip-lazy fg-image\" data-src-fg=\"https:\/\/zszastavka.cz\/wp-content\/uploads\/cache\/2021\/09\/carodejniceSD_14-scaled\/506414622.jpg\" src=\"data:image\/svg+xml,%3Csvg%20xmlns%3D%22http%3A%2F%2Fwww.w3.org%2F2000%2Fsvg%22%20width%3D%22333%22%20height%3D%22250%22%20viewBox%3D%220%200%20333%20250%22%3E%3C%2Fsvg%3E\" loading=\"eager\"><\/span><span class=\"fg-image-overlay\"><\/span><\/a><\/figure><div class=\"fg-loader\"><\/div><\/div><div class=\"fg-item fg-type-image fg-idle\"><figure class=\"fg-item-inner\"><a href=\"https:\/\/zszastavka.cz\/wp-content\/uploads\/2021\/09\/carodejniceSD_13-scaled.jpg\" data-caption-title=\"sdr\" data-attachment-id=\"9650\" data-type=\"image\" class=\"fg-thumb\"><span class=\"fg-image-wrap\"><img decoding=\"async\" title=\"sdr\" height=\"250\" width=\"333\" class=\"skip-lazy fg-image\" data-src-fg=\"https:\/\/zszastavka.cz\/wp-content\/uploads\/cache\/2021\/09\/carodejniceSD_13-scaled\/4253834188.jpg\" src=\"data:image\/svg+xml,%3Csvg%20xmlns%3D%22http%3A%2F%2Fwww.w3.org%2F2000%2Fsvg%22%20width%3D%22333%22%20height%3D%22250%22%20viewBox%3D%220%200%20333%20250%22%3E%3C%2Fsvg%3E\" loading=\"eager\"><\/span><span class=\"fg-image-overlay\"><\/span><\/a><\/figure><div class=\"fg-loader\"><\/div><\/div><div class=\"fg-item fg-type-image fg-idle\"><figure class=\"fg-item-inner\"><a href=\"https:\/\/zszastavka.cz\/wp-content\/uploads\/2021\/09\/carodejniceSD_12-scaled.jpg\" data-caption-title=\"sdr\" data-attachment-id=\"9649\" data-type=\"image\" class=\"fg-thumb\"><span class=\"fg-image-wrap\"><img decoding=\"async\" title=\"sdr\" height=\"250\" width=\"333\" class=\"skip-lazy fg-image\" data-src-fg=\"https:\/\/zszastavka.cz\/wp-content\/uploads\/cache\/2021\/09\/carodejniceSD_12-scaled\/3672170686.jpg\" src=\"data:image\/svg+xml,%3Csvg%20xmlns%3D%22http%3A%2F%2Fwww.w3.org%2F2000%2Fsvg%22%20width%3D%22333%22%20height%3D%22250%22%20viewBox%3D%220%200%20333%20250%22%3E%3C%2Fsvg%3E\" loading=\"eager\"><\/span><span class=\"fg-image-overlay\"><\/span><\/a><\/figure><div class=\"fg-loader\"><\/div><\/div><div class=\"fg-item fg-type-image fg-idle\"><figure class=\"fg-item-inner\"><a href=\"https:\/\/zszastavka.cz\/wp-content\/uploads\/2021\/09\/carodejniceSD_11-scaled.jpg\" data-caption-title=\"sdr\" data-attachment-id=\"9648\" data-type=\"image\" class=\"fg-thumb\"><span class=\"fg-image-wrap\"><img decoding=\"async\" title=\"sdr\" height=\"250\" width=\"333\" class=\"skip-lazy fg-image\" data-src-fg=\"https:\/\/zszastavka.cz\/wp-content\/uploads\/cache\/2021\/09\/carodejniceSD_11-scaled\/3007289359.jpg\" src=\"data:image\/svg+xml,%3Csvg%20xmlns%3D%22http%3A%2F%2Fwww.w3.org%2F2000%2Fsvg%22%20width%3D%22333%22%20height%3D%22250%22%20viewBox%3D%220%200%20333%20250%22%3E%3C%2Fsvg%3E\" loading=\"eager\"><\/span><span class=\"fg-image-overlay\"><\/span><\/a><\/figure><div class=\"fg-loader\"><\/div><\/div><\/div>\n<nav id=\"foogallery-gallery-9664_paging-bottom\" class=\"fg-paging-container fg-ph-dots\"><\/nav><script type=\"text\/javascript\">  window[\"foogallery-gallery-9664_items\"] = [{\"href\":\"https:\/\/zszastavka.cz\/wp-content\/uploads\/2021\/09\/carodejniceSD_10-scaled.jpg\",\"type\":\"image\",\"src\":\"https:\/\/zszastavka.cz\/wp-content\/uploads\/cache\/2021\/09\/carodejniceSD_10-scaled\/3374949148.jpg\",\"width\":333,\"height\":250,\"alt\":\"\",\"id\":9647,\"attr\":{\"anchor\":{\"data-caption-title\":\"sdr\",\"data-attachment-id\":9647,\"class\":\"fg-thumb\"}}}, {\"href\":\"https:\/\/zszastavka.cz\/wp-content\/uploads\/2021\/09\/carodejniceSD_09-scaled.jpg\",\"type\":\"image\",\"src\":\"https:\/\/zszastavka.cz\/wp-content\/uploads\/cache\/2021\/09\/carodejniceSD_09-scaled\/1771124522.jpg\",\"width\":333,\"height\":250,\"alt\":\"\",\"id\":9646,\"attr\":{\"anchor\":{\"data-caption-title\":\"dav\",\"data-attachment-id\":9646,\"class\":\"fg-thumb\"}}}, {\"href\":\"https:\/\/zszastavka.cz\/wp-content\/uploads\/2021\/09\/carodejniceSD_08.jpg\",\"type\":\"image\",\"src\":\"https:\/\/zszastavka.cz\/wp-content\/uploads\/cache\/2021\/09\/carodejniceSD_08\/2110775539.jpg\",\"width\":366,\"height\":250,\"alt\":\"\",\"id\":9645,\"attr\":{\"anchor\":{\"data-caption-title\":\"dav\",\"data-attachment-id\":9645,\"class\":\"fg-thumb\"}}}, {\"href\":\"https:\/\/zszastavka.cz\/wp-content\/uploads\/2021\/09\/carodejniceSD_06.jpg\",\"type\":\"image\",\"src\":\"https:\/\/zszastavka.cz\/wp-content\/uploads\/cache\/2021\/09\/carodejniceSD_06\/304154486.jpg\",\"width\":375,\"height\":250,\"alt\":\"\",\"id\":9643,\"attr\":{\"anchor\":{\"data-caption-title\":\"dav\",\"data-attachment-id\":9643,\"class\":\"fg-thumb\"}}}, {\"href\":\"https:\/\/zszastavka.cz\/wp-content\/uploads\/2021\/09\/carodejniceSD_07.jpg\",\"type\":\"image\",\"src\":\"https:\/\/zszastavka.cz\/wp-content\/uploads\/cache\/2021\/09\/carodejniceSD_07\/1572427977.jpg\",\"width\":323,\"height\":250,\"alt\":\"\",\"id\":9644,\"attr\":{\"anchor\":{\"data-caption-title\":\"dav\",\"data-attachment-id\":9644,\"class\":\"fg-thumb\"}}}, {\"href\":\"https:\/\/zszastavka.cz\/wp-content\/uploads\/2021\/09\/carodejniceSD_05-scaled.jpg\",\"type\":\"image\",\"src\":\"https:\/\/zszastavka.cz\/wp-content\/uploads\/cache\/2021\/09\/carodejniceSD_05-scaled\/362664879.jpg\",\"width\":333,\"height\":250,\"alt\":\"\",\"id\":9642,\"attr\":{\"anchor\":{\"data-caption-title\":\"sdr\",\"data-attachment-id\":9642,\"class\":\"fg-thumb\"}}}, {\"href\":\"https:\/\/zszastavka.cz\/wp-content\/uploads\/2021\/09\/carodejniceSD_04-scaled.jpg\",\"type\":\"image\",\"src\":\"https:\/\/zszastavka.cz\/wp-content\/uploads\/cache\/2021\/09\/carodejniceSD_04-scaled\/629161759.jpg\",\"width\":188,\"height\":250,\"alt\":\"\",\"id\":9641,\"attr\":{\"anchor\":{\"data-caption-title\":\"sdr\",\"data-attachment-id\":9641,\"class\":\"fg-thumb\"}}}, {\"href\":\"https:\/\/zszastavka.cz\/wp-content\/uploads\/2021\/09\/carodejniceSD_03-scaled.jpg\",\"type\":\"image\",\"src\":\"https:\/\/zszastavka.cz\/wp-content\/uploads\/cache\/2021\/09\/carodejniceSD_03-scaled\/3324191437.jpg\",\"width\":188,\"height\":250,\"alt\":\"\",\"id\":9640,\"attr\":{\"anchor\":{\"data-caption-title\":\"sdr\",\"data-attachment-id\":9640,\"class\":\"fg-thumb\"}}}, {\"href\":\"https:\/\/zszastavka.cz\/wp-content\/uploads\/2021\/09\/carodejniceSD_02-scaled.jpg\",\"type\":\"image\",\"src\":\"https:\/\/zszastavka.cz\/wp-content\/uploads\/cache\/2021\/09\/carodejniceSD_02-scaled\/725476957.jpg\",\"width\":340,\"height\":250,\"alt\":\"\",\"id\":9639,\"attr\":{\"anchor\":{\"data-caption-title\":\"dav\",\"data-attachment-id\":9639,\"class\":\"fg-thumb\"}}}, {\"href\":\"https:\/\/zszastavka.cz\/wp-content\/uploads\/2021\/09\/carodejniceSD_01.jpg\",\"type\":\"image\",\"src\":\"https:\/\/zszastavka.cz\/wp-content\/uploads\/cache\/2021\/09\/carodejniceSD_01\/603297825.jpg\",\"width\":331,\"height\":250,\"alt\":\"\",\"id\":9638,\"attr\":{\"anchor\":{\"data-caption-title\":\"dav\",\"data-attachment-id\":9638,\"class\":\"fg-thumb\"}}}  ];<\/script>\n","protected":false},"excerpt":{"rendered":"","protected":false},"author":1,"featured_media":0,"parent":10102,"menu_order":0,"comment_status":"closed","ping_status":"closed","template":"","meta":{"footnotes":""},"class_list":["post-9669","page","type-page","status-publish","hentry"],"_links":{"self":[{"href":"https:\/\/zszastavka.cz\/index.php?rest_route=\/wp\/v2\/pages\/9669","targetHints":{"allow":["GET"]}}],"collection":[{"href":"https:\/\/zszastavka.cz\/index.php?rest_route=\/wp\/v2\/pages"}],"about":[{"href":"https:\/\/zszastavka.cz\/index.php?rest_route=\/wp\/v2\/types\/page"}],"author":[{"embeddable":true,"href":"https:\/\/zszastavka.cz\/index.php?rest_route=\/wp\/v2\/users\/1"}],"replies":[{"embeddable":true,"href":"https:\/\/zszastavka.cz\/index.php?rest_route=%2Fwp%2Fv2%2Fcomments&post=9669"}],"version-history":[{"count":1,"href":"https:\/\/zszastavka.cz\/index.php?rest_route=\/wp\/v2\/pages\/9669\/revisions"}],"predecessor-version":[{"id":9670,"href":"https:\/\/zszastavka.cz\/index.php?rest_route=\/wp\/v2\/pages\/9669\/revisions\/9670"}],"up":[{"embeddable":true,"href":"https:\/\/zszastavka.cz\/index.php?rest_route=\/wp\/v2\/pages\/10102"}],"wp:attachment":[{"href":"https:\/\/zszastavka.cz\/index.php?rest_route=%2Fwp%2Fv2%2Fmedia&parent=9669"}],"curies":[{"name":"wp","href":"https:\/\/api.w.org\/{rel}","templated":true}]}}