{"id":9598,"date":"2021-08-23T12:39:02","date_gmt":"2021-08-23T10:39:02","guid":{"rendered":"https:\/\/zszastavka.cz\/?page_id=9598"},"modified":"2022-08-01T13:02:12","modified_gmt":"2022-08-01T11:02:12","slug":"skolni-rok-2021-2022","status":"publish","type":"page","link":"https:\/\/zszastavka.cz\/?page_id=9598","title":{"rendered":"\u0160koln\u00ed rok 2021\/2022"},"content":{"rendered":"<div id=\"pl-9598\"  class=\"panel-layout\" ><div id=\"pg-9598-0\"  class=\"panel-grid panel-no-style\" ><div id=\"pgc-9598-0-0\"  class=\"panel-grid-cell\" ><div id=\"panel-9598-0-0-0\" class=\"so-panel widget widget_education_base_posts_col panel-first-child panel-last-child\" data-index=\"0\" >            <section id=\"education_base_posts_col-3\" class=\"acme-widgets acme-col-posts gray-bg\">\n                <div class=\"container\">\n                                        <div class=\"row\">\n                                                        <div class=\"blog-item-wrapper init-animate slideInUp1 col-sm-12 col-md-4\">\n                                    <article id=\"post-11736\" class=\"init-animate slideInUp1 post-11736 post type-post status-publish format-standard has-post-thumbnail hentry category-skolnirok category-aktualne category-kalendar-akci category-novinky tag-kalendar tag-zs\">\n    <div class=\"content-wrapper\">\n                    <!--post thumbnal options-->\n            <div class=\"post-thumb\">\n                <a href=\"https:\/\/zszastavka.cz\/?p=11736\">\n                    <img loading=\"lazy\" decoding=\"async\" width=\"640\" height=\"640\" src=\"https:\/\/zszastavka.cz\/wp-content\/uploads\/2020\/06\/predskolou-1024x1024.jpg\" class=\"attachment-large size-large wp-post-image\" alt=\"\" srcset=\"https:\/\/zszastavka.cz\/wp-content\/uploads\/2020\/06\/predskolou-1024x1024.jpg 1024w, https:\/\/zszastavka.cz\/wp-content\/uploads\/2020\/06\/predskolou-300x300.jpg 300w, https:\/\/zszastavka.cz\/wp-content\/uploads\/2020\/06\/predskolou-150x150.jpg 150w\" sizes=\"auto, (max-width: 640px) 100vw, 640px\" \/>                <\/a>\n            <\/div><!-- .post-thumb-->\n                    <header class=\"entry-header \">\n            <div class=\"entry-meta\">\n                <a href=\"https:\/\/zszastavka.cz\/?p=11736\">\n                    <span class=\"day-month\">\n                        <span class=\"day\">\n                            8                        <\/span>\n                    <\/span>\n                    <span class=\"year\"><!--editing code? don't be confused it is actually month-->\n                        \u010cvn                    <\/span>\n                <\/a>\n            <\/div><!-- .entry-meta -->\n        <\/header><!-- .entry-header -->\n        <div class=\"entry-content\">\n            <div class=\"entry-header-title\">\n                <h2 class=\"entry-title\"><a href=\"https:\/\/zszastavka.cz\/?p=11736\" rel=\"bookmark\">Pozv\u00e1nka na prezentaci<\/a><\/h2>            <\/div>\n            <p>Zveme v\u00e1s na slavnostn\u00ed prezentaci pam\u011btnick\u00fdch p\u0159\u00edb\u011bh\u016f, kter\u00e9 objevili \u017e\u00e1ci z\u00e1kladn\u00ed \u0161koly a gymn\u00e1zia ze Zast\u00e1vky.<\/p>\n                <a class=\"btn btn-primary\" href=\"https:\/\/zszastavka.cz\/?p=11736 \">\n                    \u010c\u00edst d\u00e1le                <\/a>\n                        <\/div><!-- .entry-content -->\n    <\/div>\n<\/article><!-- #post-## -->                                <\/div>\n                                                                <div class=\"blog-item-wrapper init-animate slideInUp1 col-sm-12 col-md-4 col-sm-12 col-md-4\">\n                                    <article id=\"post-11531\" class=\"init-animate slideInUp1 post-11531 post type-post status-publish format-standard has-post-thumbnail hentry category-skolnirok category-novinky tag-vzdelavani tag-zs\">\n    <div class=\"content-wrapper\">\n                    <!--post thumbnal options-->\n            <div class=\"post-thumb\">\n                <a href=\"https:\/\/zszastavka.cz\/?p=11531\">\n                    <img loading=\"lazy\" decoding=\"async\" width=\"522\" height=\"234\" src=\"https:\/\/zszastavka.cz\/wp-content\/uploads\/2022\/03\/PISA_LOGO.png\" class=\"attachment-large size-large wp-post-image\" alt=\"\" \/>                <\/a>\n            <\/div><!-- .post-thumb-->\n                    <header class=\"entry-header \">\n            <div class=\"entry-meta\">\n                <a href=\"https:\/\/zszastavka.cz\/?p=11531\">\n                    <span class=\"day-month\">\n                        <span class=\"day\">\n                            18                        <\/span>\n                    <\/span>\n                    <span class=\"year\"><!--editing code? don't be confused it is actually month-->\n                        B\u0159e                    <\/span>\n                <\/a>\n            <\/div><!-- .entry-meta -->\n        <\/header><!-- .entry-header -->\n        <div class=\"entry-content\">\n            <div class=\"entry-header-title\">\n                <h2 class=\"entry-title\"><a href=\"https:\/\/zszastavka.cz\/?p=11531\" rel=\"bookmark\">\u0160kola se z\u00fa\u010dastn\u00ed testov\u00e1n\u00ed PISA<\/a><\/h2>            <\/div>\n            <p>\u0160kola byla vybr\u00e1na k \u00fa\u010dasti v hlavn\u00edm \u0161et\u0159en\u00ed mezin\u00e1rodn\u00edho projektu PISA 2022 (Programmefor International Student Assessment). PISA je projektem Organizace pro hospod\u00e1\u0159skou spolupr\u00e1ci a rozvoj (OECD), kter\u00e9ho se \u00fa\u010dastn\u00ed v\u00edce ne\u017e 85 zem\u00ed cel\u00e9ho sv\u011bta. Projekt PISA je realizov\u00e1n v t\u0159\u00edlet\u00fdch cyklech a zji\u0161\u0165uje \u00farovn\u011b \u010dten\u00e1\u0159sk\u00e9, matematick\u00e9, p\u0159\u00edrodov\u011bdn\u00e9 a finan\u010dn\u00ed gramotnosti a tv\u016fr\u010d\u00edho my\u0161len\u00ed patn\u00e1ctilet\u00fdch&hellip;<\/p>\n                <a class=\"btn btn-primary\" href=\"https:\/\/zszastavka.cz\/?p=11531 \">\n                    \u010c\u00edst d\u00e1le                <\/a>\n                        <\/div><!-- .entry-content -->\n    <\/div>\n<\/article><!-- #post-## -->                                <\/div>\n                                                                <div class=\"blog-item-wrapper init-animate slideInUp1 col-sm-12 col-md-4 col-sm-12 col-md-4 col-sm-12 col-md-4\">\n                                    <article id=\"post-11528\" class=\"init-animate slideInUp1 post-11528 post type-post status-publish format-standard has-post-thumbnail hentry category-skolnirok category-mimoradna-opatreni category-novinky tag-mo tag-vzdelavani\">\n    <div class=\"content-wrapper\">\n                    <!--post thumbnal options-->\n            <div class=\"post-thumb\">\n                <a href=\"https:\/\/zszastavka.cz\/?p=11528\">\n                    <img loading=\"lazy\" decoding=\"async\" width=\"640\" height=\"584\" src=\"https:\/\/zszastavka.cz\/wp-content\/uploads\/2021\/02\/ffp2-mask-1024x935.jpg\" class=\"attachment-large size-large wp-post-image\" alt=\"\" \/>                <\/a>\n            <\/div><!-- .post-thumb-->\n                    <header class=\"entry-header \">\n            <div class=\"entry-meta\">\n                <a href=\"https:\/\/zszastavka.cz\/?p=11528\">\n                    <span class=\"day-month\">\n                        <span class=\"day\">\n                            11                        <\/span>\n                    <\/span>\n                    <span class=\"year\"><!--editing code? don't be confused it is actually month-->\n                        B\u0159e                    <\/span>\n                <\/a>\n            <\/div><!-- .entry-meta -->\n        <\/header><!-- .entry-header -->\n        <div class=\"entry-content\">\n            <div class=\"entry-header-title\">\n                <h2 class=\"entry-title\"><a href=\"https:\/\/zszastavka.cz\/?p=11528\" rel=\"bookmark\">Konec respir\u00e1tor\u016f<\/a><\/h2>            <\/div>\n            <p>Mimo\u0159\u00e1dn\u00fdm opat\u0159en\u00edm se od 14.\u00a03.\u00a02022 ru\u0161\u00ed ve vysok\u00e9 m\u00ed\u0159e povinnost nosit ochrann\u00fd prost\u0159edek ve vnit\u0159n\u00edch prostorech budov. Povinnost nosit ochrann\u00fd prost\u0159edek tak z\u016fst\u00e1v\u00e1 pouze v prost\u0159edc\u00edch ve\u0159ejn\u00e9 dopravy, ve zdravotnick\u00fdch za\u0159\u00edzen\u00edch a ve vybran\u00fdch za\u0159\u00edzen\u00edch soci\u00e1ln\u00edch slu\u017eeb.<\/p>\n                <a class=\"btn btn-primary\" href=\"https:\/\/zszastavka.cz\/?p=11528 \">\n                    \u010c\u00edst d\u00e1le                <\/a>\n                        <\/div><!-- .entry-content -->\n    <\/div>\n<\/article><!-- #post-## -->                                <\/div>\n                                <div class='clearfix'><\/div>                                <div class=\"blog-item-wrapper init-animate slideInUp1 col-sm-12 col-md-4 col-sm-12 col-md-4 col-sm-12 col-md-4 col-sm-12 col-md-4\">\n                                    <article id=\"post-11475\" class=\"init-animate slideInUp1 post-11475 post type-post status-publish format-standard has-post-thumbnail hentry category-skolnirok category-mimoradna-opatreni category-novinky tag-mo tag-zs\">\n    <div class=\"content-wrapper\">\n                    <!--post thumbnal options-->\n            <div class=\"post-thumb\">\n                <a href=\"https:\/\/zszastavka.cz\/?p=11475\">\n                    <img loading=\"lazy\" decoding=\"async\" width=\"640\" height=\"454\" src=\"https:\/\/zszastavka.cz\/wp-content\/uploads\/2021\/05\/coronavirus2-1024x726.jpg\" class=\"attachment-large size-large wp-post-image\" alt=\"\" srcset=\"https:\/\/zszastavka.cz\/wp-content\/uploads\/2021\/05\/coronavirus2-1024x726.jpg 1024w, https:\/\/zszastavka.cz\/wp-content\/uploads\/2021\/05\/coronavirus2-340x240.jpg 340w\" sizes=\"auto, (max-width: 640px) 100vw, 640px\" \/>                <\/a>\n            <\/div><!-- .post-thumb-->\n                    <header class=\"entry-header \">\n            <div class=\"entry-meta\">\n                <a href=\"https:\/\/zszastavka.cz\/?p=11475\">\n                    <span class=\"day-month\">\n                        <span class=\"day\">\n                            17                        <\/span>\n                    <\/span>\n                    <span class=\"year\"><!--editing code? don't be confused it is actually month-->\n                        \u00dano                    <\/span>\n                <\/a>\n            <\/div><!-- .entry-meta -->\n        <\/header><!-- .entry-header -->\n        <div class=\"entry-content\">\n            <div class=\"entry-header-title\">\n                <h2 class=\"entry-title\"><a href=\"https:\/\/zszastavka.cz\/?p=11475\" rel=\"bookmark\">Karant\u00e9nn\u00ed opat\u0159en\u00ed VI.\u00a0C<\/a><\/h2>            <\/div>\n            <p>V\u00e1\u017een\u00ed z\u00e1konn\u00ed z\u00e1stupci \u017e\u00e1k\u016f VI.&nbsp;C, KHS n\u00e1s po\u017e\u00e1dala, abychom v\u00e1m p\u0159edali informaci viz n\u00ed\u017ee (m\u011bli byste tak\u00e9 obdr\u017eet syst\u00e9movou SMS ohledn\u011b karant\u00e9ny)&#8230;<\/p>\n                <a class=\"btn btn-primary\" href=\"https:\/\/zszastavka.cz\/?p=11475 \">\n                    \u010c\u00edst d\u00e1le                <\/a>\n                        <\/div><!-- .entry-content -->\n    <\/div>\n<\/article><!-- #post-## -->                                <\/div>\n                                                                <div class=\"blog-item-wrapper init-animate slideInUp1 col-sm-12 col-md-4 col-sm-12 col-md-4 col-sm-12 col-md-4 col-sm-12 col-md-4 col-sm-12 col-md-4\">\n                                    <article id=\"post-11469\" class=\"init-animate slideInUp1 post-11469 post type-post status-publish format-standard has-post-thumbnail hentry category-skolnirok category-mimoradna-opatreni category-novinky tag-mo tag-testovani tag-zs\">\n    <div class=\"content-wrapper\">\n                    <!--post thumbnal options-->\n            <div class=\"post-thumb\">\n                <a href=\"https:\/\/zszastavka.cz\/?p=11469\">\n                    <img loading=\"lazy\" decoding=\"async\" width=\"640\" height=\"446\" src=\"https:\/\/zszastavka.cz\/wp-content\/uploads\/2021\/12\/corona-test--1024x714.jpg\" class=\"attachment-large size-large wp-post-image\" alt=\"\" \/>                <\/a>\n            <\/div><!-- .post-thumb-->\n                    <header class=\"entry-header \">\n            <div class=\"entry-meta\">\n                <a href=\"https:\/\/zszastavka.cz\/?p=11469\">\n                    <span class=\"day-month\">\n                        <span class=\"day\">\n                            14                        <\/span>\n                    <\/span>\n                    <span class=\"year\"><!--editing code? don't be confused it is actually month-->\n                        \u00dano                    <\/span>\n                <\/a>\n            <\/div><!-- .entry-meta -->\n        <\/header><!-- .entry-header -->\n        <div class=\"entry-content\">\n            <div class=\"entry-header-title\">\n                <h2 class=\"entry-title\"><a href=\"https:\/\/zszastavka.cz\/?p=11469\" rel=\"bookmark\">Ukon\u010den\u00ed testov\u00e1n\u00ed ve \u0161kol\u00e1ch<\/a><\/h2>            <\/div>\n            <p>Mimo\u0159\u00e1dn\u00e9 opat\u0159en\u00ed Ministerstva zdravotnictv\u00ed, kter\u00e9 s \u00fa\u010dinnost\u00ed od 18. 2. 2022 od 23:59 hod ru\u0161\u00ed mimo\u0159\u00e1dn\u00e9 opat\u0159en\u00ed Ministerstva zdravotnictv\u00ed k testov\u00e1n\u00ed ve \u0161kol\u00e1ch a \u0161kolsk\u00fdch za\u0159\u00edzen\u00ed a k testov\u00e1n\u00ed zam\u011bstnanc\u016f. Od 19. 2. 2022 se tedy ji\u017e nebudou ve v\u0161ech \u0161kol\u00e1ch a \u0161kolsk\u00fdch za\u0159\u00edzen\u00edch testovat d\u011bti, \u017e\u00e1ci, studenti ani zam\u011bstnanci. Ve\u0161ker\u00e9 povinnosti, kter\u00e9 plynuly z&hellip;<\/p>\n                <a class=\"btn btn-primary\" href=\"https:\/\/zszastavka.cz\/?p=11469 \">\n                    \u010c\u00edst d\u00e1le                <\/a>\n                        <\/div><!-- .entry-content -->\n    <\/div>\n<\/article><!-- #post-## -->                                <\/div>\n                                                                <div class=\"blog-item-wrapper init-animate slideInUp1 col-sm-12 col-md-4 col-sm-12 col-md-4 col-sm-12 col-md-4 col-sm-12 col-md-4 col-sm-12 col-md-4 col-sm-12 col-md-4\">\n                                    <article id=\"post-11432\" class=\"init-animate slideInUp1 post-11432 post type-post status-publish format-standard has-post-thumbnail hentry category-skolnirok category-mimoradna-opatreni category-novinky tag-mo tag-testovani tag-zs\">\n    <div class=\"content-wrapper\">\n                    <!--post thumbnal options-->\n            <div class=\"post-thumb\">\n                <a href=\"https:\/\/zszastavka.cz\/?p=11432\">\n                    <img loading=\"lazy\" decoding=\"async\" width=\"640\" height=\"533\" src=\"https:\/\/zszastavka.cz\/wp-content\/uploads\/2021\/07\/corona-test-1024x853.jpg\" class=\"attachment-large size-large wp-post-image\" alt=\"\" \/>                <\/a>\n            <\/div><!-- .post-thumb-->\n                    <header class=\"entry-header \">\n            <div class=\"entry-meta\">\n                <a href=\"https:\/\/zszastavka.cz\/?p=11432\">\n                    <span class=\"day-month\">\n                        <span class=\"day\">\n                            28                        <\/span>\n                    <\/span>\n                    <span class=\"year\"><!--editing code? don't be confused it is actually month-->\n                        Led                    <\/span>\n                <\/a>\n            <\/div><!-- .entry-meta -->\n        <\/header><!-- .entry-header -->\n        <div class=\"entry-content\">\n            <div class=\"entry-header-title\">\n                <h2 class=\"entry-title\"><a href=\"https:\/\/zszastavka.cz\/?p=11432\" rel=\"bookmark\">Testov\u00e1n\u00ed ve \u0161kol\u00e1ch v \u00fanoru 2022<\/a><\/h2>            <\/div>\n            <p>S ohledem na p\u0159etrv\u00e1vaj\u00edc\u00ed negativn\u00ed v\u00fdvoj epidemick\u00e9 situace, trv\u00e1 i nad\u00e1le pot\u0159eba preventivn\u00edho plo\u0161n\u00e9ho testov\u00e1n\u00ed (d\u00e1le jen \u201epreventivn\u00ed testov\u00e1n\u00ed\u201c nebo \u201cscreeningov\u00e9 testov\u00e1n\u00ed\u201d), a to na cel\u00e9m \u00fazem\u00ed \u010cesk\u00e9 republiky. Vybran\u00e9 infromace z mimo\u0159\u00e1dn\u00fdch opat\u0159en\u00ed \u010dt\u011bte n\u00ed\u017ee:<\/p>\n                <a class=\"btn btn-primary\" href=\"https:\/\/zszastavka.cz\/?p=11432 \">\n                    \u010c\u00edst d\u00e1le                <\/a>\n                        <\/div><!-- .entry-content -->\n    <\/div>\n<\/article><!-- #post-## -->                                <\/div>\n                                <div class='clearfix'><\/div>                    <\/div>\n                <\/div>\n            <\/section>\n            <\/div><\/div><\/div><\/div>","protected":false},"excerpt":{"rendered":"<p>8 \u010cvn Pozv\u00e1nka na prezentaci Zveme v\u00e1s na slavnostn\u00ed prezentaci pam\u011btnick\u00fdch p\u0159\u00edb\u011bh\u016f, kter\u00e9 objevili \u017e\u00e1ci z\u00e1kladn\u00ed \u0161koly a gymn\u00e1zia ze Zast\u00e1vky. \u010c\u00edst d\u00e1le 18 B\u0159e \u0160kola se z\u00fa\u010dastn\u00ed testov\u00e1n\u00ed PISA \u0160kola byla vybr\u00e1na k \u00fa\u010dasti v hlavn\u00edm \u0161et\u0159en\u00ed mezin\u00e1rodn\u00edho projektu PISA 2022 (Programmefor International Student Assessment). PISA je projektem Organizace pro hospod\u00e1\u0159skou spolupr\u00e1ci a rozvoj&hellip;<\/p>\n","protected":false},"author":1,"featured_media":0,"parent":4231,"menu_order":0,"comment_status":"closed","ping_status":"closed","template":"","meta":{"footnotes":""},"class_list":["post-9598","page","type-page","status-publish","hentry"],"_links":{"self":[{"href":"https:\/\/zszastavka.cz\/index.php?rest_route=\/wp\/v2\/pages\/9598","targetHints":{"allow":["GET"]}}],"collection":[{"href":"https:\/\/zszastavka.cz\/index.php?rest_route=\/wp\/v2\/pages"}],"about":[{"href":"https:\/\/zszastavka.cz\/index.php?rest_route=\/wp\/v2\/types\/page"}],"author":[{"embeddable":true,"href":"https:\/\/zszastavka.cz\/index.php?rest_route=\/wp\/v2\/users\/1"}],"replies":[{"embeddable":true,"href":"https:\/\/zszastavka.cz\/index.php?rest_route=%2Fwp%2Fv2%2Fcomments&post=9598"}],"version-history":[{"count":11,"href":"https:\/\/zszastavka.cz\/index.php?rest_route=\/wp\/v2\/pages\/9598\/revisions"}],"predecessor-version":[{"id":13014,"href":"https:\/\/zszastavka.cz\/index.php?rest_route=\/wp\/v2\/pages\/9598\/revisions\/13014"}],"up":[{"embeddable":true,"href":"https:\/\/zszastavka.cz\/index.php?rest_route=\/wp\/v2\/pages\/4231"}],"wp:attachment":[{"href":"https:\/\/zszastavka.cz\/index.php?rest_route=%2Fwp%2Fv2%2Fmedia&parent=9598"}],"curies":[{"name":"wp","href":"https:\/\/api.w.org\/{rel}","templated":true}]}}