{"id":7711,"date":"2021-04-30T11:38:54","date_gmt":"2021-04-30T09:38:54","guid":{"rendered":"https:\/\/zszastavka.cz\/?page_id=7711"},"modified":"2021-09-02T15:14:23","modified_gmt":"2021-09-02T13:14:23","slug":"zimni-vyrabeni","status":"publish","type":"page","link":"https:\/\/zszastavka.cz\/?page_id=7711","title":{"rendered":"Zimn\u00ed vyr\u00e1b\u011bn\u00ed"},"content":{"rendered":"<nav id=\"foogallery-gallery-7710_paging-top\" class=\"fg-paging-container fg-ph-dots\"><\/nav><style type=\"text\/css\">\n#foogallery-gallery-7710.fg-justified .fg-item { margin-right: 2px; margin-bottom: 2px; }\n#foogallery-gallery-7710.fg-justified .fg-image { height: 250px; }<\/style>\n\t\t\t<div class=\"foogallery foogallery-container foogallery-justified foogallery-lightbox-foobox fg-justified fg-ready fg-light fg-shadow-outline fg-loading-default fg-loaded-fade-in fg-caption-always fg-hover-fade fg-hover-zoom2\" id=\"foogallery-gallery-7710\" data-foogallery=\"{&quot;item&quot;:{&quot;showCaptionTitle&quot;:false,&quot;showCaptionDescription&quot;:false},&quot;lazy&quot;:true,&quot;paging&quot;:{&quot;type&quot;:&quot;dots&quot;,&quot;size&quot;:20,&quot;position&quot;:&quot;both&quot;,&quot;scrollToTop&quot;:false,&quot;output&quot;:&quot;&quot;,&quot;theme&quot;:&quot;fg-light&quot;},&quot;template&quot;:{&quot;rowHeight&quot;:250,&quot;maxRowHeight&quot;:250,&quot;margins&quot;:2,&quot;align&quot;:&quot;center&quot;,&quot;lastRow&quot;:&quot;smart&quot;}}\" style=\"--fg-title-line-clamp: 0; --fg-description-line-clamp: 0;\" >\n\t<div class=\"fg-item fg-type-image fg-idle\"><figure class=\"fg-item-inner\"><a href=\"https:\/\/zszastavka.cz\/wp-content\/uploads\/2021\/04\/ZimniSD_005.jpg\" data-caption-title=\"dav\" data-attachment-id=\"7549\" data-type=\"image\" class=\"fg-thumb\"><span class=\"fg-image-wrap\"><img fetchpriority=\"high\" decoding=\"async\" title=\"dav\" height=\"250\" width=\"333\" class=\"skip-lazy fg-image\" data-src-fg=\"https:\/\/zszastavka.cz\/wp-content\/uploads\/cache\/2021\/04\/ZimniSD_005\/4249045857.jpg\" src=\"data:image\/svg+xml,%3Csvg%20xmlns%3D%22http%3A%2F%2Fwww.w3.org%2F2000%2Fsvg%22%20width%3D%22333%22%20height%3D%22250%22%20viewBox%3D%220%200%20333%20250%22%3E%3C%2Fsvg%3E\" loading=\"eager\"><\/span><span class=\"fg-image-overlay\"><\/span><\/a><\/figure><div class=\"fg-loader\"><\/div><\/div><div class=\"fg-item fg-type-image fg-idle\"><figure class=\"fg-item-inner\"><a href=\"https:\/\/zszastavka.cz\/wp-content\/uploads\/2021\/04\/ZimniSD_040.jpg\" data-caption-title=\"dav\" data-attachment-id=\"7586\" data-type=\"image\" class=\"fg-thumb\"><span class=\"fg-image-wrap\"><img decoding=\"async\" title=\"dav\" height=\"250\" width=\"146\" class=\"skip-lazy fg-image\" data-src-fg=\"https:\/\/zszastavka.cz\/wp-content\/uploads\/cache\/2021\/04\/ZimniSD_040\/2316890662.jpg\" src=\"data:image\/svg+xml,%3Csvg%20xmlns%3D%22http%3A%2F%2Fwww.w3.org%2F2000%2Fsvg%22%20width%3D%22146%22%20height%3D%22250%22%20viewBox%3D%220%200%20146%20250%22%3E%3C%2Fsvg%3E\" loading=\"eager\"><\/span><span class=\"fg-image-overlay\"><\/span><\/a><\/figure><div class=\"fg-loader\"><\/div><\/div><div class=\"fg-item fg-type-image fg-idle\"><figure class=\"fg-item-inner\"><a href=\"https:\/\/zszastavka.cz\/wp-content\/uploads\/2021\/04\/ZimniSD_037.jpg\" data-caption-title=\"dav\" data-attachment-id=\"7582\" data-type=\"image\" class=\"fg-thumb\"><span class=\"fg-image-wrap\"><img decoding=\"async\" title=\"dav\" height=\"250\" width=\"377\" class=\"skip-lazy fg-image\" data-src-fg=\"https:\/\/zszastavka.cz\/wp-content\/uploads\/cache\/2021\/04\/ZimniSD_037\/4051401176.jpg\" src=\"data:image\/svg+xml,%3Csvg%20xmlns%3D%22http%3A%2F%2Fwww.w3.org%2F2000%2Fsvg%22%20width%3D%22377%22%20height%3D%22250%22%20viewBox%3D%220%200%20377%20250%22%3E%3C%2Fsvg%3E\" loading=\"eager\"><\/span><span class=\"fg-image-overlay\"><\/span><\/a><\/figure><div class=\"fg-loader\"><\/div><\/div><div class=\"fg-item fg-type-image fg-idle\"><figure class=\"fg-item-inner\"><a href=\"https:\/\/zszastavka.cz\/wp-content\/uploads\/2021\/04\/ZimniSD_038.jpg\" data-caption-title=\"dav\" data-attachment-id=\"7584\" data-type=\"image\" class=\"fg-thumb\"><span class=\"fg-image-wrap\"><img decoding=\"async\" title=\"dav\" height=\"250\" width=\"396\" class=\"skip-lazy fg-image\" data-src-fg=\"https:\/\/zszastavka.cz\/wp-content\/uploads\/cache\/2021\/04\/ZimniSD_038\/931099597.jpg\" src=\"data:image\/svg+xml,%3Csvg%20xmlns%3D%22http%3A%2F%2Fwww.w3.org%2F2000%2Fsvg%22%20width%3D%22396%22%20height%3D%22250%22%20viewBox%3D%220%200%20396%20250%22%3E%3C%2Fsvg%3E\" loading=\"eager\"><\/span><span class=\"fg-image-overlay\"><\/span><\/a><\/figure><div class=\"fg-loader\"><\/div><\/div><div class=\"fg-item fg-type-image fg-idle\"><figure class=\"fg-item-inner\"><a href=\"https:\/\/zszastavka.cz\/wp-content\/uploads\/2021\/04\/ZimniSD_039.jpg\" data-caption-title=\"dav\" data-attachment-id=\"7585\" data-type=\"image\" class=\"fg-thumb\"><span class=\"fg-image-wrap\"><img decoding=\"async\" title=\"dav\" height=\"250\" width=\"190\" class=\"skip-lazy fg-image\" data-src-fg=\"https:\/\/zszastavka.cz\/wp-content\/uploads\/cache\/2021\/04\/ZimniSD_039\/320605112.jpg\" src=\"data:image\/svg+xml,%3Csvg%20xmlns%3D%22http%3A%2F%2Fwww.w3.org%2F2000%2Fsvg%22%20width%3D%22190%22%20height%3D%22250%22%20viewBox%3D%220%200%20190%20250%22%3E%3C%2Fsvg%3E\" loading=\"eager\"><\/span><span class=\"fg-image-overlay\"><\/span><\/a><\/figure><div class=\"fg-loader\"><\/div><\/div><div class=\"fg-item fg-type-image fg-idle\"><figure class=\"fg-item-inner\"><a href=\"https:\/\/zszastavka.cz\/wp-content\/uploads\/2021\/04\/ZimniSD_031.jpg\" data-caption-title=\"dav\" data-attachment-id=\"7576\" data-type=\"image\" class=\"fg-thumb\"><span class=\"fg-image-wrap\"><img decoding=\"async\" title=\"dav\" height=\"250\" width=\"333\" class=\"skip-lazy fg-image\" data-src-fg=\"https:\/\/zszastavka.cz\/wp-content\/uploads\/cache\/2021\/04\/ZimniSD_031\/3317158088.jpg\" src=\"data:image\/svg+xml,%3Csvg%20xmlns%3D%22http%3A%2F%2Fwww.w3.org%2F2000%2Fsvg%22%20width%3D%22333%22%20height%3D%22250%22%20viewBox%3D%220%200%20333%20250%22%3E%3C%2Fsvg%3E\" loading=\"eager\"><\/span><span class=\"fg-image-overlay\"><\/span><\/a><\/figure><div class=\"fg-loader\"><\/div><\/div><div class=\"fg-item fg-type-image fg-idle\"><figure class=\"fg-item-inner\"><a href=\"https:\/\/zszastavka.cz\/wp-content\/uploads\/2021\/04\/ZimniSD_032.jpg\" data-attachment-id=\"7577\" data-type=\"image\" class=\"fg-thumb\"><span class=\"fg-image-wrap\"><img decoding=\"async\" height=\"250\" width=\"333\" class=\"skip-lazy fg-image\" data-src-fg=\"https:\/\/zszastavka.cz\/wp-content\/uploads\/cache\/2021\/04\/ZimniSD_032\/2750525376.jpg\" src=\"data:image\/svg+xml,%3Csvg%20xmlns%3D%22http%3A%2F%2Fwww.w3.org%2F2000%2Fsvg%22%20width%3D%22333%22%20height%3D%22250%22%20viewBox%3D%220%200%20333%20250%22%3E%3C%2Fsvg%3E\" loading=\"eager\"><\/span><span class=\"fg-image-overlay\"><\/span><\/a><\/figure><div class=\"fg-loader\"><\/div><\/div><div class=\"fg-item fg-type-image fg-idle\"><figure class=\"fg-item-inner\"><a href=\"https:\/\/zszastavka.cz\/wp-content\/uploads\/2021\/04\/ZimniSD_033.jpg\" data-attachment-id=\"7578\" data-type=\"image\" class=\"fg-thumb\"><span class=\"fg-image-wrap\"><img decoding=\"async\" height=\"250\" width=\"333\" class=\"skip-lazy fg-image\" data-src-fg=\"https:\/\/zszastavka.cz\/wp-content\/uploads\/cache\/2021\/04\/ZimniSD_033\/3006861648.jpg\" src=\"data:image\/svg+xml,%3Csvg%20xmlns%3D%22http%3A%2F%2Fwww.w3.org%2F2000%2Fsvg%22%20width%3D%22333%22%20height%3D%22250%22%20viewBox%3D%220%200%20333%20250%22%3E%3C%2Fsvg%3E\" loading=\"eager\"><\/span><span class=\"fg-image-overlay\"><\/span><\/a><\/figure><div class=\"fg-loader\"><\/div><\/div><div class=\"fg-item fg-type-image fg-idle\"><figure class=\"fg-item-inner\"><a href=\"https:\/\/zszastavka.cz\/wp-content\/uploads\/2021\/04\/ZimniSD_034.jpg\" data-attachment-id=\"7579\" data-type=\"image\" class=\"fg-thumb\"><span class=\"fg-image-wrap\"><img decoding=\"async\" height=\"250\" width=\"333\" class=\"skip-lazy fg-image\" data-src-fg=\"https:\/\/zszastavka.cz\/wp-content\/uploads\/cache\/2021\/04\/ZimniSD_034\/1362452642.jpg\" src=\"data:image\/svg+xml,%3Csvg%20xmlns%3D%22http%3A%2F%2Fwww.w3.org%2F2000%2Fsvg%22%20width%3D%22333%22%20height%3D%22250%22%20viewBox%3D%220%200%20333%20250%22%3E%3C%2Fsvg%3E\" loading=\"eager\"><\/span><span class=\"fg-image-overlay\"><\/span><\/a><\/figure><div class=\"fg-loader\"><\/div><\/div><div class=\"fg-item fg-type-image fg-idle\"><figure class=\"fg-item-inner\"><a href=\"https:\/\/zszastavka.cz\/wp-content\/uploads\/2021\/04\/ZimniSD_035.jpg\" data-attachment-id=\"7580\" data-type=\"image\" class=\"fg-thumb\"><span class=\"fg-image-wrap\"><img decoding=\"async\" height=\"250\" width=\"333\" class=\"skip-lazy fg-image\" data-src-fg=\"https:\/\/zszastavka.cz\/wp-content\/uploads\/cache\/2021\/04\/ZimniSD_035\/3116206386.jpg\" src=\"data:image\/svg+xml,%3Csvg%20xmlns%3D%22http%3A%2F%2Fwww.w3.org%2F2000%2Fsvg%22%20width%3D%22333%22%20height%3D%22250%22%20viewBox%3D%220%200%20333%20250%22%3E%3C%2Fsvg%3E\" loading=\"eager\"><\/span><span class=\"fg-image-overlay\"><\/span><\/a><\/figure><div class=\"fg-loader\"><\/div><\/div><div class=\"fg-item fg-type-image fg-idle\"><figure class=\"fg-item-inner\"><a href=\"https:\/\/zszastavka.cz\/wp-content\/uploads\/2021\/04\/ZimniSD_036.jpg\" data-caption-title=\"dav\" data-attachment-id=\"7581\" data-type=\"image\" class=\"fg-thumb\"><span class=\"fg-image-wrap\"><img decoding=\"async\" title=\"dav\" height=\"250\" width=\"399\" class=\"skip-lazy fg-image\" data-src-fg=\"https:\/\/zszastavka.cz\/wp-content\/uploads\/cache\/2021\/04\/ZimniSD_036\/3757831738.jpg\" src=\"data:image\/svg+xml,%3Csvg%20xmlns%3D%22http%3A%2F%2Fwww.w3.org%2F2000%2Fsvg%22%20width%3D%22399%22%20height%3D%22250%22%20viewBox%3D%220%200%20399%20250%22%3E%3C%2Fsvg%3E\" loading=\"eager\"><\/span><span class=\"fg-image-overlay\"><\/span><\/a><\/figure><div class=\"fg-loader\"><\/div><\/div><div class=\"fg-item fg-type-image fg-idle\"><figure class=\"fg-item-inner\"><a href=\"https:\/\/zszastavka.cz\/wp-content\/uploads\/2021\/04\/ZimniSD_026.jpg\" data-caption-title=\"dav\" data-attachment-id=\"7571\" data-type=\"image\" class=\"fg-thumb\"><span class=\"fg-image-wrap\"><img decoding=\"async\" title=\"dav\" height=\"250\" width=\"333\" class=\"skip-lazy fg-image\" data-src-fg=\"https:\/\/zszastavka.cz\/wp-content\/uploads\/cache\/2021\/04\/ZimniSD_026\/803515840.jpg\" src=\"data:image\/svg+xml,%3Csvg%20xmlns%3D%22http%3A%2F%2Fwww.w3.org%2F2000%2Fsvg%22%20width%3D%22333%22%20height%3D%22250%22%20viewBox%3D%220%200%20333%20250%22%3E%3C%2Fsvg%3E\" loading=\"eager\"><\/span><span class=\"fg-image-overlay\"><\/span><\/a><\/figure><div class=\"fg-loader\"><\/div><\/div><div class=\"fg-item fg-type-image fg-idle\"><figure class=\"fg-item-inner\"><a href=\"https:\/\/zszastavka.cz\/wp-content\/uploads\/2021\/04\/ZimniSD_027.jpg\" data-caption-title=\"dav\" data-attachment-id=\"7572\" data-type=\"image\" class=\"fg-thumb\"><span class=\"fg-image-wrap\"><img decoding=\"async\" title=\"dav\" height=\"250\" width=\"333\" class=\"skip-lazy fg-image\" data-src-fg=\"https:\/\/zszastavka.cz\/wp-content\/uploads\/cache\/2021\/04\/ZimniSD_027\/23339554.jpg\" src=\"data:image\/svg+xml,%3Csvg%20xmlns%3D%22http%3A%2F%2Fwww.w3.org%2F2000%2Fsvg%22%20width%3D%22333%22%20height%3D%22250%22%20viewBox%3D%220%200%20333%20250%22%3E%3C%2Fsvg%3E\" loading=\"eager\"><\/span><span class=\"fg-image-overlay\"><\/span><\/a><\/figure><div class=\"fg-loader\"><\/div><\/div><div class=\"fg-item fg-type-image fg-idle\"><figure class=\"fg-item-inner\"><a href=\"https:\/\/zszastavka.cz\/wp-content\/uploads\/2021\/04\/ZimniSD_028.jpg\" data-caption-title=\"dav\" data-attachment-id=\"7573\" data-type=\"image\" class=\"fg-thumb\"><span class=\"fg-image-wrap\"><img decoding=\"async\" title=\"dav\" height=\"250\" width=\"333\" class=\"skip-lazy fg-image\" data-src-fg=\"https:\/\/zszastavka.cz\/wp-content\/uploads\/cache\/2021\/04\/ZimniSD_028\/814565477.jpg\" src=\"data:image\/svg+xml,%3Csvg%20xmlns%3D%22http%3A%2F%2Fwww.w3.org%2F2000%2Fsvg%22%20width%3D%22333%22%20height%3D%22250%22%20viewBox%3D%220%200%20333%20250%22%3E%3C%2Fsvg%3E\" loading=\"eager\"><\/span><span class=\"fg-image-overlay\"><\/span><\/a><\/figure><div class=\"fg-loader\"><\/div><\/div><div class=\"fg-item fg-type-image fg-idle\"><figure class=\"fg-item-inner\"><a href=\"https:\/\/zszastavka.cz\/wp-content\/uploads\/2021\/04\/ZimniSD_029.jpg\" data-caption-title=\"dav\" data-attachment-id=\"7574\" data-type=\"image\" class=\"fg-thumb\"><span class=\"fg-image-wrap\"><img decoding=\"async\" title=\"dav\" height=\"250\" width=\"333\" class=\"skip-lazy fg-image\" data-src-fg=\"https:\/\/zszastavka.cz\/wp-content\/uploads\/cache\/2021\/04\/ZimniSD_029\/197798057.jpg\" src=\"data:image\/svg+xml,%3Csvg%20xmlns%3D%22http%3A%2F%2Fwww.w3.org%2F2000%2Fsvg%22%20width%3D%22333%22%20height%3D%22250%22%20viewBox%3D%220%200%20333%20250%22%3E%3C%2Fsvg%3E\" loading=\"eager\"><\/span><span class=\"fg-image-overlay\"><\/span><\/a><\/figure><div class=\"fg-loader\"><\/div><\/div><div class=\"fg-item fg-type-image fg-idle\"><figure class=\"fg-item-inner\"><a href=\"https:\/\/zszastavka.cz\/wp-content\/uploads\/2021\/04\/ZimniSD_030.jpg\" data-caption-title=\"dav\" data-attachment-id=\"7575\" data-type=\"image\" class=\"fg-thumb\"><span class=\"fg-image-wrap\"><img decoding=\"async\" title=\"dav\" height=\"250\" width=\"333\" class=\"skip-lazy fg-image\" data-src-fg=\"https:\/\/zszastavka.cz\/wp-content\/uploads\/cache\/2021\/04\/ZimniSD_030\/3946274602.jpg\" src=\"data:image\/svg+xml,%3Csvg%20xmlns%3D%22http%3A%2F%2Fwww.w3.org%2F2000%2Fsvg%22%20width%3D%22333%22%20height%3D%22250%22%20viewBox%3D%220%200%20333%20250%22%3E%3C%2Fsvg%3E\" loading=\"eager\"><\/span><span class=\"fg-image-overlay\"><\/span><\/a><\/figure><div class=\"fg-loader\"><\/div><\/div><div class=\"fg-item fg-type-image fg-idle\"><figure class=\"fg-item-inner\"><a href=\"https:\/\/zszastavka.cz\/wp-content\/uploads\/2021\/04\/ZimniSD_021.jpg\" data-caption-title=\"dav\" data-attachment-id=\"7566\" data-type=\"image\" class=\"fg-thumb\"><span class=\"fg-image-wrap\"><img decoding=\"async\" title=\"dav\" height=\"250\" width=\"333\" class=\"skip-lazy fg-image\" data-src-fg=\"https:\/\/zszastavka.cz\/wp-content\/uploads\/cache\/2021\/04\/ZimniSD_021\/3858511363.jpg\" src=\"data:image\/svg+xml,%3Csvg%20xmlns%3D%22http%3A%2F%2Fwww.w3.org%2F2000%2Fsvg%22%20width%3D%22333%22%20height%3D%22250%22%20viewBox%3D%220%200%20333%20250%22%3E%3C%2Fsvg%3E\" loading=\"eager\"><\/span><span class=\"fg-image-overlay\"><\/span><\/a><\/figure><div class=\"fg-loader\"><\/div><\/div><div class=\"fg-item fg-type-image fg-idle\"><figure class=\"fg-item-inner\"><a href=\"https:\/\/zszastavka.cz\/wp-content\/uploads\/2021\/04\/ZimniSD_022.jpg\" data-caption-title=\"dav\" data-attachment-id=\"7567\" data-type=\"image\" class=\"fg-thumb\"><span class=\"fg-image-wrap\"><img decoding=\"async\" title=\"dav\" height=\"250\" width=\"333\" class=\"skip-lazy fg-image\" data-src-fg=\"https:\/\/zszastavka.cz\/wp-content\/uploads\/cache\/2021\/04\/ZimniSD_022\/2210023691.jpg\" src=\"data:image\/svg+xml,%3Csvg%20xmlns%3D%22http%3A%2F%2Fwww.w3.org%2F2000%2Fsvg%22%20width%3D%22333%22%20height%3D%22250%22%20viewBox%3D%220%200%20333%20250%22%3E%3C%2Fsvg%3E\" loading=\"eager\"><\/span><span class=\"fg-image-overlay\"><\/span><\/a><\/figure><div class=\"fg-loader\"><\/div><\/div><div class=\"fg-item fg-type-image fg-idle\"><figure class=\"fg-item-inner\"><a href=\"https:\/\/zszastavka.cz\/wp-content\/uploads\/2021\/04\/ZimniSD_023.jpg\" data-caption-title=\"dav\" data-attachment-id=\"7568\" data-type=\"image\" class=\"fg-thumb\"><span class=\"fg-image-wrap\"><img decoding=\"async\" title=\"dav\" height=\"250\" width=\"333\" class=\"skip-lazy fg-image\" data-src-fg=\"https:\/\/zszastavka.cz\/wp-content\/uploads\/cache\/2021\/04\/ZimniSD_023\/2473785243.jpg\" src=\"data:image\/svg+xml,%3Csvg%20xmlns%3D%22http%3A%2F%2Fwww.w3.org%2F2000%2Fsvg%22%20width%3D%22333%22%20height%3D%22250%22%20viewBox%3D%220%200%20333%20250%22%3E%3C%2Fsvg%3E\" loading=\"eager\"><\/span><span class=\"fg-image-overlay\"><\/span><\/a><\/figure><div class=\"fg-loader\"><\/div><\/div><div class=\"fg-item fg-type-image fg-idle\"><figure class=\"fg-item-inner\"><a href=\"https:\/\/zszastavka.cz\/wp-content\/uploads\/2021\/04\/ZimniSD_024.jpg\" data-caption-title=\"dav\" data-attachment-id=\"7569\" data-type=\"image\" class=\"fg-thumb\"><span class=\"fg-image-wrap\"><img decoding=\"async\" title=\"dav\" height=\"250\" width=\"333\" class=\"skip-lazy fg-image\" data-src-fg=\"https:\/\/zszastavka.cz\/wp-content\/uploads\/cache\/2021\/04\/ZimniSD_024\/1904117353.jpg\" src=\"data:image\/svg+xml,%3Csvg%20xmlns%3D%22http%3A%2F%2Fwww.w3.org%2F2000%2Fsvg%22%20width%3D%22333%22%20height%3D%22250%22%20viewBox%3D%220%200%20333%20250%22%3E%3C%2Fsvg%3E\" loading=\"eager\"><\/span><span class=\"fg-image-overlay\"><\/span><\/a><\/figure><div class=\"fg-loader\"><\/div><\/div><\/div>\n<nav id=\"foogallery-gallery-7710_paging-bottom\" class=\"fg-paging-container fg-ph-dots\"><\/nav><script type=\"text\/javascript\">  window[\"foogallery-gallery-7710_items\"] = [{\"href\":\"https:\/\/zszastavka.cz\/wp-content\/uploads\/2021\/04\/ZimniSD_025.jpg\",\"type\":\"image\",\"src\":\"https:\/\/zszastavka.cz\/wp-content\/uploads\/cache\/2021\/04\/ZimniSD_025\/1235407560.jpg\",\"width\":333,\"height\":250,\"alt\":\"\",\"id\":7570,\"attr\":{\"anchor\":{\"data-caption-title\":\"dav\",\"data-attachment-id\":7570,\"class\":\"fg-thumb\"}}}, {\"href\":\"https:\/\/zszastavka.cz\/wp-content\/uploads\/2021\/04\/ZimniSD_016.jpg\",\"type\":\"image\",\"src\":\"https:\/\/zszastavka.cz\/wp-content\/uploads\/cache\/2021\/04\/ZimniSD_016\/559506317.jpg\",\"width\":333,\"height\":250,\"alt\":\"\",\"id\":7561,\"attr\":{\"anchor\":{\"data-caption-title\":\"dav\",\"data-attachment-id\":7561,\"class\":\"fg-thumb\"}}}, {\"href\":\"https:\/\/zszastavka.cz\/wp-content\/uploads\/2021\/04\/ZimniSD_017.jpg\",\"type\":\"image\",\"src\":\"https:\/\/zszastavka.cz\/wp-content\/uploads\/cache\/2021\/04\/ZimniSD_017\/265940079.jpg\",\"width\":333,\"height\":250,\"alt\":\"\",\"id\":7562,\"attr\":{\"anchor\":{\"data-caption-title\":\"sdr\",\"data-attachment-id\":7562,\"class\":\"fg-thumb\"}}}, {\"href\":\"https:\/\/zszastavka.cz\/wp-content\/uploads\/2021\/04\/ZimniSD_018.jpg\",\"type\":\"image\",\"src\":\"https:\/\/zszastavka.cz\/wp-content\/uploads\/cache\/2021\/04\/ZimniSD_018\/1043367464.jpg\",\"width\":333,\"height\":250,\"alt\":\"\",\"id\":7563,\"attr\":{\"anchor\":{\"data-caption-title\":\"sdr\",\"data-attachment-id\":7563,\"class\":\"fg-thumb\"}}}, {\"href\":\"https:\/\/zszastavka.cz\/wp-content\/uploads\/2021\/04\/ZimniSD_019.jpg\",\"type\":\"image\",\"src\":\"https:\/\/zszastavka.cz\/wp-content\/uploads\/cache\/2021\/04\/ZimniSD_019\/91743972.jpg\",\"width\":333,\"height\":250,\"alt\":\"\",\"id\":7564,\"attr\":{\"anchor\":{\"data-caption-title\":\"dav\",\"data-attachment-id\":7564,\"class\":\"fg-thumb\"}}}, {\"href\":\"https:\/\/zszastavka.cz\/wp-content\/uploads\/2021\/04\/ZimniSD_020.jpg\",\"type\":\"image\",\"src\":\"https:\/\/zszastavka.cz\/wp-content\/uploads\/cache\/2021\/04\/ZimniSD_020\/3413948897.jpg\",\"width\":333,\"height\":250,\"alt\":\"\",\"id\":7565,\"attr\":{\"anchor\":{\"data-caption-title\":\"dav\",\"data-attachment-id\":7565,\"class\":\"fg-thumb\"}}}, {\"href\":\"https:\/\/zszastavka.cz\/wp-content\/uploads\/2021\/04\/ZimniSD_011.jpg\",\"type\":\"image\",\"src\":\"https:\/\/zszastavka.cz\/wp-content\/uploads\/cache\/2021\/04\/ZimniSD_011\/2233474398.jpg\",\"width\":188,\"height\":250,\"alt\":\"\",\"id\":7556,\"attr\":{\"anchor\":{\"data-attachment-id\":7556,\"class\":\"fg-thumb\"}}}, {\"href\":\"https:\/\/zszastavka.cz\/wp-content\/uploads\/2021\/04\/ZimniSD_012.jpg\",\"type\":\"image\",\"src\":\"https:\/\/zszastavka.cz\/wp-content\/uploads\/cache\/2021\/04\/ZimniSD_012\/3815137878.jpg\",\"width\":188,\"height\":250,\"alt\":\"\",\"id\":7557,\"attr\":{\"anchor\":{\"data-attachment-id\":7557,\"class\":\"fg-thumb\"}}}, {\"href\":\"https:\/\/zszastavka.cz\/wp-content\/uploads\/2021\/04\/ZimniSD_013.jpg\",\"type\":\"image\",\"src\":\"https:\/\/zszastavka.cz\/wp-content\/uploads\/cache\/2021\/04\/ZimniSD_013\/4088323270.jpg\",\"width\":188,\"height\":250,\"alt\":\"\",\"id\":7558,\"attr\":{\"anchor\":{\"data-caption-title\":\"dav\",\"data-attachment-id\":7558,\"class\":\"fg-thumb\"}}}, {\"href\":\"https:\/\/zszastavka.cz\/wp-content\/uploads\/2021\/04\/ZimniSD_014.jpg\",\"type\":\"image\",\"src\":\"https:\/\/zszastavka.cz\/wp-content\/uploads\/cache\/2021\/04\/ZimniSD_014\/295873844.jpg\",\"width\":188,\"height\":250,\"alt\":\"\",\"id\":7559,\"attr\":{\"anchor\":{\"data-caption-title\":\"dav\",\"data-attachment-id\":7559,\"class\":\"fg-thumb\"}}}, {\"href\":\"https:\/\/zszastavka.cz\/wp-content\/uploads\/2021\/04\/ZimniSD_015.jpg\",\"type\":\"image\",\"src\":\"https:\/\/zszastavka.cz\/wp-content\/uploads\/cache\/2021\/04\/ZimniSD_015\/1193221253.jpg\",\"width\":333,\"height\":250,\"alt\":\"\",\"id\":7560,\"attr\":{\"anchor\":{\"data-caption-title\":\"dav\",\"data-attachment-id\":7560,\"class\":\"fg-thumb\"}}}, {\"href\":\"https:\/\/zszastavka.cz\/wp-content\/uploads\/2021\/04\/ZimniSD_006.jpg\",\"type\":\"image\",\"src\":\"https:\/\/zszastavka.cz\/wp-content\/uploads\/cache\/2021\/04\/ZimniSD_006\/2277120189.jpg\",\"width\":333,\"height\":250,\"alt\":\"\",\"id\":7550,\"attr\":{\"anchor\":{\"data-caption-title\":\"dav\",\"data-attachment-id\":7550,\"class\":\"fg-thumb\"}}}, {\"href\":\"https:\/\/zszastavka.cz\/wp-content\/uploads\/2021\/04\/ZimniSD_007.jpg\",\"type\":\"image\",\"src\":\"https:\/\/zszastavka.cz\/wp-content\/uploads\/cache\/2021\/04\/ZimniSD_007\/2748932296.jpg\",\"width\":188,\"height\":250,\"alt\":\"\",\"id\":7551,\"attr\":{\"anchor\":{\"data-caption-title\":\"dav\",\"data-attachment-id\":7551,\"class\":\"fg-thumb\"}}}, {\"href\":\"https:\/\/zszastavka.cz\/wp-content\/uploads\/2021\/04\/ZimniSD_008.jpg\",\"type\":\"image\",\"src\":\"https:\/\/zszastavka.cz\/wp-content\/uploads\/cache\/2021\/04\/ZimniSD_008\/2564029720.jpg\",\"width\":188,\"height\":250,\"alt\":\"\",\"id\":7552,\"attr\":{\"anchor\":{\"data-attachment-id\":7552,\"class\":\"fg-thumb\"}}}, {\"href\":\"https:\/\/zszastavka.cz\/wp-content\/uploads\/2021\/04\/ZimniSD_009.jpg\",\"type\":\"image\",\"src\":\"https:\/\/zszastavka.cz\/wp-content\/uploads\/cache\/2021\/04\/ZimniSD_009\/3165685101.jpg\",\"width\":188,\"height\":250,\"alt\":\"\",\"id\":7553,\"attr\":{\"anchor\":{\"data-attachment-id\":7553,\"class\":\"fg-thumb\"}}}, {\"href\":\"https:\/\/zszastavka.cz\/wp-content\/uploads\/2021\/04\/ZimniSD_010.jpg\",\"type\":\"image\",\"src\":\"https:\/\/zszastavka.cz\/wp-content\/uploads\/cache\/2021\/04\/ZimniSD_010\/1131014743.jpg\",\"width\":188,\"height\":250,\"alt\":\"\",\"id\":7554,\"attr\":{\"anchor\":{\"data-attachment-id\":7554,\"class\":\"fg-thumb\"}}}, {\"href\":\"https:\/\/zszastavka.cz\/wp-content\/uploads\/2021\/04\/ZimniSD_001.jpg\",\"type\":\"image\",\"src\":\"https:\/\/zszastavka.cz\/wp-content\/uploads\/cache\/2021\/04\/ZimniSD_001\/1195472105.jpg\",\"width\":333,\"height\":250,\"alt\":\"\",\"id\":7545,\"attr\":{\"anchor\":{\"data-caption-title\":\"dav\",\"data-attachment-id\":7545,\"class\":\"fg-thumb\"}}}, {\"href\":\"https:\/\/zszastavka.cz\/wp-content\/uploads\/2021\/04\/ZimniSD_002.jpg\",\"type\":\"image\",\"src\":\"https:\/\/zszastavka.cz\/wp-content\/uploads\/cache\/2021\/04\/ZimniSD_002\/736427126.jpg\",\"width\":333,\"height\":250,\"alt\":\"\",\"id\":7546,\"attr\":{\"anchor\":{\"data-caption-title\":\"dav\",\"data-attachment-id\":7546,\"class\":\"fg-thumb\"}}}, {\"href\":\"https:\/\/zszastavka.cz\/wp-content\/uploads\/2021\/04\/ZimniSD_003.jpg\",\"type\":\"image\",\"src\":\"https:\/\/zszastavka.cz\/wp-content\/uploads\/cache\/2021\/04\/ZimniSD_003\/260539395.jpg\",\"width\":333,\"height\":250,\"alt\":\"\",\"id\":7547,\"attr\":{\"anchor\":{\"data-caption-title\":\"dav\",\"data-attachment-id\":7547,\"class\":\"fg-thumb\"}}}, {\"href\":\"https:\/\/zszastavka.cz\/wp-content\/uploads\/2021\/04\/ZimniSD_004.jpg\",\"type\":\"image\",\"src\":\"https:\/\/zszastavka.cz\/wp-content\/uploads\/cache\/2021\/04\/ZimniSD_004\/3642766100.jpg\",\"width\":333,\"height\":250,\"alt\":\"\",\"id\":7548,\"attr\":{\"anchor\":{\"data-caption-title\":\"dav\",\"data-attachment-id\":7548,\"class\":\"fg-thumb\"}}}  ];<\/script>\n","protected":false},"excerpt":{"rendered":"","protected":false},"author":1,"featured_media":0,"parent":10102,"menu_order":0,"comment_status":"closed","ping_status":"closed","template":"","meta":{"footnotes":""},"class_list":["post-7711","page","type-page","status-publish","hentry"],"_links":{"self":[{"href":"https:\/\/zszastavka.cz\/index.php?rest_route=\/wp\/v2\/pages\/7711","targetHints":{"allow":["GET"]}}],"collection":[{"href":"https:\/\/zszastavka.cz\/index.php?rest_route=\/wp\/v2\/pages"}],"about":[{"href":"https:\/\/zszastavka.cz\/index.php?rest_route=\/wp\/v2\/types\/page"}],"author":[{"embeddable":true,"href":"https:\/\/zszastavka.cz\/index.php?rest_route=\/wp\/v2\/users\/1"}],"replies":[{"embeddable":true,"href":"https:\/\/zszastavka.cz\/index.php?rest_route=%2Fwp%2Fv2%2Fcomments&post=7711"}],"version-history":[{"count":1,"href":"https:\/\/zszastavka.cz\/index.php?rest_route=\/wp\/v2\/pages\/7711\/revisions"}],"predecessor-version":[{"id":10112,"href":"https:\/\/zszastavka.cz\/index.php?rest_route=\/wp\/v2\/pages\/7711\/revisions\/10112"}],"up":[{"embeddable":true,"href":"https:\/\/zszastavka.cz\/index.php?rest_route=\/wp\/v2\/pages\/10102"}],"wp:attachment":[{"href":"https:\/\/zszastavka.cz\/index.php?rest_route=%2Fwp%2Fv2%2Fmedia&parent=7711"}],"curies":[{"name":"wp","href":"https:\/\/api.w.org\/{rel}","templated":true}]}}