{"id":747,"date":"2020-05-02T23:41:13","date_gmt":"2020-05-02T21:41:13","guid":{"rendered":"https:\/\/wp.zszastavka.cz\/?page_id=747"},"modified":"2022-06-14T09:46:16","modified_gmt":"2022-06-14T07:46:16","slug":"ke-stazeni","status":"publish","type":"page","link":"https:\/\/zszastavka.cz\/?page_id=747","title":{"rendered":"Ke sta\u017een\u00ed"},"content":{"rendered":"<div id=\"pl-747\"  class=\"panel-layout\" ><div id=\"pg-747-0\"  class=\"panel-grid panel-no-style\" ><div id=\"pgc-747-0-0\"  class=\"panel-grid-cell\" ><div id=\"panel-747-0-0-0\" class=\"so-panel widget widget_sow-button panel-first-child panel-last-child\" data-index=\"0\" ><div class=\"panel-widget-style panel-widget-style-for-747-0-0-0\" ><div\n\t\t\t\n\t\t\tclass=\"so-widget-sow-button so-widget-sow-button-wire-8a9ba3a65d32-747\"\n\t\t\t\n\t\t><div class=\"ow-button-base ow-button-align-justify\"\n style=\"display: block;\">\n\t\t\t<a\n\t\t\t\t\thref=\"https:\/\/zszastavka.cz\/?page_id=743\"\n\t\t\t\t\tclass=\"sowb-button ow-icon-placement-left ow-button-hover\" \t>\n\t\t<span>\n\t\t\t<span class=\"sow-icon-fontawesome sow-far\" data-sow-icon=\"&#xf15c;\"\n\t\tstyle=\"\" \n\t\taria-hidden=\"true\"><\/span>\n\t\t\tInformace\t\t<\/span>\n\t\t\t<\/a>\n\t<\/div>\n<\/div><\/div><\/div><\/div><div id=\"pgc-747-0-1\"  class=\"panel-grid-cell\" ><div id=\"panel-747-0-1-0\" class=\"so-panel widget widget_sow-editor panel-first-child panel-last-child\" data-index=\"1\" ><div class=\"panel-widget-style panel-widget-style-for-747-0-1-0\" ><div\n\t\t\t\n\t\t\tclass=\"so-widget-sow-editor so-widget-sow-editor-base\"\n\t\t\t\n\t\t>\n<div class=\"siteorigin-widget-tinymce textwidget\">\n\t<h3>INFORMACE<\/h3>\n<p>Soubory dokument\u016f informa\u010dn\u00edho charakteru: bro\u017eury, infolisty, seznam pom\u016fcek, informace \u0159editele \u0161koly, organiza\u010dn\u00ed opat\u0159en\u00ed M\u0160MT a dal\u0161\u00ed...<\/p>\n<\/div>\n<\/div><\/div><\/div><\/div><\/div><div id=\"pg-747-1\"  class=\"panel-grid panel-no-style\" ><div id=\"pgc-747-1-0\"  class=\"panel-grid-cell\" ><div id=\"panel-747-1-0-0\" class=\"so-panel widget widget_sow-button panel-first-child panel-last-child\" data-index=\"2\" ><div class=\"panel-widget-style panel-widget-style-for-747-1-0-0\" ><div\n\t\t\t\n\t\t\tclass=\"so-widget-sow-button so-widget-sow-button-wire-a4365db9532a-747\"\n\t\t\t\n\t\t><div class=\"ow-button-base ow-button-align-justify\"\n style=\"display: block;\">\n\t\t\t<a\n\t\t\t\t\thref=\"https:\/\/zszastavka.cz\/?page_id=437\"\n\t\t\t\t\tclass=\"sowb-button ow-icon-placement-left ow-button-hover\" \t>\n\t\t<span>\n\t\t\t<span class=\"sow-icon-fontawesome sow-far\" data-sow-icon=\"&#xf044;\"\n\t\tstyle=\"\" \n\t\taria-hidden=\"true\"><\/span>\n\t\t\tFormul\u00e1\u0159e\t\t<\/span>\n\t\t\t<\/a>\n\t<\/div>\n<\/div><\/div><\/div><\/div><div id=\"pgc-747-1-1\"  class=\"panel-grid-cell\" ><div id=\"panel-747-1-1-0\" class=\"so-panel widget widget_sow-editor panel-first-child panel-last-child\" data-index=\"3\" ><div class=\"panel-widget-style panel-widget-style-for-747-1-1-0\" ><div\n\t\t\t\n\t\t\tclass=\"so-widget-sow-editor so-widget-sow-editor-base\"\n\t\t\t\n\t\t>\n<div class=\"siteorigin-widget-tinymce textwidget\">\n\t<h3><span style=\"color: #21282f;\">formul\u00e1\u0159e<\/span><\/h3>\n<p>Formul\u00e1\u0159e \u017e\u00e1dost\u00ed, kter\u00e9 mohou rodi\u010de vyu\u017e\u00edt pro komunikaci se \u0161kolou: \u017e\u00e1dost o p\u0159estup, p\u0159ijet\u00ed do Z\u0160, p\u0159ijet\u00ed do M\u0160 a dal\u0161\u00ed...<\/p>\n<\/div>\n<\/div><\/div><\/div><\/div><\/div><div id=\"pg-747-2\"  class=\"panel-grid panel-no-style\" ><div id=\"pgc-747-2-0\"  class=\"panel-grid-cell\" ><div id=\"panel-747-2-0-0\" class=\"so-panel widget widget_sow-button panel-first-child panel-last-child\" data-index=\"4\" ><div class=\"panel-widget-style panel-widget-style-for-747-2-0-0\" ><div\n\t\t\t\n\t\t\tclass=\"so-widget-sow-button so-widget-sow-button-wire-52e45ae97134-747\"\n\t\t\t\n\t\t><div class=\"ow-button-base ow-button-align-justify\"\n style=\"display: block;\">\n\t\t\t<a\n\t\t\t\t\thref=\"https:\/\/zszastavka.cz\/?page_id=3019\"\n\t\t\t\t\tclass=\"sowb-button ow-icon-placement-left ow-button-hover\" \t>\n\t\t<span>\n\t\t\t<span class=\"sow-icon-fontawesome sow-far\" data-sow-icon=\"&#xf07c;\"\n\t\tstyle=\"\" \n\t\taria-hidden=\"true\"><\/span>\n\t\t\tDokumentace \u0161koly\t\t<\/span>\n\t\t\t<\/a>\n\t<\/div>\n<\/div><\/div><\/div><\/div><div id=\"pgc-747-2-1\"  class=\"panel-grid-cell\" ><div id=\"panel-747-2-1-0\" class=\"so-panel widget widget_sow-editor panel-first-child panel-last-child\" data-index=\"5\" ><div class=\"panel-widget-style panel-widget-style-for-747-2-1-0\" ><div\n\t\t\t\n\t\t\tclass=\"so-widget-sow-editor so-widget-sow-editor-base\"\n\t\t\t\n\t\t>\n<div class=\"siteorigin-widget-tinymce textwidget\">\n\t<h3><span style=\"color: #21282f;\">Dokumentace \u0161koly<br \/>\n<\/span><\/h3>\n<p>Souhrn v\u0161ech z\u00e1kladn\u00edch zve\u0159ejn\u011bn\u00fdch dokument\u016f \u0161koly: \u0160VP, \u0161koln\u00ed \u0159\u00e1dy, rozhodnut\u00ed, krit\u00e9ria, metodick\u00e9 dokumenty, rozpo\u010det...<\/p>\n<\/div>\n<\/div><\/div><\/div><\/div><\/div><div id=\"pg-747-3\"  class=\"panel-grid panel-no-style\" ><div id=\"pgc-747-3-0\"  class=\"panel-grid-cell\" ><div id=\"panel-747-3-0-0\" class=\"so-panel widget widget_sow-button panel-first-child panel-last-child\" data-index=\"6\" ><div class=\"panel-widget-style panel-widget-style-for-747-3-0-0\" ><div\n\t\t\t\n\t\t\tclass=\"so-widget-sow-button so-widget-sow-button-wire-fab937c0dead-747\"\n\t\t\t\n\t\t><div class=\"ow-button-base ow-button-align-justify\"\n style=\"display: block;\">\n\t\t\t<a\n\t\t\t\t\thref=\"https:\/\/zszastavka.cz\/?page_id=2959\"\n\t\t\t\t\tclass=\"sowb-button ow-icon-placement-left ow-button-hover\" \t>\n\t\t<span>\n\t\t\t<span class=\"sow-icon-fontawesome sow-far\" data-sow-icon=\"&#xf0f3;\"\n\t\tstyle=\"\" \n\t\taria-hidden=\"true\"><\/span>\n\t\t\tMimo\u0159\u00e1dn\u00e1 opat\u0159en\u00ed\t\t<\/span>\n\t\t\t<\/a>\n\t<\/div>\n<\/div><\/div><\/div><\/div><div id=\"pgc-747-3-1\"  class=\"panel-grid-cell\" ><div id=\"panel-747-3-1-0\" class=\"so-panel widget widget_sow-editor panel-first-child panel-last-child\" data-index=\"7\" ><div class=\"panel-widget-style panel-widget-style-for-747-3-1-0\" ><div\n\t\t\t\n\t\t\tclass=\"so-widget-sow-editor so-widget-sow-editor-base\"\n\t\t\t\n\t\t>\n<div class=\"siteorigin-widget-tinymce textwidget\">\n\t<h3><span style=\"color: #21282f;\">Mimo\u0159\u00e1dn\u00e1 opat\u0159en\u00ed<br \/>\n<\/span><\/h3>\n<p>Mimo\u0159\u00e1dn\u00e1 opat\u0159en\u00ed v souvislosti s pandemi\u00ed COVID-19...<\/p>\n<\/div>\n<\/div><\/div><\/div><\/div><\/div><div id=\"pg-747-4\"  class=\"panel-grid panel-no-style\" ><div id=\"pgc-747-4-0\"  class=\"panel-grid-cell\" ><div id=\"panel-747-4-0-0\" class=\"so-panel widget widget_sow-button panel-first-child panel-last-child\" data-index=\"8\" ><div class=\"panel-widget-style panel-widget-style-for-747-4-0-0\" ><div\n\t\t\t\n\t\t\tclass=\"so-widget-sow-button so-widget-sow-button-wire-a9269871f738-747\"\n\t\t\t\n\t\t><div class=\"ow-button-base ow-button-align-justify\"\n style=\"display: block;\">\n\t\t\t<a\n\t\t\t\t\thref=\"https:\/\/zszastavka.cz\/?page_id=5814\"\n\t\t\t\t\tclass=\"sowb-button ow-icon-placement-left ow-button-hover\" \t>\n\t\t<span>\n\t\t\t<span class=\"sow-icon-fontawesome sow-far\" data-sow-icon=\"&#xf1cd;\"\n\t\tstyle=\"\" \n\t\taria-hidden=\"true\"><\/span>\n\t\t\tDistan\u010dn\u00ed vzd\u011bl\u00e1v\u00e1n\u00ed\t\t<\/span>\n\t\t\t<\/a>\n\t<\/div>\n<\/div><\/div><\/div><\/div><div id=\"pgc-747-4-1\"  class=\"panel-grid-cell\" ><div id=\"panel-747-4-1-0\" class=\"so-panel widget widget_sow-editor panel-first-child panel-last-child\" data-index=\"9\" ><div class=\"panel-widget-style panel-widget-style-for-747-4-1-0\" ><div\n\t\t\t\n\t\t\tclass=\"so-widget-sow-editor so-widget-sow-editor-base\"\n\t\t\t\n\t\t>\n<div class=\"siteorigin-widget-tinymce textwidget\">\n\t<h3><span style=\"color: #21282f;\">Distan\u010dn\u00ed vzd\u011bl\u00e1v\u00e1n\u00ed<br \/>\n<\/span><\/h3>\n<p>N\u00e1vody, rozvrhy, pravidla, desatero...<\/p>\n<\/div>\n<\/div><\/div><\/div><\/div><\/div><\/div>","protected":false},"excerpt":{"rendered":"<p>INFORMACE Soubory dokument\u016f informa\u010dn\u00edho charakteru: bro\u017eury, infolisty, seznam pom\u016fcek, informace \u0159editele \u0161koly, organiza\u010dn\u00ed opat\u0159en\u00ed M\u0160MT a dal\u0161\u00ed&#8230; formul\u00e1\u0159e Formul\u00e1\u0159e \u017e\u00e1dost\u00ed, kter\u00e9 mohou rodi\u010de vyu\u017e\u00edt pro komunikaci se \u0161kolou: \u017e\u00e1dost o p\u0159estup, p\u0159ijet\u00ed do Z\u0160, p\u0159ijet\u00ed do M\u0160 a dal\u0161\u00ed&#8230;<\/p>\n","protected":false},"author":1,"featured_media":0,"parent":0,"menu_order":8,"comment_status":"closed","ping_status":"closed","template":"","meta":{"footnotes":""},"class_list":["post-747","page","type-page","status-publish","hentry"],"_links":{"self":[{"href":"https:\/\/zszastavka.cz\/index.php?rest_route=\/wp\/v2\/pages\/747","targetHints":{"allow":["GET"]}}],"collection":[{"href":"https:\/\/zszastavka.cz\/index.php?rest_route=\/wp\/v2\/pages"}],"about":[{"href":"https:\/\/zszastavka.cz\/index.php?rest_route=\/wp\/v2\/types\/page"}],"author":[{"embeddable":true,"href":"https:\/\/zszastavka.cz\/index.php?rest_route=\/wp\/v2\/users\/1"}],"replies":[{"embeddable":true,"href":"https:\/\/zszastavka.cz\/index.php?rest_route=%2Fwp%2Fv2%2Fcomments&post=747"}],"version-history":[{"count":3,"href":"https:\/\/zszastavka.cz\/index.php?rest_route=\/wp\/v2\/pages\/747\/revisions"}],"predecessor-version":[{"id":15392,"href":"https:\/\/zszastavka.cz\/index.php?rest_route=\/wp\/v2\/pages\/747\/revisions\/15392"}],"wp:attachment":[{"href":"https:\/\/zszastavka.cz\/index.php?rest_route=%2Fwp%2Fv2%2Fmedia&parent=747"}],"curies":[{"name":"wp","href":"https:\/\/api.w.org\/{rel}","templated":true}]}}