{"id":743,"date":"2020-05-02T23:24:17","date_gmt":"2020-05-02T21:24:17","guid":{"rendered":"https:\/\/wp.zszastavka.cz\/?page_id=743"},"modified":"2026-04-13T10:34:01","modified_gmt":"2026-04-13T08:34:01","slug":"informace","status":"publish","type":"page","link":"https:\/\/zszastavka.cz\/?page_id=743","title":{"rendered":"Informace"},"content":{"rendered":"<h3><span style=\"color: #cfac0a;\">Soubory dokument\u016f informa\u010dn\u00edho charakteru<\/span><\/h3>\n\n\n<p class=\"has-very-dark-gray-color has-text-color\">Bro\u017eury, infolisty, pom\u016fcky, informace \u0159editele \u0161koly, organiza\u010dn\u00ed opat\u0159en\u00ed M\u0160MT a dal\u0161\u00ed:<\/p>\n","protected":false},"excerpt":{"rendered":"<p>Soubory dokument\u016f informa\u010dn\u00edho charakteru Bro\u017eury, infolisty, pom\u016fcky, informace \u0159editele \u0161koly, organiza\u010dn\u00ed opat\u0159en\u00ed M\u0160MT a dal\u0161\u00ed:<\/p>\n","protected":false},"author":1,"featured_media":0,"parent":747,"menu_order":0,"comment_status":"closed","ping_status":"closed","template":"","meta":{"footnotes":""},"class_list":["post-743","page","type-page","status-publish","hentry"],"_links":{"self":[{"href":"https:\/\/zszastavka.cz\/index.php?rest_route=\/wp\/v2\/pages\/743","targetHints":{"allow":["GET"]}}],"collection":[{"href":"https:\/\/zszastavka.cz\/index.php?rest_route=\/wp\/v2\/pages"}],"about":[{"href":"https:\/\/zszastavka.cz\/index.php?rest_route=\/wp\/v2\/types\/page"}],"author":[{"embeddable":true,"href":"https:\/\/zszastavka.cz\/index.php?rest_route=\/wp\/v2\/users\/1"}],"replies":[{"embeddable":true,"href":"https:\/\/zszastavka.cz\/index.php?rest_route=%2Fwp%2Fv2%2Fcomments&post=743"}],"version-history":[{"count":2,"href":"https:\/\/zszastavka.cz\/index.php?rest_route=\/wp\/v2\/pages\/743\/revisions"}],"predecessor-version":[{"id":11747,"href":"https:\/\/zszastavka.cz\/index.php?rest_route=\/wp\/v2\/pages\/743\/revisions\/11747"}],"up":[{"embeddable":true,"href":"https:\/\/zszastavka.cz\/index.php?rest_route=\/wp\/v2\/pages\/747"}],"wp:attachment":[{"href":"https:\/\/zszastavka.cz\/index.php?rest_route=%2Fwp%2Fv2%2Fmedia&parent=743"}],"curies":[{"name":"wp","href":"https:\/\/api.w.org\/{rel}","templated":true}]}}