{"id":663,"date":"2020-05-02T19:38:49","date_gmt":"2020-05-02T17:38:49","guid":{"rendered":"https:\/\/wp.zszastavka.cz\/?page_id=663"},"modified":"2025-08-22T17:37:18","modified_gmt":"2025-08-22T15:37:18","slug":"zamestnanci","status":"publish","type":"page","link":"https:\/\/zszastavka.cz\/?page_id=663","title":{"rendered":"Zam\u011bstnanci M\u0160"},"content":{"rendered":"<div id=\"pl-663\"  class=\"panel-layout\" ><div id=\"pg-663-0\"  class=\"panel-grid panel-no-style\" ><div id=\"pgc-663-0-0\"  class=\"panel-grid-cell\" ><div id=\"panel-663-0-0-0\" class=\"so-panel widget widget_sow-editor panel-first-child panel-last-child\" data-index=\"0\" ><div\n\t\t\t\n\t\t\tclass=\"so-widget-sow-editor so-widget-sow-editor-base\"\n\t\t\t\n\t\t>\n<div class=\"siteorigin-widget-tinymce textwidget\">\n\t<h3>U \u0160koly 440<\/h3>\n<p><strong>Telefon:<\/strong> 546 429 235<br \/>\n\u010cesnekov\u00e1 Andrea \u2013 u\u010ditelka; z\u00e1stupkyn\u011b \u0159editele<br \/>\nKova\u0159\u00edkov\u00e1 Jana \u2013 u\u010ditelka<br \/>\nHorv\u00e1thov\u00e1 Ivana \u2013 u\u010ditelka<br \/>\nDosko\u010dilov\u00e1 So\u0148a \u2013 u\u010ditelka<br \/>\nKlus\u00e1kov\u00e1 Bo\u017eena \u2013 \u0161kolnice<\/p>\n<\/div>\n<\/div><\/div><\/div><div id=\"pgc-663-0-1\"  class=\"panel-grid-cell\" ><div id=\"panel-663-0-1-0\" class=\"so-panel widget widget_sow-image panel-first-child panel-last-child\" data-index=\"1\" ><div\n\t\t\t\n\t\t\tclass=\"so-widget-sow-image so-widget-sow-image-default-8b5b6f678277-663\"\n\t\t\t\n\t\t>\n<div class=\"sow-image-container\">\n\t\t<img \n\tsrc=\"https:\/\/zszastavka.cz\/wp-content\/uploads\/2020\/04\/budovy004.jpg\" width=\"1179\" height=\"786\" srcset=\"https:\/\/zszastavka.cz\/wp-content\/uploads\/2020\/04\/budovy004.jpg 1179w, https:\/\/zszastavka.cz\/wp-content\/uploads\/2020\/04\/budovy004-768x512.jpg 768w\" sizes=\"(max-width: 1179px) 100vw, 1179px\" title=\"msus\" alt=\"\" \t\tclass=\"so-widget-image\"\/>\n\t<\/div>\n\n<\/div><\/div><\/div><\/div><div id=\"pg-663-1\"  class=\"panel-grid panel-no-style\" ><div id=\"pgc-663-1-0\"  class=\"panel-grid-cell\" ><div id=\"panel-663-1-0-0\" class=\"so-panel widget widget_sow-image panel-first-child panel-last-child\" data-index=\"2\" ><div\n\t\t\t\n\t\t\tclass=\"so-widget-sow-image so-widget-sow-image-default-8b5b6f678277-663\"\n\t\t\t\n\t\t>\n<div class=\"sow-image-container\">\n\t\t<img \n\tsrc=\"https:\/\/zszastavka.cz\/wp-content\/uploads\/2020\/05\/msha4-scaled.jpg\" width=\"2560\" height=\"1707\" srcset=\"https:\/\/zszastavka.cz\/wp-content\/uploads\/2020\/05\/msha4-scaled.jpg 2560w, https:\/\/zszastavka.cz\/wp-content\/uploads\/2020\/05\/msha4-768x512.jpg 768w, https:\/\/zszastavka.cz\/wp-content\/uploads\/2020\/05\/msha4-1536x1024.jpg 1536w, https:\/\/zszastavka.cz\/wp-content\/uploads\/2020\/05\/msha4-2048x1366.jpg 2048w, https:\/\/zszastavka.cz\/wp-content\/uploads\/2020\/05\/msha4-272x182.jpg 272w\" sizes=\"(max-width: 2560px) 100vw, 2560px\" title=\"msha4\" alt=\"\" \t\tclass=\"so-widget-image\"\/>\n\t<\/div>\n\n<\/div><\/div><\/div><div id=\"pgc-663-1-1\"  class=\"panel-grid-cell\" ><div id=\"panel-663-1-1-0\" class=\"so-panel widget widget_sow-editor panel-first-child panel-last-child\" data-index=\"3\" ><div\n\t\t\t\n\t\t\tclass=\"so-widget-sow-editor so-widget-sow-editor-base\"\n\t\t\t\n\t\t>\n<div class=\"siteorigin-widget-tinymce textwidget\">\n\t<h3>Hav\u00ed\u0159sk\u00e1 145<\/h3>\n<p><strong>Telefon:<\/strong> 546 429 056<br \/>\nSvobodov\u00e1 Pavla \u2013 u\u010ditelka; z\u00e1stupkyn\u011b \u0159editele<br \/>\nGrossov\u00e1 Jana \u2013 u\u010ditelka<br \/>\nMilanov\u00e1 Romana \u2013 \u0161kolnice<\/p>\n<\/div>\n<\/div><\/div><\/div><\/div><div id=\"pg-663-2\"  class=\"panel-grid panel-no-style\" ><div id=\"pgc-663-2-0\"  class=\"panel-grid-cell\" ><div id=\"panel-663-2-0-0\" class=\"so-panel widget widget_sow-editor panel-first-child panel-last-child\" data-index=\"4\" ><div\n\t\t\t\n\t\t\tclass=\"so-widget-sow-editor so-widget-sow-editor-base\"\n\t\t\t\n\t\t>\n<div class=\"siteorigin-widget-tinymce textwidget\">\n\t<h3>Babice u Rosic, Zahrady 205<\/h3>\n<p><strong>Telefon:<\/strong> 546 431 742<br \/>\nNov\u00e1kov\u00e1 Iveta \u2013 u\u010ditelka; z\u00e1stupkyn\u011b \u0159editele<br \/>\nFillov\u00e1 Monika \u2013 u\u010ditelka<br \/>\nRousov\u00e1 Jana Ane\u017eka \u2013 u\u010ditelka<br \/>\nFujsov\u00e1 Stanislava \u2013 u\u010ditelka<br \/>\nCibulkov\u00e1 Kate\u0159ina \u2013 ch\u016fva<br \/>\nChmel\u00ed\u010dkov\u00e1 Martina \u2013 \u0161kolnice<\/p>\n<\/div>\n<\/div><\/div><\/div><div id=\"pgc-663-2-1\"  class=\"panel-grid-cell\" ><div id=\"panel-663-2-1-0\" class=\"so-panel widget widget_sow-image panel-first-child panel-last-child\" data-index=\"5\" ><div\n\t\t\t\n\t\t\tclass=\"so-widget-sow-image so-widget-sow-image-default-8b5b6f678277-663\"\n\t\t\t\n\t\t>\n<div class=\"sow-image-container\">\n\t\t<img \n\tsrc=\"https:\/\/zszastavka.cz\/wp-content\/uploads\/2020\/05\/msba1.jpg\" width=\"1732\" height=\"1154\" srcset=\"https:\/\/zszastavka.cz\/wp-content\/uploads\/2020\/05\/msba1.jpg 1732w, https:\/\/zszastavka.cz\/wp-content\/uploads\/2020\/05\/msba1-768x512.jpg 768w, https:\/\/zszastavka.cz\/wp-content\/uploads\/2020\/05\/msba1-1536x1023.jpg 1536w, https:\/\/zszastavka.cz\/wp-content\/uploads\/2020\/05\/msba1-272x182.jpg 272w\" sizes=\"(max-width: 1732px) 100vw, 1732px\" alt=\"\" \t\tclass=\"so-widget-image\"\/>\n\t<\/div>\n\n<\/div><\/div><\/div><\/div><div id=\"pg-663-3\"  class=\"panel-grid panel-no-style\" ><div id=\"pgc-663-3-0\"  class=\"panel-grid-cell\" ><div id=\"panel-663-3-0-0\" class=\"so-panel widget widget_sow-image panel-first-child panel-last-child\" data-index=\"6\" ><div\n\t\t\t\n\t\t\tclass=\"so-widget-sow-image so-widget-sow-image-default-8b5b6f678277-663\"\n\t\t\t\n\t\t>\n<div class=\"sow-image-container\">\n\t\t<img \n\tsrc=\"https:\/\/zszastavka.cz\/wp-content\/uploads\/2020\/05\/budovy_020.jpg\" width=\"1200\" height=\"800\" srcset=\"https:\/\/zszastavka.cz\/wp-content\/uploads\/2020\/05\/budovy_020.jpg 1200w, https:\/\/zszastavka.cz\/wp-content\/uploads\/2020\/05\/budovy_020-768x512.jpg 768w\" sizes=\"(max-width: 1200px) 100vw, 1200px\" title=\"kuchyne\" alt=\"\" \t\tclass=\"so-widget-image\"\/>\n\t<\/div>\n\n<\/div><\/div><\/div><div id=\"pgc-663-3-1\"  class=\"panel-grid-cell\" ><div id=\"panel-663-3-1-0\" class=\"so-panel widget widget_sow-editor panel-first-child panel-last-child\" data-index=\"7\" ><div\n\t\t\t\n\t\t\tclass=\"so-widget-sow-editor so-widget-sow-editor-base\"\n\t\t\t\n\t\t>\n<div class=\"siteorigin-widget-tinymce textwidget\">\n\t<h3><span class=\"fs20\"><span class=\"ff1 cf0\"><b>J\u00eddelna a kuchyn\u011b M\u0160<\/b><\/span><\/span><\/h3>\n<p><span class=\"ff0 fs20 cf0\"><strong>Telefon: <\/strong>723 074 848<br \/>\n<\/span><span class=\"ff0 fs20 cf0\">Wenzelov\u00e1 <\/span><span class=\"ff1 fs20 cf0\">Petra<br \/>\n<\/span><span class=\"ff1 fs20 cf0\">Svobodov\u00e1 Martina<br \/>\n<\/span><span class=\"ff0 fs20 cf0\">Rouskov\u00e1 Helena<\/span><\/p>\n<\/div>\n<\/div><\/div><\/div><\/div><\/div>","protected":false},"excerpt":{"rendered":"<p>U \u0160koly 440 Telefon: 546 429 235 \u010cesnekov\u00e1 Andrea \u2013 u\u010ditelka; z\u00e1stupkyn\u011b \u0159editele Kova\u0159\u00edkov\u00e1 Jana \u2013 u\u010ditelka Horv\u00e1thov\u00e1 Ivana \u2013 u\u010ditelka Dosko\u010dilov\u00e1 So\u0148a \u2013 u\u010ditelka Klus\u00e1kov\u00e1 Bo\u017eena \u2013 \u0161kolnice Hav\u00ed\u0159sk\u00e1 145 Telefon: 546 429 056 Svobodov\u00e1 Pavla \u2013 u\u010ditelka; z\u00e1stupkyn\u011b \u0159editele Grossov\u00e1 Jana \u2013 u\u010ditelka Milanov\u00e1 Romana \u2013 \u0161kolnice<\/p>\n","protected":false},"author":1,"featured_media":0,"parent":1964,"menu_order":1,"comment_status":"closed","ping_status":"closed","template":"","meta":{"footnotes":""},"class_list":["post-663","page","type-page","status-publish","hentry"],"_links":{"self":[{"href":"https:\/\/zszastavka.cz\/index.php?rest_route=\/wp\/v2\/pages\/663","targetHints":{"allow":["GET"]}}],"collection":[{"href":"https:\/\/zszastavka.cz\/index.php?rest_route=\/wp\/v2\/pages"}],"about":[{"href":"https:\/\/zszastavka.cz\/index.php?rest_route=\/wp\/v2\/types\/page"}],"author":[{"embeddable":true,"href":"https:\/\/zszastavka.cz\/index.php?rest_route=\/wp\/v2\/users\/1"}],"replies":[{"embeddable":true,"href":"https:\/\/zszastavka.cz\/index.php?rest_route=%2Fwp%2Fv2%2Fcomments&post=663"}],"version-history":[{"count":11,"href":"https:\/\/zszastavka.cz\/index.php?rest_route=\/wp\/v2\/pages\/663\/revisions"}],"predecessor-version":[{"id":24376,"href":"https:\/\/zszastavka.cz\/index.php?rest_route=\/wp\/v2\/pages\/663\/revisions\/24376"}],"up":[{"embeddable":true,"href":"https:\/\/zszastavka.cz\/index.php?rest_route=\/wp\/v2\/pages\/1964"}],"wp:attachment":[{"href":"https:\/\/zszastavka.cz\/index.php?rest_route=%2Fwp%2Fv2%2Fmedia&parent=663"}],"curies":[{"name":"wp","href":"https:\/\/api.w.org\/{rel}","templated":true}]}}