{"id":611,"date":"2020-05-02T16:51:36","date_gmt":"2020-05-02T14:51:36","guid":{"rendered":"https:\/\/wp.zszastavka.cz\/?page_id=611"},"modified":"2026-02-25T18:06:49","modified_gmt":"2026-02-25T17:06:49","slug":"kontakty","status":"publish","type":"page","link":"https:\/\/zszastavka.cz\/?page_id=611","title":{"rendered":"Kontakty"},"content":{"rendered":"<div id=\"pl-gb611-69f1afea9d03c\"  class=\"panel-layout wp-block-siteorigin-panels-layout-block\" ><div id=\"pg-gb611-69f1afea9d03c-0\"  class=\"panel-grid panel-no-style\" ><div id=\"pgc-gb611-69f1afea9d03c-0-0\"  class=\"panel-grid-cell\" ><div id=\"panel-gb611-69f1afea9d03c-0-0-0\" class=\"so-panel widget widget_sow-hero panel-first-child panel-last-child\" data-index=\"0\" ><div\n\t\t\t\n\t\t\tclass=\"so-widget-sow-hero so-widget-sow-hero-default-c730e7600dd4-611\"\n\t\t\t\n\t\t>\t\t\t\t<div class=\"sow-slider-base\" style=\"display: none\" tabindex=\"0\">\n\t\t\t\t\t<ul\n\t\t\t\t\tclass=\"sow-slider-images\"\n\t\t\t\t\tdata-settings=\"{&quot;pagination&quot;:true,&quot;speed&quot;:800,&quot;timeout&quot;:8000,&quot;paused&quot;:false,&quot;pause_on_hover&quot;:false,&quot;swipe&quot;:&quot;&quot;,&quot;nav_always_show_desktop&quot;:&quot;&quot;,&quot;nav_always_show_mobile&quot;:&quot;&quot;,&quot;breakpoint&quot;:&quot;780px&quot;,&quot;unmute&quot;:false,&quot;anchor&quot;:null}\"\n\t\t\t\t\tstyle=\"min-height: 160px\"\t\t\t\t\tdata-anchor-id=\"\"\n\t\t\t\t>\t\t<li class=\"sow-slider-image  sow-slider-image-cover\" style=\"visibility: visible;;background-color: #333333;background-image: url(https:\/\/zszastavka.cz\/wp-content\/uploads\/2020\/05\/kontakty.jpg)\" >\n\t\t\t\t\t<div class=\"sow-slider-image-container\">\n\t\t\t<div class=\"sow-slider-image-wrapper\">\n\t\t\t\t<h1 style=\"text-align: left\">Kontakty<\/h1>\n<h4 style=\"text-align: left\">pi\u0161te, volejte, najd\u011bte n\u00e1s<\/h4>\n\t\t\t<\/div>\n\t\t<\/div>\n\t\t\t\t<\/li>\n\t\t<\/ul>\t\t\t\t<ol class=\"sow-slider-pagination\">\n\t\t\t\t\t\t\t\t\t\t\t<li><a href=\"#\" data-goto=\"0\" aria-label=\"Display slide 1\"><\/a><\/li>\n\t\t\t\t\t\t\t\t\t<\/ol>\n\n\t\t\t\t<div class=\"sow-slide-nav sow-slide-nav-next\">\n\t\t\t\t\t<a href=\"#\" data-goto=\"next\" aria-label=\"Next slide\" data-action=\"next\">\n\t\t\t\t\t\t<em class=\"sow-sld-icon-thin-right\"><\/em>\n\t\t\t\t\t<\/a>\n\t\t\t\t<\/div>\n\n\t\t\t\t<div class=\"sow-slide-nav sow-slide-nav-prev\">\n\t\t\t\t\t<a href=\"#\" data-goto=\"previous\" aria-label=\"Previous slide\" data-action=\"prev\">\n\t\t\t\t\t\t<em class=\"sow-sld-icon-thin-left\"><\/em>\n\t\t\t\t\t<\/a>\n\t\t\t\t<\/div>\n\t\t\t\t<\/div><\/div><\/div><\/div><\/div><div id=\"pg-gb611-69f1afea9d03c-1\"  class=\"panel-grid panel-has-style\" ><div class=\"panel-row-style panel-row-style-for-gb611-69f1afea9d03c-1\" ><div id=\"pgc-gb611-69f1afea9d03c-1-0\"  class=\"panel-grid-cell\" ><div id=\"panel-gb611-69f1afea9d03c-1-0-0\" class=\"so-panel widget widget_siteorigin-panels-builder panel-first-child panel-last-child\" data-index=\"1\" ><div id=\"pl-w699f2c25c8a97\"  class=\"panel-layout wp-block-siteorigin-panels-layout-block\" ><div id=\"pg-w699f2c25c8a97-0\"  class=\"panel-grid panel-no-style\" ><div id=\"pgc-w699f2c25c8a97-0-0\"  class=\"panel-grid-cell\" ><div id=\"panel-w699f2c25c8a97-0-0-0\" class=\"so-panel widget widget_sow-editor panel-first-child panel-last-child\" data-index=\"0\" ><div class=\"panel-widget-style panel-widget-style-for-w699f2c25c8a97-0-0-0\" ><div\n\t\t\t\n\t\t\tclass=\"so-widget-sow-editor so-widget-sow-editor-base\"\n\t\t\t\n\t\t>\n<div class=\"siteorigin-widget-tinymce textwidget\">\n\t<h3>ADRESA \u0160KOLY<\/h3>\n<p>U \u0160koly 181<br \/>\nZast\u00e1vka 664 84<\/p>\n<hr \/>\n<h3>Kontakty<\/h3>\n<p><strong>Telefon \u0161kola:<\/strong> + 420 546 429 181<br \/>\n<strong>E-mail<\/strong>: zs@zastavka.cz<br \/>\n<strong>Datov\u00e1 schr\u00e1nka:<\/strong> zeqmifm<br \/>\n<strong>Kontakty na pedagogy:<\/strong> <a href=\"https:\/\/zszastavka.cz\/?page_id=460\">zde<\/a><\/p>\n<hr \/>\n<h3>Telefonn\u00ed spojen\u00ed CCV<\/h3>\n<p><strong>\u0160koln\u00ed dru\u017eina Zast\u00e1vka <\/strong>(asistenti p.): 607 619 460<br \/>\n<strong>Kabinet 2. ro\u010dn\u00edku <\/strong>(p\u0159\u00edzem\u00ed CCV): 605 106 087<br \/>\n<strong>Kabinet 1. ro\u010dn\u00edku <\/strong>(1. patro CCV): 604 547 218<\/p>\n<\/div>\n<\/div><\/div><\/div><\/div><div id=\"pgc-w699f2c25c8a97-0-1\"  class=\"panel-grid-cell\" ><div id=\"panel-w699f2c25c8a97-0-1-0\" class=\"so-panel widget widget_sow-editor panel-first-child panel-last-child\" data-index=\"1\" ><div class=\"panel-widget-style panel-widget-style-for-w699f2c25c8a97-0-1-0\" ><div\n\t\t\t\n\t\t\tclass=\"so-widget-sow-editor so-widget-sow-editor-base\"\n\t\t\t\n\t\t>\n<div class=\"siteorigin-widget-tinymce textwidget\">\n\t<h5><strong>Adresa pracovi\u0161\u0165 M\u0160<\/strong><\/h5>\n<p>U \u0160koly 440, Zast\u00e1vka 664 84<br \/>\nHav\u00ed\u0159sk\u00e1 145, Zast\u00e1vka 664 84<br \/>\nZahrady 205, Babice u Rosic 664 84<\/p>\n<hr \/>\n<h5><strong>Kontakty na pracovi\u0161t\u011b M\u0160<\/strong><\/h5>\n<p>Telefon M\u0160 U \u0160koly: <span class=\"cf3 ff1 fs20\"> 546 429 235<br \/>\nE-mail: ms.uskoly@zszastavka.cz<\/span><\/p>\n<p>Telefon M\u0160 Hav\u00ed\u0159sk\u00e1: <span class=\"cf3 ff1 fs20\">546 429 056<br \/>\nE-mail: ms.havirska@zszastavka.cz<\/span><\/p>\n<p>Telefon M\u0160 Babice: 546 431 742<br \/>\nE-mail: ms.babice@zszastavka.cz<\/p>\n<p>Telefon kuchyn\u011b M\u0160: 723 074 848<br \/>\nE-mail: jidelna@zszastavka.cz<\/p>\n<\/div>\n<\/div><\/div><\/div><\/div><div id=\"pgc-w699f2c25c8a97-0-2\"  class=\"panel-grid-cell\" ><div id=\"panel-w699f2c25c8a97-0-2-0\" class=\"so-panel widget widget_sow-editor panel-first-child panel-last-child\" data-index=\"2\" ><div class=\"panel-widget-style panel-widget-style-for-w699f2c25c8a97-0-2-0\" ><div\n\t\t\t\n\t\t\tclass=\"so-widget-sow-editor so-widget-sow-editor-base\"\n\t\t\t\n\t\t>\n<div class=\"siteorigin-widget-tinymce textwidget\">\n\t<h5><strong>Spolek rodi\u010d\u016f a p\u0159\u00e1tel \u0161koly<\/strong><\/h5>\n<p>P\u0159edseda spolku: Mgr. Radka Bochn\u00ed\u010dkov\u00e1<br \/>\nBankovn\u00ed spojen\u00ed: \u010cS, a.s. \u2013 pobo\u010dka Rosice<br \/>\n\u010c\u00edslo \u00fa\u010dtu: 1358932309\/0800<\/p>\n<hr \/>\n<h5><span style=\"color: #3366ff;\"><strong>\u0160koln\u00ed j\u00eddelna GTGM Zast\u00e1vka<\/strong><\/span><\/h5>\n<p>telefon: 546 429 241<br \/>\nweb GTGM: <a href=\"https:\/\/www.gzastavka.cz\/jidelna\/\" target=\"_blank\" rel=\"noopener\">j\u00eddelna<\/a><br \/>\nweb j\u00eddelny: <a href=\"https:\/\/strav.nasejidelna.cz\/0179\/login\" target=\"_blank\" rel=\"noopener\">iCanteen<\/a><\/p>\n<\/div>\n<\/div><\/div><\/div><\/div><\/div><\/div><\/div><\/div><\/div><\/div><div id=\"pg-gb611-69f1afea9d03c-2\"  class=\"panel-grid panel-no-style\" ><div id=\"pgc-gb611-69f1afea9d03c-2-0\"  class=\"panel-grid-cell\" ><div id=\"panel-gb611-69f1afea9d03c-2-0-0\" class=\"so-panel widget widget_sow-editor panel-first-child panel-last-child\" data-index=\"2\" ><div\n\t\t\t\n\t\t\tclass=\"so-widget-sow-editor so-widget-sow-editor-base\"\n\t\t\t\n\t\t>\n<div class=\"siteorigin-widget-tinymce textwidget\">\n\t<p><iframe loading=\"lazy\" style=\"border:none\" src=\"https:\/\/frame.mapy.cz\/s\/revazabutu\" width=\"100%\" height=\"466\" frameborder=\"0\"><\/iframe><\/p>\n<\/div>\n<\/div><\/div><\/div><\/div><\/div>","protected":false},"excerpt":{"rendered":"","protected":false},"author":1,"featured_media":0,"parent":0,"menu_order":80,"comment_status":"closed","ping_status":"closed","template":"","meta":{"footnotes":""},"class_list":["post-611","page","type-page","status-publish","hentry"],"_links":{"self":[{"href":"https:\/\/zszastavka.cz\/index.php?rest_route=\/wp\/v2\/pages\/611","targetHints":{"allow":["GET"]}}],"collection":[{"href":"https:\/\/zszastavka.cz\/index.php?rest_route=\/wp\/v2\/pages"}],"about":[{"href":"https:\/\/zszastavka.cz\/index.php?rest_route=\/wp\/v2\/types\/page"}],"author":[{"embeddable":true,"href":"https:\/\/zszastavka.cz\/index.php?rest_route=\/wp\/v2\/users\/1"}],"replies":[{"embeddable":true,"href":"https:\/\/zszastavka.cz\/index.php?rest_route=%2Fwp%2Fv2%2Fcomments&post=611"}],"version-history":[{"count":11,"href":"https:\/\/zszastavka.cz\/index.php?rest_route=\/wp\/v2\/pages\/611\/revisions"}],"predecessor-version":[{"id":26695,"href":"https:\/\/zszastavka.cz\/index.php?rest_route=\/wp\/v2\/pages\/611\/revisions\/26695"}],"wp:attachment":[{"href":"https:\/\/zszastavka.cz\/index.php?rest_route=%2Fwp%2Fv2%2Fmedia&parent=611"}],"curies":[{"name":"wp","href":"https:\/\/api.w.org\/{rel}","templated":true}]}}