{"id":5814,"date":"2020-10-28T08:00:00","date_gmt":"2020-10-28T07:00:00","guid":{"rendered":"https:\/\/zszastavka.cz\/?page_id=5814"},"modified":"2022-02-24T12:53:54","modified_gmt":"2022-02-24T11:53:54","slug":"distancni-vzdelavani","status":"publish","type":"page","link":"https:\/\/zszastavka.cz\/?page_id=5814","title":{"rendered":"Soubory k distan\u010dn\u00edmu vzd\u011bl\u00e1v\u00e1n\u00ed"},"content":{"rendered":"<h3><span style=\"color: #cfac0a;\"><span style=\"color: #317ed6;\">Soubory pro pomoc s distan\u010dn\u00ed v\u00fdukou<\/span><br><\/span><\/h3>\n\n\n<p class=\"has-very-dark-gray-color has-text-color\">N\u00e1vody, rozvrhy, pravidla, desatero:<\/p>\n","protected":false},"excerpt":{"rendered":"<p>Soubory pro pomoc s distan\u010dn\u00ed v\u00fdukou N\u00e1vody, rozvrhy, pravidla, desatero:<\/p>\n","protected":false},"author":2,"featured_media":0,"parent":747,"menu_order":10,"comment_status":"closed","ping_status":"closed","template":"","meta":{"footnotes":""},"class_list":["post-5814","page","type-page","status-publish","hentry"],"_links":{"self":[{"href":"https:\/\/zszastavka.cz\/index.php?rest_route=\/wp\/v2\/pages\/5814","targetHints":{"allow":["GET"]}}],"collection":[{"href":"https:\/\/zszastavka.cz\/index.php?rest_route=\/wp\/v2\/pages"}],"about":[{"href":"https:\/\/zszastavka.cz\/index.php?rest_route=\/wp\/v2\/types\/page"}],"author":[{"embeddable":true,"href":"https:\/\/zszastavka.cz\/index.php?rest_route=\/wp\/v2\/users\/2"}],"replies":[{"embeddable":true,"href":"https:\/\/zszastavka.cz\/index.php?rest_route=%2Fwp%2Fv2%2Fcomments&post=5814"}],"version-history":[{"count":1,"href":"https:\/\/zszastavka.cz\/index.php?rest_route=\/wp\/v2\/pages\/5814\/revisions"}],"predecessor-version":[{"id":11491,"href":"https:\/\/zszastavka.cz\/index.php?rest_route=\/wp\/v2\/pages\/5814\/revisions\/11491"}],"up":[{"embeddable":true,"href":"https:\/\/zszastavka.cz\/index.php?rest_route=\/wp\/v2\/pages\/747"}],"wp:attachment":[{"href":"https:\/\/zszastavka.cz\/index.php?rest_route=%2Fwp%2Fv2%2Fmedia&parent=5814"}],"curies":[{"name":"wp","href":"https:\/\/api.w.org\/{rel}","templated":true}]}}