{"id":5677,"date":"2020-10-28T09:00:54","date_gmt":"2020-10-28T08:00:54","guid":{"rendered":"https:\/\/zszastavka.cz\/?page_id=5677"},"modified":"2025-11-10T17:48:35","modified_gmt":"2025-11-10T16:48:35","slug":"distancni-vyuka-podpora","status":"publish","type":"page","link":"https:\/\/zszastavka.cz\/?page_id=5677","title":{"rendered":"Distan\u010dn\u00ed v\u00fduka \u2013 podpora"},"content":{"rendered":"<div id=\"pl-5677\"  class=\"panel-layout\" ><div id=\"pg-5677-0\"  class=\"panel-grid panel-no-style\" ><div id=\"pgc-5677-0-0\"  class=\"panel-grid-cell\" ><div id=\"panel-5677-0-0-0\" class=\"so-panel widget widget_sow-editor panel-first-child\" data-index=\"0\" ><div\n\t\t\t\n\t\t\tclass=\"so-widget-sow-editor so-widget-sow-editor-base\"\n\t\t\t\n\t\t>\n<div class=\"siteorigin-widget-tinymce textwidget\">\n\t<h3>pomoc a podpora s n\u00e1stroji google<\/h3>\n<hr \/>\n<p>Pokud pot\u0159ebuje\u0161 podporu s <strong>Google U\u010debnou<\/strong>, mohou ti pomoci i videa koleg\u016f ze Z\u0160 Osek:<\/p>\n<h5><a href=\"http:\/\/classroom.google.com\" target=\"_blank\" rel=\"noopener noreferrer\"><img loading=\"lazy\" decoding=\"async\" class=\"alignleft wp-image-5405\" src=\"https:\/\/zszastavka.cz\/wp-content\/uploads\/2020\/10\/classroom-150x150.png\" alt=\"\" width=\"100\" height=\"100\" srcset=\"https:\/\/zszastavka.cz\/wp-content\/uploads\/2020\/10\/classroom-150x150.png 150w, https:\/\/zszastavka.cz\/wp-content\/uploads\/2020\/10\/classroom-300x300.png 300w, https:\/\/zszastavka.cz\/wp-content\/uploads\/2020\/10\/classroom.png 512w\" sizes=\"auto, (max-width: 100px) 100vw, 100px\" \/><\/a>P\u0158IHLA\u0160OV\u00c1N\u00cd DO GOOGLE \u00da\u010cTU A U\u010cEBNY<\/h5>\n<h5>JAK NA \u00daKOLY?<\/h5>\n<h5 style=\"text-align: left;\">P\u0158ILO\u017dTE VYPRACOVAN\u00c9 SOUBORY<\/h5>\n<h5>NE V\u017dDY SE ZADA\u0158\u00cd. VRA\u0164TE SE ZP\u011aT<\/h5>\n<hr \/>\n<p>Pokud pot\u0159ebuje\u0161 pomoc s videokonferencemi <strong>Google Meet<\/strong>:<\/p>\n<h5><a href=\"http:\/\/meet.google.com\" target=\"_blank\" rel=\"noopener noreferrer\"><img loading=\"lazy\" decoding=\"async\" class=\"alignleft wp-image-5505\" src=\"https:\/\/zszastavka.cz\/wp-content\/uploads\/2020\/10\/meet.png\" alt=\"Meet\" width=\"100\" height=\"100\" srcset=\"https:\/\/zszastavka.cz\/wp-content\/uploads\/2020\/10\/meet.png 192w, https:\/\/zszastavka.cz\/wp-content\/uploads\/2020\/10\/meet-150x150.png 150w\" sizes=\"auto, (max-width: 100px) 100vw, 100px\" \/><\/a><\/h5>\n<h5>JAK SE P\u0158IPOJOVAT K HOVORU POMOC\u00cd GOOGLE MEET<\/h5>\n<h5>P\u0158IDEJTE DO VA\u0160ICH HOVOR\u016e MO\u017dNOST HL\u00c1SIT SE, ZATLESKAT...<\/h5>\n<h5>P\u0158ESTAL V\u00c1M V KONFERENC\u00cdCH FUNGOVAT MIKROFON?<\/h5>\n<hr \/>\n<p><span style=\"color: #ff0000;\"><strong>Pozor, mus\u00ed\u0161 se v\u017edy ale p\u0159ihla\u0161ovat sv\u00fdm \u0161koln\u00edm Google \u00fa\u010dtem ve tvaru<span style=\"color: #333399;\"> jmeno.prijmeni@zszastavka.cz<\/span> + heslo.<\/strong><\/span><\/p>\n<p><span style=\"color: #333399;\"><strong>Svoje p\u0159ihla\u0161ovac\u00ed \u00fadaje nikomu nesd\u011bluj!<\/strong><\/span><\/p>\n<\/div>\n<\/div><\/div><div id=\"panel-5677-0-0-1\" class=\"so-panel widget widget_sow-editor panel-last-child\" data-index=\"1\" ><div\n\t\t\t\n\t\t\tclass=\"so-widget-sow-editor so-widget-sow-editor-base\"\n\t\t\t\n\t\t>\n<div class=\"siteorigin-widget-tinymce textwidget\">\n\t<p>N\u00e1vod, jak p\u0159ikl\u00e1dat \u00fakoly a soubory v U\u010debn\u011b, naleznete n\u00ed\u017ee, nebo je <a href=\"https:\/\/zszastavka.cz\/wp-content\/plugins\/download-attachments\/includes\/download.php?id=UsVukH1lV15geCVBpCCv_M8siem5OVwDRZWd85LlobI,\">ke sta\u017een\u00ed zde<\/a>.<\/p>\n<a href=\"https:\/\/zszastavka.cz\/wp-content\/uploads\/2020\/11\/ukoly_Ucebna.pdf\" class=\"pdfemb-viewer\" style=\"\" data-width=\"max\" data-height=\"max\" data-toolbar=\"bottom\" data-toolbar-fixed=\"on\">ukoly_Ucebna<\/a>\n<\/div>\n<\/div><\/div><\/div><div id=\"pgc-5677-0-1\"  class=\"panel-grid-cell\" ><div id=\"panel-5677-0-1-0\" class=\"so-panel widget widget_sow-image panel-first-child\" data-index=\"2\" ><div class=\"panel-widget-style panel-widget-style-for-5677-0-1-0\" ><div\n\t\t\t\n\t\t\tclass=\"so-widget-sow-image so-widget-sow-image-default-334eeca80698-5677\"\n\t\t\t\n\t\t>\n<div class=\"sow-image-container\">\n\t\t<img \n\tsrc=\"https:\/\/zszastavka.cz\/wp-content\/uploads\/2020\/10\/52e5dc424354b108feda8460962f367a1d22dfe35352744d742f73dc_1920.jpg\" width=\"150\" height=\"93\" srcset=\"https:\/\/zszastavka.cz\/wp-content\/uploads\/2020\/10\/52e5dc424354b108feda8460962f367a1d22dfe35352744d742f73dc_1920.jpg 1920w, https:\/\/zszastavka.cz\/wp-content\/uploads\/2020\/10\/52e5dc424354b108feda8460962f367a1d22dfe35352744d742f73dc_1920-768x475.jpg 768w, https:\/\/zszastavka.cz\/wp-content\/uploads\/2020\/10\/52e5dc424354b108feda8460962f367a1d22dfe35352744d742f73dc_1920-1536x950.jpg 1536w\" sizes=\"(max-width: 150px) 100vw, 150px\" title=\"Google\" alt=\"\" \t\tclass=\"so-widget-image\"\/>\n\t<\/div>\n\n<\/div><\/div><\/div><div id=\"panel-5677-0-1-1\" class=\"so-panel widget widget_sow-editor\" data-index=\"3\" ><div\n\t\t\t\n\t\t\tclass=\"so-widget-sow-editor so-widget-sow-editor-base\"\n\t\t\t\n\t\t>\n<div class=\"siteorigin-widget-tinymce textwidget\">\n\t<p style=\"text-align: center;\"><strong>N\u00e1vody k p\u0159ipojen\u00ed ke sta\u017een\u00ed:<\/strong><\/p>\n<\/div>\n<\/div><\/div><div id=\"panel-5677-0-1-2\" class=\"so-panel widget widget_sow-image\" data-index=\"4\" ><div\n\t\t\t\n\t\t\tclass=\"so-widget-sow-image so-widget-sow-image-default-49681edeb466-5677\"\n\t\t\t\n\t\t>\n<div class=\"sow-image-container\">\n\t\t\t<a href=\"https:\/\/zszastavka.cz\/wp-content\/uploads\/NavodUcebna.pdf\"\n\t\t\ttarget=\"_blank\" rel=\"noopener noreferrer\" \t\t>\n\t\t\t<img \n\tsrc=\"https:\/\/zszastavka.cz\/wp-content\/uploads\/2020\/10\/classroom-150x150.png\" width=\"150\" height=\"150\" srcset=\"https:\/\/zszastavka.cz\/wp-content\/uploads\/2020\/10\/classroom-150x150.png 150w, https:\/\/zszastavka.cz\/wp-content\/uploads\/2020\/10\/classroom-300x300.png 300w, https:\/\/zszastavka.cz\/wp-content\/uploads\/2020\/10\/classroom.png 512w\" sizes=\"(max-width: 150px) 100vw, 150px\" title=\"N\u00e1vod na p\u0159ipojen\u00ed do U\u010debny\" alt=\"Pro sta\u017een\u00ed klikn\u011bte\" \t\tclass=\"so-widget-image\"\/>\n\t\t\t<\/a><\/div>\n\n<\/div><\/div><div id=\"panel-5677-0-1-3\" class=\"so-panel widget widget_sow-image panel-last-child\" data-index=\"5\" ><div\n\t\t\t\n\t\t\tclass=\"so-widget-sow-image so-widget-sow-image-default-49681edeb466-5677\"\n\t\t\t\n\t\t>\n<div class=\"sow-image-container\">\n\t\t\t<a href=\"https:\/\/zszastavka.cz\/wp-content\/uploads\/NavodMeet.pdf\"\n\t\t\ttarget=\"_blank\" rel=\"noopener noreferrer\" \t\t>\n\t\t\t<img \n\tsrc=\"https:\/\/zszastavka.cz\/wp-content\/uploads\/2020\/10\/meet-150x150.png\" width=\"150\" height=\"150\" srcset=\"https:\/\/zszastavka.cz\/wp-content\/uploads\/2020\/10\/meet-150x150.png 150w, https:\/\/zszastavka.cz\/wp-content\/uploads\/2020\/10\/meet.png 192w\" sizes=\"(max-width: 150px) 100vw, 150px\" title=\"N\u00e1vod na p\u0159ipojen\u00ed k Meet\" alt=\"Pro sta\u017een\u00ed klikn\u011bte\" \t\tclass=\"so-widget-image\"\/>\n\t\t\t<\/a><\/div>\n\n<\/div><\/div><\/div><\/div><\/div>","protected":false},"excerpt":{"rendered":"<p>pomoc a podpora s n\u00e1stroji google Pokud pot\u0159ebuje\u0161 podporu s Google U\u010debnou, mohou ti pomoci i videa koleg\u016f ze Z\u0160 Osek: P\u0158IHLA\u0160OV\u00c1N\u00cd DO GOOGLE \u00da\u010cTU A U\u010cEBNY JAK NA \u00daKOLY? P\u0158ILO\u017dTE VYPRACOVAN\u00c9 SOUBORY NE V\u017dDY SE ZADA\u0158\u00cd. VRA\u0164TE SE ZP\u011aT Pokud pot\u0159ebuje\u0161 pomoc s videokonferencemi Google Meet: JAK SE P\u0158IPOJOVAT K HOVORU POMOC\u00cd GOOGLE MEET&hellip;<\/p>\n","protected":false},"author":2,"featured_media":5745,"parent":10354,"menu_order":0,"comment_status":"closed","ping_status":"closed","template":"","meta":{"footnotes":""},"class_list":["post-5677","page","type-page","status-publish","has-post-thumbnail","hentry"],"_links":{"self":[{"href":"https:\/\/zszastavka.cz\/index.php?rest_route=\/wp\/v2\/pages\/5677","targetHints":{"allow":["GET"]}}],"collection":[{"href":"https:\/\/zszastavka.cz\/index.php?rest_route=\/wp\/v2\/pages"}],"about":[{"href":"https:\/\/zszastavka.cz\/index.php?rest_route=\/wp\/v2\/types\/page"}],"author":[{"embeddable":true,"href":"https:\/\/zszastavka.cz\/index.php?rest_route=\/wp\/v2\/users\/2"}],"replies":[{"embeddable":true,"href":"https:\/\/zszastavka.cz\/index.php?rest_route=%2Fwp%2Fv2%2Fcomments&post=5677"}],"version-history":[{"count":7,"href":"https:\/\/zszastavka.cz\/index.php?rest_route=\/wp\/v2\/pages\/5677\/revisions"}],"predecessor-version":[{"id":24752,"href":"https:\/\/zszastavka.cz\/index.php?rest_route=\/wp\/v2\/pages\/5677\/revisions\/24752"}],"up":[{"embeddable":true,"href":"https:\/\/zszastavka.cz\/index.php?rest_route=\/wp\/v2\/pages\/10354"}],"wp:featuredmedia":[{"embeddable":true,"href":"https:\/\/zszastavka.cz\/index.php?rest_route=\/wp\/v2\/media\/5745"}],"wp:attachment":[{"href":"https:\/\/zszastavka.cz\/index.php?rest_route=%2Fwp%2Fv2%2Fmedia&parent=5677"}],"curies":[{"name":"wp","href":"https:\/\/api.w.org\/{rel}","templated":true}]}}