{"id":5470,"date":"2020-10-28T09:00:40","date_gmt":"2020-10-28T08:00:40","guid":{"rendered":"https:\/\/zszastavka.cz\/?page_id=5470"},"modified":"2025-11-10T17:47:50","modified_gmt":"2025-11-10T16:47:50","slug":"distancni-vyuka-desatero","status":"publish","type":"page","link":"https:\/\/zszastavka.cz\/?page_id=5470","title":{"rendered":"Distan\u010dn\u00ed v\u00fduka \u2013 desatero"},"content":{"rendered":"<div id=\"pl-5470\"  class=\"panel-layout\" ><div id=\"pg-5470-0\"  class=\"panel-grid panel-no-style\" ><div id=\"pgc-5470-0-0\"  class=\"panel-grid-cell\" ><div id=\"panel-5470-0-0-0\" class=\"so-panel widget widget_sow-editor panel-first-child\" data-index=\"0\" ><div\n\t\t\t\n\t\t\tclass=\"so-widget-sow-editor so-widget-sow-editor-base\"\n\t\t\t\n\t\t>\n<div class=\"siteorigin-widget-tinymce textwidget\">\n\t<h3>P\u0159ipravili jsme pro \u017e\u00e1ky na\u0161\u00ed \u0161koly desatero pro distan\u010dn\u00ed v\u00fduku:<\/h3>\n<p>1. Distan\u010dn\u00ed vzd\u011bl\u00e1v\u00e1n\u00ed je v tomto \u0161koln\u00edm roce pro tebe <strong>povinn\u00e9<\/strong>. Je to kombinace synchronn\u00ed on-line v\u00fduky (videokonference) a asynchronn\u00ed v\u00fduky (tv\u00e1 samostatn\u00e1 pr\u00e1ce podle pokyn\u016f a zad\u00e1n\u00ed vyu\u010duj\u00edc\u00edho).<br \/>\n2. V\u00fduka prob\u00edh\u00e1 podle upraven\u00e9ho rozvrhu. V Bakal\u00e1\u0159\u00edch bude k dispozici na n\u00e1st\u011bnce t\u0159\u00eddy aktualizovan\u00fd<strong> rozvrh p\u0159edm\u011bt\u016f s on-line videokonferenc\u00ed<\/strong>. D\u00e1le je rozvrh on-line synchronn\u00ed v\u00fduky (videokonference) dostupn\u00fd na webu \u0161koly. Ostatn\u00ed p\u0159edm\u011bty jsou vyu\u010dov\u00e1ny dle st\u00e1l\u00e9ho rozvrhu asynchronn\u00ed formou (\u00fakoly, materi\u00e1ly, testy, kv\u00edzy apod.)<br \/>\n3. Jestli\u017ee se on-line synchronn\u00ed v\u00fduky (videokonference) nem\u016f\u017ee\u0161 z\u00fa\u010dastnit, je t\u0159eba, aby t\u011b rodi\u010d omluvil t\u0159\u00eddn\u00edmu u\u010diteli zpr\u00e1vou v syst\u00e9mu Bakal\u00e1\u0159i.<br \/>\n4. Na n\u00e1st\u011bnce t\u0159\u00eddy najde\u0161 odkazy do virtu\u00e1ln\u00ed u\u010debny Google U\u010debna (Classroom). U\u010ditel\u00e9 zde vytvo\u0159ili jednotliv\u00e9 kurzy (t\u0159\u00eddy, p\u0159edm\u011bty), v nich\u017e shroma\u017e\u010fuj\u00ed u\u010divo, \u00fakoly a materi\u00e1ly. Informace o nov\u00fdch \u00fakolech maj\u00ed k dispozici i z\u00e1konn\u00ed z\u00e1stupci formou zpr\u00e1vy v Bakal\u00e1\u0159\u00edch.<br \/>\n5. Do <strong>virtu\u00e1ln\u00ed u\u010debny Google<\/strong> se lze p\u0159ipojit:<br \/>\na. p\u0159\u00edmo p\u0159es odkaz v Bakal\u00e1\u0159\u00edch<br \/>\nb. po p\u0159ihl\u00e1\u0161en\u00ed na <a href=\"http:\/\/www.google.com\" target=\"_blank\" rel=\"noopener noreferrer\">www.google.com<\/a> a kliknut\u00ed na ikonu U\u010debna v matrice (\u010dtvere\u010dek z bod\u016f) u n\u00e1zvu tv\u00e9ho \u00fa\u010dtu<br \/>\nc. na webov\u00e9 str\u00e1nce Google U\u010debna <a href=\"http:\/\/classroom.google.com\" target=\"_blank\" rel=\"noopener noreferrer\">classroom.google.com<\/a><br \/>\nd. v aplikaci Google U\u010debna v mobiln\u00edm telefonu (pot\u0159ebuje\u0161 od vyu\u010duj\u00edc\u00edho k\u00f3d dan\u00e9ho kurzu\/p\u0159edm\u011btu)<br \/>\nDo <strong>Google Meet<\/strong> (videokonference) v dan\u00e9 u\u010debn\u011b se lze p\u0159ipojit:<br \/>\na. p\u0159\u00edmo p\u0159es odkaz v Bakal\u00e1\u0159\u00edch<br \/>\nb. po p\u0159ihl\u00e1\u0161en\u00ed na <a href=\"http:\/\/www.google.com\" target=\"_blank\" rel=\"noopener noreferrer\">www.google.com<\/a> a kliknut\u00ed na ikonu Meet v matrice (\u010dtvere\u010dek z bod\u016f) u n\u00e1zvu tv\u00e9ho \u00fa\u010dtu<br \/>\nc. na str\u00e1nce Google U\u010debna dan\u00e9ho kurzu kliknut\u00edm na odkaz v z\u00e1hlav\u00ed kurzu<br \/>\nd. na webov\u00e9 str\u00e1nce <a href=\"http:\/\/meet.google.com\" target=\"_blank\" rel=\"noopener noreferrer\">meet.google.com<\/a><br \/>\ne. v mobiln\u00edm telefonu v aplikaci Meet<br \/>\nPro zp\u016fsoby d) a e) pot\u0159ebuje\u0161 od vyu\u010duj\u00edc\u00edho k\u00f3d dan\u00e9 videokonference<br \/>\n<span style=\"color: #ff0000;\"><strong>V\u017edy bude\u0161 muset b\u00fdt ale p\u0159ihl\u00e1\u0161en sv\u00fdm \u0161koln\u00edm Google \u00fa\u010dtem.<\/strong><\/span><br \/>\n<span style=\"color: #ff0000;\">Ten je ve tvaru jmeno.prijmeni@zszastavka.cz + heslo. <span style=\"color: #333399;\">Svoje p\u0159ihla\u0161ovac\u00ed \u00fadaje nikomu nesd\u011bluj!<\/span><\/span><br \/>\n<span style=\"color: #ff0000;\">Pokud jsi zapomn\u011bl\/a, nebo ti heslo nefunguje, informuj sv\u00e9ho t\u0159\u00eddn\u00edho u\u010ditele.<\/span><\/p>\n<p>6. Aby tv\u00e9 mobiln\u00ed aplikace spr\u00e1vn\u011b fungovaly, zkus se ob\u010das<strong> odhl\u00e1sit a znovu p\u0159ihl\u00e1sit<\/strong>. P\u0159edejde\u0161 tak mo\u017en\u00fdm komplikac\u00edm a ov\u011b\u0159\u00ed\u0161 si, \u017ee jsi v za\u0159\u00edzen\u00ed spr\u00e1vn\u011b p\u0159ihl\u00e1\u0161en\u00fd\/\u00e1.<br \/>\n7.<strong> Bu\u010f v kontaktu<\/strong> s t\u0159\u00eddn\u00ed u\u010ditelkou\/t\u0159\u00eddn\u00edm u\u010ditelem i s ostatn\u00edmi u\u010diteli. Jakmile bude\u0161 m\u00edt n\u011bjak\u00fd technick\u00fd probl\u00e9m (n\u011bco ti nebude fungovat), okam\u017eit\u011b o n\u011bm informuj rodi\u010de, t\u0159\u00eddn\u00ed u\u010ditelku\/t\u0159\u00eddn\u00edho u\u010ditele, u\u010ditele p\u0159edm\u011btu, jeho\u017e se probl\u00e9m t\u00fdk\u00e1 apod.<br \/>\n8. Pokud bude\u0161 pot\u0159ebovat zap\u016fj\u010dit \u0161koln\u00ed notebook, je t\u0159eba, aby se z\u00e1konn\u00ed z\u00e1stupci spojili s veden\u00edm \u0161koly nebo<strong> <a href=\"https:\/\/forms.gle\/5v64vULnQaB5EtfG6\" target=\"_blank\" rel=\"noopener noreferrer\">vyplnili formul\u00e1\u0159<\/a><\/strong> a p\u0159i\u0161li podepsat smlouvu o z\u00e1p\u016fj\u010dce. Toto \u0159e\u0161 rychle, a\u0165 ti neut\u00edkaj\u00ed on-line hodiny.<br \/>\n9. Pokud<strong> si nev\u00ed\u0161 s n\u011b\u010d\u00edm rady<\/strong>, obra\u0165 se na sv\u00e9 spolu\u017e\u00e1ky nebo u\u010ditele. Neboj se otev\u0159en\u011b u\u010diteli sd\u011blit, \u017ee n\u011b\u010demu nerozum\u00ed\u0161, \u017ee nest\u00edh\u00e1\u0161 n\u011bkter\u00e9 \u00fakoly z n\u011bjak\u00fdch d\u016fvod\u016f plnit apod.<br \/>\n10. B\u011bhem distan\u010dn\u00edho vzd\u011bl\u00e1v\u00e1n\u00ed si stanov<strong> denn\u00ed \u0159\u00e1d<\/strong> u\u010den\u00ed. <strong>Ka\u017ed\u00fd den kontroluj U\u010debnu dan\u00e9ho p\u0159edm\u011btu<\/strong>, sna\u017e se plnit zadan\u00e9 \u00fakoly v term\u00ednu, studuj si p\u0159ilo\u017een\u00e9 materi\u00e1ly. Dodr\u017euj rozvrh on-line hodin synchronn\u00ed v\u00fduky (videokonference), ostatn\u00ed \u010das v\u011bnuj dal\u0161\u00edm \u00fakol\u016fm, kter\u00e9 bude\u0161 vykon\u00e1vat samostatn\u011b podle pokyn\u016f vyu\u010duj\u00edc\u00edch. <strong>Opatruj se!<\/strong><\/p>\n<\/div>\n<\/div><\/div><div id=\"panel-5470-0-0-1\" class=\"so-panel widget widget_text panel-last-child\" data-index=\"1\" >\t\t\t<div class=\"textwidget\"><p><strong data-rich-text-format-boundary=\"true\"><a href=\"&amp;print=1\" title=\"Vytisni p\u0159\u00edsp\u011bvek\" rel=\"nofollow\"><img decoding=\"async\" class=\"WP-PrintIcon\" src=\"https:\/\/zszastavka.cz\/wp-content\/plugins\/wp-print\/images\/printer_famfamfam.gif\" alt=\"Vytisni p\u0159\u00edsp\u011bvek\" title=\"Vytisni p\u0159\u00edsp\u011bvek\" style=\"border: 0px;\" \/><\/a><\/strong><\/p>\n<\/div>\n\t\t<\/div><\/div><div id=\"pgc-5470-0-1\"  class=\"panel-grid-cell\" ><div id=\"panel-5470-0-1-0\" class=\"so-panel widget widget_sow-image panel-first-child\" data-index=\"2\" ><div class=\"panel-widget-style panel-widget-style-for-5470-0-1-0\" ><div\n\t\t\t\n\t\t\tclass=\"so-widget-sow-image so-widget-sow-image-default-334eeca80698-5470\"\n\t\t\t\n\t\t>\n<div class=\"sow-image-container\">\n\t\t<img \n\tsrc=\"https:\/\/zszastavka.cz\/wp-content\/uploads\/2020\/10\/52e5dc424354b108feda8460962f367a1d22dfe35352744d742f73dc_1920.jpg\" width=\"150\" height=\"93\" srcset=\"https:\/\/zszastavka.cz\/wp-content\/uploads\/2020\/10\/52e5dc424354b108feda8460962f367a1d22dfe35352744d742f73dc_1920.jpg 1920w, https:\/\/zszastavka.cz\/wp-content\/uploads\/2020\/10\/52e5dc424354b108feda8460962f367a1d22dfe35352744d742f73dc_1920-768x475.jpg 768w, https:\/\/zszastavka.cz\/wp-content\/uploads\/2020\/10\/52e5dc424354b108feda8460962f367a1d22dfe35352744d742f73dc_1920-1536x950.jpg 1536w\" sizes=\"(max-width: 150px) 100vw, 150px\" title=\"Google\" alt=\"\" \t\tclass=\"so-widget-image\"\/>\n\t<\/div>\n\n<\/div><\/div><\/div><div id=\"panel-5470-0-1-1\" class=\"so-panel widget widget_sow-editor\" data-index=\"3\" ><div\n\t\t\t\n\t\t\tclass=\"so-widget-sow-editor so-widget-sow-editor-base\"\n\t\t\t\n\t\t>\n<div class=\"siteorigin-widget-tinymce textwidget\">\n\t<p style=\"text-align: center;\"><strong>N\u00e1vody k p\u0159ipojen\u00ed ke sta\u017een\u00ed:<\/strong><\/p>\n<\/div>\n<\/div><\/div><div id=\"panel-5470-0-1-2\" class=\"so-panel widget widget_sow-image\" data-index=\"4\" ><div\n\t\t\t\n\t\t\tclass=\"so-widget-sow-image so-widget-sow-image-default-49681edeb466-5470\"\n\t\t\t\n\t\t>\n<div class=\"sow-image-container\">\n\t\t\t<a href=\"https:\/\/zszastavka.cz\/wp-content\/uploads\/NavodUcebna.pdf\"\n\t\t\ttarget=\"_blank\" rel=\"noopener noreferrer\" \t\t>\n\t\t\t<img \n\tsrc=\"https:\/\/zszastavka.cz\/wp-content\/uploads\/2020\/10\/classroom-150x150.png\" width=\"150\" height=\"150\" srcset=\"https:\/\/zszastavka.cz\/wp-content\/uploads\/2020\/10\/classroom-150x150.png 150w, https:\/\/zszastavka.cz\/wp-content\/uploads\/2020\/10\/classroom-300x300.png 300w, https:\/\/zszastavka.cz\/wp-content\/uploads\/2020\/10\/classroom.png 512w\" sizes=\"(max-width: 150px) 100vw, 150px\" title=\"N\u00e1vod na p\u0159ipojen\u00ed do U\u010debny\" alt=\"Pro sta\u017een\u00ed klikn\u011bte\" \t\tclass=\"so-widget-image\"\/>\n\t\t\t<\/a><\/div>\n\n<\/div><\/div><div id=\"panel-5470-0-1-3\" class=\"so-panel widget widget_sow-image panel-last-child\" data-index=\"5\" ><div\n\t\t\t\n\t\t\tclass=\"so-widget-sow-image so-widget-sow-image-default-49681edeb466-5470\"\n\t\t\t\n\t\t>\n<div class=\"sow-image-container\">\n\t\t\t<a href=\"https:\/\/zszastavka.cz\/wp-content\/uploads\/NavodMeet.pdf\"\n\t\t\ttarget=\"_blank\" rel=\"noopener noreferrer\" \t\t>\n\t\t\t<img \n\tsrc=\"https:\/\/zszastavka.cz\/wp-content\/uploads\/2020\/10\/meet-150x150.png\" width=\"150\" height=\"150\" srcset=\"https:\/\/zszastavka.cz\/wp-content\/uploads\/2020\/10\/meet-150x150.png 150w, https:\/\/zszastavka.cz\/wp-content\/uploads\/2020\/10\/meet.png 192w\" sizes=\"(max-width: 150px) 100vw, 150px\" title=\"N\u00e1vod na p\u0159ipojen\u00ed k Meet\" alt=\"Pro sta\u017een\u00ed klikn\u011bte\" \t\tclass=\"so-widget-image\"\/>\n\t\t\t<\/a><\/div>\n\n<\/div><\/div><\/div><\/div><\/div>","protected":false},"excerpt":{"rendered":"<p>P\u0159ipravili jsme pro \u017e\u00e1ky na\u0161\u00ed \u0161koly desatero pro distan\u010dn\u00ed v\u00fduku: 1. Distan\u010dn\u00ed vzd\u011bl\u00e1v\u00e1n\u00ed je v tomto \u0161koln\u00edm roce pro tebe povinn\u00e9. Je to kombinace synchronn\u00ed on-line v\u00fduky (videokonference) a asynchronn\u00ed v\u00fduky (tv\u00e1 samostatn\u00e1 pr\u00e1ce podle pokyn\u016f a zad\u00e1n\u00ed vyu\u010duj\u00edc\u00edho). 2. V\u00fduka prob\u00edh\u00e1 podle upraven\u00e9ho rozvrhu. V Bakal\u00e1\u0159\u00edch bude k dispozici na n\u00e1st\u011bnce t\u0159\u00eddy aktualizovan\u00fd rozvrh&hellip;<\/p>\n","protected":false},"author":2,"featured_media":5572,"parent":10354,"menu_order":0,"comment_status":"closed","ping_status":"closed","template":"","meta":{"footnotes":""},"class_list":["post-5470","page","type-page","status-publish","has-post-thumbnail","hentry"],"_links":{"self":[{"href":"https:\/\/zszastavka.cz\/index.php?rest_route=\/wp\/v2\/pages\/5470","targetHints":{"allow":["GET"]}}],"collection":[{"href":"https:\/\/zszastavka.cz\/index.php?rest_route=\/wp\/v2\/pages"}],"about":[{"href":"https:\/\/zszastavka.cz\/index.php?rest_route=\/wp\/v2\/types\/page"}],"author":[{"embeddable":true,"href":"https:\/\/zszastavka.cz\/index.php?rest_route=\/wp\/v2\/users\/2"}],"replies":[{"embeddable":true,"href":"https:\/\/zszastavka.cz\/index.php?rest_route=%2Fwp%2Fv2%2Fcomments&post=5470"}],"version-history":[{"count":2,"href":"https:\/\/zszastavka.cz\/index.php?rest_route=\/wp\/v2\/pages\/5470\/revisions"}],"predecessor-version":[{"id":24747,"href":"https:\/\/zszastavka.cz\/index.php?rest_route=\/wp\/v2\/pages\/5470\/revisions\/24747"}],"up":[{"embeddable":true,"href":"https:\/\/zszastavka.cz\/index.php?rest_route=\/wp\/v2\/pages\/10354"}],"wp:featuredmedia":[{"embeddable":true,"href":"https:\/\/zszastavka.cz\/index.php?rest_route=\/wp\/v2\/media\/5572"}],"wp:attachment":[{"href":"https:\/\/zszastavka.cz\/index.php?rest_route=%2Fwp%2Fv2%2Fmedia&parent=5470"}],"curies":[{"name":"wp","href":"https:\/\/api.w.org\/{rel}","templated":true}]}}