{"id":460,"date":"2020-05-02T11:48:51","date_gmt":"2020-05-02T09:48:51","guid":{"rendered":"https:\/\/wp.zszastavka.cz\/?page_id=460"},"modified":"2025-08-22T17:38:10","modified_gmt":"2025-08-22T15:38:10","slug":"zamestnanci-skoly","status":"publish","type":"page","link":"https:\/\/zszastavka.cz\/?page_id=460","title":{"rendered":"Zam\u011bstnanci \u0161koly"},"content":{"rendered":"<h3>Pedagogi\u010dt\u00ed zam\u011bstnanci \u0161koly:<\/h3>\n<p><span style=\"color: #3366ff;\"><strong>Pro e-mailov\u00fd kontakt zvolte adresu: <em>jmeno.prijmeni@zszastavka.cz<br \/><\/em><\/strong><\/span><strong><span style=\"color: #ff0000;\">Ofici\u00e1ln\u00ed komunikace se \u0161kolou prob\u00edh\u00e1 v IS Bakal\u00e1\u0159\u00ed, modul Komens, zas\u00edl\u00e1n\u00ed zpr\u00e1v.<\/span><\/strong><\/p>\n<p>BLA\u017dKOV\u00c1 Alena \u2013 u\u010ditelka chemie a anglick\u00e9ho jazyka<br \/><strong>BOCHN\u00cd\u010cKOV\u00c1 Radka \u2013 z\u00e1stupce \u0159editele; matematika, p\u0159\u00edrodopis; metodik prevence<br \/><\/strong>BUL\u00cd\u010cKOV\u00c1 Dominika \u2013 asistentka pedagoga<strong><br \/><\/strong>DENNEROV\u00c1 Tereza \u2013 u\u010ditelka matematiky a p\u0159\u00edrodopisu<br \/>DVO\u0158\u00c1KOV\u00c1 Olga \u2013 asistentka pedagoga<br \/>FABI\u00c1NKOV\u00c1 Romana \u2013 u\u010ditelka na 1. stupni<br \/>FIOOLE Michaela \u2013 asistentka pedagoga<br \/>FORALOV\u00c1 Lenka \u2013 u\u010ditelka na 1. stupni<br \/>H\u00c1JKOV\u00c1 Lenka \u2013 u\u010ditelka \u010desk\u00e9ho jazyka<br \/>HERCOV\u00c1 Lenka \u2013 u\u010ditelka na 1. stupni<br \/>HRABINOV\u00c1 Radka \u2013 u\u010ditelka na 1. stupni<br \/>HRDLI\u010cKOV\u00c1 Martina \u2013 asistentka pedagoga<br \/>JANOCHOV\u00c1 Lucie \u2013 u\u010ditelka na 1. stupni<br \/>KRY\u0160KOV\u00c1 Marie \u2013 asistentka pedagoga<br \/>K\u0158\u00cd\u017d Michal \u2013 u\u010ditel t\u011blesn\u00e9 v\u00fdchovy<br \/>KU\u010cEROV\u00c1 Michaela \u2013 vedouc\u00ed vychovatelka ve \u0160D<br \/>LEBEDOV\u00c1 Iveta \u2013 u\u010ditelka na 1. stupni<br \/>LAUD\u00c1TOV\u00c1 Al\u017eb\u011bta \u2013 u\u010ditelka anglick\u00e9ho jazyka; v\u00fdchovn\u00fd poradce<br \/>MA\u0147\u00c1SKOV\u00c1 Mark\u00e9ta \u2013 asistentka pedagoga<br \/>MATTESOV\u00c1 Darina \u2013 asistentka pedagoga<br \/>MACHOV\u00c1 Ivana \u2013 u\u010ditelka na 1. stupni<br \/>ODUTOV\u00c1 Lenka \u2013 asistentka pedagoga<br \/>PAL\u00c1NOV\u00c1 Hana \u2013 u\u010ditelka na 1. stupni<br \/>PAVL\u00cdKOVSK\u00c1 Lucie \u2013 vychovatelka ve \u0160D, asistentka pedagoga<br \/>PAVL\u00cdKOVSK\u00c1 Veronika \u2013 u\u010ditelka zem\u011bpisu a p\u0159\u00edrodopisu<br \/><strong>PE\u010cENKA Petr \u2013 statut\u00e1rn\u00ed z\u00e1stupce \u0159editele; medi\u00e1ln\u00ed v\u00fdchova; koordin\u00e1tor ICT<\/strong><br \/>PE\u010cENKOV\u00c1 V\u00e1clava \u2013 u\u010ditelka d\u011bjepisu a \u010desk\u00e9ho jazyka<br \/>PELIK\u00c1NOV\u00c1 Petra \u2013 u\u010ditelka na 1. stupni<br \/>POKORN\u00c1 V\u011bra \u2013 asistentka pedagoga<br \/>POSP\u00cd\u0160ILOV\u00c1 Ane\u017eka \u2013asistentka pedagoga<br \/>PRAGEROV\u00c1 Hana \u2013 u\u010ditelka n\u011bmeck\u00e9ho jazyka<br \/>PROCH\u00c1ZKOV\u00c1 Aneta \u2013 u\u010ditelka hudebn\u00ed v\u00fdchovy a \u010desk\u00e9ho jazyka<br \/>PROCH\u00c1ZKOV\u00c1 Dana \u2013 u\u010ditelka t\u011blesn\u00e9 v\u00fdchovy a \u010desk\u00e9ho jazyka<br \/>ROUSOV\u00c1 Martina \u2013 u\u010ditelka na 1. stupni<br \/>SEDL\u00c1\u010cKOV\u00c1 Iveta \u2013 asistentka pedagoga<br \/>SEDL\u00c1\u010cKOV\u00c1 Marcela \u2013 vychovatelka ve \u0160D<br \/>SCHREIBER V\u00e1clav \u2013 u\u010ditel informatiky a matematiky a PK\u010c<br \/>SL\u00c1MOV\u00c1 Romana \u2013 asistentka pedagoga<br \/>SMR\u017dOV\u00c1 Lenka \u2013 u\u010ditelka hudebn\u00ed v\u00fdchovy a zem\u011bpisu<br \/>STRNAD David \u2013 u\u010ditel t\u011blesn\u00e9 v\u00fdchovy a matematiky<br \/><span style=\"color: #993300;\"><strong>STRNAD Zden\u011bk \u2013 \u0159editel; chemie a ob\u010dansk\u00e1 v\u00fdchova<\/strong><\/span><br \/>SVOBODOV\u00c1 Olga \u2013 vychovatelka ve \u0160D, asistentka pedagoga<br \/>SYTA\u0158OV\u00c1 Dana \u2013 speci\u00e1ln\u00ed pedagog<br \/>\u0160EBESTOV\u00c1 Petra \u2013 u\u010ditelka p\u0159\u00edrodopisu a chemie<br \/>\u0160EV\u010c\u00cdKOV\u00c1 Mark\u00e9ta \u2013 u\u010ditelka zem\u011bpisu a matematiky<br \/>VALE\u0160OV\u00c1 Lenka \u2013 u\u010ditelka fyziky a p\u0159\u00edrodopisu<br \/>VA\u0147KOV\u00c1 Ivana \u2013 u\u010ditelka na 1. stupni<\/p>\n<p><span class=\"fs20\"><span class=\"ff0 cf3\"><b>Spr\u00e1vn\u00ed zam\u011bstnanci \u0161koly:<\/b><\/span><\/span><\/p>\n<p><span class=\"ff1 fs20\">DANIELOV\u00c1 Pavl\u00edna\u00a0<\/span><span class=\"ff0 fs20\">\u2013\u00a0<\/span><span class=\"ff1 fs20\">ukl\u00edze\u010dka<br \/>G\u00c4HROV\u00c1 Renata\u00a0<\/span><span class=\"ff0 fs20\">\u2013 pokladn\u00ed a mzdov\u00e1 <\/span><span class=\"ff1 fs20\">\u00fa\u010detn\u00ed<br \/><\/span><span class=\"ff0 fs20\">KL\u00cdMOV\u00c1 Simona \u2013 ukl\u00edze\u010dka<br \/>LOSSGOTT Vlastimil<\/span><span class=\"ff1 fs20\">\u00a0<\/span><span class=\"ff0 fs20\">\u2013\u00a0<\/span><span class=\"ff1 fs20\">\u0161koln\u00edk<br \/>MUSILOV\u00c1 Simona \u2013 administrativn\u00ed pracovnice<br \/><\/span><span class=\"ff0 fs20\">PAVL\u00cdKOVSK\u00c1 Pavl\u00edna \u2013 ukl\u00edze\u010dka<br \/>POSP\u00cd\u0160IL Jan \u2013 ekonom<\/span><\/p>\n\n\n<p><strong><a href=\"https:\/\/zszastavka.cz\/?page_id=460&amp;print=1\" title=\"Vytisni p\u0159\u00edsp\u011bvek\" rel=\"nofollow\"><img decoding=\"async\" class=\"WP-PrintIcon\" src=\"https:\/\/zszastavka.cz\/wp-content\/plugins\/wp-print\/images\/printer_famfamfam.gif\" alt=\"Vytisni p\u0159\u00edsp\u011bvek\" title=\"Vytisni p\u0159\u00edsp\u011bvek\" style=\"border: 0px;\" \/><\/a><\/strong><\/p>\n","protected":false},"excerpt":{"rendered":"<p>Pedagogi\u010dt\u00ed zam\u011bstnanci \u0161koly: Pro e-mailov\u00fd kontakt zvolte adresu: jmeno.prijmeni@zszastavka.czOfici\u00e1ln\u00ed komunikace se \u0161kolou prob\u00edh\u00e1 v IS Bakal\u00e1\u0159\u00ed, modul Komens, zas\u00edl\u00e1n\u00ed zpr\u00e1v. BLA\u017dKOV\u00c1 Alena \u2013 u\u010ditelka chemie a anglick\u00e9ho jazykaBOCHN\u00cd\u010cKOV\u00c1 Radka \u2013 z\u00e1stupce \u0159editele; matematika, p\u0159\u00edrodopis; metodik prevenceBUL\u00cd\u010cKOV\u00c1 Dominika \u2013 asistentka pedagogaDENNEROV\u00c1 Tereza \u2013 u\u010ditelka matematiky a p\u0159\u00edrodopisuDVO\u0158\u00c1KOV\u00c1 Olga \u2013 asistentka pedagogaFABI\u00c1NKOV\u00c1 Romana \u2013 u\u010ditelka na 1.&hellip;<\/p>\n","protected":false},"author":1,"featured_media":0,"parent":235,"menu_order":2,"comment_status":"closed","ping_status":"closed","template":"","meta":{"footnotes":""},"class_list":["post-460","page","type-page","status-publish","hentry"],"_links":{"self":[{"href":"https:\/\/zszastavka.cz\/index.php?rest_route=\/wp\/v2\/pages\/460","targetHints":{"allow":["GET"]}}],"collection":[{"href":"https:\/\/zszastavka.cz\/index.php?rest_route=\/wp\/v2\/pages"}],"about":[{"href":"https:\/\/zszastavka.cz\/index.php?rest_route=\/wp\/v2\/types\/page"}],"author":[{"embeddable":true,"href":"https:\/\/zszastavka.cz\/index.php?rest_route=\/wp\/v2\/users\/1"}],"replies":[{"embeddable":true,"href":"https:\/\/zszastavka.cz\/index.php?rest_route=%2Fwp%2Fv2%2Fcomments&post=460"}],"version-history":[{"count":24,"href":"https:\/\/zszastavka.cz\/index.php?rest_route=\/wp\/v2\/pages\/460\/revisions"}],"predecessor-version":[{"id":24377,"href":"https:\/\/zszastavka.cz\/index.php?rest_route=\/wp\/v2\/pages\/460\/revisions\/24377"}],"up":[{"embeddable":true,"href":"https:\/\/zszastavka.cz\/index.php?rest_route=\/wp\/v2\/pages\/235"}],"wp:attachment":[{"href":"https:\/\/zszastavka.cz\/index.php?rest_route=%2Fwp%2Fv2%2Fmedia&parent=460"}],"curies":[{"name":"wp","href":"https:\/\/api.w.org\/{rel}","templated":true}]}}