{"id":437,"date":"2020-05-02T11:22:30","date_gmt":"2020-05-02T09:22:30","guid":{"rendered":"https:\/\/wp.zszastavka.cz\/?page_id=437"},"modified":"2026-02-25T10:42:29","modified_gmt":"2026-02-25T09:42:29","slug":"formulare","status":"publish","type":"page","link":"https:\/\/zszastavka.cz\/?page_id=437","title":{"rendered":"Formul\u00e1\u0159e"},"content":{"rendered":"<h3><span style=\"color: #e7640c;\">Formul\u00e1\u0159e \u017e\u00e1dost\u00ed, kter\u00e9 mohou rodi\u010de vyu\u017e\u00edt pro komunikaci se \u0161kolou<\/span><\/h3>\n\n\n<p>\u017d\u00e1dost o p\u0159estup na na\u0161i z\u00e1kladn\u00ed \u0161kolu, \u017e\u00e1dost o p\u0159ijet\u00ed do Z\u0160 (k pln\u011bn\u00ed povinn\u00e9 \u0161koln\u00ed doch\u00e1zky), \u017e\u00e1dost o p\u0159ijet\u00ed do M\u0160 a dal\u0161\u00ed:<\/p>\n","protected":false},"excerpt":{"rendered":"<p>Formul\u00e1\u0159e \u017e\u00e1dost\u00ed, kter\u00e9 mohou rodi\u010de vyu\u017e\u00edt pro komunikaci se \u0161kolou \u017d\u00e1dost o p\u0159estup na na\u0161i z\u00e1kladn\u00ed \u0161kolu, \u017e\u00e1dost o p\u0159ijet\u00ed do Z\u0160 (k pln\u011bn\u00ed povinn\u00e9 \u0161koln\u00ed doch\u00e1zky), \u017e\u00e1dost o p\u0159ijet\u00ed do M\u0160 a dal\u0161\u00ed:<\/p>\n","protected":false},"author":1,"featured_media":0,"parent":747,"menu_order":2,"comment_status":"closed","ping_status":"closed","template":"","meta":{"footnotes":""},"class_list":["post-437","page","type-page","status-publish","hentry"],"_links":{"self":[{"href":"https:\/\/zszastavka.cz\/index.php?rest_route=\/wp\/v2\/pages\/437","targetHints":{"allow":["GET"]}}],"collection":[{"href":"https:\/\/zszastavka.cz\/index.php?rest_route=\/wp\/v2\/pages"}],"about":[{"href":"https:\/\/zszastavka.cz\/index.php?rest_route=\/wp\/v2\/types\/page"}],"author":[{"embeddable":true,"href":"https:\/\/zszastavka.cz\/index.php?rest_route=\/wp\/v2\/users\/1"}],"replies":[{"embeddable":true,"href":"https:\/\/zszastavka.cz\/index.php?rest_route=%2Fwp%2Fv2%2Fcomments&post=437"}],"version-history":[{"count":1,"href":"https:\/\/zszastavka.cz\/index.php?rest_route=\/wp\/v2\/pages\/437\/revisions"}],"predecessor-version":[{"id":11546,"href":"https:\/\/zszastavka.cz\/index.php?rest_route=\/wp\/v2\/pages\/437\/revisions\/11546"}],"up":[{"embeddable":true,"href":"https:\/\/zszastavka.cz\/index.php?rest_route=\/wp\/v2\/pages\/747"}],"wp:attachment":[{"href":"https:\/\/zszastavka.cz\/index.php?rest_route=%2Fwp%2Fv2%2Fmedia&parent=437"}],"curies":[{"name":"wp","href":"https:\/\/api.w.org\/{rel}","templated":true}]}}