{"id":4231,"date":"2020-06-08T12:11:58","date_gmt":"2020-06-08T10:11:58","guid":{"rendered":"https:\/\/zszastavka.cz\/?page_id=4231"},"modified":"2026-02-24T08:00:15","modified_gmt":"2026-02-24T07:00:15","slug":"index","status":"publish","type":"page","link":"https:\/\/zszastavka.cz\/","title":{"rendered":"\u00davodn\u00ed"},"content":{"rendered":"<div id=\"pl-4231\"  class=\"panel-layout\" ><div id=\"pg-4231-0\"  class=\"panel-grid panel-has-style\" ><div class=\"siteorigin-panels-stretch panel-row-style panel-row-style-for-4231-0\" data-stretch-type=\"full-width-stretch\" ><div id=\"pgc-4231-0-0\"  class=\"panel-grid-cell\" ><div id=\"panel-4231-0-0-0\" class=\"so-panel widget widget_sow-hero panel-first-child panel-last-child\" data-index=\"0\" ><div\n\t\t\t\n\t\t\tclass=\"so-widget-sow-hero so-widget-sow-hero-default-8bd20c9e60d4-4231 so-widget-fittext-wrapper\"\n\t\t\t data-fit-text-compressor=\"0.85\"\n\t\t>\t\t\t\t<div class=\"sow-slider-base\" style=\"display: none\" tabindex=\"0\">\n\t\t\t\t\t<ul\n\t\t\t\t\tclass=\"sow-slider-images\"\n\t\t\t\t\tdata-settings=\"{&quot;pagination&quot;:true,&quot;speed&quot;:1000,&quot;timeout&quot;:3000,&quot;paused&quot;:false,&quot;pause_on_hover&quot;:false,&quot;swipe&quot;:true,&quot;nav_always_show_desktop&quot;:&quot;&quot;,&quot;nav_always_show_mobile&quot;:true,&quot;breakpoint&quot;:&quot;780px&quot;,&quot;unmute&quot;:false,&quot;anchor&quot;:null}\"\n\t\t\t\t\tstyle=\"min-height: 150px\"\t\t\t\t\tdata-anchor-id=\"\"\n\t\t\t\t>\t\t<li class=\"sow-slider-image  sow-slider-image-cover\" style=\"visibility: visible;;background-color: #333333;cursor: pointer;\" data-url=\"{&quot;url&quot;:&quot;https:\\\/\\\/zszastavka.cz\\\/?page_id=23994&quot;,&quot;new_window&quot;:false}\" >\n\t\t\t\t\t<div class=\"sow-slider-image-container\">\n\t\t\t<div class=\"sow-slider-image-wrapper\">\n\t\t\t\t<h3 style=\"text-align: center\">\u0161koln\u00ed rok 2025\/2026<\/h3>\n<div class=\"sow-hero-buttons\" style=\"text-align: center\"><div\n\t\t\t\n\t\t\tclass=\"so-widget-sow-button so-widget-sow-button-wire-46e5de2c7a4d\"\n\t\t\t\n\t\t><div class=\"ow-button-base ow-button-align-center\"\n>\n\t\t\t<a\n\t\t\t\t\thref=\"https:\/\/zszastavka.cz\/?page_id=23994\"\n\t\t\t\t\tclass=\"sowb-button ow-icon-placement-left ow-button-hover\" target=\"_blank\" rel=\"noopener noreferrer\" \t>\n\t\t<span>\n\t\t\t<span class=\"sow-icon-fontawesome sow-far\" data-sow-icon=\"&#xf15c;\"\n\t\tstyle=\"\" \n\t\taria-hidden=\"true\"><\/span>\n\t\t\tAktu\u00e1ln\u00ed informace\t\t<\/span>\n\t\t\t<\/a>\n\t<\/div>\n<\/div><\/div>\n\t\t\t<\/div>\n\t\t<\/div>\n\t\t<div class=\"sow-slider-image-overlay sow-slider-image-cover\" style=\"opacity: 0.5;background-image: url(https:\/\/zszastavka.cz\/wp-content\/uploads\/2020\/06\/g8206813e0714f22d93294f49531aa33b082673706b460dbcd27a80269923548dc5b2d66f2beed08822148eb8145f0212_1920.jpg)\"  ><\/div>\t\t<\/li>\n\t\t\t\t<li class=\"sow-slider-image  sow-slider-image-cover\" style=\"visibility: hidden;;background-color: #333333;cursor: pointer;\" data-url=\"{&quot;url&quot;:&quot;https:\\\/\\\/zszastavka.cz\\\/?page_id=235&quot;,&quot;new_window&quot;:false}\" >\n\t\t\t\t\t<div class=\"sow-slider-image-container\">\n\t\t\t<div class=\"sow-slider-image-wrapper\">\n\t\t\t\t<h3 style=\"text-align: center\">Z\u00e1kladn\u00ed \u0161kola<\/h3>\n<div class=\"sow-hero-buttons\" style=\"text-align: center\"><div\n\t\t\t\n\t\t\tclass=\"so-widget-sow-button so-widget-sow-button-wire-46e5de2c7a4d\"\n\t\t\t\n\t\t><div class=\"ow-button-base ow-button-align-center\"\n>\n\t\t\t<a\n\t\t\t\t\thref=\"https:\/\/zszastavka.cz\/?page_id=235\"\n\t\t\t\t\tclass=\"sowb-button ow-icon-placement-left ow-button-hover\" \t>\n\t\t<span>\n\t\t\t<span class=\"sow-icon-fontawesome sow-far\" data-sow-icon=\"&#xf15c;\"\n\t\tstyle=\"\" \n\t\taria-hidden=\"true\"><\/span>\n\t\t\tInformace\t\t<\/span>\n\t\t\t<\/a>\n\t<\/div>\n<\/div><\/div>\n\t\t\t<\/div>\n\t\t<\/div>\n\t\t<div class=\"sow-slider-image-overlay sow-slider-image-cover\" style=\"opacity: 0.5\" data-background=\"url(https:\/\/zszastavka.cz\/wp-content\/uploads\/2020\/04\/budovy007.jpg)\"  ><\/div>\t\t<\/li>\n\t\t\t\t<li class=\"sow-slider-image  sow-slider-image-cover\" style=\"visibility: hidden;;background-color: #333333;cursor: pointer;\" data-url=\"{&quot;url&quot;:&quot;https:\\\/\\\/zszastavka.cz\\\/?page_id=1964&quot;,&quot;new_window&quot;:false}\" >\n\t\t\t\t\t<div class=\"sow-slider-image-container\">\n\t\t\t<div class=\"sow-slider-image-wrapper\">\n\t\t\t\t<h3 style=\"text-align: center\">Mate\u0159sk\u00e1 \u0161kola<\/h3>\n<div class=\"sow-hero-buttons\" style=\"text-align: center\"><div\n\t\t\t\n\t\t\tclass=\"so-widget-sow-button so-widget-sow-button-wire-46e5de2c7a4d\"\n\t\t\t\n\t\t><div class=\"ow-button-base ow-button-align-center\"\n>\n\t\t\t<a\n\t\t\t\t\thref=\"https:\/\/zszastavka.cz\/?page_id=1964\"\n\t\t\t\t\tclass=\"sowb-button ow-icon-placement-left ow-button-hover\" \t>\n\t\t<span>\n\t\t\t<span class=\"sow-icon-fontawesome sow-far\" data-sow-icon=\"&#xf1ad;\"\n\t\tstyle=\"\" \n\t\taria-hidden=\"true\"><\/span>\n\t\t\tPracovi\u0161t\u011b\t\t<\/span>\n\t\t\t<\/a>\n\t<\/div>\n<\/div><\/div>\n\t\t\t<\/div>\n\t\t<\/div>\n\t\t<div class=\"sow-slider-image-overlay sow-slider-image-cover\" style=\"opacity: 0.5\" data-background=\"url(https:\/\/zszastavka.cz\/wp-content\/uploads\/2020\/04\/budovy004.jpg)\"  ><\/div>\t\t<\/li>\n\t\t<\/ul>\t\t\t\t<ol class=\"sow-slider-pagination\">\n\t\t\t\t\t\t\t\t\t\t\t<li><a href=\"#\" data-goto=\"0\" aria-label=\"Display slide 1\"><\/a><\/li>\n\t\t\t\t\t\t\t\t\t\t\t<li><a href=\"#\" data-goto=\"1\" aria-label=\"Display slide 2\"><\/a><\/li>\n\t\t\t\t\t\t\t\t\t\t\t<li><a href=\"#\" data-goto=\"2\" aria-label=\"Display slide 3\"><\/a><\/li>\n\t\t\t\t\t\t\t\t\t<\/ol>\n\n\t\t\t\t<div class=\"sow-slide-nav sow-slide-nav-next\">\n\t\t\t\t\t<a href=\"#\" data-goto=\"next\" aria-label=\"Next slide\" data-action=\"next\">\n\t\t\t\t\t\t<em class=\"sow-sld-icon-thick-right\"><\/em>\n\t\t\t\t\t<\/a>\n\t\t\t\t<\/div>\n\n\t\t\t\t<div class=\"sow-slide-nav sow-slide-nav-prev\">\n\t\t\t\t\t<a href=\"#\" data-goto=\"previous\" aria-label=\"Previous slide\" data-action=\"prev\">\n\t\t\t\t\t\t<em class=\"sow-sld-icon-thick-left\"><\/em>\n\t\t\t\t\t<\/a>\n\t\t\t\t<\/div>\n\t\t\t\t<\/div><\/div><\/div><\/div><\/div><\/div><div id=\"pg-4231-1\"  class=\"panel-grid panel-has-style\" ><div class=\"siteorigin-panels-stretch panel-row-style panel-row-style-for-4231-1\" id=\"services\" data-stretch-type=\"full\" ><div id=\"pgc-4231-1-0\"  class=\"panel-grid-cell\" ><div id=\"panel-4231-1-0-0\" class=\"so-panel widget widget_sow-headline panel-first-child\" data-index=\"1\" ><div\n\t\t\t\n\t\t\tclass=\"so-widget-sow-headline so-widget-sow-headline-default-e4530fe78443-4231 so-widget-fittext-wrapper\"\n\t\t\t data-fit-text-compressor=\"0.85\"\n\t\t><div class=\"sow-headline-container \">\n\t\t\t\t\t\t\t<h1 class=\"sow-headline\">\n\t\t\t\t\t\tDruhy a typy \u0161kol a \u0161kolsk\u00fdch za\u0159\u00edzen\u00ed\t\t\t\t\t\t<\/h1>\n\t\t\t\t\t\t\t\t\t\t\t<div class=\"decoration\">\n\t\t\t\t\t\t<div class=\"decoration-inside\"><\/div>\n\t\t\t\t\t<\/div>\n\t\t\t\t\t\t\t\t\t\t\t<p class=\"sow-sub-headline\">\n\t\t\t\t\t\tNa\u0161e \u0161kola je \u00faplnou z\u00e1kladn\u00ed \u0161kolou s pln\u011b organizovan\u00fdm I. i II. stupn\u011bm Z\u0160 a mate\u0159skou \u0161kolou. Identifik\u00e1tor za\u0159\u00edzen\u00ed je 600 111 172.\t\t\t\t\t\t<\/p>\n\t\t\t\t\t\t<\/div>\n<\/div><\/div><div id=\"panel-4231-1-0-1\" class=\"so-panel widget widget_sow-features panel-last-child\" data-index=\"2\" ><div class=\"panel-widget-style panel-widget-style-for-4231-1-0-1\" ><div\n\t\t\t\n\t\t\tclass=\"so-widget-sow-features so-widget-sow-features-default-8fa4d63f5e14-4231\"\n\t\t\t\n\t\t><ul\n\tclass=\"sow-features-list\n\tsow-features-responsive\">\n\n\t\t\t<li\n\t\t\tclass=\"sow-features-feature sow-icon-container-position-top\"\n\t\t\tstyle=\"display: flex; flex-direction: column; width: calc(33.333% - 25px);\"\n\t\t>\n\t\t\t\n\t\t\t\t\t\t<div\t\t\t\tclass=\"sow-icon-container sow-container-none\"\n\t\t\t\tstyle=\"color: #404040; \"\n\t\t\t\t\n\t\t\t\t\t\t\t>\n\t\t\t\t<span class=\"sow-icon-elegantline\" data-sow-icon=\"&#xe033;\"\n\t\tstyle=\"font-size: 70px; color: #d0a80a\" \n\t\taria-hidden=\"true\"><\/span>\t\t\t<\/div>\n\n\t\t\t<div class=\"textwidget\">\n\t\t\t\t\n\t\t\t\t\t\t\t\t\t<h4 class=\"sow-features-feature-title\">\n\t\t\t\t\t\tZ\u00e1kladn\u00ed \u0161kola\t\t\t\t\t<\/h4>\n\t\t\t\t\n\t\t\t\t\t\t\t\t\t<div class=\"sow-features-feature-text\">\n\t\t\t\t\t<p>Datum zah\u00e1jen\u00ed \u010dinnosti je 1.\u00a09.\u00a01932.<br \/>\nKapacita z\u00e1kladn\u00ed \u0161koly je 440 \u017e\u00e1k\u016f.<br \/>\nIdentifika\u010dn\u00ed \u010d\u00edslo za\u0159\u00edzen\u00ed IZO: 102\u00a0191\u00a0387.<\/p>\n\t\t\t\t\t<\/div>\n\t\t\t\t\t\t\t\t<\/div>\n\t\t\t\t\t\t\t\t<\/li>\n\n\t\t\t<li\n\t\t\tclass=\"sow-features-feature sow-icon-container-position-top\"\n\t\t\tstyle=\"display: flex; flex-direction: column; width: calc(33.333% - 25px);\"\n\t\t>\n\t\t\t\n\t\t\t\t\t\t<div\t\t\t\tclass=\"sow-icon-container sow-container-none\"\n\t\t\t\tstyle=\"color: #404040; \"\n\t\t\t\t\n\t\t\t\t\t\t\t>\n\t\t\t\t<span class=\"sow-icon-elegantline\" data-sow-icon=\"&#xe05b;\"\n\t\tstyle=\"font-size: 70px; color: #e7640c\" \n\t\taria-hidden=\"true\"><\/span>\t\t\t<\/div>\n\n\t\t\t<div class=\"textwidget\">\n\t\t\t\t\n\t\t\t\t\t\t\t\t\t<h4 class=\"sow-features-feature-title\">\n\t\t\t\t\t\tMate\u0159sk\u00e1 \u0161kola\t\t\t\t\t<\/h4>\n\t\t\t\t\n\t\t\t\t\t\t\t\t\t<div class=\"sow-features-feature-text\">\n\t\t\t\t\t<p>Datum zah\u00e1jen\u00ed \u010dinnosti je 1.\u00a012.\u00a02002.<br \/>\nKapacita mate\u0159sk\u00e9 \u0161koly je 145 d\u011bt\u00ed.<br \/>\nIdentifika\u010dn\u00ed \u010d\u00edslo za\u0159\u00edzen\u00ed IZO: 107\u00a0604\u00a0213.<\/p>\n\t\t\t\t\t<\/div>\n\t\t\t\t\t\t\t\t<\/div>\n\t\t\t\t\t\t\t\t<\/li>\n\n\t\t\t<li\n\t\t\tclass=\"sow-features-feature sow-icon-container-position-top\"\n\t\t\tstyle=\"display: flex; flex-direction: column; width: calc(33.333% - 25px);\"\n\t\t>\n\t\t\t\n\t\t\t\t\t\t<div\t\t\t\tclass=\"sow-icon-container sow-container-none\"\n\t\t\t\tstyle=\"color: #404040; \"\n\t\t\t\t\n\t\t\t\t\t\t\t>\n\t\t\t\t<span class=\"sow-icon-elegantline\" data-sow-icon=\"&#xe026;\"\n\t\tstyle=\"font-size: 70px; color: #759108\" \n\t\taria-hidden=\"true\"><\/span>\t\t\t<\/div>\n\n\t\t\t<div class=\"textwidget\">\n\t\t\t\t\n\t\t\t\t\t\t\t\t\t<h4 class=\"sow-features-feature-title\">\n\t\t\t\t\t\t\u0160koln\u00ed dru\u017eina\t\t\t\t\t<\/h4>\n\t\t\t\t\n\t\t\t\t\t\t\t\t\t<div class=\"sow-features-feature-text\">\n\t\t\t\t\t<p>Datum zah\u00e1jen\u00ed \u010dinnosti je 27.&nbsp;3.&nbsp;1996.<br \/>\nKapacita \u0161koln\u00ed dru\u017einy je 120 \u017e\u00e1k\u016f.<br \/>\nIdentifika\u010dn\u00ed \u010d\u00edslo za\u0159\u00edzen\u00ed IZO: 118&nbsp;300&nbsp;288.<\/p>\n\t\t\t\t\t<\/div>\n\t\t\t\t\t\t\t\t<\/div>\n\t\t\t\t\t\t\t\t<\/li>\n\n\t<\/ul>\n<\/div><\/div><\/div><\/div><\/div><\/div><div id=\"pg-4231-2\"  class=\"panel-grid panel-has-style\" ><div class=\"panel-row-style panel-row-style-for-4231-2\" ><div id=\"pgc-4231-2-0\"  class=\"panel-grid-cell\" ><div id=\"panel-4231-2-0-0\" class=\"so-panel widget widget_sow-image panel-first-child\" data-index=\"3\" ><div\n\t\t\t\n\t\t\tclass=\"so-widget-sow-image so-widget-sow-image-default-49681edeb466-4231\"\n\t\t\t\n\t\t>\n<div class=\"sow-image-container\">\n\t\t\t<a href=\"https:\/\/zszastavka.cz\/?page_id=235\"\n\t\t\t\t\t>\n\t\t\t<img \n\tsrc=\"https:\/\/zszastavka.cz\/wp-content\/uploads\/2020\/04\/budovy006-300x300.jpg\" width=\"300\" height=\"300\" srcset=\"https:\/\/zszastavka.cz\/wp-content\/uploads\/2020\/04\/budovy006-300x300.jpg 300w, https:\/\/zszastavka.cz\/wp-content\/uploads\/2020\/04\/budovy006-150x150.jpg 150w\" sizes=\"(max-width: 300px) 100vw, 300px\" title=\"Z\u00e1kladn\u00ed \u0161kola\" alt=\"\" \t\tclass=\"so-widget-image\"\/>\n\t\t\t<\/a><\/div>\n\n<\/div><\/div><div id=\"panel-4231-2-0-1\" class=\"so-panel widget widget_sow-editor panel-last-child\" data-index=\"4\" ><div class=\"panel-widget-style panel-widget-style-for-4231-2-0-1\" ><div\n\t\t\t\n\t\t\tclass=\"so-widget-sow-editor so-widget-sow-editor-base\"\n\t\t\t\n\t\t>\n<div class=\"siteorigin-widget-tinymce textwidget\">\n\t<h3 class=\"q_team_name\" style=\"text-align: center;\">Z\u00e1kladn\u00ed \u0161kola<\/h3>\n<p style=\"text-align: center;\">Od 1. 1. 1996 je z\u00e1kladn\u00ed \u0161kola pr\u00e1vn\u00edm subjektem<br \/>\ns postaven\u00edm p\u0159\u00edsp\u011bvkov\u00e9 organizace.<\/p>\n<\/div>\n<\/div><\/div><\/div><\/div><div id=\"pgc-4231-2-1\"  class=\"panel-grid-cell\" ><div id=\"panel-4231-2-1-0\" class=\"so-panel widget widget_sow-image panel-first-child\" data-index=\"5\" ><div\n\t\t\t\n\t\t\tclass=\"so-widget-sow-image so-widget-sow-image-default-49681edeb466-4231\"\n\t\t\t\n\t\t>\n<div class=\"sow-image-container\">\n\t\t\t<a href=\"https:\/\/zszastavka.cz\/?page_id=1964\"\n\t\t\t\t\t>\n\t\t\t<img \n\tsrc=\"https:\/\/zszastavka.cz\/wp-content\/uploads\/2020\/05\/budovy_002-300x300.jpg\" width=\"300\" height=\"300\" srcset=\"https:\/\/zszastavka.cz\/wp-content\/uploads\/2020\/05\/budovy_002-300x300.jpg 300w, https:\/\/zszastavka.cz\/wp-content\/uploads\/2020\/05\/budovy_002-150x150.jpg 150w\" sizes=\"(max-width: 300px) 100vw, 300px\" title=\"Mate\u0159sk\u00e1 \u0161kola\" alt=\"\" \t\tclass=\"so-widget-image\"\/>\n\t\t\t<\/a><\/div>\n\n<\/div><\/div><div id=\"panel-4231-2-1-1\" class=\"so-panel widget widget_sow-editor panel-last-child\" data-index=\"6\" ><div class=\"panel-widget-style panel-widget-style-for-4231-2-1-1\" ><div\n\t\t\t\n\t\t\tclass=\"so-widget-sow-editor so-widget-sow-editor-base\"\n\t\t\t\n\t\t>\n<div class=\"siteorigin-widget-tinymce textwidget\">\n\t<h3 class=\"q_team_name\" style=\"text-align: center;\">Mate\u0159sk\u00e1 \u0161kola<\/h3>\n<p style=\"text-align: center;\">Sou\u010d\u00e1st\u00ed \u0161koly jsou od 27. 11. 2002<br \/>\nt\u0159i pracovi\u0161t\u011b mate\u0159sk\u00fdch \u0161kol.<\/p>\n<\/div>\n<\/div><\/div><\/div><\/div><div id=\"pgc-4231-2-2\"  class=\"panel-grid-cell\" ><div id=\"panel-4231-2-2-0\" class=\"so-panel widget widget_sow-image panel-first-child\" data-index=\"7\" ><div\n\t\t\t\n\t\t\tclass=\"so-widget-sow-image so-widget-sow-image-default-49681edeb466-4231\"\n\t\t\t\n\t\t>\n<div class=\"sow-image-container\">\n\t\t\t<a href=\"https:\/\/zszastavka.cz\/?page_id=10319\"\n\t\t\t\t\t>\n\t\t\t<img \n\tsrc=\"https:\/\/zszastavka.cz\/wp-content\/uploads\/2020\/04\/budovy001-300x300.jpg\" width=\"300\" height=\"300\" srcset=\"https:\/\/zszastavka.cz\/wp-content\/uploads\/2020\/04\/budovy001-300x300.jpg 300w, https:\/\/zszastavka.cz\/wp-content\/uploads\/2020\/04\/budovy001-150x150.jpg 150w\" sizes=\"(max-width: 300px) 100vw, 300px\" title=\"\u0160koln\u00ed dru\u017eina\" alt=\"\" \t\tclass=\"so-widget-image\"\/>\n\t\t\t<\/a><\/div>\n\n<\/div><\/div><div id=\"panel-4231-2-2-1\" class=\"so-panel widget widget_sow-editor panel-last-child\" data-index=\"8\" ><div class=\"panel-widget-style panel-widget-style-for-4231-2-2-1\" ><div\n\t\t\t\n\t\t\tclass=\"so-widget-sow-editor so-widget-sow-editor-base\"\n\t\t\t\n\t\t>\n<div class=\"siteorigin-widget-tinymce textwidget\">\n\t<h3 class=\"q_team_name\" style=\"text-align: center;\">\u0160koln\u00ed dru\u017eina<\/h3>\n<p style=\"text-align: center;\">Sou\u010d\u00e1st\u00ed z\u00e1kladn\u00ed \u0161koly jsou tak\u00e9<br \/>\n\u010dty\u0159i odd\u011blen\u00ed <a href=\"https:\/\/zszastavka.cz\/?page_id=10319\">\u0161koln\u00ed dru\u017einy<\/a>.<\/p>\n<\/div>\n<\/div><\/div><\/div><\/div><\/div><\/div><\/div>","protected":false},"excerpt":{"rendered":"<p>\u0161koln\u00ed rok 2025\/2026 Aktu\u00e1ln\u00ed informace Z\u00e1kladn\u00ed \u0161kola Informace Mate\u0159sk\u00e1 \u0161kola Pracovi\u0161t\u011b Druhy a typy \u0161kol a \u0161kolsk\u00fdch za\u0159\u00edzen\u00ed Na\u0161e \u0161kola je \u00faplnou z\u00e1kladn\u00ed \u0161kolou s pln\u011b organizovan\u00fdm I. i II. stupn\u011bm Z\u0160 a mate\u0159skou \u0161kolou. Identifik\u00e1tor za\u0159\u00edzen\u00ed je 600 111 172. Z\u00e1kladn\u00ed \u0161kola Datum zah\u00e1jen\u00ed \u010dinnosti je 1.\u00a09.\u00a01932. Kapacita z\u00e1kladn\u00ed \u0161koly je 440 \u017e\u00e1k\u016f. Identifika\u010dn\u00ed&hellip;<\/p>\n","protected":false},"author":1,"featured_media":0,"parent":0,"menu_order":0,"comment_status":"closed","ping_status":"closed","template":"","meta":{"footnotes":""},"class_list":["post-4231","page","type-page","status-publish","hentry"],"_links":{"self":[{"href":"https:\/\/zszastavka.cz\/index.php?rest_route=\/wp\/v2\/pages\/4231","targetHints":{"allow":["GET"]}}],"collection":[{"href":"https:\/\/zszastavka.cz\/index.php?rest_route=\/wp\/v2\/pages"}],"about":[{"href":"https:\/\/zszastavka.cz\/index.php?rest_route=\/wp\/v2\/types\/page"}],"author":[{"embeddable":true,"href":"https:\/\/zszastavka.cz\/index.php?rest_route=\/wp\/v2\/users\/1"}],"replies":[{"embeddable":true,"href":"https:\/\/zszastavka.cz\/index.php?rest_route=%2Fwp%2Fv2%2Fcomments&post=4231"}],"version-history":[{"count":65,"href":"https:\/\/zszastavka.cz\/index.php?rest_route=\/wp\/v2\/pages\/4231\/revisions"}],"predecessor-version":[{"id":10382,"href":"https:\/\/zszastavka.cz\/index.php?rest_route=\/wp\/v2\/pages\/4231\/revisions\/10382"}],"wp:attachment":[{"href":"https:\/\/zszastavka.cz\/index.php?rest_route=%2Fwp%2Fv2%2Fmedia&parent=4231"}],"curies":[{"name":"wp","href":"https:\/\/api.w.org\/{rel}","templated":true}]}}