{"id":363,"date":"2020-04-28T20:25:36","date_gmt":"2020-04-28T18:25:36","guid":{"rendered":"https:\/\/wp.zszastavka.cz\/?page_id=363"},"modified":"2025-04-30T09:36:58","modified_gmt":"2025-04-30T07:36:58","slug":"odkazy","status":"publish","type":"page","link":"https:\/\/zszastavka.cz\/?page_id=363","title":{"rendered":"Odkazy"},"content":{"rendered":"<div id=\"pl-363\"  class=\"panel-layout\" ><div id=\"pg-363-0\"  class=\"panel-grid panel-no-style\" ><div id=\"pgc-363-0-0\"  class=\"panel-grid-cell\" ><div id=\"panel-363-0-0-0\" class=\"so-panel widget widget_sow-editor panel-first-child panel-last-child\" data-index=\"0\" ><div\n\t\t\t\n\t\t\tclass=\"so-widget-sow-editor so-widget-sow-editor-base\"\n\t\t\t\n\t\t>\n<div class=\"siteorigin-widget-tinymce textwidget\">\n\t<h4>Spolupracujeme:<\/h4>\n<\/div>\n<\/div><\/div><\/div><div id=\"pgc-363-0-1\"  class=\"panel-grid-cell\" ><div id=\"panel-363-0-1-0\" class=\"so-panel widget widget_sow-button panel-first-child panel-last-child\" data-index=\"1\" ><div\n\t\t\t\n\t\t\tclass=\"so-widget-sow-button so-widget-sow-button-wire-be17bef34c92-363\"\n\t\t\t\n\t\t><div class=\"ow-button-base ow-button-align-center\"\n>\n\t\t\t<a\n\t\t\t\t\thref=\"http:\/\/www.zastavka.cz\"\n\t\t\t\t\tclass=\"sowb-button ow-icon-placement-left ow-button-hover\" target=\"_blank\" rel=\"noopener noreferrer\" \t>\n\t\t<span>\n\t\t\t\t\t\t\t<div class=\"sow-icon-image\" style=\"background-image: url(https:\/\/zszastavka.cz\/wp-content\/uploads\/2020\/07\/zastavka-150x150.jpg)\"><\/div>\n\t\t\t\t\n\t\t\tobec Zast\u00e1vka\t\t<\/span>\n\t\t\t<\/a>\n\t<\/div>\n<\/div><\/div><\/div><div id=\"pgc-363-0-2\"  class=\"panel-grid-cell\" ><div id=\"panel-363-0-2-0\" class=\"so-panel widget widget_sow-button panel-first-child panel-last-child\" data-index=\"2\" ><div\n\t\t\t\n\t\t\tclass=\"so-widget-sow-button so-widget-sow-button-wire-91b50669a080-363\"\n\t\t\t\n\t\t><div class=\"ow-button-base ow-button-align-center\"\n>\n\t\t\t<a\n\t\t\t\t\thref=\"http:\/\/www.ddmzastavka.cz\"\n\t\t\t\t\tclass=\"sowb-button ow-icon-placement-left ow-button-hover\" target=\"_blank\" rel=\"noopener noreferrer\" \t>\n\t\t<span>\n\t\t\t\t\t\t\t<div class=\"sow-icon-image\" style=\"background-image: url(https:\/\/zszastavka.cz\/wp-content\/uploads\/2020\/07\/ddm-150x150.png)\"><\/div>\n\t\t\t\t\n\t\t\tDDM Zast\u00e1vka\t\t<\/span>\n\t\t\t<\/a>\n\t<\/div>\n<\/div><\/div><\/div><div id=\"pgc-363-0-3\"  class=\"panel-grid-cell\" ><div id=\"panel-363-0-3-0\" class=\"so-panel widget widget_sow-button panel-first-child panel-last-child\" data-index=\"3\" ><div\n\t\t\t\n\t\t\tclass=\"so-widget-sow-button so-widget-sow-button-wire-ddfc18db71d7-363\"\n\t\t\t\n\t\t><div class=\"ow-button-base ow-button-align-center\"\n>\n\t\t\t<a\n\t\t\t\t\thref=\"http:\/\/www.riczastavka.cz\"\n\t\t\t\t\tclass=\"sowb-button ow-icon-placement-left ow-button-hover\" target=\"_blank\" rel=\"noopener noreferrer\" \t>\n\t\t<span>\n\t\t\t\t\t\t\t<div class=\"sow-icon-image\" style=\"background-image: url(https:\/\/zszastavka.cz\/wp-content\/uploads\/2020\/07\/RIC-150x150.png)\"><\/div>\n\t\t\t\t\n\t\t\tRIC Zast\u00e1vka\t\t<\/span>\n\t\t\t<\/a>\n\t<\/div>\n<\/div><\/div><\/div><\/div><div id=\"pg-363-1\"  class=\"panel-grid panel-no-style\" ><div id=\"pgc-363-1-0\"  class=\"panel-grid-cell\" ><div id=\"panel-363-1-0-0\" class=\"so-panel widget widget_sow-editor panel-first-child panel-last-child\" data-index=\"4\" ><div\n\t\t\t\n\t\t\tclass=\"so-widget-sow-editor so-widget-sow-editor-base\"\n\t\t\t\n\t\t>\n<div class=\"siteorigin-widget-tinymce textwidget\">\n\t<div>\n<div id=\"imCell_5\" class=\"imGrid[0, 0]\">\n<div id=\"imCellStyle_5\">\n<div id=\"imTextObject_5\">\n<h4 style=\"text-align: left;\"><span class=\"fs20\"><span class=\"ff0 cf0\">IS Bakal\u00e1\u0159i (webov\u00e1 aplikace)<b><br \/>\n<\/b><\/span><\/span><\/h4>\n<\/div>\n<\/div>\n<\/div>\n<\/div>\n<div style=\"text-align: left;\">\n<div>\n<div><a style=\"background-color: #ffffff;\" href=\"https:\/\/zszastavka.bakalari.cz\" target=\"_blank\" rel=\"noopener noreferrer\"><img loading=\"lazy\" decoding=\"async\" class=\"alignleft wp-image-587\" src=\"https:\/\/wp.zszastavka.cz\/wp-content\/uploads\/2020\/05\/bakalari.png\" alt=\"\" width=\"50\" height=\"50\" srcset=\"https:\/\/zszastavka.cz\/wp-content\/uploads\/2020\/05\/bakalari.png 246w, https:\/\/zszastavka.cz\/wp-content\/uploads\/2020\/05\/bakalari-150x150.png 150w\" sizes=\"auto, (max-width: 50px) 100vw, 50px\" \/><\/a><\/div>\n<\/div>\n<\/div>\n<div style=\"text-align: left;\">\n<div>\n<div>Aplikace <a class=\"imCssLink\" style=\"background-color: #ffffff;\" href=\"https:\/\/play.google.com\/store\/apps\/details?id=cz.bakalari.mobile&amp;hl=cs\" target=\"_blank\" rel=\"noopener noreferrer\">Bakal\u00e1\u0159i pro mobiln\u00ed za\u0159\u00edzen\u00ed<\/a> ke sta\u017een\u00ed na Google Play (Android) nebo <a href=\"https:\/\/apps.apple.com\/cz\/app\/bakal%C3%A1%C5%99i-online\/id1459368580\" target=\"_blank\" rel=\"noopener noreferrer\">pro iOS<\/a> na App Store.<\/div>\n<\/div>\n<div>\n<div>\n<hr \/>\n<\/div>\n<div>\n<div>\n<div id=\"imCell_2\" class=\"imGrid[4, 4]\">\n<h4 id=\"imCellStyle_2\">GOOGLE U\u010cEBNA<\/h4>\n<\/div>\n<\/div>\n<\/div>\n<div>\n<div id=\"imCell_3\" class=\"imGrid[5, 5]\">\n<div id=\"imCellStyle_3\">\n<div id=\"imTextObject_3\">\n<p><a href=\"https:\/\/classroom.google.com\" target=\"_blank\" rel=\"noopener noreferrer\"><img loading=\"lazy\" decoding=\"async\" class=\"wp-image-5405 alignleft\" src=\"https:\/\/zszastavka.cz\/wp-content\/uploads\/2020\/10\/classroom-300x300.png\" alt=\"\" width=\"50\" height=\"50\" srcset=\"https:\/\/zszastavka.cz\/wp-content\/uploads\/2020\/10\/classroom-300x300.png 300w, https:\/\/zszastavka.cz\/wp-content\/uploads\/2020\/10\/classroom-150x150.png 150w, https:\/\/zszastavka.cz\/wp-content\/uploads\/2020\/10\/classroom.png 512w\" sizes=\"auto, (max-width: 50px) 100vw, 50px\" \/><\/a><span class=\"fs20\"><span class=\"ff0 cf0\">Nov\u00fd \u0161koln\u00ed prostor pro on-line v\u00fduku <a href=\"https:\/\/classroom.google.com\" target=\"_blank\" rel=\"noopener noreferrer\"><b>Google U\u010debna<\/b><\/a> naleznete v\u00a0odkazu obr\u00e1zku.<\/span><\/span><\/p>\n<hr \/>\n<\/div>\n<\/div>\n<\/div>\n<\/div>\n<h4>Intranet \u0161koly<\/h4>\n<p><a href=\"https:\/\/sites.google.com\/zszastavka.cz\/intranet\" target=\"_blank\" rel=\"noopener noreferrer\"><img loading=\"lazy\" decoding=\"async\" class=\"alignleft wp-image-589\" src=\"https:\/\/wp.zszastavka.cz\/wp-content\/uploads\/2020\/05\/sites-300x300.jpg\" alt=\"\" width=\"50\" height=\"50\" srcset=\"https:\/\/zszastavka.cz\/wp-content\/uploads\/2020\/05\/sites-300x300.jpg 300w, https:\/\/zszastavka.cz\/wp-content\/uploads\/2020\/05\/sites-150x150.jpg 150w, https:\/\/zszastavka.cz\/wp-content\/uploads\/2020\/05\/sites.jpg 660w\" sizes=\"auto, (max-width: 50px) 100vw, 50px\" \/><\/a>Pro vstup do <b>Intranetu \u0161koly<\/b> mus\u00edte b\u00fdt p\u0159ihl\u00e1\u0161en ve \u0161koln\u00ed dom\u00e9n\u011b.<\/p>\n<\/div>\n<\/div>\n<div style=\"text-align: left;\">\n<div>\n<hr \/>\n<\/div>\n<div>\n<div id=\"imCell_2\" class=\"imGrid[4, 4]\"><\/div>\n<\/div>\n<\/div>\n<div>\n<div>\n<div style=\"text-align: left;\"><\/div>\n<\/div>\n<\/div>\n<\/div>\n<\/div><\/div><\/div><\/div><div id=\"pg-363-2\"  class=\"panel-grid panel-no-style\" ><div id=\"pgc-363-2-0\"  class=\"panel-grid-cell\" ><div id=\"panel-363-2-0-0\" class=\"so-panel widget widget_sow-image panel-first-child panel-last-child\" data-index=\"5\" ><div\n\t\t\t\n\t\t\tclass=\"so-widget-sow-image so-widget-sow-image-default-8b6c18ef9a0d-363\"\n\t\t\t\n\t\t>\n<div class=\"sow-image-container\">\n\t\t<img \n\tsrc=\"https:\/\/zszastavka.cz\/wp-content\/uploads\/2024\/05\/weby.jpg\" width=\"600\" height=\"800\" srcset=\"https:\/\/zszastavka.cz\/wp-content\/uploads\/2024\/05\/weby.jpg 914w, https:\/\/zszastavka.cz\/wp-content\/uploads\/2024\/05\/weby-768x1076.jpg 768w\" sizes=\"(max-width: 571px) 100vw, 571px\" alt=\"\" \t\tclass=\"so-widget-image\"\/>\n\t<\/div>\n\n<\/div><\/div><\/div><div id=\"pgc-363-2-1\"  class=\"panel-grid-cell\" ><div id=\"panel-363-2-1-0\" class=\"so-panel widget widget_sow-editor panel-first-child panel-last-child\" data-index=\"6\" ><div\n\t\t\t\n\t\t\tclass=\"so-widget-sow-editor so-widget-sow-editor-base\"\n\t\t\t\n\t\t>\n<div class=\"siteorigin-widget-tinymce textwidget\">\n\t<p><strong>Ve\u0159ejn\u00e9<\/strong><\/p>\n<p><strong><a href=\"http:\/\/www.alik.cz\" target=\"_blank\" rel=\"noopener noreferrer\">Internet pro d\u011bti<\/a><\/strong><br \/>\n<strong><a href=\"http:\/\/www.msmt.cz\" target=\"_blank\" rel=\"noopener noreferrer\">Ministerstvo \u0161kolstv\u00ed, ml\u00e1de\u017ee a t\u011blov\u00fdchovy<\/a><br \/>\n<a href=\"http:\/\/www.edu.cz\" target=\"_blank\" rel=\"noopener\">Metodick\u00fd port\u00e1l M\u0160MT<\/a><br \/>\n<\/strong><strong><a href=\"http:\/\/www.jmskoly.cz\" target=\"_blank\" rel=\"noopener noreferrer\">Port\u00e1l JmK<\/a><\/strong><\/p>\n<p><strong>\u010c\u0160I<\/strong><\/p>\n<p><strong><a href=\"http:\/\/set.csicr.cz\/\" target=\"_blank\" rel=\"noopener noreferrer\">\u0160koln\u00ed testov\u00e1n\u00ed na webu \u010c\u0160I<\/a><br \/>\n<a href=\"https:\/\/set.csicr.cz\/webtestapp\/\" target=\"_blank\" rel=\"noopener\">Testov\u00e1n\u00ed \u010c\u0160I<\/a><br \/>\n<\/strong><a href=\"http:\/\/inspis.csicr.cz\/anketa\" target=\"_blank\" rel=\"noopener\"><strong><span style=\"color: #0000ff;\"><span style=\"color: #999999;\">Anketa \u2013 autoevaluace<\/span><\/span><\/strong><\/a><\/p>\n<p><strong>SELFIE digi<br \/>\n<\/strong><\/p>\n<p><strong><span style=\"color: #3366ff;\"><a style=\"color: #3366ff;\" href=\"https:\/\/schools-go-digital.jrc.ec.europa.eu\/self-assessment?s=1xpYnE6&amp;lang=cs\">Pro \u017e\u00e1ky<\/a><\/span><\/strong><\/p>\n<\/div>\n<\/div><\/div><\/div><\/div><\/div>","protected":false},"excerpt":{"rendered":"<p>Spolupracujeme: IS Bakal\u00e1\u0159i (webov\u00e1 aplikace) Aplikace Bakal\u00e1\u0159i pro mobiln\u00ed za\u0159\u00edzen\u00ed ke sta\u017een\u00ed na Google Play (Android) nebo pro iOS na App Store. GOOGLE U\u010cEBNA Nov\u00fd \u0161koln\u00ed prostor pro on-line v\u00fduku Google U\u010debna naleznete v\u00a0odkazu obr\u00e1zku. Intranet \u0161koly Pro vstup do Intranetu \u0161koly mus\u00edte b\u00fdt p\u0159ihl\u00e1\u0161en ve \u0161koln\u00ed dom\u00e9n\u011b.<\/p>\n","protected":false},"author":1,"featured_media":0,"parent":0,"menu_order":40,"comment_status":"closed","ping_status":"closed","template":"","meta":{"footnotes":""},"class_list":["post-363","page","type-page","status-publish","hentry"],"_links":{"self":[{"href":"https:\/\/zszastavka.cz\/index.php?rest_route=\/wp\/v2\/pages\/363","targetHints":{"allow":["GET"]}}],"collection":[{"href":"https:\/\/zszastavka.cz\/index.php?rest_route=\/wp\/v2\/pages"}],"about":[{"href":"https:\/\/zszastavka.cz\/index.php?rest_route=\/wp\/v2\/types\/page"}],"author":[{"embeddable":true,"href":"https:\/\/zszastavka.cz\/index.php?rest_route=\/wp\/v2\/users\/1"}],"replies":[{"embeddable":true,"href":"https:\/\/zszastavka.cz\/index.php?rest_route=%2Fwp%2Fv2%2Fcomments&post=363"}],"version-history":[{"count":22,"href":"https:\/\/zszastavka.cz\/index.php?rest_route=\/wp\/v2\/pages\/363\/revisions"}],"predecessor-version":[{"id":23794,"href":"https:\/\/zszastavka.cz\/index.php?rest_route=\/wp\/v2\/pages\/363\/revisions\/23794"}],"wp:attachment":[{"href":"https:\/\/zszastavka.cz\/index.php?rest_route=%2Fwp%2Fv2%2Fmedia&parent=363"}],"curies":[{"name":"wp","href":"https:\/\/api.w.org\/{rel}","templated":true}]}}