{"id":303,"date":"2020-04-27T11:44:00","date_gmt":"2020-04-27T09:44:00","guid":{"rendered":"https:\/\/wp.zszastavka.cz\/?page_id=303"},"modified":"2020-04-28T21:35:06","modified_gmt":"2020-04-28T19:35:06","slug":"prohlaseni-o-pristupnosti","status":"publish","type":"page","link":"https:\/\/zszastavka.cz\/?page_id=303","title":{"rendered":"Prohl\u00e1\u0161en\u00ed o p\u0159\u00edstupnosti"},"content":{"rendered":"<p>Z\u00e1kladn\u00ed \u0161kola a Mate\u0159sk\u00e1 \u0161kola T. G. Masaryka se zavazuje k zp\u0159\u00edstupn\u011bn\u00ed sv\u00fdch webov\u00fdch str\u00e1nek v souladu se z\u00e1konem \u010d. 99\/2019 Sb., o p\u0159\u00edstupnosti internetov\u00fdch str\u00e1nek a mobiln\u00edch aplikac\u00ed a o zm\u011bn\u011b z\u00e1kona \u010d. 365\/2000 Sb., o informa\u010dn\u00edch syst\u00e9mech ve\u0159ejn\u00e9 spr\u00e1vy a o zm\u011bn\u011b n\u011bkter\u00fdch dal\u0161\u00edch z\u00e1kon\u016f, ve zn\u011bn\u00ed pozd\u011bj\u0161\u00edch p\u0159edpis\u016f.<\/p>\n<p>Toto prohl\u00e1\u0161en\u00ed o p\u0159\u00edstupnosti se vztahuje na povinn\u011b zve\u0159ej\u0148ovan\u00fd obsah webov\u00fdch str\u00e1nek \u0161koly dostupn\u00e9 na adrese: www.zszastavka.cz dle jin\u00e9ho pr\u00e1vn\u00edho p\u0159edpisu v r\u00e1mci v\u00fdkonu p\u016fsobnosti v oblasti ve\u0159ejn\u00e9 spr\u00e1vy na \u00faseku \u0161kolstv\u00ed, v\u011bdy, v\u00fdzkumu, v\u00fdvoje, inovac\u00ed, jin\u00e9 tv\u016fr\u010d\u00ed \u010dinnosti a p\u00e9\u010de o d\u011bti a ml\u00e1de\u017e nebo podle z\u00e1kona o svobodn\u00e9m p\u0159\u00edstupu k informac\u00edm.<\/p>\n<h3><strong>Stav souladu<\/strong><\/h3>\n<p>Tyto webov\u00e9 str\u00e1nky jsou pln\u011b v souladu se z\u00e1konem \u010d. 99\/2019 Sb., o p\u0159\u00edstupnosti internetov\u00fdch str\u00e1nek a mobiln\u00edch aplikac\u00ed a o zm\u011bn\u011b z\u00e1kona \u010d. 365\/2000 Sb., o informa\u010dn\u00edch syst\u00e9mech ve\u0159ejn\u00e9 spr\u00e1vy a o zm\u011bn\u011b n\u011bkter\u00fdch dal\u0161\u00edch z\u00e1kon\u016f, ve zn\u011bn\u00ed pozd\u011bj\u0161\u00edch p\u0159edpis\u016f co se t\u00fd\u010de obsahu povinn\u011b zve\u0159ej\u0148ovan\u00e9ho dle jin\u00e9ho pr\u00e1vn\u00edho p\u0159edpisu v r\u00e1mci v\u00fdkonu p\u016fsobnosti v oblasti ve\u0159ejn\u00e9 spr\u00e1vy na \u00faseku \u0161kolstv\u00ed, v\u011bdy, v\u00fdzkumu, v\u00fdvoje, inovac\u00ed, jin\u00e9 tv\u016fr\u010d\u00ed \u010dinnosti a p\u00e9\u010de o d\u011bti a ml\u00e1de\u017e nebo podle z\u00e1kona o svobodn\u00e9m p\u0159\u00edstupu k informac\u00edm.<\/p>\n<h5><strong>Informace prezentovan\u00e9 v jin\u00fdch form\u00e1tech<\/strong><\/h5>\n<p>Na tomto webu jsou n\u011bkter\u00e9 informace dostupn\u00e9 v jin\u00e9 ne\u017e textov\u00e9 \u010di hypertextov\u00e9 podob\u011b. Odkazy vedouc\u00ed na tyto soubory jsou v textu vyzna\u010deny p\u0159\u00edslu\u0161nou ikonou upozor\u0148uj\u00edc\u00ed na jin\u00fd obsah c\u00edlov\u00e9ho odkazu.<\/p>\n<p>Dokumenty se mohou vyskytnout v t\u011bchto form\u00e1tech:<br \/><strong>PDF<\/strong> \u2013 pro tento form\u00e1t je voln\u011b ke sta\u017een\u00ed prohl\u00ed\u017ee\u010d Adobe Acrobat Reader<br \/><strong>DOC, DOCX, XLS, XLSX, PPT, PPTX<\/strong> \u2013 spole\u010dnost Microsoft poskytuje ke sv\u00fdm produkt\u016fm \u0159ady Office voln\u011b <a href=\"https:\/\/support.microsoft.com\/cs-cz\/help\/979860\/supported-versions-of-the-office-viewers\" target=\"_blank\" rel=\"noopener noreferrer\">ke sta\u017een\u00ed prohl\u00ed\u017ee\u010de<\/a><br \/><strong>JPG, JPEG <\/strong>\u2013 b\u011b\u017en\u00fd kompresn\u00ed form\u00e1t souboru pro ukl\u00e1d\u00e1n\u00ed po\u010d\u00edta\u010dov\u00fdch obr\u00e1zk\u016f<br \/><strong>RTF<\/strong> \u2013 dok\u00e1\u017ee zobrazit a editovat v\u011bt\u0161ina b\u011b\u017en\u011b pou\u017e\u00edvan\u00fdch textov\u00fdch editor\u016f<br \/><strong>ZIP<\/strong> \u2013 n\u011bkter\u00e9 dokumenty mohou b\u00fdt z d\u016fvodu velikosti komprimov\u00e1ny. Na internetu je velk\u00e9 mno\u017estv\u00ed program\u016f, kter\u00e9 dok\u00e1\u017eou tento form\u00e1t dekomprimovat.<\/p>\n<h3><strong>Postupy pro prosazov\u00e1n\u00ed pr\u00e1va<\/strong><\/h3>\n<p>V p\u0159\u00edpad\u011b, \u017ee V\u00e1m nebyla poskytnuta odpov\u011b\u010f nebo poskytnut\u00e1 odpov\u011b\u010f je neadekv\u00e1tn\u00ed \u010di neuspokojiv\u00e1 v souvislosti s Va\u0161\u00ed \u017e\u00e1dost\u00ed \u010di ozn\u00e1men\u00edm ohledn\u011b p\u0159\u00edstupnosti internetov\u00fdch str\u00e1nek nebo webov\u00e9 aplikace, kontaktujte p\u0159\u00edslu\u0161n\u00fd org\u00e1n pro prosazov\u00e1n\u00ed pr\u00e1va:<\/p>\n<p>Ministerstvo vnitra<br \/>odbor eGovernmentu<br \/>n\u00e1m\u011bst\u00ed Hrdin\u016f 1634\/3<br \/>140 21 Praha 4<br \/>e-mail: <a href=\"mailto:pristupnost@mvcr.cz\">pristupnost@mvcr.cz<\/a><\/p>\n<h3><strong>Kontakt na spr\u00e1vce webu<\/strong><\/h3>\n<p>Va\u0161e n\u00e1m\u011bty, post\u0159ehy \u010di informace o probl\u00e9mech, na kter\u00e9 naraz\u00edte p\u0159i pou\u017e\u00edv\u00e1n\u00ed tohoto webu m\u016f\u017eete poslat na adresu technick\u00e9ho spr\u00e1vce serveru \u2013 <a href=\"mailto:admin@zszastavka.cz\">admin@zszastavka.cz<\/a><\/p>\n\n\n<p><\/p>\n","protected":false},"excerpt":{"rendered":"<p>Z\u00e1kladn\u00ed \u0161kola a Mate\u0159sk\u00e1 \u0161kola T. G. Masaryka se zavazuje k zp\u0159\u00edstupn\u011bn\u00ed sv\u00fdch webov\u00fdch str\u00e1nek v souladu se z\u00e1konem \u010d. 99\/2019 Sb., o p\u0159\u00edstupnosti internetov\u00fdch str\u00e1nek a mobiln\u00edch aplikac\u00ed a o zm\u011bn\u011b z\u00e1kona \u010d. 365\/2000 Sb., o informa\u010dn\u00edch syst\u00e9mech ve\u0159ejn\u00e9 spr\u00e1vy a o zm\u011bn\u011b n\u011bkter\u00fdch dal\u0161\u00edch z\u00e1kon\u016f, ve zn\u011bn\u00ed pozd\u011bj\u0161\u00edch p\u0159edpis\u016f. Toto prohl\u00e1\u0161en\u00ed o p\u0159\u00edstupnosti&hellip;<\/p>\n","protected":false},"author":1,"featured_media":0,"parent":0,"menu_order":11,"comment_status":"closed","ping_status":"closed","template":"","meta":{"footnotes":""},"class_list":["post-303","page","type-page","status-publish","hentry"],"_links":{"self":[{"href":"https:\/\/zszastavka.cz\/index.php?rest_route=\/wp\/v2\/pages\/303","targetHints":{"allow":["GET"]}}],"collection":[{"href":"https:\/\/zszastavka.cz\/index.php?rest_route=\/wp\/v2\/pages"}],"about":[{"href":"https:\/\/zszastavka.cz\/index.php?rest_route=\/wp\/v2\/types\/page"}],"author":[{"embeddable":true,"href":"https:\/\/zszastavka.cz\/index.php?rest_route=\/wp\/v2\/users\/1"}],"replies":[{"embeddable":true,"href":"https:\/\/zszastavka.cz\/index.php?rest_route=%2Fwp%2Fv2%2Fcomments&post=303"}],"version-history":[{"count":0,"href":"https:\/\/zszastavka.cz\/index.php?rest_route=\/wp\/v2\/pages\/303\/revisions"}],"wp:attachment":[{"href":"https:\/\/zszastavka.cz\/index.php?rest_route=%2Fwp%2Fv2%2Fmedia&parent=303"}],"curies":[{"name":"wp","href":"https:\/\/api.w.org\/{rel}","templated":true}]}}