{"id":3019,"date":"2020-05-07T11:19:59","date_gmt":"2020-05-07T09:19:59","guid":{"rendered":"https:\/\/wp.zszastavka.cz\/?page_id=3019"},"modified":"2026-04-28T11:41:44","modified_gmt":"2026-04-28T09:41:44","slug":"dokumentace-skoly","status":"publish","type":"page","link":"https:\/\/zszastavka.cz\/?page_id=3019","title":{"rendered":"Dokumentace \u0161koly"},"content":{"rendered":"\n<h3 class=\"wp-block-heading has-text-color\" id=\"souhrn-vsech-zakladnich-zverejnenych-dokumentu-skoly\" style=\"color:#739008\">Souhrn v\u0161ech z\u00e1kladn\u00edch zve\u0159ejn\u011bn\u00fdch dokument\u016f \u0161koly<\/h3>\n\n\n\n<p>\u0160koln\u00ed vzd\u011bl\u00e1vac\u00ed program, \u0161koln\u00ed \u0159\u00e1dy, rozhodnut\u00ed \u0159editele \u0161koly, krit\u00e9ria pro p\u0159ij\u00edm\u00e1n\u00ed d\u011bt\u00ed a \u017e\u00e1k\u016f, metodick\u00e9 dokumenty, rozpo\u010det a rozpo\u010dtov\u00e1 opat\u0159en\u00ed a dal\u0161\u00ed dokumenty \u0161koly:<\/p>\n","protected":false},"excerpt":{"rendered":"<p>Souhrn v\u0161ech z\u00e1kladn\u00edch zve\u0159ejn\u011bn\u00fdch dokument\u016f \u0161koly \u0160koln\u00ed vzd\u011bl\u00e1vac\u00ed program, \u0161koln\u00ed \u0159\u00e1dy, rozhodnut\u00ed \u0159editele \u0161koly, krit\u00e9ria pro p\u0159ij\u00edm\u00e1n\u00ed d\u011bt\u00ed a \u017e\u00e1k\u016f, metodick\u00e9 dokumenty, rozpo\u010det a rozpo\u010dtov\u00e1 opat\u0159en\u00ed a dal\u0161\u00ed dokumenty \u0161koly:<\/p>\n","protected":false},"author":1,"featured_media":0,"parent":747,"menu_order":4,"comment_status":"closed","ping_status":"closed","template":"","meta":{"footnotes":""},"class_list":["post-3019","page","type-page","status-publish","hentry"],"_links":{"self":[{"href":"https:\/\/zszastavka.cz\/index.php?rest_route=\/wp\/v2\/pages\/3019","targetHints":{"allow":["GET"]}}],"collection":[{"href":"https:\/\/zszastavka.cz\/index.php?rest_route=\/wp\/v2\/pages"}],"about":[{"href":"https:\/\/zszastavka.cz\/index.php?rest_route=\/wp\/v2\/types\/page"}],"author":[{"embeddable":true,"href":"https:\/\/zszastavka.cz\/index.php?rest_route=\/wp\/v2\/users\/1"}],"replies":[{"embeddable":true,"href":"https:\/\/zszastavka.cz\/index.php?rest_route=%2Fwp%2Fv2%2Fcomments&post=3019"}],"version-history":[{"count":3,"href":"https:\/\/zszastavka.cz\/index.php?rest_route=\/wp\/v2\/pages\/3019\/revisions"}],"predecessor-version":[{"id":14683,"href":"https:\/\/zszastavka.cz\/index.php?rest_route=\/wp\/v2\/pages\/3019\/revisions\/14683"}],"up":[{"embeddable":true,"href":"https:\/\/zszastavka.cz\/index.php?rest_route=\/wp\/v2\/pages\/747"}],"wp:attachment":[{"href":"https:\/\/zszastavka.cz\/index.php?rest_route=%2Fwp%2Fv2%2Fmedia&parent=3019"}],"curies":[{"name":"wp","href":"https:\/\/api.w.org\/{rel}","templated":true}]}}