{"id":2959,"date":"2020-05-03T23:01:31","date_gmt":"2020-05-03T21:01:31","guid":{"rendered":"https:\/\/wp.zszastavka.cz\/?page_id=2959"},"modified":"2022-02-14T09:19:51","modified_gmt":"2022-02-14T08:19:51","slug":"mimoradna-opatreni","status":"publish","type":"page","link":"https:\/\/zszastavka.cz\/?page_id=2959","title":{"rendered":"Mimo\u0159\u00e1dn\u00e1 opat\u0159en\u00ed"},"content":{"rendered":"<h3><span style=\"color: #dd3333;\">Informace k opat\u0159en\u00edm v souvislosti s pandemi\u00ed COVID-19<\/span><\/h3>\n\n\n<p>Souhrn dokument\u016f a rozhodnut\u00ed p\u0159ijat\u00fdch b\u011bhem mimo\u0159\u00e1dn\u00fdch opat\u0159en\u00ed souvisej\u00edc\u00edch s pandemi\u00ed (\u0159azeno chronologicky, nejnov\u011bj\u0161\u00ed naho\u0159e):<\/p>\n","protected":false},"excerpt":{"rendered":"<p>Informace k opat\u0159en\u00edm v souvislosti s pandemi\u00ed COVID-19 Souhrn dokument\u016f a rozhodnut\u00ed p\u0159ijat\u00fdch b\u011bhem mimo\u0159\u00e1dn\u00fdch opat\u0159en\u00ed souvisej\u00edc\u00edch s pandemi\u00ed (\u0159azeno chronologicky, nejnov\u011bj\u0161\u00ed naho\u0159e):<\/p>\n","protected":false},"author":1,"featured_media":0,"parent":747,"menu_order":9,"comment_status":"closed","ping_status":"closed","template":"","meta":{"footnotes":""},"class_list":["post-2959","page","type-page","status-publish","hentry"],"_links":{"self":[{"href":"https:\/\/zszastavka.cz\/index.php?rest_route=\/wp\/v2\/pages\/2959","targetHints":{"allow":["GET"]}}],"collection":[{"href":"https:\/\/zszastavka.cz\/index.php?rest_route=\/wp\/v2\/pages"}],"about":[{"href":"https:\/\/zszastavka.cz\/index.php?rest_route=\/wp\/v2\/types\/page"}],"author":[{"embeddable":true,"href":"https:\/\/zszastavka.cz\/index.php?rest_route=\/wp\/v2\/users\/1"}],"replies":[{"embeddable":true,"href":"https:\/\/zszastavka.cz\/index.php?rest_route=%2Fwp%2Fv2%2Fcomments&post=2959"}],"version-history":[{"count":1,"href":"https:\/\/zszastavka.cz\/index.php?rest_route=\/wp\/v2\/pages\/2959\/revisions"}],"predecessor-version":[{"id":8385,"href":"https:\/\/zszastavka.cz\/index.php?rest_route=\/wp\/v2\/pages\/2959\/revisions\/8385"}],"up":[{"embeddable":true,"href":"https:\/\/zszastavka.cz\/index.php?rest_route=\/wp\/v2\/pages\/747"}],"wp:attachment":[{"href":"https:\/\/zszastavka.cz\/index.php?rest_route=%2Fwp%2Fv2%2Fmedia&parent=2959"}],"curies":[{"name":"wp","href":"https:\/\/api.w.org\/{rel}","templated":true}]}}