{"id":25373,"date":"2026-01-16T12:20:34","date_gmt":"2026-01-16T11:20:34","guid":{"rendered":"https:\/\/zszastavka.cz\/?page_id=25373"},"modified":"2026-01-16T13:10:36","modified_gmt":"2026-01-16T12:10:36","slug":"fotogalerie-sd-2024-2025","status":"publish","type":"page","link":"https:\/\/zszastavka.cz\/?page_id=25373","title":{"rendered":"Fotogalerie \u0160D 2024\/2025"},"content":{"rendered":"\n<p class=\"has-black-color has-vivid-green-cyan-background-color has-text-color has-background\"><strong><a href=\"https:\/\/zszastavka.cz\/?page_id=26030\" data-type=\"page\" data-id=\"26030\">\u0160D Zelen\u00e1<\/a><\/strong><\/p>\n\n\n\n<p class=\"has-white-color has-vivid-red-background-color has-text-color has-background\"><strong><a href=\"https:\/\/zszastavka.cz\/?page_id=26088\" data-type=\"page\" data-id=\"26088\">\u0160D \u010cerven\u00e1<\/a><\/strong><\/p>\n\n\n\n<p class=\"has-black-color has-luminous-vivid-amber-background-color has-text-color has-background\"><strong><a href=\"https:\/\/zszastavka.cz\/?page_id=26238\" data-type=\"page\" data-id=\"26238\">\u0160D \u017dlut\u00e1<\/a><\/strong><\/p>\n\n\n\n<p class=\"has-white-color has-vivid-cyan-blue-background-color has-text-color has-background\"><strong><a href=\"https:\/\/zszastavka.cz\/?page_id=26126\" data-type=\"page\" data-id=\"26126\">\u0160D Modr\u00e1<\/a><\/strong><\/p>\n","protected":false},"excerpt":{"rendered":"<p>\u0160D Zelen\u00e1 \u0160D \u010cerven\u00e1 \u0160D \u017dlut\u00e1 \u0160D Modr\u00e1<\/p>\n","protected":false},"author":1,"featured_media":0,"parent":17583,"menu_order":1,"comment_status":"closed","ping_status":"closed","template":"","meta":{"footnotes":""},"class_list":["post-25373","page","type-page","status-publish","hentry"],"_links":{"self":[{"href":"https:\/\/zszastavka.cz\/index.php?rest_route=\/wp\/v2\/pages\/25373","targetHints":{"allow":["GET"]}}],"collection":[{"href":"https:\/\/zszastavka.cz\/index.php?rest_route=\/wp\/v2\/pages"}],"about":[{"href":"https:\/\/zszastavka.cz\/index.php?rest_route=\/wp\/v2\/types\/page"}],"author":[{"embeddable":true,"href":"https:\/\/zszastavka.cz\/index.php?rest_route=\/wp\/v2\/users\/1"}],"replies":[{"embeddable":true,"href":"https:\/\/zszastavka.cz\/index.php?rest_route=%2Fwp%2Fv2%2Fcomments&post=25373"}],"version-history":[{"count":5,"href":"https:\/\/zszastavka.cz\/index.php?rest_route=\/wp\/v2\/pages\/25373\/revisions"}],"predecessor-version":[{"id":26240,"href":"https:\/\/zszastavka.cz\/index.php?rest_route=\/wp\/v2\/pages\/25373\/revisions\/26240"}],"up":[{"embeddable":true,"href":"https:\/\/zszastavka.cz\/index.php?rest_route=\/wp\/v2\/pages\/17583"}],"wp:attachment":[{"href":"https:\/\/zszastavka.cz\/index.php?rest_route=%2Fwp%2Fv2%2Fmedia&parent=25373"}],"curies":[{"name":"wp","href":"https:\/\/api.w.org\/{rel}","templated":true}]}}