{"id":23994,"date":"2025-05-23T12:00:47","date_gmt":"2025-05-23T10:00:47","guid":{"rendered":"https:\/\/zszastavka.cz\/?page_id=23994"},"modified":"2025-05-23T12:01:04","modified_gmt":"2025-05-23T10:01:04","slug":"skolni-rok-2025-2026","status":"publish","type":"page","link":"https:\/\/zszastavka.cz\/?page_id=23994","title":{"rendered":"\u0160koln\u00ed rok 2025\/2026"},"content":{"rendered":"<div id=\"pl-23994\"  class=\"panel-layout\" ><div id=\"pg-23994-0\"  class=\"panel-grid panel-no-style\" ><div id=\"pgc-23994-0-0\"  class=\"panel-grid-cell\" ><div id=\"panel-23994-0-0-0\" class=\"so-panel widget widget_education_base_posts_col panel-first-child panel-last-child\" data-index=\"0\" >            <section id=\"education_base_posts_col-3\" class=\"acme-widgets acme-col-posts gray-bg\">\n                <div class=\"container\">\n                    <div class=\"main-title init-animate slideInUp1\"><h3 class=\"widget-title\">\u0160koln\u00ed rok 2025\/2026<\/h3><\/div>                    <div class=\"row\">\n                                                        <div class=\"blog-item-wrapper init-animate slideInUp1 col-sm-12 col-md-4\">\n                                    <article id=\"post-27044\" class=\"init-animate slideInUp1 post-27044 post type-post status-publish format-standard has-post-thumbnail hentry category-2025-2026 category-kalendar-akci category-novinky tag-vzdelavani tag-zs\">\n    <div class=\"content-wrapper\">\n                    <!--post thumbnal options-->\n            <div class=\"post-thumb\">\n                <a href=\"https:\/\/zszastavka.cz\/?p=27044\">\n                    <img loading=\"lazy\" decoding=\"async\" width=\"640\" height=\"450\" src=\"https:\/\/zszastavka.cz\/wp-content\/uploads\/2020\/05\/trida-1024x720.jpg\" class=\"attachment-large size-large wp-post-image\" alt=\"\" srcset=\"https:\/\/zszastavka.cz\/wp-content\/uploads\/2020\/05\/trida-1024x720.jpg 1024w, https:\/\/zszastavka.cz\/wp-content\/uploads\/2020\/05\/trida-340x240.jpg 340w\" sizes=\"auto, (max-width: 640px) 100vw, 640px\" \/>                <\/a>\n            <\/div><!-- .post-thumb-->\n                    <header class=\"entry-header \">\n            <div class=\"entry-meta\">\n                <a href=\"https:\/\/zszastavka.cz\/?p=27044\">\n                    <span class=\"day-month\">\n                        <span class=\"day\">\n                            11                        <\/span>\n                    <\/span>\n                    <span class=\"year\"><!--editing code? don't be confused it is actually month-->\n                        B\u0159e                    <\/span>\n                <\/a>\n            <\/div><!-- .entry-meta -->\n        <\/header><!-- .entry-header -->\n        <div class=\"entry-content\">\n            <div class=\"entry-header-title\">\n                <h2 class=\"entry-title\"><a href=\"https:\/\/zszastavka.cz\/?p=27044\" rel=\"bookmark\">T\u0159\u00eddn\u00ed sch\u016fzky \u2013 konzultace<\/a><\/h2>            <\/div>\n            <p>V\u00e1\u017een\u00ed z\u00e1konn\u00ed z\u00e1stupci,v\u00a0pond\u011bl\u00ed 20.\u00a0dubna 2026 prob\u011bhnou od 16.00 do 18.00 hodin v\u00a0na\u0161\u00ed \u0161kole t\u0159\u00eddn\u00ed sch\u016fzky.<\/p>\n                <a class=\"btn btn-primary\" href=\"https:\/\/zszastavka.cz\/?p=27044 \">\n                    \u010c\u00edst d\u00e1le                <\/a>\n                        <\/div><!-- .entry-content -->\n    <\/div>\n<\/article><!-- #post-## -->                                <\/div>\n                                                                <div class=\"blog-item-wrapper init-animate slideInUp1 col-sm-12 col-md-4 col-sm-12 col-md-4\">\n                                    <article id=\"post-27047\" class=\"init-animate slideInUp1 post-27047 post type-post status-publish format-standard has-post-thumbnail hentry category-2025-2026 category-novinky category-skolska-rada tag-sr tag-zs\">\n    <div class=\"content-wrapper\">\n                    <!--post thumbnal options-->\n            <div class=\"post-thumb\">\n                <a href=\"https:\/\/zszastavka.cz\/?p=27047\">\n                    <img loading=\"lazy\" decoding=\"async\" width=\"640\" height=\"405\" src=\"https:\/\/zszastavka.cz\/wp-content\/uploads\/2020\/04\/budovy006-1024x648.jpg\" class=\"attachment-large size-large wp-post-image\" alt=\"\" \/>                <\/a>\n            <\/div><!-- .post-thumb-->\n                    <header class=\"entry-header \">\n            <div class=\"entry-meta\">\n                <a href=\"https:\/\/zszastavka.cz\/?p=27047\">\n                    <span class=\"day-month\">\n                        <span class=\"day\">\n                            10                        <\/span>\n                    <\/span>\n                    <span class=\"year\"><!--editing code? don't be confused it is actually month-->\n                        B\u0159e                    <\/span>\n                <\/a>\n            <\/div><!-- .entry-meta -->\n        <\/header><!-- .entry-header -->\n        <div class=\"entry-content\">\n            <div class=\"entry-header-title\">\n                <h2 class=\"entry-title\"><a href=\"https:\/\/zszastavka.cz\/?p=27047\" rel=\"bookmark\">Jedn\u00e1n\u00ed \u0161kolsk\u00e9 rady<\/a><\/h2>            <\/div>\n            <p>V pond\u011bl\u00ed 9. b\u0159ezna 2026 jednala \u0161kolsk\u00e1 rada z\u00e1kladn\u00ed \u0161koly.<\/p>\n                <a class=\"btn btn-primary\" href=\"https:\/\/zszastavka.cz\/?p=27047 \">\n                    \u010c\u00edst d\u00e1le                <\/a>\n                        <\/div><!-- .entry-content -->\n    <\/div>\n<\/article><!-- #post-## -->                                <\/div>\n                                                                <div class=\"blog-item-wrapper init-animate slideInUp1 col-sm-12 col-md-4 col-sm-12 col-md-4 col-sm-12 col-md-4\">\n                                    <article id=\"post-26700\" class=\"init-animate slideInUp1 post-26700 post type-post status-publish format-standard has-post-thumbnail hentry category-2025-2026 category-novinky category-uredni-deska tag-uredni-deska tag-vzdelavani tag-zs\">\n    <div class=\"content-wrapper\">\n                    <!--post thumbnal options-->\n            <div class=\"post-thumb\">\n                <a href=\"https:\/\/zszastavka.cz\/?p=26700\">\n                    <img loading=\"lazy\" decoding=\"async\" width=\"640\" height=\"405\" src=\"https:\/\/zszastavka.cz\/wp-content\/uploads\/2020\/04\/budovy006-1024x648.jpg\" class=\"attachment-large size-large wp-post-image\" alt=\"\" \/>                <\/a>\n            <\/div><!-- .post-thumb-->\n                    <header class=\"entry-header \">\n            <div class=\"entry-meta\">\n                <a href=\"https:\/\/zszastavka.cz\/?p=26700\">\n                    <span class=\"day-month\">\n                        <span class=\"day\">\n                            27                        <\/span>\n                    <\/span>\n                    <span class=\"year\"><!--editing code? don't be confused it is actually month-->\n                        \u00dano                    <\/span>\n                <\/a>\n            <\/div><!-- .entry-meta -->\n        <\/header><!-- .entry-header -->\n        <div class=\"entry-content\">\n            <div class=\"entry-header-title\">\n                <h2 class=\"entry-title\"><a href=\"https:\/\/zszastavka.cz\/?p=26700\" rel=\"bookmark\">P\u0159ijet\u00ed k z\u00e1kladn\u00edmu vzd\u011bl\u00e1v\u00e1n\u00ed<\/a><\/h2>            <\/div>\n            <p>Rozhodnut\u00ed \u0159editele \u0161koly o p\u0159ijet\u00ed d\u011bt\u00ed k z\u00e1kladn\u00edmu vzd\u011bl\u00e1v\u00e1n\u00ed v z\u00e1kladn\u00ed \u0161kole, jej\u00ed\u017e \u010dinnost vykon\u00e1v\u00e1 Z\u00e1kladn\u00ed \u0161kola a\u00a0Mate\u0159sk\u00e1 \u0161kola T. G. Masaryka Zast\u00e1vka, p\u0159\u00edsp\u011bvkov\u00e1 organizace (viz dokument ke sta\u017een\u00ed n\u00ed\u017ee).<\/p>\n                <a class=\"btn btn-primary\" href=\"https:\/\/zszastavka.cz\/?p=26700 \">\n                    \u010c\u00edst d\u00e1le                <\/a>\n                        <\/div><!-- .entry-content -->\n    <\/div>\n<\/article><!-- #post-## -->                                <\/div>\n                                <div class='clearfix'><\/div>                                <div class=\"blog-item-wrapper init-animate slideInUp1 col-sm-12 col-md-4 col-sm-12 col-md-4 col-sm-12 col-md-4 col-sm-12 col-md-4\">\n                                    <article id=\"post-26669\" class=\"init-animate slideInUp1 post-26669 post type-post status-publish format-standard has-post-thumbnail hentry category-2025-2026 category-kalendar-akci category-novinky tag-ms tag-zs\">\n    <div class=\"content-wrapper\">\n                    <!--post thumbnal options-->\n            <div class=\"post-thumb\">\n                <a href=\"https:\/\/zszastavka.cz\/?p=26669\">\n                    <img loading=\"lazy\" decoding=\"async\" width=\"640\" height=\"487\" src=\"https:\/\/zszastavka.cz\/wp-content\/uploads\/2021\/01\/zima-1024x779.jpg\" class=\"attachment-large size-large wp-post-image\" alt=\"\" \/>                <\/a>\n            <\/div><!-- .post-thumb-->\n                    <header class=\"entry-header \">\n            <div class=\"entry-meta\">\n                <a href=\"https:\/\/zszastavka.cz\/?p=26669\">\n                    <span class=\"day-month\">\n                        <span class=\"day\">\n                            11                        <\/span>\n                    <\/span>\n                    <span class=\"year\"><!--editing code? don't be confused it is actually month-->\n                        \u00dano                    <\/span>\n                <\/a>\n            <\/div><!-- .entry-meta -->\n        <\/header><!-- .entry-header -->\n        <div class=\"entry-content\">\n            <div class=\"entry-header-title\">\n                <h2 class=\"entry-title\"><a href=\"https:\/\/zszastavka.cz\/?p=26669\" rel=\"bookmark\">Jarn\u00ed pr\u00e1zdniny<\/a><\/h2>            <\/div>\n            <p>Od pond\u011bl\u00ed 16.\u00a0\u00fanora do p\u00e1tku 20.\u00a0\u00fanora 2026 maj\u00ed \u017e\u00e1ci jarn\u00ed pr\u00e1zdniny. Ve \u0161kole se op\u011bt setk\u00e1me v pond\u011bl\u00ed 23.\u00a0\u00fanora 2026.<\/p>\n                <a class=\"btn btn-primary\" href=\"https:\/\/zszastavka.cz\/?p=26669 \">\n                    \u010c\u00edst d\u00e1le                <\/a>\n                        <\/div><!-- .entry-content -->\n    <\/div>\n<\/article><!-- #post-## -->                                <\/div>\n                                                                <div class=\"blog-item-wrapper init-animate slideInUp1 col-sm-12 col-md-4 col-sm-12 col-md-4 col-sm-12 col-md-4 col-sm-12 col-md-4 col-sm-12 col-md-4\">\n                                    <article id=\"post-26675\" class=\"init-animate slideInUp1 post-26675 post type-post status-publish format-standard has-post-thumbnail hentry category-2025-2026 category-novinky category-uredni-deska tag-kalendar tag-ms\">\n    <div class=\"content-wrapper\">\n                    <!--post thumbnal options-->\n            <div class=\"post-thumb\">\n                <a href=\"https:\/\/zszastavka.cz\/?p=26675\">\n                    <img loading=\"lazy\" decoding=\"async\" width=\"640\" height=\"640\" src=\"https:\/\/zszastavka.cz\/wp-content\/uploads\/2020\/05\/msha3-1024x1024.jpg\" class=\"attachment-large size-large wp-post-image\" alt=\"\" srcset=\"https:\/\/zszastavka.cz\/wp-content\/uploads\/2020\/05\/msha3-1024x1024.jpg 1024w, https:\/\/zszastavka.cz\/wp-content\/uploads\/2020\/05\/msha3-300x300.jpg 300w, https:\/\/zszastavka.cz\/wp-content\/uploads\/2020\/05\/msha3-150x150.jpg 150w\" sizes=\"auto, (max-width: 640px) 100vw, 640px\" \/>                <\/a>\n            <\/div><!-- .post-thumb-->\n                    <header class=\"entry-header \">\n            <div class=\"entry-meta\">\n                <a href=\"https:\/\/zszastavka.cz\/?p=26675\">\n                    <span class=\"day-month\">\n                        <span class=\"day\">\n                            10                        <\/span>\n                    <\/span>\n                    <span class=\"year\"><!--editing code? don't be confused it is actually month-->\n                        \u00dano                    <\/span>\n                <\/a>\n            <\/div><!-- .entry-meta -->\n        <\/header><!-- .entry-header -->\n        <div class=\"entry-content\">\n            <div class=\"entry-header-title\">\n                <h2 class=\"entry-title\"><a href=\"https:\/\/zszastavka.cz\/?p=26675\" rel=\"bookmark\">P\u0159eru\u0161en\u00ed provozu M\u0160 Hav\u00ed\u0159sk\u00e1<\/a><\/h2>            <\/div>\n            <p>V\u00e1\u017een\u00ed rodi\u010de, ve \u010dtvrtek 26. 2. 2026 bude od 7:30 do 15:30 p\u0159eru\u0161ena dod\u00e1vka elektrick\u00e9 energie pro mate\u0159skou \u0161kolu Hav\u00ed\u0159sk\u00e1.<\/p>\n                <a class=\"btn btn-primary\" href=\"https:\/\/zszastavka.cz\/?p=26675 \">\n                    \u010c\u00edst d\u00e1le                <\/a>\n                        <\/div><!-- .entry-content -->\n    <\/div>\n<\/article><!-- #post-## -->                                <\/div>\n                                                                <div class=\"blog-item-wrapper init-animate slideInUp1 col-sm-12 col-md-4 col-sm-12 col-md-4 col-sm-12 col-md-4 col-sm-12 col-md-4 col-sm-12 col-md-4 col-sm-12 col-md-4\">\n                                    <article id=\"post-25291\" class=\"init-animate slideInUp1 post-25291 post type-post status-publish format-standard has-post-thumbnail hentry category-2025-2026 category-novinky tag-zs\">\n    <div class=\"content-wrapper\">\n                    <!--post thumbnal options-->\n            <div class=\"post-thumb\">\n                <a href=\"https:\/\/zszastavka.cz\/?p=25291\">\n                    <img loading=\"lazy\" decoding=\"async\" width=\"640\" height=\"480\" src=\"https:\/\/zszastavka.cz\/wp-content\/uploads\/2026\/01\/Gemini_Generated_Image_83afwf83afwf83af-1024x768.png\" class=\"attachment-large size-large wp-post-image\" alt=\"\" \/>                <\/a>\n            <\/div><!-- .post-thumb-->\n                    <header class=\"entry-header \">\n            <div class=\"entry-meta\">\n                <a href=\"https:\/\/zszastavka.cz\/?p=25291\">\n                    <span class=\"day-month\">\n                        <span class=\"day\">\n                            15                        <\/span>\n                    <\/span>\n                    <span class=\"year\"><!--editing code? don't be confused it is actually month-->\n                        Led                    <\/span>\n                <\/a>\n            <\/div><!-- .entry-meta -->\n        <\/header><!-- .entry-header -->\n        <div class=\"entry-content\">\n            <div class=\"entry-header-title\">\n                <h2 class=\"entry-title\"><a href=\"https:\/\/zszastavka.cz\/?p=25291\" rel=\"bookmark\">\u00dasp\u011bchy na\u0161\u00ed \u017e\u00e1kyn\u011b<\/a><\/h2>            <\/div>\n            <p>\u00dasp\u011bchy Ester Mal\u00e9, \u017e\u00e1kyn\u011b dev\u00e1t\u00e9 t\u0159\u00eddy na\u0161\u00ed \u0161koly, m\u016f\u017eete zhl\u00e9dnout na p\u0159ilo\u017een\u00e9m videu. Za poskytnut\u00ed videa d\u011bkujeme mamince.<\/p>\n                <a class=\"btn btn-primary\" href=\"https:\/\/zszastavka.cz\/?p=25291 \">\n                    \u010c\u00edst d\u00e1le                <\/a>\n                        <\/div><!-- .entry-content -->\n    <\/div>\n<\/article><!-- #post-## -->                                <\/div>\n                                <div class='clearfix'><\/div>                    <\/div>\n                <\/div>\n            <\/section>\n            <\/div><\/div><\/div><\/div>","protected":false},"excerpt":{"rendered":"<p>\u0160koln\u00ed rok 2025\/2026 11 B\u0159e T\u0159\u00eddn\u00ed sch\u016fzky \u2013 konzultace V\u00e1\u017een\u00ed z\u00e1konn\u00ed z\u00e1stupci,v\u00a0pond\u011bl\u00ed 20.\u00a0dubna 2026 prob\u011bhnou od 16.00 do 18.00 hodin v\u00a0na\u0161\u00ed \u0161kole t\u0159\u00eddn\u00ed sch\u016fzky. \u010c\u00edst d\u00e1le 10 B\u0159e Jedn\u00e1n\u00ed \u0161kolsk\u00e9 rady V pond\u011bl\u00ed 9. b\u0159ezna 2026 jednala \u0161kolsk\u00e1 rada z\u00e1kladn\u00ed \u0161koly. \u010c\u00edst d\u00e1le 27 \u00dano P\u0159ijet\u00ed k z\u00e1kladn\u00edmu vzd\u011bl\u00e1v\u00e1n\u00ed Rozhodnut\u00ed \u0159editele \u0161koly o p\u0159ijet\u00ed d\u011bt\u00ed&hellip;<\/p>\n","protected":false},"author":1,"featured_media":0,"parent":4231,"menu_order":0,"comment_status":"closed","ping_status":"closed","template":"","meta":{"footnotes":""},"class_list":["post-23994","page","type-page","status-publish","hentry"],"_links":{"self":[{"href":"https:\/\/zszastavka.cz\/index.php?rest_route=\/wp\/v2\/pages\/23994","targetHints":{"allow":["GET"]}}],"collection":[{"href":"https:\/\/zszastavka.cz\/index.php?rest_route=\/wp\/v2\/pages"}],"about":[{"href":"https:\/\/zszastavka.cz\/index.php?rest_route=\/wp\/v2\/types\/page"}],"author":[{"embeddable":true,"href":"https:\/\/zszastavka.cz\/index.php?rest_route=\/wp\/v2\/users\/1"}],"replies":[{"embeddable":true,"href":"https:\/\/zszastavka.cz\/index.php?rest_route=%2Fwp%2Fv2%2Fcomments&post=23994"}],"version-history":[{"count":3,"href":"https:\/\/zszastavka.cz\/index.php?rest_route=\/wp\/v2\/pages\/23994\/revisions"}],"predecessor-version":[{"id":24358,"href":"https:\/\/zszastavka.cz\/index.php?rest_route=\/wp\/v2\/pages\/23994\/revisions\/24358"}],"up":[{"embeddable":true,"href":"https:\/\/zszastavka.cz\/index.php?rest_route=\/wp\/v2\/pages\/4231"}],"wp:attachment":[{"href":"https:\/\/zszastavka.cz\/index.php?rest_route=%2Fwp%2Fv2%2Fmedia&parent=23994"}],"curies":[{"name":"wp","href":"https:\/\/api.w.org\/{rel}","templated":true}]}}