{"id":20787,"date":"2024-08-23T14:17:15","date_gmt":"2024-08-23T12:17:15","guid":{"rendered":"https:\/\/zszastavka.cz\/?page_id=20787"},"modified":"2024-08-23T14:17:15","modified_gmt":"2024-08-23T12:17:15","slug":"skolni-rok-2024-2025","status":"publish","type":"page","link":"https:\/\/zszastavka.cz\/?page_id=20787","title":{"rendered":"\u0160koln\u00ed rok 2024\/2025"},"content":{"rendered":"<div id=\"pl-20787\"  class=\"panel-layout\" ><div id=\"pg-20787-0\"  class=\"panel-grid panel-no-style\" ><div id=\"pgc-20787-0-0\"  class=\"panel-grid-cell\" ><div id=\"panel-20787-0-0-0\" class=\"so-panel widget widget_education_base_posts_col panel-first-child panel-last-child\" data-index=\"0\" >            <section id=\"education_base_posts_col-3\" class=\"acme-widgets acme-col-posts gray-bg\">\n                <div class=\"container\">\n                    <div class=\"main-title init-animate slideInUp1\"><h3 class=\"widget-title\">\u0160koln\u00ed rok 2024\/2025<\/h3><\/div>                    <div class=\"row\">\n                                                        <div class=\"blog-item-wrapper init-animate slideInUp1 col-sm-12 col-md-4\">\n                                    <article id=\"post-27688\" class=\"init-animate slideInUp1 post-27688 post type-post status-publish format-standard has-post-thumbnail hentry category-2024-2025 category-novinky category-uredni-deska tag-ms tag-provoz tag-sd tag-uredni-deska\">\n    <div class=\"content-wrapper\">\n                    <!--post thumbnal options-->\n            <div class=\"post-thumb\">\n                <a href=\"https:\/\/zszastavka.cz\/?p=27688\">\n                    <img loading=\"lazy\" decoding=\"async\" width=\"640\" height=\"500\" src=\"https:\/\/zszastavka.cz\/wp-content\/uploads\/2020\/05\/budovy_002-1024x800.jpg\" class=\"attachment-large size-large wp-post-image\" alt=\"\" \/>                <\/a>\n            <\/div><!-- .post-thumb-->\n                    <header class=\"entry-header \">\n            <div class=\"entry-meta\">\n                <a href=\"https:\/\/zszastavka.cz\/?p=27688\">\n                    <span class=\"day-month\">\n                        <span class=\"day\">\n                            28                        <\/span>\n                    <\/span>\n                    <span class=\"year\"><!--editing code? don't be confused it is actually month-->\n                        Dub                    <\/span>\n                <\/a>\n            <\/div><!-- .entry-meta -->\n        <\/header><!-- .entry-header -->\n        <div class=\"entry-content\">\n            <div class=\"entry-header-title\">\n                <h2 class=\"entry-title\"><a href=\"https:\/\/zszastavka.cz\/?p=27688\" rel=\"bookmark\">P\u0159eru\u0161en\u00ed provozu M\u0160 a \u0160D o pr\u00e1zdnin\u00e1ch<\/a><\/h2>            <\/div>\n            <p>Po projedn\u00e1n\u00ed se z\u0159izovatelem jsem rozhodl, \u017ee provoz mate\u0159sk\u00e9 \u0161koly bude v dob\u011b letn\u00edch pr\u00e1zdnin p\u0159eru\u0161en v\u00a0obdob\u00ed od\u00a013.\u00a0\u010dervence 2026 do 31.\u00a0srpna 2026. Provoz \u0161koln\u00ed dru\u017einy bude p\u0159eru\u0161en v\u00a0obdob\u00ed od 29. 6. 2026 do 31. 8. 2026.<\/p>\n                <a class=\"btn btn-primary\" href=\"https:\/\/zszastavka.cz\/?p=27688 \">\n                    \u010c\u00edst d\u00e1le                <\/a>\n                        <\/div><!-- .entry-content -->\n    <\/div>\n<\/article><!-- #post-## -->                                <\/div>\n                                                                <div class=\"blog-item-wrapper init-animate slideInUp1 col-sm-12 col-md-4 col-sm-12 col-md-4\">\n                                    <article id=\"post-24344\" class=\"init-animate slideInUp1 post-24344 post type-post status-publish format-standard has-post-thumbnail hentry category-2024-2025 category-kalendar-akci category-novinky tag-jidelna tag-kalendar tag-ms tag-sd tag-zs\">\n    <div class=\"content-wrapper\">\n                    <!--post thumbnal options-->\n            <div class=\"post-thumb\">\n                <a href=\"https:\/\/zszastavka.cz\/?p=24344\">\n                    <img loading=\"lazy\" decoding=\"async\" width=\"640\" height=\"640\" src=\"https:\/\/zszastavka.cz\/wp-content\/uploads\/2025\/06\/leto_gemini-1024x1024.jpeg\" class=\"attachment-large size-large wp-post-image\" alt=\"\" srcset=\"https:\/\/zszastavka.cz\/wp-content\/uploads\/2025\/06\/leto_gemini-1024x1024.jpeg 1024w, https:\/\/zszastavka.cz\/wp-content\/uploads\/2025\/06\/leto_gemini-300x300.jpeg 300w, https:\/\/zszastavka.cz\/wp-content\/uploads\/2025\/06\/leto_gemini-150x150.jpeg 150w, https:\/\/zszastavka.cz\/wp-content\/uploads\/2025\/06\/leto_gemini-768x768.jpeg 768w, https:\/\/zszastavka.cz\/wp-content\/uploads\/2025\/06\/leto_gemini-1536x1536.jpeg 1536w, https:\/\/zszastavka.cz\/wp-content\/uploads\/2025\/06\/leto_gemini.jpeg 2048w\" sizes=\"auto, (max-width: 640px) 100vw, 640px\" \/>                <\/a>\n            <\/div><!-- .post-thumb-->\n                    <header class=\"entry-header \">\n            <div class=\"entry-meta\">\n                <a href=\"https:\/\/zszastavka.cz\/?p=24344\">\n                    <span class=\"day-month\">\n                        <span class=\"day\">\n                            27                        <\/span>\n                    <\/span>\n                    <span class=\"year\"><!--editing code? don't be confused it is actually month-->\n                        \u010cvn                    <\/span>\n                <\/a>\n            <\/div><!-- .entry-meta -->\n        <\/header><!-- .entry-header -->\n        <div class=\"entry-content\">\n            <div class=\"entry-header-title\">\n                <h2 class=\"entry-title\"><a href=\"https:\/\/zszastavka.cz\/?p=24344\" rel=\"bookmark\">Kr\u00e1sn\u00e9 l\u00e9to!<\/a><\/h2>            <\/div>\n            <p>P\u0159ejeme v\u0161em d\u011btem a \u017e\u00e1k\u016fm na\u0161\u00ed \u0161koly p\u0159ijemn\u00e9 pro\u017eit\u00ed pr\u00e1zdninov\u00fdch dn\u016f. \u0160koln\u00ed rok 2025\/20265 za\u010d\u00edn\u00e1 v pond\u011bl\u00ed 1.\u00a0z\u00e1\u0159\u00ed 2025. Kr\u00e1sn\u00e9 l\u00e9to!<\/p>\n                <a class=\"btn btn-primary\" href=\"https:\/\/zszastavka.cz\/?p=24344 \">\n                    \u010c\u00edst d\u00e1le                <\/a>\n                        <\/div><!-- .entry-content -->\n    <\/div>\n<\/article><!-- #post-## -->                                <\/div>\n                                                                <div class=\"blog-item-wrapper init-animate slideInUp1 col-sm-12 col-md-4 col-sm-12 col-md-4 col-sm-12 col-md-4\">\n                                    <article id=\"post-23998\" class=\"init-animate slideInUp1 post-23998 post type-post status-publish format-standard has-post-thumbnail hentry category-2024-2025 category-kalendar-akci category-novinky tag-kalendar tag-zs\">\n    <div class=\"content-wrapper\">\n                    <!--post thumbnal options-->\n            <div class=\"post-thumb\">\n                <a href=\"https:\/\/zszastavka.cz\/?p=23998\">\n                    <img loading=\"lazy\" decoding=\"async\" width=\"640\" height=\"640\" src=\"https:\/\/zszastavka.cz\/wp-content\/uploads\/2025\/05\/Riode_2025_24-1024x1024.jpg\" class=\"attachment-large size-large wp-post-image\" alt=\"\" srcset=\"https:\/\/zszastavka.cz\/wp-content\/uploads\/2025\/05\/Riode_2025_24-1024x1024.jpg 1024w, https:\/\/zszastavka.cz\/wp-content\/uploads\/2025\/05\/Riode_2025_24-300x300.jpg 300w, https:\/\/zszastavka.cz\/wp-content\/uploads\/2025\/05\/Riode_2025_24-150x150.jpg 150w\" sizes=\"auto, (max-width: 640px) 100vw, 640px\" \/>                <\/a>\n            <\/div><!-- .post-thumb-->\n                    <header class=\"entry-header \">\n            <div class=\"entry-meta\">\n                <a href=\"https:\/\/zszastavka.cz\/?p=23998\">\n                    <span class=\"day-month\">\n                        <span class=\"day\">\n                            26                        <\/span>\n                    <\/span>\n                    <span class=\"year\"><!--editing code? don't be confused it is actually month-->\n                        Kv\u011b                    <\/span>\n                <\/a>\n            <\/div><!-- .entry-meta -->\n        <\/header><!-- .entry-header -->\n        <div class=\"entry-content\">\n            <div class=\"entry-header-title\">\n                <h2 class=\"entry-title\"><a href=\"https:\/\/zszastavka.cz\/?p=23998\" rel=\"bookmark\">Karneval Rio de Zast\u00e1vka \u2013 pod\u011bkov\u00e1n\u00ed<\/a><\/h2>            <\/div>\n            <p>V\u00e1\u017een\u00ed rodi\u010de, d\u011bti, p\u0159\u00e1tel\u00e9 \u0161koly a v\u0161ichni, je\u017e jste se pod\u00edleli na p\u0159\u00edsp\u011bvku pro d\u011btsk\u00fd hospic D\u016fm pro Julii zakoupen\u00edm v\u00fdrobku na jarmarku u p\u0159\u00edle\u017eitosti \u0161koln\u00edho karnevalu \u2013 d\u011bkujeme.<\/p>\n                <a class=\"btn btn-primary\" href=\"https:\/\/zszastavka.cz\/?p=23998 \">\n                    \u010c\u00edst d\u00e1le                <\/a>\n                        <\/div><!-- .entry-content -->\n    <\/div>\n<\/article><!-- #post-## -->                                <\/div>\n                                <div class='clearfix'><\/div>                                <div class=\"blog-item-wrapper init-animate slideInUp1 col-sm-12 col-md-4 col-sm-12 col-md-4 col-sm-12 col-md-4 col-sm-12 col-md-4\">\n                                    <article id=\"post-23786\" class=\"init-animate slideInUp1 post-23786 post type-post status-publish format-standard has-post-thumbnail hentry category-2024-2025 category-kalendar-akci category-novinky tag-karneval tag-sd tag-zs\">\n    <div class=\"content-wrapper\">\n                    <!--post thumbnal options-->\n            <div class=\"post-thumb\">\n                <a href=\"https:\/\/zszastavka.cz\/?p=23786\">\n                    <img loading=\"lazy\" decoding=\"async\" width=\"640\" height=\"640\" src=\"https:\/\/zszastavka.cz\/wp-content\/uploads\/2025\/04\/karneval-1024x1024.jpg\" class=\"attachment-large size-large wp-post-image\" alt=\"\" srcset=\"https:\/\/zszastavka.cz\/wp-content\/uploads\/2025\/04\/karneval-1024x1024.jpg 1024w, https:\/\/zszastavka.cz\/wp-content\/uploads\/2025\/04\/karneval-300x300.jpg 300w, https:\/\/zszastavka.cz\/wp-content\/uploads\/2025\/04\/karneval-150x150.jpg 150w\" sizes=\"auto, (max-width: 640px) 100vw, 640px\" \/>                <\/a>\n            <\/div><!-- .post-thumb-->\n                    <header class=\"entry-header \">\n            <div class=\"entry-meta\">\n                <a href=\"https:\/\/zszastavka.cz\/?p=23786\">\n                    <span class=\"day-month\">\n                        <span class=\"day\">\n                            28                        <\/span>\n                    <\/span>\n                    <span class=\"year\"><!--editing code? don't be confused it is actually month-->\n                        Dub                    <\/span>\n                <\/a>\n            <\/div><!-- .entry-meta -->\n        <\/header><!-- .entry-header -->\n        <div class=\"entry-content\">\n            <div class=\"entry-header-title\">\n                <h2 class=\"entry-title\"><a href=\"https:\/\/zszastavka.cz\/?p=23786\" rel=\"bookmark\">Karneval RIO de Zast\u00e1vka<\/a><\/h2>            <\/div>\n            <p>V sobotu 24.\u00a0kv\u011btna 2025 prob\u011bhne od 14.00 hodin mimo\u0159\u00e1dn\u00e1 \u0161koln\u00ed akce \u201eRio de Zast\u00e1vka\u201c. V\u00edce v p\u0159ilo\u017een\u00e9m pozv\u00e1nce ve form\u00e1tu PDF n\u00ed\u017ee (\u010d\u00edst v\u00edce). Obr\u00e1zek generov\u00e1n Gemini AI od Googlu.<\/p>\n                <a class=\"btn btn-primary\" href=\"https:\/\/zszastavka.cz\/?p=23786 \">\n                    \u010c\u00edst d\u00e1le                <\/a>\n                        <\/div><!-- .entry-content -->\n    <\/div>\n<\/article><!-- #post-## -->                                <\/div>\n                                                                <div class=\"blog-item-wrapper init-animate slideInUp1 col-sm-12 col-md-4 col-sm-12 col-md-4 col-sm-12 col-md-4 col-sm-12 col-md-4 col-sm-12 col-md-4\">\n                                    <article id=\"post-23416\" class=\"init-animate slideInUp1 post-23416 post type-post status-publish format-standard has-post-thumbnail hentry category-2024-2025 category-kalendar-akci category-novinky tag-bezpecnost tag-budova tag-stavba tag-zs\">\n    <div class=\"content-wrapper\">\n                    <!--post thumbnal options-->\n            <div class=\"post-thumb\">\n                <a href=\"https:\/\/zszastavka.cz\/?p=23416\">\n                    <img loading=\"lazy\" decoding=\"async\" width=\"640\" height=\"499\" src=\"https:\/\/zszastavka.cz\/wp-content\/uploads\/2025\/03\/zakaz_vstupu-1024x798.png\" class=\"attachment-large size-large wp-post-image\" alt=\"\" \/>                <\/a>\n            <\/div><!-- .post-thumb-->\n                    <header class=\"entry-header \">\n            <div class=\"entry-meta\">\n                <a href=\"https:\/\/zszastavka.cz\/?p=23416\">\n                    <span class=\"day-month\">\n                        <span class=\"day\">\n                            26                        <\/span>\n                    <\/span>\n                    <span class=\"year\"><!--editing code? don't be confused it is actually month-->\n                        B\u0159e                    <\/span>\n                <\/a>\n            <\/div><!-- .entry-meta -->\n        <\/header><!-- .entry-header -->\n        <div class=\"entry-content\">\n            <div class=\"entry-header-title\">\n                <h2 class=\"entry-title\"><a href=\"https:\/\/zszastavka.cz\/?p=23416\" rel=\"bookmark\">Vstup na pozemek a do budovy \u0161koly<\/a><\/h2>            <\/div>\n            <p>Od pond\u011bl\u00ed 31.&nbsp;b\u0159ezna 2025 do odvol\u00e1n\u00ed bude vstup na pozemek p\u0159ed \u0161kolou a do budovy z\u00e1kladn\u00ed \u0161koly umo\u017en\u011bn pouze brankou u&nbsp;gymn\u00e1zia (bo\u010dn\u00ed branka od hlavn\u00ed pr\u016fjezdov\u00e9 ulice). Dbejte, pros\u00edm, zv\u00fd\u0161en\u00e9 opatrnosti.<\/p>\n                <a class=\"btn btn-primary\" href=\"https:\/\/zszastavka.cz\/?p=23416 \">\n                    \u010c\u00edst d\u00e1le                <\/a>\n                        <\/div><!-- .entry-content -->\n    <\/div>\n<\/article><!-- #post-## -->                                <\/div>\n                                                                <div class=\"blog-item-wrapper init-animate slideInUp1 col-sm-12 col-md-4 col-sm-12 col-md-4 col-sm-12 col-md-4 col-sm-12 col-md-4 col-sm-12 col-md-4 col-sm-12 col-md-4\">\n                                    <article id=\"post-22455\" class=\"init-animate slideInUp1 post-22455 post type-post status-publish format-standard has-post-thumbnail hentry category-2024-2025 category-kalendar-akci category-novinky tag-zs\">\n    <div class=\"content-wrapper\">\n                    <!--post thumbnal options-->\n            <div class=\"post-thumb\">\n                <a href=\"https:\/\/zszastavka.cz\/?p=22455\">\n                    <img loading=\"lazy\" decoding=\"async\" width=\"640\" height=\"640\" src=\"https:\/\/zszastavka.cz\/wp-content\/uploads\/2025\/02\/zkc-1024x1024.jpg\" class=\"attachment-large size-large wp-post-image\" alt=\"\" srcset=\"https:\/\/zszastavka.cz\/wp-content\/uploads\/2025\/02\/zkc-1024x1024.jpg 1024w, https:\/\/zszastavka.cz\/wp-content\/uploads\/2025\/02\/zkc-300x300.jpg 300w, https:\/\/zszastavka.cz\/wp-content\/uploads\/2025\/02\/zkc-150x150.jpg 150w\" sizes=\"auto, (max-width: 640px) 100vw, 640px\" \/>                <\/a>\n            <\/div><!-- .post-thumb-->\n                    <header class=\"entry-header \">\n            <div class=\"entry-meta\">\n                <a href=\"https:\/\/zszastavka.cz\/?p=22455\">\n                    <span class=\"day-month\">\n                        <span class=\"day\">\n                            26                        <\/span>\n                    <\/span>\n                    <span class=\"year\"><!--editing code? don't be confused it is actually month-->\n                        \u00dano                    <\/span>\n                <\/a>\n            <\/div><!-- .entry-meta -->\n        <\/header><!-- .entry-header -->\n        <div class=\"entry-content\">\n            <div class=\"entry-header-title\">\n                <h2 class=\"entry-title\"><a href=\"https:\/\/zszastavka.cz\/?p=22455\" rel=\"bookmark\">P\u0159\u00edb\u011bhy na\u0161ich soused\u016f<\/a><\/h2>            <\/div>\n            <p>Dovolujeme si V\u00e1s pozvat na slavnostn\u00ed z\u00e1v\u011bre\u010dnou prezentaci projektu P\u0159\u00edb\u011bhy na\u0161ich soused\u016f.<\/p>\n                <a class=\"btn btn-primary\" href=\"https:\/\/zszastavka.cz\/?p=22455 \">\n                    \u010c\u00edst d\u00e1le                <\/a>\n                        <\/div><!-- .entry-content -->\n    <\/div>\n<\/article><!-- #post-## -->                                <\/div>\n                                <div class='clearfix'><\/div>                    <\/div>\n                <\/div>\n            <\/section>\n            <\/div><\/div><\/div><\/div>","protected":false},"excerpt":{"rendered":"<p>\u0160koln\u00ed rok 2024\/2025 28 Dub P\u0159eru\u0161en\u00ed provozu M\u0160 a \u0160D o pr\u00e1zdnin\u00e1ch Po projedn\u00e1n\u00ed se z\u0159izovatelem jsem rozhodl, \u017ee provoz mate\u0159sk\u00e9 \u0161koly bude v dob\u011b letn\u00edch pr\u00e1zdnin p\u0159eru\u0161en v\u00a0obdob\u00ed od\u00a013.\u00a0\u010dervence 2026 do 31.\u00a0srpna 2026. Provoz \u0161koln\u00ed dru\u017einy bude p\u0159eru\u0161en v\u00a0obdob\u00ed od 29. 6. 2026 do 31. 8. 2026. \u010c\u00edst d\u00e1le 27 \u010cvn Kr\u00e1sn\u00e9 l\u00e9to! P\u0159ejeme&hellip;<\/p>\n","protected":false},"author":1,"featured_media":0,"parent":4231,"menu_order":0,"comment_status":"closed","ping_status":"closed","template":"","meta":{"footnotes":""},"class_list":["post-20787","page","type-page","status-publish","hentry"],"_links":{"self":[{"href":"https:\/\/zszastavka.cz\/index.php?rest_route=\/wp\/v2\/pages\/20787","targetHints":{"allow":["GET"]}}],"collection":[{"href":"https:\/\/zszastavka.cz\/index.php?rest_route=\/wp\/v2\/pages"}],"about":[{"href":"https:\/\/zszastavka.cz\/index.php?rest_route=\/wp\/v2\/types\/page"}],"author":[{"embeddable":true,"href":"https:\/\/zszastavka.cz\/index.php?rest_route=\/wp\/v2\/users\/1"}],"replies":[{"embeddable":true,"href":"https:\/\/zszastavka.cz\/index.php?rest_route=%2Fwp%2Fv2%2Fcomments&post=20787"}],"version-history":[{"count":1,"href":"https:\/\/zszastavka.cz\/index.php?rest_route=\/wp\/v2\/pages\/20787\/revisions"}],"predecessor-version":[{"id":20788,"href":"https:\/\/zszastavka.cz\/index.php?rest_route=\/wp\/v2\/pages\/20787\/revisions\/20788"}],"up":[{"embeddable":true,"href":"https:\/\/zszastavka.cz\/index.php?rest_route=\/wp\/v2\/pages\/4231"}],"wp:attachment":[{"href":"https:\/\/zszastavka.cz\/index.php?rest_route=%2Fwp%2Fv2%2Fmedia&parent=20787"}],"curies":[{"name":"wp","href":"https:\/\/api.w.org\/{rel}","templated":true}]}}