{"id":20344,"date":"2024-06-14T13:41:15","date_gmt":"2024-06-14T11:41:15","guid":{"rendered":"https:\/\/zszastavka.cz\/?page_id=20344"},"modified":"2025-09-01T11:31:22","modified_gmt":"2025-09-01T09:31:22","slug":"dokumenty-skolni-druziny","status":"publish","type":"page","link":"https:\/\/zszastavka.cz\/?page_id=20344","title":{"rendered":"Dokumentace \u0160D"},"content":{"rendered":"\n<p>Z\u00e1kladn\u00ed dokumenty vztahuj\u00edc\u00ed se ke \u0161koln\u00ed dru\u017eine naleznete ke sta\u017een\u00ed n\u00ed\u017ee.<\/p>\n","protected":false},"excerpt":{"rendered":"<p>Z\u00e1kladn\u00ed dokumenty vztahuj\u00edc\u00ed se ke \u0161koln\u00ed dru\u017eine naleznete ke sta\u017een\u00ed n\u00ed\u017ee.<\/p>\n","protected":false},"author":1,"featured_media":171,"parent":10319,"menu_order":2,"comment_status":"closed","ping_status":"closed","template":"","meta":{"footnotes":""},"class_list":["post-20344","page","type-page","status-publish","has-post-thumbnail","hentry"],"_links":{"self":[{"href":"https:\/\/zszastavka.cz\/index.php?rest_route=\/wp\/v2\/pages\/20344","targetHints":{"allow":["GET"]}}],"collection":[{"href":"https:\/\/zszastavka.cz\/index.php?rest_route=\/wp\/v2\/pages"}],"about":[{"href":"https:\/\/zszastavka.cz\/index.php?rest_route=\/wp\/v2\/types\/page"}],"author":[{"embeddable":true,"href":"https:\/\/zszastavka.cz\/index.php?rest_route=\/wp\/v2\/users\/1"}],"replies":[{"embeddable":true,"href":"https:\/\/zszastavka.cz\/index.php?rest_route=%2Fwp%2Fv2%2Fcomments&post=20344"}],"version-history":[{"count":2,"href":"https:\/\/zszastavka.cz\/index.php?rest_route=\/wp\/v2\/pages\/20344\/revisions"}],"predecessor-version":[{"id":20347,"href":"https:\/\/zszastavka.cz\/index.php?rest_route=\/wp\/v2\/pages\/20344\/revisions\/20347"}],"up":[{"embeddable":true,"href":"https:\/\/zszastavka.cz\/index.php?rest_route=\/wp\/v2\/pages\/10319"}],"wp:featuredmedia":[{"embeddable":true,"href":"https:\/\/zszastavka.cz\/index.php?rest_route=\/wp\/v2\/media\/171"}],"wp:attachment":[{"href":"https:\/\/zszastavka.cz\/index.php?rest_route=%2Fwp%2Fv2%2Fmedia&parent=20344"}],"curies":[{"name":"wp","href":"https:\/\/api.w.org\/{rel}","templated":true}]}}