{"id":1964,"date":"2020-05-03T21:01:34","date_gmt":"2020-05-03T19:01:34","guid":{"rendered":"https:\/\/wp.zszastavka.cz\/?page_id=1964"},"modified":"2025-08-28T11:49:19","modified_gmt":"2025-08-28T09:49:19","slug":"materska-skola","status":"publish","type":"page","link":"https:\/\/zszastavka.cz\/?page_id=1964","title":{"rendered":"Mate\u0159sk\u00e1 \u0161kola"},"content":{"rendered":"<div id=\"pl-1964\"  class=\"panel-layout\" ><div id=\"pg-1964-0\"  class=\"panel-grid panel-no-style\" ><div id=\"pgc-1964-0-0\"  class=\"panel-grid-cell panel-grid-cell-empty\" ><\/div><\/div><div id=\"pg-1964-1\"  class=\"panel-grid panel-no-style\" ><div id=\"pgc-1964-1-0\"  class=\"panel-grid-cell\" ><div id=\"panel-1964-1-0-0\" class=\"so-panel widget widget_sow-editor panel-first-child panel-last-child\" data-index=\"0\" ><div\n\t\t\t\n\t\t\tclass=\"so-widget-sow-editor so-widget-sow-editor-base\"\n\t\t\t\n\t\t>\n<div class=\"siteorigin-widget-tinymce textwidget\">\n\t<h3>pracovi\u0161t\u011b U \u0160koly 440<\/h3>\n<p><strong>Telefon:<\/strong> 546 429 235<\/p>\n<p><strong>E-mail:<\/strong> ms.uskoly@zszastavka.cz<\/p>\n<p><strong>\u010cesnekov\u00e1 Andrea<\/strong> \u2013 z\u00e1stupce \u0159editele<\/p>\n<\/div>\n<\/div><\/div><\/div><div id=\"pgc-1964-1-1\"  class=\"panel-grid-cell\" ><div id=\"panel-1964-1-1-0\" class=\"so-panel widget widget_sow-image panel-first-child panel-last-child\" data-index=\"1\" ><div\n\t\t\t\n\t\t\tclass=\"so-widget-sow-image so-widget-sow-image-default-8b5b6f678277-1964\"\n\t\t\t\n\t\t>\n<div class=\"sow-image-container\">\n\t\t<img \n\tsrc=\"https:\/\/zszastavka.cz\/wp-content\/uploads\/2020\/05\/budovy_024.jpg\" width=\"1200\" height=\"800\" srcset=\"https:\/\/zszastavka.cz\/wp-content\/uploads\/2020\/05\/budovy_024.jpg 1200w, https:\/\/zszastavka.cz\/wp-content\/uploads\/2020\/05\/budovy_024-768x512.jpg 768w, https:\/\/zszastavka.cz\/wp-content\/uploads\/2020\/05\/budovy_024-272x182.jpg 272w\" sizes=\"(max-width: 1200px) 100vw, 1200px\" alt=\"\" \t\tclass=\"so-widget-image\"\/>\n\t<\/div>\n\n<\/div><\/div><\/div><\/div><div id=\"pg-1964-2\"  class=\"panel-grid panel-no-style\" ><div id=\"pgc-1964-2-0\"  class=\"panel-grid-cell\" ><div id=\"panel-1964-2-0-0\" class=\"so-panel widget widget_sow-editor panel-first-child panel-last-child\" data-index=\"2\" ><div\n\t\t\t\n\t\t\tclass=\"so-widget-sow-editor so-widget-sow-editor-base\"\n\t\t\t\n\t\t>\n<div class=\"siteorigin-widget-tinymce textwidget\">\n\t<h3>pracovi\u0161t\u011b Hav\u00ed\u0159sk\u00e1 145<\/h3>\n<p><strong>Telefon:<\/strong> 546 429 056<\/p>\n<p><strong>E-mail:<\/strong> ms.havirska@zszastavka.cz<\/p>\n<p><strong>Svobodov\u00e1 Pavla<\/strong> \u2013 z\u00e1stupce \u0159editele<\/p>\n<\/div>\n<\/div><\/div><\/div><div id=\"pgc-1964-2-1\"  class=\"panel-grid-cell\" ><div id=\"panel-1964-2-1-0\" class=\"so-panel widget widget_sow-image panel-first-child panel-last-child\" data-index=\"3\" ><div\n\t\t\t\n\t\t\tclass=\"so-widget-sow-image so-widget-sow-image-default-dbf295114b96-1964\"\n\t\t\t\n\t\t>\n<div class=\"sow-image-container\">\n\t\t<img \n\tsrc=\"https:\/\/zszastavka.cz\/wp-content\/uploads\/2020\/05\/msha1.jpg\" width=\"1732\" height=\"1154\" srcset=\"https:\/\/zszastavka.cz\/wp-content\/uploads\/2020\/05\/msha1.jpg 1732w, https:\/\/zszastavka.cz\/wp-content\/uploads\/2020\/05\/msha1-768x512.jpg 768w, https:\/\/zszastavka.cz\/wp-content\/uploads\/2020\/05\/msha1-1536x1023.jpg 1536w, https:\/\/zszastavka.cz\/wp-content\/uploads\/2020\/05\/msha1-272x182.jpg 272w\" sizes=\"(max-width: 1732px) 100vw, 1732px\" alt=\"\" \t\tclass=\"so-widget-image\"\/>\n\t<\/div>\n\n<\/div><\/div><\/div><\/div><div id=\"pg-1964-3\"  class=\"panel-grid panel-no-style\" ><div id=\"pgc-1964-3-0\"  class=\"panel-grid-cell\" ><div id=\"panel-1964-3-0-0\" class=\"so-panel widget widget_sow-editor panel-first-child panel-last-child\" data-index=\"4\" ><div\n\t\t\t\n\t\t\tclass=\"so-widget-sow-editor so-widget-sow-editor-base\"\n\t\t\t\n\t\t>\n<div class=\"siteorigin-widget-tinymce textwidget\">\n\t<h3>pracovi\u0161t\u011b<\/h3>\n<h3>Babice u Rosic, Zahrady 205<\/h3>\n<p><strong>Telefon:<\/strong> 546 431 742<\/p>\n<p><strong>E-mail:<\/strong> ms.babice@zszastavka.cz<\/p>\n<p><strong>Nov\u00e1kov\u00e1 Iveta<\/strong> \u2013 z\u00e1stupce \u0159editele<\/p>\n<\/div>\n<\/div><\/div><\/div><div id=\"pgc-1964-3-1\"  class=\"panel-grid-cell\" ><div id=\"panel-1964-3-1-0\" class=\"so-panel widget widget_sow-image panel-first-child panel-last-child\" data-index=\"5\" ><div\n\t\t\t\n\t\t\tclass=\"so-widget-sow-image so-widget-sow-image-default-dbf295114b96-1964\"\n\t\t\t\n\t\t>\n<div class=\"sow-image-container\">\n\t\t<img \n\tsrc=\"https:\/\/zszastavka.cz\/wp-content\/uploads\/2020\/05\/msba2.jpg\" width=\"1732\" height=\"1154\" srcset=\"https:\/\/zszastavka.cz\/wp-content\/uploads\/2020\/05\/msba2.jpg 1732w, https:\/\/zszastavka.cz\/wp-content\/uploads\/2020\/05\/msba2-768x512.jpg 768w, https:\/\/zszastavka.cz\/wp-content\/uploads\/2020\/05\/msba2-1536x1023.jpg 1536w, https:\/\/zszastavka.cz\/wp-content\/uploads\/2020\/05\/msba2-272x182.jpg 272w\" sizes=\"(max-width: 1732px) 100vw, 1732px\" alt=\"\" \t\tclass=\"so-widget-image\"\/>\n\t<\/div>\n\n<\/div><\/div><\/div><\/div><\/div>","protected":false},"excerpt":{"rendered":"<p>pracovi\u0161t\u011b U \u0160koly 440 Telefon: 546 429 235 E-mail: ms.uskoly@zszastavka.cz \u010cesnekov\u00e1 Andrea \u2013 z\u00e1stupce \u0159editele<\/p>\n","protected":false},"author":1,"featured_media":0,"parent":0,"menu_order":2,"comment_status":"closed","ping_status":"closed","template":"","meta":{"footnotes":""},"class_list":["post-1964","page","type-page","status-publish","hentry"],"_links":{"self":[{"href":"https:\/\/zszastavka.cz\/index.php?rest_route=\/wp\/v2\/pages\/1964","targetHints":{"allow":["GET"]}}],"collection":[{"href":"https:\/\/zszastavka.cz\/index.php?rest_route=\/wp\/v2\/pages"}],"about":[{"href":"https:\/\/zszastavka.cz\/index.php?rest_route=\/wp\/v2\/types\/page"}],"author":[{"embeddable":true,"href":"https:\/\/zszastavka.cz\/index.php?rest_route=\/wp\/v2\/users\/1"}],"replies":[{"embeddable":true,"href":"https:\/\/zszastavka.cz\/index.php?rest_route=%2Fwp%2Fv2%2Fcomments&post=1964"}],"version-history":[{"count":12,"href":"https:\/\/zszastavka.cz\/index.php?rest_route=\/wp\/v2\/pages\/1964\/revisions"}],"predecessor-version":[{"id":24381,"href":"https:\/\/zszastavka.cz\/index.php?rest_route=\/wp\/v2\/pages\/1964\/revisions\/24381"}],"wp:attachment":[{"href":"https:\/\/zszastavka.cz\/index.php?rest_route=%2Fwp%2Fv2%2Fmedia&parent=1964"}],"curies":[{"name":"wp","href":"https:\/\/api.w.org\/{rel}","templated":true}]}}