{"id":18475,"date":"2023-11-14T07:10:08","date_gmt":"2023-11-14T06:10:08","guid":{"rendered":"https:\/\/zszastavka.cz\/?page_id=18475"},"modified":"2025-12-11T13:48:29","modified_gmt":"2025-12-11T12:48:29","slug":"fotogalerie-sd-2023-2024","status":"publish","type":"page","link":"https:\/\/zszastavka.cz\/?page_id=18475","title":{"rendered":"Fotogalerie \u0160D 2023\/2024"},"content":{"rendered":"\n<div class=\"wp-block-columns is-layout-flex wp-container-core-columns-is-layout-9d6595d7 wp-block-columns-is-layout-flex\">\n<div class=\"wp-block-column is-layout-flow wp-block-column-is-layout-flow\" style=\"flex-basis:50%\">\n<p class=\"has-black-color has-vivid-green-cyan-background-color has-text-color has-background\"><strong><a href=\"https:\/\/zszastavka.cz\/?page_id=19711\" data-type=\"page\" data-id=\"19711\"><mark style=\"background-color:rgba(0, 0, 0, 0)\" class=\"has-inline-color has-black-color\">\u0160D Zelen\u00e1 zima<\/mark><\/a><\/strong><\/p>\n<\/div>\n\n\n\n<div class=\"wp-block-column is-layout-flow wp-block-column-is-layout-flow\" style=\"flex-basis:50%\">\n<p class=\"has-black-color has-vivid-green-cyan-background-color has-text-color has-background\"><a href=\"https:\/\/zszastavka.cz\/?page_id=18473\"><strong><mark style=\"background-color:rgba(0, 0, 0, 0)\" class=\"has-inline-color has-black-color\">\u0160D Zelen\u00e1 podzim<\/mark><\/strong><\/a><\/p>\n<\/div>\n<\/div>\n\n\n\n<div class=\"wp-block-columns is-layout-flex wp-container-core-columns-is-layout-9d6595d7 wp-block-columns-is-layout-flex\">\n<div class=\"wp-block-column is-layout-flow wp-block-column-is-layout-flow\" style=\"flex-basis:50%\">\n<p class=\"has-white-color has-vivid-red-background-color has-text-color has-background\"><strong><a href=\"https:\/\/zszastavka.cz\/?page_id=19715\" data-type=\"page\" data-id=\"19715\"><mark style=\"background-color:rgba(0, 0, 0, 0)\" class=\"has-inline-color has-white-color\">\u0160D \u010cerven\u00e1 zima<\/mark><\/a><\/strong><\/p>\n<\/div>\n\n\n\n<div class=\"wp-block-column is-layout-flow wp-block-column-is-layout-flow\" style=\"flex-basis:50%\">\n<p class=\"has-white-color has-vivid-red-background-color has-text-color has-background\"><a href=\"https:\/\/zszastavka.cz\/?page_id=18470\"><strong><mark style=\"background-color:rgba(0, 0, 0, 0)\" class=\"has-inline-color has-white-color\">\u0160D \u010cerven\u00e1 podzim<\/mark><\/strong><\/a><\/p>\n<\/div>\n<\/div>\n\n\n\n<div class=\"wp-block-columns is-layout-flex wp-container-core-columns-is-layout-9d6595d7 wp-block-columns-is-layout-flex\">\n<div class=\"wp-block-column is-layout-flow wp-block-column-is-layout-flow\" style=\"flex-basis:50%\">\n<p class=\"has-black-color has-luminous-vivid-amber-background-color has-text-color has-background\"><strong><a href=\"https:\/\/zszastavka.cz\/?page_id=19760\" data-type=\"page\" data-id=\"19760\"><mark style=\"background-color:rgba(0, 0, 0, 0)\" class=\"has-inline-color has-black-color\">\u0160D \u017dlut\u00e1 zima<\/mark><\/a><\/strong><\/p>\n<\/div>\n\n\n\n<div class=\"wp-block-column is-layout-flow wp-block-column-is-layout-flow\" style=\"flex-basis:50%\">\n<p class=\"has-black-color has-luminous-vivid-amber-background-color has-text-color has-background\"><a href=\"https:\/\/zszastavka.cz\/?page_id=18467\"><strong><mark style=\"background-color:rgba(0, 0, 0, 0)\" class=\"has-inline-color has-black-color\">\u0160D \u017dlut\u00e1 podzim<\/mark><\/strong><\/a><\/p>\n<\/div>\n<\/div>\n\n\n\n<div class=\"wp-block-columns is-layout-flex wp-container-core-columns-is-layout-9d6595d7 wp-block-columns-is-layout-flex\">\n<div class=\"wp-block-column is-layout-flow wp-block-column-is-layout-flow\" style=\"flex-basis:50%\">\n<p class=\"has-white-color has-vivid-cyan-blue-background-color has-text-color has-background\"><strong><a href=\"https:\/\/zszastavka.cz\/?page_id=19764\" data-type=\"page\" data-id=\"19764\"><mark style=\"background-color:rgba(0, 0, 0, 0)\" class=\"has-inline-color has-white-color\">\u0160D Modr\u00e1 zima<\/mark><\/a><\/strong><\/p>\n<\/div>\n\n\n\n<div class=\"wp-block-column is-layout-flow wp-block-column-is-layout-flow\" style=\"flex-basis:50%\">\n<p class=\"has-white-color has-vivid-cyan-blue-background-color has-text-color has-background\"><a href=\"https:\/\/zszastavka.cz\/?page_id=18464\"><strong><mark style=\"background-color:rgba(0, 0, 0, 0)\" class=\"has-inline-color has-white-color\">\u0160D Modr\u00e1 podzim<\/mark><\/strong><\/a><\/p>\n<\/div>\n<\/div>\n\n\n\n<p><\/p>\n","protected":false},"excerpt":{"rendered":"<p>\u0160D Zelen\u00e1 zima \u0160D Zelen\u00e1 podzim \u0160D \u010cerven\u00e1 zima \u0160D \u010cerven\u00e1 podzim \u0160D \u017dlut\u00e1 zima \u0160D \u017dlut\u00e1 podzim \u0160D Modr\u00e1 zima \u0160D Modr\u00e1 podzim<\/p>\n","protected":false},"author":1,"featured_media":0,"parent":17583,"menu_order":1,"comment_status":"closed","ping_status":"closed","template":"","meta":{"footnotes":""},"class_list":["post-18475","page","type-page","status-publish","hentry"],"_links":{"self":[{"href":"https:\/\/zszastavka.cz\/index.php?rest_route=\/wp\/v2\/pages\/18475","targetHints":{"allow":["GET"]}}],"collection":[{"href":"https:\/\/zszastavka.cz\/index.php?rest_route=\/wp\/v2\/pages"}],"about":[{"href":"https:\/\/zszastavka.cz\/index.php?rest_route=\/wp\/v2\/types\/page"}],"author":[{"embeddable":true,"href":"https:\/\/zszastavka.cz\/index.php?rest_route=\/wp\/v2\/users\/1"}],"replies":[{"embeddable":true,"href":"https:\/\/zszastavka.cz\/index.php?rest_route=%2Fwp%2Fv2%2Fcomments&post=18475"}],"version-history":[{"count":8,"href":"https:\/\/zszastavka.cz\/index.php?rest_route=\/wp\/v2\/pages\/18475\/revisions"}],"predecessor-version":[{"id":20353,"href":"https:\/\/zszastavka.cz\/index.php?rest_route=\/wp\/v2\/pages\/18475\/revisions\/20353"}],"up":[{"embeddable":true,"href":"https:\/\/zszastavka.cz\/index.php?rest_route=\/wp\/v2\/pages\/17583"}],"wp:attachment":[{"href":"https:\/\/zszastavka.cz\/index.php?rest_route=%2Fwp%2Fv2%2Fmedia&parent=18475"}],"curies":[{"name":"wp","href":"https:\/\/api.w.org\/{rel}","templated":true}]}}