{"id":17644,"date":"2023-09-05T09:08:34","date_gmt":"2023-09-05T07:08:34","guid":{"rendered":"https:\/\/zszastavka.cz\/?page_id=17644"},"modified":"2023-09-05T10:49:57","modified_gmt":"2023-09-05T08:49:57","slug":"digitalni-technika-k-zapujcce","status":"publish","type":"page","link":"https:\/\/zszastavka.cz\/?page_id=17644","title":{"rendered":"IT k z\u00e1p\u016fj\u010dce"},"content":{"rendered":"\n<p>Z\u00e1kladn\u00ed \u0161kola a Mate\u0159sk\u00e1 \u0161kola T. G. Masaryka Zast\u00e1vka, p\u0159\u00edsp\u011bvkov\u00e1 organizace nab\u00edz\u00ed d\u00edky projektu \u201eDigitalizujeme \u0161kolu \u2013 realizace investice n\u00e1rodn\u00edho pl\u00e1nu obnovy \u2013 komponenta 3.1\u201c mo\u017enost z\u00e1p\u016fj\u010dky chromebook\u016f pro dom\u00e1c\u00ed vyu\u017eit\u00ed.<\/p>\n\n\n\n<!--more-->\n\n\n\n<p>Z\u00e1p\u016fj\u010dka je o\u0161et\u0159ena smlouvou se z\u00e1konn\u00fdm z\u00e1stupcem o v\u00fdp\u016fj\u010dce digit\u00e1ln\u00edho technick\u00e9ho za\u0159\u00edzen\u00ed.<\/p>\n\n\n\n<p><strong>Pro bli\u017e\u0161\u00ed informace se dotazujte u t\u0159\u00eddn\u00edch vyu\u010duj\u00edc\u00edch.<\/strong> <\/p>\n","protected":false},"excerpt":{"rendered":"<p>Z\u00e1kladn\u00ed \u0161kola a Mate\u0159sk\u00e1 \u0161kola T. G. Masaryka Zast\u00e1vka, p\u0159\u00edsp\u011bvkov\u00e1 organizace nab\u00edz\u00ed d\u00edky projektu \u201eDigitalizujeme \u0161kolu \u2013 realizace investice n\u00e1rodn\u00edho pl\u00e1nu obnovy \u2013 komponenta 3.1\u201c mo\u017enost z\u00e1p\u016fj\u010dky chromebook\u016f pro dom\u00e1c\u00ed vyu\u017eit\u00ed.<\/p>\n","protected":false},"author":1,"featured_media":17648,"parent":241,"menu_order":0,"comment_status":"closed","ping_status":"closed","template":"","meta":{"footnotes":""},"class_list":["post-17644","page","type-page","status-publish","has-post-thumbnail","hentry"],"_links":{"self":[{"href":"https:\/\/zszastavka.cz\/index.php?rest_route=\/wp\/v2\/pages\/17644","targetHints":{"allow":["GET"]}}],"collection":[{"href":"https:\/\/zszastavka.cz\/index.php?rest_route=\/wp\/v2\/pages"}],"about":[{"href":"https:\/\/zszastavka.cz\/index.php?rest_route=\/wp\/v2\/types\/page"}],"author":[{"embeddable":true,"href":"https:\/\/zszastavka.cz\/index.php?rest_route=\/wp\/v2\/users\/1"}],"replies":[{"embeddable":true,"href":"https:\/\/zszastavka.cz\/index.php?rest_route=%2Fwp%2Fv2%2Fcomments&post=17644"}],"version-history":[{"count":3,"href":"https:\/\/zszastavka.cz\/index.php?rest_route=\/wp\/v2\/pages\/17644\/revisions"}],"predecessor-version":[{"id":17653,"href":"https:\/\/zszastavka.cz\/index.php?rest_route=\/wp\/v2\/pages\/17644\/revisions\/17653"}],"up":[{"embeddable":true,"href":"https:\/\/zszastavka.cz\/index.php?rest_route=\/wp\/v2\/pages\/241"}],"wp:featuredmedia":[{"embeddable":true,"href":"https:\/\/zszastavka.cz\/index.php?rest_route=\/wp\/v2\/media\/17648"}],"wp:attachment":[{"href":"https:\/\/zszastavka.cz\/index.php?rest_route=%2Fwp%2Fv2%2Fmedia&parent=17644"}],"curies":[{"name":"wp","href":"https:\/\/api.w.org\/{rel}","templated":true}]}}