{"id":17626,"date":"2023-08-16T16:09:09","date_gmt":"2023-08-16T14:09:09","guid":{"rendered":"https:\/\/zszastavka.cz\/?page_id=17626"},"modified":"2026-02-05T09:46:20","modified_gmt":"2026-02-05T08:46:20","slug":"poradenske-pracoviste","status":"publish","type":"page","link":"https:\/\/zszastavka.cz\/?page_id=17626","title":{"rendered":"Poradensk\u00e9 slu\u017eby"},"content":{"rendered":"\n<p>Na z\u00e1kladn\u00ed \u0161kole zaji\u0161\u0165uj\u00ed poradensk\u00e9 slu\u017eby:<\/p>\n\n\n\n<p><strong>Mgr. Al\u017eb\u011bta Laud\u00e1tov\u00e1<\/strong> \u2013 v\u00fdchovn\u00e1 poradkyn\u011b<br><em>konzulta\u010dn\u00ed hodiny: st\u0159eda 7.45\u20138.45<\/em><\/p>\n\n\n\n<p><strong>Mgr. Radka Bochn\u00ed\u010dkov\u00e1<\/strong> \u2013 metodik prevence<br><em>konzulta\u010dn\u00ed hodiny: st\u0159eda 7.45\u20138.45<\/em><\/p>\n\n\n\n<p><strong>Mgr. Dana Syta\u0159ov\u00e1<\/strong> \u2013 speci\u00e1ln\u00ed pedagog<br><em>konzultace k p\u0159edm\u011bt\u016fm speci\u00e1ln\u011b pedagogick\u00e9 p\u00e9\u010de po domluv\u011b<\/em><\/p>\n\n\n\n<p><strong>Mgr. Petr Van\u011bk<\/strong> \u2013 \u0161koln\u00ed psycholog<br><em>konzultace po domluv\u011b<\/em><\/p>\n\n\n\n<p>Z\u00e1konn\u00ed z\u00e1stupci \u017e\u00e1k\u016f si mohou domluvit sch\u016fzku i mimo v\u00fd\u0161e uveden\u00e9 term\u00edny.<\/p>\n\n\n\n<hr class=\"wp-block-separator has-alpha-channel-opacity\"\/>\n\n\n\n<p class=\"has-black-color has-text-color has-background has-link-color wp-elements-f1aa3b150a4ecf73dfdb57499f4a1bbf\" style=\"background:linear-gradient(135deg,rgb(122,220,180) 61%,rgb(0,208,130) 100%)\"><strong>PPP Brno nab\u00edz\u00ed:<\/strong> <a href=\"https:\/\/www.poradenskecentrum.cz\/rodicovska-skupina\/\" data-type=\"link\" data-id=\"https:\/\/www.poradenskecentrum.cz\/rodicovska-skupina\/\" target=\"_blank\" rel=\"noreferrer noopener\">poradensk\u00e1 skupina pro rodi\u010de \u2013 <strong>Poradensk\u00e9 centrum<\/strong><\/a><br>Sledujte term\u00edny pravideln\u00fdch setk\u00e1n\u00ed podp\u016frn\u00e9 skupiny pro rodi\u010de\u2026<\/p>\n\n\n\n<p class=\"has-black-color has-luminous-vivid-amber-to-luminous-vivid-orange-gradient-background has-text-color has-background has-link-color wp-elements-7561cca69992808eb1fb90d10f2a8b43\"><strong>Poradna pro rodiny<\/strong>: <a href=\"https:\/\/www.odetipostarano.cz\/poradna\/\">https:\/\/www.odetipostarano.cz\/poradna\/<\/a><\/p>\n\n\n\n<p class=\"has-white-color has-midnight-gradient-background has-text-color has-background has-link-color wp-elements-5af68479e22c1189975c0790c6818660\"><strong>Webin\u00e1\u0159e spole\u010dnosti Podan\u00e9 ruce<\/strong>: <a href=\"https:\/\/youtube.com\/playlist?list=PL5XD3Su1BETkAplFotnSkM2r2SLAX_Dh1&amp;si=vhmbfAKAp0QrLg7S\" target=\"_blank\" rel=\"noreferrer noopener\">WEBIN\u00c1\u0158E<\/a> Centra prevence v\u00a0Brn\u011b &#8211; YouTube<\/p>\n\n\n\n<div class=\"wp-block-columns is-layout-flex wp-container-core-columns-is-layout-9d6595d7 wp-block-columns-is-layout-flex\">\n<div class=\"wp-block-column is-layout-flow wp-block-column-is-layout-flow\" style=\"flex-basis:50%\">\n<figure class=\"wp-block-image size-full is-style-default\"><a href=\"https:\/\/zszastavka.cz\/wp-content\/uploads\/2023\/10\/PPR_2023.jpg\"><img loading=\"lazy\" decoding=\"async\" width=\"1414\" height=\"2000\" src=\"https:\/\/zszastavka.cz\/wp-content\/uploads\/2023\/10\/PPR_2023.jpg\" alt=\"\" class=\"wp-image-18075\" style=\"object-fit:cover\" srcset=\"https:\/\/zszastavka.cz\/wp-content\/uploads\/2023\/10\/PPR_2023.jpg 1414w, https:\/\/zszastavka.cz\/wp-content\/uploads\/2023\/10\/PPR_2023-768x1086.jpg 768w, https:\/\/zszastavka.cz\/wp-content\/uploads\/2023\/10\/PPR_2023-1086x1536.jpg 1086w\" sizes=\"auto, (max-width: 1414px) 100vw, 1414px\" \/><\/a><\/figure>\n<\/div>\n\n\n\n<div class=\"wp-block-column is-layout-flow wp-block-column-is-layout-flow\" style=\"flex-basis:50%\">\n<figure class=\"wp-block-image size-full\"><a href=\"https:\/\/zszastavka.cz\/wp-content\/uploads\/2024\/02\/Poradna-pro-rodiny_Rapotice-1.jpg\"><img loading=\"lazy\" decoding=\"async\" width=\"1414\" height=\"2000\" src=\"https:\/\/zszastavka.cz\/wp-content\/uploads\/2024\/02\/Poradna-pro-rodiny_Rapotice-1.jpg\" alt=\"\" class=\"wp-image-19129\" srcset=\"https:\/\/zszastavka.cz\/wp-content\/uploads\/2024\/02\/Poradna-pro-rodiny_Rapotice-1.jpg 1414w, https:\/\/zszastavka.cz\/wp-content\/uploads\/2024\/02\/Poradna-pro-rodiny_Rapotice-1-768x1086.jpg 768w, https:\/\/zszastavka.cz\/wp-content\/uploads\/2024\/02\/Poradna-pro-rodiny_Rapotice-1-1086x1536.jpg 1086w\" sizes=\"auto, (max-width: 1414px) 100vw, 1414px\" \/><\/a><\/figure>\n<\/div>\n<\/div>\n\n\n\n<p class=\"has-white-color has-text-color has-background has-link-color wp-elements-46d3127f68a61516fd39d2604571ed5b\" style=\"background:linear-gradient(34deg,rgba(6,147,227,1) 0%,rgb(155,81,224) 100%)\"><strong>Poradna E-bezpe\u010d\u00ed pro \u017e\u00e1ky<\/strong><\/p>\n\n\n\n<p>Dostal\/a jsi se do obt\u00ed\u017en\u00e9 \u017eivotn\u00ed situace spojen\u00e9 s internetem \u010di mobiln\u00edmi telefony? N\u011bkdo ti vyhro\u017euje, vyd\u00edr\u00e1, zastra\u0161uje a pou\u017e\u00edv\u00e1 k tomu internet \u010di mobiln\u00ed telefon? V\u00ed\u0161 o kyber\u0161ikan\u011b, kybergroomingu, sextingu, zneu\u017eit\u00ed osobn\u00edch \u00fadaj\u016f a dal\u0161\u00edch nebezpe\u010d\u00edch? P\u0159emlouv\u00e1 t\u011b n\u011bkdo prost\u0159ednictv\u00edm internetu \u010di mobiln\u00edho telefonu k osobn\u00ed sch\u016fzce? M\u00e1\u0161 strach kontaktovat policii? Nev\u00e1hej a napi\u0161 do na\u0161\u00ed poradny! Pom\u016f\u017eeme ti!<br><strong><a href=\"https:\/\/poradna.e-bezpeci.cz\/\" target=\"_blank\" rel=\"noreferrer noopener\">https:\/\/poradna.e-bezpeci.cz\/<\/a><\/strong><\/p>\n\n\n\n<hr class=\"wp-block-separator has-alpha-channel-opacity\"\/>\n\n\n\n<p class=\"has-white-color has-text-color has-background\" style=\"background:linear-gradient(318deg,rgb(254,205,165) 0%,rgb(254,45,45) 9%,rgb(107,0,62) 100%)\"><strong>Upozorn\u011bn\u00ed<\/strong><\/p>\n\n\n\n<div class=\"wp-block-columns is-layout-flex wp-container-core-columns-is-layout-9d6595d7 wp-block-columns-is-layout-flex\">\n<div class=\"wp-block-column is-layout-flow wp-block-column-is-layout-flow\"><a href=\"https:\/\/zszastavka.cz\/wp-content\/uploads\/2023\/11\/CO-NASE-DETI-PIJI-2.pdf\" class=\"pdfemb-viewer\" style=\"\" data-width=\"max\" data-height=\"max\" data-toolbar=\"bottom\" data-toolbar-fixed=\"on\">CO-NASE-DETI-PIJI-2<\/a><\/div>\n\n\n\n<div class=\"wp-block-column is-layout-flow wp-block-column-is-layout-flow\"><a href=\"https:\/\/zszastavka.cz\/wp-content\/uploads\/2025\/03\/brozura-2025-2026-Pmeduca.pdf\" class=\"pdfemb-viewer\" style=\"\" data-width=\"max\" data-height=\"max\" data-toolbar=\"bottom\" data-toolbar-fixed=\"on\">brozura-2025-2026-Pmeduca<\/a><\/div>\n<\/div>\n\n\n\n<div class=\"wp-block-columns is-layout-flex wp-container-core-columns-is-layout-9d6595d7 wp-block-columns-is-layout-flex\">\n<div class=\"wp-block-column is-layout-flow wp-block-column-is-layout-flow\" style=\"flex-basis:50%\"><a href=\"https:\/\/zszastavka.cz\/wp-content\/uploads\/2025\/02\/Varovani-kratom.pdf\" class=\"pdfemb-viewer\" style=\"\" data-width=\"max\" data-height=\"max\" data-toolbar=\"bottom\" data-toolbar-fixed=\"on\">Varovani-kratom<\/a><\/div>\n\n\n\n<div class=\"wp-block-column is-layout-flow wp-block-column-is-layout-flow\" style=\"flex-basis:50%\"><a href=\"https:\/\/zszastavka.cz\/wp-content\/uploads\/2024\/01\/DIGI-pro-rodice.pdf\" class=\"pdfemb-viewer\" style=\"\" data-width=\"max\" data-height=\"max\" data-toolbar=\"bottom\" data-toolbar-fixed=\"on\">DIGI-pro-rodice<\/a><\/div>\n<\/div>\n","protected":false},"excerpt":{"rendered":"<p>Na z\u00e1kladn\u00ed \u0161kole zaji\u0161\u0165uj\u00ed poradensk\u00e9 slu\u017eby: Mgr. Al\u017eb\u011bta Laud\u00e1tov\u00e1 \u2013 v\u00fdchovn\u00e1 poradkyn\u011bkonzulta\u010dn\u00ed hodiny: st\u0159eda 7.45\u20138.45 Mgr. Radka Bochn\u00ed\u010dkov\u00e1 \u2013 metodik prevencekonzulta\u010dn\u00ed hodiny: st\u0159eda 7.45\u20138.45 Mgr. Dana Syta\u0159ov\u00e1 \u2013 speci\u00e1ln\u00ed pedagogkonzultace k p\u0159edm\u011bt\u016fm speci\u00e1ln\u011b pedagogick\u00e9 p\u00e9\u010de po domluv\u011b Mgr. Petr Van\u011bk \u2013 \u0161koln\u00ed psychologkonzultace po domluv\u011b Z\u00e1konn\u00ed z\u00e1stupci \u017e\u00e1k\u016f si mohou domluvit sch\u016fzku i mimo v\u00fd\u0161e&hellip;<\/p>\n","protected":false},"author":4,"featured_media":0,"parent":235,"menu_order":5,"comment_status":"closed","ping_status":"closed","template":"","meta":{"footnotes":""},"class_list":["post-17626","page","type-page","status-publish","hentry"],"_links":{"self":[{"href":"https:\/\/zszastavka.cz\/index.php?rest_route=\/wp\/v2\/pages\/17626","targetHints":{"allow":["GET"]}}],"collection":[{"href":"https:\/\/zszastavka.cz\/index.php?rest_route=\/wp\/v2\/pages"}],"about":[{"href":"https:\/\/zszastavka.cz\/index.php?rest_route=\/wp\/v2\/types\/page"}],"author":[{"embeddable":true,"href":"https:\/\/zszastavka.cz\/index.php?rest_route=\/wp\/v2\/users\/4"}],"replies":[{"embeddable":true,"href":"https:\/\/zszastavka.cz\/index.php?rest_route=%2Fwp%2Fv2%2Fcomments&post=17626"}],"version-history":[{"count":50,"href":"https:\/\/zszastavka.cz\/index.php?rest_route=\/wp\/v2\/pages\/17626\/revisions"}],"predecessor-version":[{"id":26668,"href":"https:\/\/zszastavka.cz\/index.php?rest_route=\/wp\/v2\/pages\/17626\/revisions\/26668"}],"up":[{"embeddable":true,"href":"https:\/\/zszastavka.cz\/index.php?rest_route=\/wp\/v2\/pages\/235"}],"wp:attachment":[{"href":"https:\/\/zszastavka.cz\/index.php?rest_route=%2Fwp%2Fv2%2Fmedia&parent=17626"}],"curies":[{"name":"wp","href":"https:\/\/api.w.org\/{rel}","templated":true}]}}