{"id":17572,"date":"2023-08-07T11:47:43","date_gmt":"2023-08-07T09:47:43","guid":{"rendered":"https:\/\/zszastavka.cz\/?page_id=17572"},"modified":"2026-01-19T12:27:27","modified_gmt":"2026-01-19T11:27:27","slug":"fotogalerie-ze-sd","status":"publish","type":"page","link":"https:\/\/zszastavka.cz\/?page_id=17572","title":{"rendered":"Fotogalerie ze \u0160D"},"content":{"rendered":"<div id=\"pl-17572\"  class=\"panel-layout\" ><div id=\"pg-17572-0\"  class=\"panel-grid panel-no-style\" ><div id=\"pgc-17572-0-0\"  class=\"panel-grid-cell\" ><div id=\"panel-17572-0-0-0\" class=\"so-panel widget widget_sow-editor panel-first-child panel-last-child\" data-index=\"0\" ><div\n\t\t\t\n\t\t\tclass=\"so-widget-sow-editor so-widget-sow-editor-base\"\n\t\t\t\n\t\t>\n<div class=\"siteorigin-widget-tinymce textwidget\">\n\t<p style=\"text-align: center;\">Fotografie z aktu\u00e1ln\u00edho \u0161koln\u00edho roku a archiv:<\/p>\n<\/div>\n<\/div><\/div><\/div><\/div><div id=\"pg-17572-1\"  class=\"panel-grid panel-no-style\" ><div id=\"pgc-17572-1-0\"  class=\"panel-grid-cell\" ><div id=\"panel-17572-1-0-0\" class=\"so-panel widget widget_sow-button panel-first-child panel-last-child\" data-index=\"1\" ><div\n\t\t\t\n\t\t\tclass=\"so-widget-sow-button so-widget-sow-button-wire-c4db4229c591-17572\"\n\t\t\t\n\t\t><div class=\"ow-button-base ow-button-align-center\"\n>\n\t\t\t<a\n\t\t\t\t\thref=\"https:\/\/zszastavka.cz\/?page_id=26621\"\n\t\t\t\t\tclass=\"sowb-button ow-icon-placement-top ow-button-hover\" \t>\n\t\t<span>\n\t\t\t<span class=\"sow-icon-fontawesome sow-far\" data-sow-icon=\"&#xf302;\"\n\t\tstyle=\"color: #1e73be\" \n\t\taria-hidden=\"true\"><\/span>\n\t\t\tAktu\u00e1ln\u00ed \u2013 2025\/2026\t\t<\/span>\n\t\t\t<\/a>\n\t<\/div>\n<\/div><\/div><\/div><div id=\"pgc-17572-1-1\"  class=\"panel-grid-cell\" ><div id=\"panel-17572-1-1-0\" class=\"so-panel widget widget_sow-button panel-first-child panel-last-child\" data-index=\"2\" ><div\n\t\t\t\n\t\t\tclass=\"so-widget-sow-button so-widget-sow-button-wire-3d3e161fcf75-17572\"\n\t\t\t\n\t\t><div class=\"ow-button-base ow-button-align-center\"\n>\n\t\t\t<a\n\t\t\t\t\thref=\"https:\/\/zszastavka.cz\/?page_id=17583\"\n\t\t\t\t\tclass=\"sowb-button ow-icon-placement-top ow-button-hover\" \t>\n\t\t<span>\n\t\t\t<span class=\"sow-icon-fontawesome sow-far\" data-sow-icon=\"&#xf302;\"\n\t\tstyle=\"color: #dd3333\" \n\t\taria-hidden=\"true\"><\/span>\n\t\t\tArchiv fotografi\u00ed \u0160D\t\t<\/span>\n\t\t\t<\/a>\n\t<\/div>\n<\/div><\/div><\/div><\/div><\/div>","protected":false},"excerpt":{"rendered":"<p>Fotografie z aktu\u00e1ln\u00edho \u0161koln\u00edho roku a archiv:<\/p>\n","protected":false},"author":1,"featured_media":0,"parent":10319,"menu_order":2,"comment_status":"closed","ping_status":"closed","template":"","meta":{"footnotes":""},"class_list":["post-17572","page","type-page","status-publish","hentry"],"_links":{"self":[{"href":"https:\/\/zszastavka.cz\/index.php?rest_route=\/wp\/v2\/pages\/17572","targetHints":{"allow":["GET"]}}],"collection":[{"href":"https:\/\/zszastavka.cz\/index.php?rest_route=\/wp\/v2\/pages"}],"about":[{"href":"https:\/\/zszastavka.cz\/index.php?rest_route=\/wp\/v2\/types\/page"}],"author":[{"embeddable":true,"href":"https:\/\/zszastavka.cz\/index.php?rest_route=\/wp\/v2\/users\/1"}],"replies":[{"embeddable":true,"href":"https:\/\/zszastavka.cz\/index.php?rest_route=%2Fwp%2Fv2%2Fcomments&post=17572"}],"version-history":[{"count":20,"href":"https:\/\/zszastavka.cz\/index.php?rest_route=\/wp\/v2\/pages\/17572\/revisions"}],"predecessor-version":[{"id":26623,"href":"https:\/\/zszastavka.cz\/index.php?rest_route=\/wp\/v2\/pages\/17572\/revisions\/26623"}],"up":[{"embeddable":true,"href":"https:\/\/zszastavka.cz\/index.php?rest_route=\/wp\/v2\/pages\/10319"}],"wp:attachment":[{"href":"https:\/\/zszastavka.cz\/index.php?rest_route=%2Fwp%2Fv2%2Fmedia&parent=17572"}],"curies":[{"name":"wp","href":"https:\/\/api.w.org\/{rel}","templated":true}]}}