{"id":17552,"date":"2023-07-17T11:46:07","date_gmt":"2023-07-17T09:46:07","guid":{"rendered":"https:\/\/zszastavka.cz\/?page_id=17552"},"modified":"2023-07-17T11:47:26","modified_gmt":"2023-07-17T09:47:26","slug":"skolni-rok-2023-2024","status":"publish","type":"page","link":"https:\/\/zszastavka.cz\/?page_id=17552","title":{"rendered":"\u0160koln\u00ed rok 2023\/2024"},"content":{"rendered":"<div id=\"pl-17552\"  class=\"panel-layout\" ><div id=\"pg-17552-0\"  class=\"panel-grid panel-no-style\" ><div id=\"pgc-17552-0-0\"  class=\"panel-grid-cell\" ><div id=\"panel-17552-0-0-0\" class=\"so-panel widget widget_education_base_posts_col panel-first-child panel-last-child\" data-index=\"0\" >            <section id=\"education_base_posts_col-3\" class=\"acme-widgets acme-col-posts gray-bg\">\n                <div class=\"container\">\n                                        <div class=\"row\">\n                                                        <div class=\"blog-item-wrapper init-animate slideInUp1 col-sm-12 col-md-4\">\n                                    <article id=\"post-20391\" class=\"init-animate slideInUp1 post-20391 post type-post status-publish format-standard has-post-thumbnail hentry category-2023-2024 category-kalendar-akci category-novinky tag-jidelna tag-kalendar tag-ms tag-sd tag-zs\">\n    <div class=\"content-wrapper\">\n                    <!--post thumbnal options-->\n            <div class=\"post-thumb\">\n                <a href=\"https:\/\/zszastavka.cz\/?p=20391\">\n                    <img loading=\"lazy\" decoding=\"async\" width=\"640\" height=\"426\" src=\"https:\/\/zszastavka.cz\/wp-content\/uploads\/2024\/06\/Leto.png\" class=\"attachment-large size-large wp-post-image\" alt=\"\" srcset=\"https:\/\/zszastavka.cz\/wp-content\/uploads\/2024\/06\/Leto.png 1000w, https:\/\/zszastavka.cz\/wp-content\/uploads\/2024\/06\/Leto-768x511.png 768w, https:\/\/zszastavka.cz\/wp-content\/uploads\/2024\/06\/Leto-272x182.png 272w\" sizes=\"auto, (max-width: 640px) 100vw, 640px\" \/>                <\/a>\n            <\/div><!-- .post-thumb-->\n                    <header class=\"entry-header \">\n            <div class=\"entry-meta\">\n                <a href=\"https:\/\/zszastavka.cz\/?p=20391\">\n                    <span class=\"day-month\">\n                        <span class=\"day\">\n                            28                        <\/span>\n                    <\/span>\n                    <span class=\"year\"><!--editing code? don't be confused it is actually month-->\n                        \u010cvn                    <\/span>\n                <\/a>\n            <\/div><!-- .entry-meta -->\n        <\/header><!-- .entry-header -->\n        <div class=\"entry-content\">\n            <div class=\"entry-header-title\">\n                <h2 class=\"entry-title\"><a href=\"https:\/\/zszastavka.cz\/?p=20391\" rel=\"bookmark\">Kr\u00e1sn\u00e9 l\u00e9to!<\/a><\/h2>            <\/div>\n            <p>P\u0159ejeme v\u0161em d\u011btem a \u017e\u00e1k\u016fm na\u0161\u00ed \u0161koly p\u0159ijemn\u00e9 pro\u017eit\u00ed pr\u00e1zdninov\u00fdch dn\u016f. \u0160koln\u00ed rok 2024\/2025 za\u010d\u00edn\u00e1 v pond\u011bl\u00ed 2.\u00a0z\u00e1\u0159\u00ed 2024. Kr\u00e1sn\u00e9 l\u00e9to!<\/p>\n                <a class=\"btn btn-primary\" href=\"https:\/\/zszastavka.cz\/?p=20391 \">\n                    \u010c\u00edst d\u00e1le                <\/a>\n                        <\/div><!-- .entry-content -->\n    <\/div>\n<\/article><!-- #post-## -->                                <\/div>\n                                                                <div class=\"blog-item-wrapper init-animate slideInUp1 col-sm-12 col-md-4 col-sm-12 col-md-4\">\n                                    <article id=\"post-20780\" class=\"init-animate slideInUp1 post-20780 post type-post status-publish format-standard has-post-thumbnail hentry category-2023-2024 category-aktualne category-novinky category-skolska-rada category-uredni-deska tag-sr tag-uredni-deska tag-zs\">\n    <div class=\"content-wrapper\">\n                    <!--post thumbnal options-->\n            <div class=\"post-thumb\">\n                <a href=\"https:\/\/zszastavka.cz\/?p=20780\">\n                    <img loading=\"lazy\" decoding=\"async\" width=\"640\" height=\"640\" src=\"https:\/\/zszastavka.cz\/wp-content\/uploads\/2024\/06\/Gemini_Generated_Image-1024x1024.png\" class=\"attachment-large size-large wp-post-image\" alt=\"\" srcset=\"https:\/\/zszastavka.cz\/wp-content\/uploads\/2024\/06\/Gemini_Generated_Image-1024x1024.png 1024w, https:\/\/zszastavka.cz\/wp-content\/uploads\/2024\/06\/Gemini_Generated_Image-300x300.png 300w, https:\/\/zszastavka.cz\/wp-content\/uploads\/2024\/06\/Gemini_Generated_Image-150x150.png 150w\" sizes=\"auto, (max-width: 640px) 100vw, 640px\" \/>                <\/a>\n            <\/div><!-- .post-thumb-->\n                    <header class=\"entry-header \">\n            <div class=\"entry-meta\">\n                <a href=\"https:\/\/zszastavka.cz\/?p=20780\">\n                    <span class=\"day-month\">\n                        <span class=\"day\">\n                            28                        <\/span>\n                    <\/span>\n                    <span class=\"year\"><!--editing code? don't be confused it is actually month-->\n                        \u010cvn                    <\/span>\n                <\/a>\n            <\/div><!-- .entry-meta -->\n        <\/header><!-- .entry-header -->\n        <div class=\"entry-content\">\n            <div class=\"entry-header-title\">\n                <h2 class=\"entry-title\"><a href=\"https:\/\/zszastavka.cz\/?p=20780\" rel=\"bookmark\">Kompletn\u00ed v\u00fdsledky voleb do \u0161kolsk\u00e9 rady 2024<\/a><\/h2>            <\/div>\n            <p>V&nbsp;souladu s&nbsp;volebn\u00edm \u0159\u00e1dem vydan\u00fdm Zastupitelstvem obce Zast\u00e1vka dne 18.&nbsp;5.&nbsp;2005 vyhla\u0161uji kompletn\u00ed v\u00fdsledky voleb do \u0161kolsk\u00e9 rady Z\u00e1kladn\u00ed \u0161koly a Mate\u0159sk\u00e9 \u0161koly T. G. Masaryka Zast\u00e1vka, p\u0159\u00edsp\u011bvkov\u00e1 organizace.<\/p>\n                <a class=\"btn btn-primary\" href=\"https:\/\/zszastavka.cz\/?p=20780 \">\n                    \u010c\u00edst d\u00e1le                <\/a>\n                        <\/div><!-- .entry-content -->\n    <\/div>\n<\/article><!-- #post-## -->                                <\/div>\n                                                                <div class=\"blog-item-wrapper init-animate slideInUp1 col-sm-12 col-md-4 col-sm-12 col-md-4 col-sm-12 col-md-4\">\n                                    <article id=\"post-20318\" class=\"init-animate slideInUp1 post-20318 post type-post status-publish format-standard has-post-thumbnail hentry category-2023-2024 category-aktualne category-novinky tag-zs\">\n    <div class=\"content-wrapper\">\n                    <!--post thumbnal options-->\n            <div class=\"post-thumb\">\n                <a href=\"https:\/\/zszastavka.cz\/?p=20318\">\n                    <img loading=\"lazy\" decoding=\"async\" width=\"640\" height=\"640\" src=\"https:\/\/zszastavka.cz\/wp-content\/uploads\/2024\/06\/srdce5-1024x1024.jpg\" class=\"attachment-large size-large wp-post-image\" alt=\"\" srcset=\"https:\/\/zszastavka.cz\/wp-content\/uploads\/2024\/06\/srdce5-1024x1024.jpg 1024w, https:\/\/zszastavka.cz\/wp-content\/uploads\/2024\/06\/srdce5-300x300.jpg 300w, https:\/\/zszastavka.cz\/wp-content\/uploads\/2024\/06\/srdce5-150x150.jpg 150w\" sizes=\"auto, (max-width: 640px) 100vw, 640px\" \/>                <\/a>\n            <\/div><!-- .post-thumb-->\n                    <header class=\"entry-header \">\n            <div class=\"entry-meta\">\n                <a href=\"https:\/\/zszastavka.cz\/?p=20318\">\n                    <span class=\"day-month\">\n                        <span class=\"day\">\n                            14                        <\/span>\n                    <\/span>\n                    <span class=\"year\"><!--editing code? don't be confused it is actually month-->\n                        \u010cvn                    <\/span>\n                <\/a>\n            <\/div><!-- .entry-meta -->\n        <\/header><!-- .entry-header -->\n        <div class=\"entry-content\">\n            <div class=\"entry-header-title\">\n                <h2 class=\"entry-title\"><a href=\"https:\/\/zszastavka.cz\/?p=20318\" rel=\"bookmark\">\u00dasp\u011bchy \u017e\u00e1k\u016f na\u0161\u00ed \u0161koly<\/a><\/h2>            <\/div>\n            <p>Ve druh\u00e9m pololet\u00ed \u0161koln\u00edho roku 2023\/2024 se \u017e\u00e1kyn\u011b a \u017e\u00e1ci Z\u00e1kladn\u00ed \u0161koly a Mate\u0159sk\u00e9 \u0161koly T. G. Masaryka Zast\u00e1vka \u00fasp\u011b\u0161n\u011b z\u00fa\u010dastnili n\u011bkolika sout\u011b\u017e\u00ed a kl\u00e1n\u00ed. D\u011bkujeme jim za vynikaj\u00edc\u00ed reprezentaci na\u0161\u00ed \u0161koly. V\u011b\u0159\u00edme, \u017ee v n\u00e1sleduj\u00edc\u00edch letech mohou z\u00edskan\u00e9 \u00fasp\u011bchy motivovat dal\u0161\u00ed vyu\u010duj\u00edc\u00ed i \u017e\u00e1ky k jejich n\u00e1podob\u011b.P\u0159esto\u017ee c\u00edlem \u0161koly v p\u0159\u00edpad\u011b realizovan\u00fdch projekt\u016f nen\u00ed&hellip;<\/p>\n                <a class=\"btn btn-primary\" href=\"https:\/\/zszastavka.cz\/?p=20318 \">\n                    \u010c\u00edst d\u00e1le                <\/a>\n                        <\/div><!-- .entry-content -->\n    <\/div>\n<\/article><!-- #post-## -->                                <\/div>\n                                <div class='clearfix'><\/div>                                <div class=\"blog-item-wrapper init-animate slideInUp1 col-sm-12 col-md-4 col-sm-12 col-md-4 col-sm-12 col-md-4 col-sm-12 col-md-4\">\n                                    <article id=\"post-20299\" class=\"init-animate slideInUp1 post-20299 post type-post status-publish format-standard has-post-thumbnail hentry category-2023-2024 category-kalendar-akci category-novinky category-skolska-rada tag-kalendar tag-sr tag-zs\">\n    <div class=\"content-wrapper\">\n                    <!--post thumbnal options-->\n            <div class=\"post-thumb\">\n                <a href=\"https:\/\/zszastavka.cz\/?p=20299\">\n                    <img loading=\"lazy\" decoding=\"async\" width=\"640\" height=\"426\" src=\"https:\/\/zszastavka.cz\/wp-content\/uploads\/2024\/05\/volby_SR.jpg\" class=\"attachment-large size-large wp-post-image\" alt=\"\" srcset=\"https:\/\/zszastavka.cz\/wp-content\/uploads\/2024\/05\/volby_SR.jpg 1012w, https:\/\/zszastavka.cz\/wp-content\/uploads\/2024\/05\/volby_SR-768x511.jpg 768w, https:\/\/zszastavka.cz\/wp-content\/uploads\/2024\/05\/volby_SR-272x182.jpg 272w\" sizes=\"auto, (max-width: 640px) 100vw, 640px\" \/>                <\/a>\n            <\/div><!-- .post-thumb-->\n                    <header class=\"entry-header \">\n            <div class=\"entry-meta\">\n                <a href=\"https:\/\/zszastavka.cz\/?p=20299\">\n                    <span class=\"day-month\">\n                        <span class=\"day\">\n                            10                        <\/span>\n                    <\/span>\n                    <span class=\"year\"><!--editing code? don't be confused it is actually month-->\n                        \u010cvn                    <\/span>\n                <\/a>\n            <\/div><!-- .entry-meta -->\n        <\/header><!-- .entry-header -->\n        <div class=\"entry-content\">\n            <div class=\"entry-header-title\">\n                <h2 class=\"entry-title\"><a href=\"https:\/\/zszastavka.cz\/?p=20299\" rel=\"bookmark\">Volby do \u0161kolsk\u00e9 rady (dopln\u011bno o kandid\u00e1ty)<\/a><\/h2>            <\/div>\n            <p>Na z\u00e1klad\u011b \u00a7 167 odst. 4 z\u00e1kona 561\/2004 Sb. ve zn\u011bn\u00ed pozd\u011bj\u0161\u00edch p\u0159edpis\u016f a na z\u00e1klad\u011b usnesen\u00ed Zastupitelstva obce Zast\u00e1vka ze dne 18. 5. 2005 vyhla\u0161uji volby do \u0161kolsk\u00e9 rady Z\u00e1kladn\u00ed \u0161koly a Mate\u0159sk\u00e9 \u0161koly T. G. Masaryka Zast\u00e1vka, p\u0159\u00edsp\u011bvkov\u00e1 organizace.<\/p>\n                <a class=\"btn btn-primary\" href=\"https:\/\/zszastavka.cz\/?p=20299 \">\n                    \u010c\u00edst d\u00e1le                <\/a>\n                        <\/div><!-- .entry-content -->\n    <\/div>\n<\/article><!-- #post-## -->                                <\/div>\n                                                                <div class=\"blog-item-wrapper init-animate slideInUp1 col-sm-12 col-md-4 col-sm-12 col-md-4 col-sm-12 col-md-4 col-sm-12 col-md-4 col-sm-12 col-md-4\">\n                                    <article id=\"post-20066\" class=\"init-animate slideInUp1 post-20066 post type-post status-publish format-standard has-post-thumbnail hentry category-2023-2024 category-aktualne category-novinky tag-ms tag-sd tag-zs\">\n    <div class=\"content-wrapper\">\n                    <!--post thumbnal options-->\n            <div class=\"post-thumb\">\n                <a href=\"https:\/\/zszastavka.cz\/?p=20066\">\n                    <img loading=\"lazy\" decoding=\"async\" width=\"640\" height=\"360\" src=\"https:\/\/zszastavka.cz\/wp-content\/uploads\/2021\/06\/asfalt.jpg\" class=\"attachment-large size-large wp-post-image\" alt=\"\" \/>                <\/a>\n            <\/div><!-- .post-thumb-->\n                    <header class=\"entry-header \">\n            <div class=\"entry-meta\">\n                <a href=\"https:\/\/zszastavka.cz\/?p=20066\">\n                    <span class=\"day-month\">\n                        <span class=\"day\">\n                            5                        <\/span>\n                    <\/span>\n                    <span class=\"year\"><!--editing code? don't be confused it is actually month-->\n                        Dub                    <\/span>\n                <\/a>\n            <\/div><!-- .entry-meta -->\n        <\/header><!-- .entry-header -->\n        <div class=\"entry-content\">\n            <div class=\"entry-header-title\">\n                <h2 class=\"entry-title\"><a href=\"https:\/\/zszastavka.cz\/?p=20066\" rel=\"bookmark\">Upozorn\u011bn\u00ed \u2013 uzav\u0159ena silnice<\/a><\/h2>            <\/div>\n            <p>Upozor\u0148ujeme z\u00e1konn\u00e9 z\u00e1stupce \u017e\u00e1k\u016f a zam\u011bstnance \u0161koly, \u017ee v \u00fater\u00fd 9.\u00a0dubna a ve st\u0159edu 10.\u00a0dubna 2024 bude z d\u016fvodu rekonstrukce uzav\u0159ena silnice mezi CCV a mate\u0159skou \u0161kolou U \u0160koly a z\u00e1kladn\u00ed \u0161kolou.<\/p>\n                <a class=\"btn btn-primary\" href=\"https:\/\/zszastavka.cz\/?p=20066 \">\n                    \u010c\u00edst d\u00e1le                <\/a>\n                        <\/div><!-- .entry-content -->\n    <\/div>\n<\/article><!-- #post-## -->                                <\/div>\n                                                                <div class=\"blog-item-wrapper init-animate slideInUp1 col-sm-12 col-md-4 col-sm-12 col-md-4 col-sm-12 col-md-4 col-sm-12 col-md-4 col-sm-12 col-md-4 col-sm-12 col-md-4\">\n                                    <article id=\"post-18766\" class=\"init-animate slideInUp1 post-18766 post type-post status-publish format-standard has-post-thumbnail hentry category-2023-2024 category-aktualne category-novinky tag-kalendar\">\n    <div class=\"content-wrapper\">\n                    <!--post thumbnal options-->\n            <div class=\"post-thumb\">\n                <a href=\"https:\/\/zszastavka.cz\/?p=18766\">\n                    <img loading=\"lazy\" decoding=\"async\" width=\"640\" height=\"533\" src=\"https:\/\/zszastavka.cz\/wp-content\/uploads\/2023\/11\/sachy-1024x853.jpg\" class=\"attachment-large size-large wp-post-image\" alt=\"\" \/>                <\/a>\n            <\/div><!-- .post-thumb-->\n                    <header class=\"entry-header \">\n            <div class=\"entry-meta\">\n                <a href=\"https:\/\/zszastavka.cz\/?p=18766\">\n                    <span class=\"day-month\">\n                        <span class=\"day\">\n                            30                        <\/span>\n                    <\/span>\n                    <span class=\"year\"><!--editing code? don't be confused it is actually month-->\n                        Lis                    <\/span>\n                <\/a>\n            <\/div><!-- .entry-meta -->\n        <\/header><!-- .entry-header -->\n        <div class=\"entry-content\">\n            <div class=\"entry-header-title\">\n                <h2 class=\"entry-title\"><a href=\"https:\/\/zszastavka.cz\/?p=18766\" rel=\"bookmark\">P\u0159ebor \u0161koln\u00edch dru\u017estev v \u0161achu<\/a><\/h2>            <\/div>\n            <p>Dru\u017estvo na\u0161ich \u017e\u00e1k\u016f se z\u00fa\u010dastnilo p\u0159eboru \u0161koln\u00edch dru\u017estev v \u0161achu. V\u00edce se dozv\u00edte ze zpr\u00e1vy organiz\u00e1tora (v p\u0159\u00edloze).<\/p>\n                <a class=\"btn btn-primary\" href=\"https:\/\/zszastavka.cz\/?p=18766 \">\n                    \u010c\u00edst d\u00e1le                <\/a>\n                        <\/div><!-- .entry-content -->\n    <\/div>\n<\/article><!-- #post-## -->                                <\/div>\n                                <div class='clearfix'><\/div>                    <\/div>\n                <\/div>\n            <\/section>\n            <\/div><\/div><\/div><\/div>","protected":false},"excerpt":{"rendered":"<p>28 \u010cvn Kr\u00e1sn\u00e9 l\u00e9to! P\u0159ejeme v\u0161em d\u011btem a \u017e\u00e1k\u016fm na\u0161\u00ed \u0161koly p\u0159ijemn\u00e9 pro\u017eit\u00ed pr\u00e1zdninov\u00fdch dn\u016f. \u0160koln\u00ed rok 2024\/2025 za\u010d\u00edn\u00e1 v pond\u011bl\u00ed 2.\u00a0z\u00e1\u0159\u00ed 2024. Kr\u00e1sn\u00e9 l\u00e9to! \u010c\u00edst d\u00e1le 28 \u010cvn Kompletn\u00ed v\u00fdsledky voleb do \u0161kolsk\u00e9 rady 2024 V&nbsp;souladu s&nbsp;volebn\u00edm \u0159\u00e1dem vydan\u00fdm Zastupitelstvem obce Zast\u00e1vka dne 18.&nbsp;5.&nbsp;2005 vyhla\u0161uji kompletn\u00ed v\u00fdsledky voleb do \u0161kolsk\u00e9 rady Z\u00e1kladn\u00ed \u0161koly a&hellip;<\/p>\n","protected":false},"author":1,"featured_media":0,"parent":4231,"menu_order":0,"comment_status":"closed","ping_status":"closed","template":"","meta":{"footnotes":""},"class_list":["post-17552","page","type-page","status-publish","hentry"],"_links":{"self":[{"href":"https:\/\/zszastavka.cz\/index.php?rest_route=\/wp\/v2\/pages\/17552","targetHints":{"allow":["GET"]}}],"collection":[{"href":"https:\/\/zszastavka.cz\/index.php?rest_route=\/wp\/v2\/pages"}],"about":[{"href":"https:\/\/zszastavka.cz\/index.php?rest_route=\/wp\/v2\/types\/page"}],"author":[{"embeddable":true,"href":"https:\/\/zszastavka.cz\/index.php?rest_route=\/wp\/v2\/users\/1"}],"replies":[{"embeddable":true,"href":"https:\/\/zszastavka.cz\/index.php?rest_route=%2Fwp%2Fv2%2Fcomments&post=17552"}],"version-history":[{"count":5,"href":"https:\/\/zszastavka.cz\/index.php?rest_route=\/wp\/v2\/pages\/17552\/revisions"}],"predecessor-version":[{"id":17561,"href":"https:\/\/zszastavka.cz\/index.php?rest_route=\/wp\/v2\/pages\/17552\/revisions\/17561"}],"up":[{"embeddable":true,"href":"https:\/\/zszastavka.cz\/index.php?rest_route=\/wp\/v2\/pages\/4231"}],"wp:attachment":[{"href":"https:\/\/zszastavka.cz\/index.php?rest_route=%2Fwp%2Fv2%2Fmedia&parent=17552"}],"curies":[{"name":"wp","href":"https:\/\/api.w.org\/{rel}","templated":true}]}}