{"id":14310,"date":"2023-04-13T15:30:48","date_gmt":"2023-04-13T13:30:48","guid":{"rendered":"https:\/\/zszastavka.cz\/?page_id=14310"},"modified":"2023-08-07T12:01:29","modified_gmt":"2023-08-07T10:01:29","slug":"fotogalerie-sd-2022-2023","status":"publish","type":"page","link":"https:\/\/zszastavka.cz\/?page_id=14310","title":{"rendered":"Fotogalerie \u0160D 2022\/2023"},"content":{"rendered":"\n<p class=\"has-black-color has-vivid-green-cyan-background-color has-text-color has-background\"><strong><a href=\"https:\/\/zszastavka.cz\/?page_id=14655\" data-type=\"page\" data-id=\"14655\">\u0160D Zelen\u00e1<\/a><\/strong><\/p>\n\n\n\n<p class=\"has-white-color has-vivid-red-background-color has-text-color has-background\"><strong><a href=\"https:\/\/zszastavka.cz\/?page_id=14659\" data-type=\"page\" data-id=\"14659\">\u0160D \u010cerven\u00e1<\/a><\/strong><\/p>\n\n\n\n<p class=\"has-black-color has-luminous-vivid-amber-background-color has-text-color has-background\"><strong><a href=\"https:\/\/zszastavka.cz\/?page_id=14662\" data-type=\"page\" data-id=\"14662\">\u0160D \u017dlut\u00e1<\/a><\/strong><\/p>\n\n\n\n<p class=\"has-white-color has-vivid-cyan-blue-background-color has-text-color has-background\"><strong><a href=\"https:\/\/zszastavka.cz\/?page_id=14665\" data-type=\"page\" data-id=\"14665\">\u0160D Modr\u00e1<\/a><\/strong><\/p>\n\n\n\n<p><\/p>\n","protected":false},"excerpt":{"rendered":"<p>\u0160D Zelen\u00e1 \u0160D \u010cerven\u00e1 \u0160D \u017dlut\u00e1 \u0160D Modr\u00e1<\/p>\n","protected":false},"author":1,"featured_media":0,"parent":17583,"menu_order":1,"comment_status":"closed","ping_status":"closed","template":"","meta":{"footnotes":""},"class_list":["post-14310","page","type-page","status-publish","hentry"],"_links":{"self":[{"href":"https:\/\/zszastavka.cz\/index.php?rest_route=\/wp\/v2\/pages\/14310","targetHints":{"allow":["GET"]}}],"collection":[{"href":"https:\/\/zszastavka.cz\/index.php?rest_route=\/wp\/v2\/pages"}],"about":[{"href":"https:\/\/zszastavka.cz\/index.php?rest_route=\/wp\/v2\/types\/page"}],"author":[{"embeddable":true,"href":"https:\/\/zszastavka.cz\/index.php?rest_route=\/wp\/v2\/users\/1"}],"replies":[{"embeddable":true,"href":"https:\/\/zszastavka.cz\/index.php?rest_route=%2Fwp%2Fv2%2Fcomments&post=14310"}],"version-history":[{"count":5,"href":"https:\/\/zszastavka.cz\/index.php?rest_route=\/wp\/v2\/pages\/14310\/revisions"}],"predecessor-version":[{"id":17442,"href":"https:\/\/zszastavka.cz\/index.php?rest_route=\/wp\/v2\/pages\/14310\/revisions\/17442"}],"up":[{"embeddable":true,"href":"https:\/\/zszastavka.cz\/index.php?rest_route=\/wp\/v2\/pages\/17583"}],"wp:attachment":[{"href":"https:\/\/zszastavka.cz\/index.php?rest_route=%2Fwp%2Fv2%2Fmedia&parent=14310"}],"curies":[{"name":"wp","href":"https:\/\/api.w.org\/{rel}","templated":true}]}}