{"id":13008,"date":"2022-08-01T13:01:42","date_gmt":"2022-08-01T11:01:42","guid":{"rendered":"https:\/\/zszastavka.cz\/?page_id=13008"},"modified":"2022-08-01T13:01:42","modified_gmt":"2022-08-01T11:01:42","slug":"skolni-rok-2022-2023","status":"publish","type":"page","link":"https:\/\/zszastavka.cz\/?page_id=13008","title":{"rendered":"\u0160koln\u00ed rok 2022\/2023"},"content":{"rendered":"<div id=\"pl-13008\"  class=\"panel-layout\" ><div id=\"pg-13008-0\"  class=\"panel-grid panel-no-style\" ><div id=\"pgc-13008-0-0\"  class=\"panel-grid-cell\" ><div id=\"panel-13008-0-0-0\" class=\"so-panel widget widget_education_base_posts_col panel-first-child panel-last-child\" data-index=\"0\" >            <section id=\"education_base_posts_col-3\" class=\"acme-widgets acme-col-posts gray-bg\">\n                <div class=\"container\">\n                                        <div class=\"row\">\n                                                        <div class=\"blog-item-wrapper init-animate slideInUp1 col-sm-12 col-md-4\">\n                                    <article id=\"post-15604\" class=\"init-animate slideInUp1 post-15604 post type-post status-publish format-standard has-post-thumbnail hentry category-skolnirok2022 category-kalendar-akci category-novinky tag-kalendar tag-vzdelavani tag-zs\">\n    <div class=\"content-wrapper\">\n                    <!--post thumbnal options-->\n            <div class=\"post-thumb\">\n                <a href=\"https:\/\/zszastavka.cz\/?p=15604\">\n                    <img loading=\"lazy\" decoding=\"async\" width=\"640\" height=\"502\" src=\"https:\/\/zszastavka.cz\/wp-content\/uploads\/2023\/06\/Pribehy_nasi_sousedu.png\" class=\"attachment-large size-large wp-post-image\" alt=\"\" srcset=\"https:\/\/zszastavka.cz\/wp-content\/uploads\/2023\/06\/Pribehy_nasi_sousedu.png 962w, https:\/\/zszastavka.cz\/wp-content\/uploads\/2023\/06\/Pribehy_nasi_sousedu-768x602.png 768w\" sizes=\"auto, (max-width: 640px) 100vw, 640px\" \/>                <\/a>\n            <\/div><!-- .post-thumb-->\n                    <header class=\"entry-header \">\n            <div class=\"entry-meta\">\n                <a href=\"https:\/\/zszastavka.cz\/?p=15604\">\n                    <span class=\"day-month\">\n                        <span class=\"day\">\n                            13                        <\/span>\n                    <\/span>\n                    <span class=\"year\"><!--editing code? don't be confused it is actually month-->\n                        \u010cvn                    <\/span>\n                <\/a>\n            <\/div><!-- .entry-meta -->\n        <\/header><!-- .entry-header -->\n        <div class=\"entry-content\">\n            <div class=\"entry-header-title\">\n                <h2 class=\"entry-title\"><a href=\"https:\/\/zszastavka.cz\/?p=15604\" rel=\"bookmark\">P\u0159\u00edb\u011bhy na\u0161ich soused\u016f<\/a><\/h2>            <\/div>\n            <p>Dovolujeme si V\u00e1s pozvat na slavnostn\u00ed z\u00e1v\u011bre\u010dnou prezentaci projektu P\u0159\u00edb\u011bhy na\u0161ich soused\u016f.<\/p>\n                <a class=\"btn btn-primary\" href=\"https:\/\/zszastavka.cz\/?p=15604 \">\n                    \u010c\u00edst d\u00e1le                <\/a>\n                        <\/div><!-- .entry-content -->\n    <\/div>\n<\/article><!-- #post-## -->                                <\/div>\n                                                                <div class=\"blog-item-wrapper init-animate slideInUp1 col-sm-12 col-md-4 col-sm-12 col-md-4\">\n                                    <article id=\"post-14865\" class=\"init-animate slideInUp1 post-14865 post type-post status-publish format-standard has-post-thumbnail hentry category-skolnirok2022 category-kalendar-akci category-novinky tag-kalendar tag-zs\">\n    <div class=\"content-wrapper\">\n                    <!--post thumbnal options-->\n            <div class=\"post-thumb\">\n                <a href=\"https:\/\/zszastavka.cz\/?p=14865\">\n                    <img loading=\"lazy\" decoding=\"async\" width=\"640\" height=\"629\" src=\"https:\/\/zszastavka.cz\/wp-content\/uploads\/2023\/04\/jarmark-1024x1006.jpg\" class=\"attachment-large size-large wp-post-image\" alt=\"\" \/>                <\/a>\n            <\/div><!-- .post-thumb-->\n                    <header class=\"entry-header \">\n            <div class=\"entry-meta\">\n                <a href=\"https:\/\/zszastavka.cz\/?p=14865\">\n                    <span class=\"day-month\">\n                        <span class=\"day\">\n                            28                        <\/span>\n                    <\/span>\n                    <span class=\"year\"><!--editing code? don't be confused it is actually month-->\n                        Dub                    <\/span>\n                <\/a>\n            <\/div><!-- .entry-meta -->\n        <\/header><!-- .entry-header -->\n        <div class=\"entry-content\">\n            <div class=\"entry-header-title\">\n                <h2 class=\"entry-title\"><a href=\"https:\/\/zszastavka.cz\/?p=14865\" rel=\"bookmark\">\u0160koln\u00ed jarmark<\/a><\/h2>            <\/div>\n            <p>Zveme v\u00e1s na \u0161koln\u00ed jarmark nejen pro maminky, kter\u00fd se kon\u00e1 v sobotu 13.\u00a0kv\u011btna 2023 od 15.00 hodin. V\u00fdt\u011b\u017eek z jarmarku bude v\u011bnov\u00e1n na pomoc handicapovan\u00fdm d\u011btem.<\/p>\n                <a class=\"btn btn-primary\" href=\"https:\/\/zszastavka.cz\/?p=14865 \">\n                    \u010c\u00edst d\u00e1le                <\/a>\n                        <\/div><!-- .entry-content -->\n    <\/div>\n<\/article><!-- #post-## -->                                <\/div>\n                                                                <div class=\"blog-item-wrapper init-animate slideInUp1 col-sm-12 col-md-4 col-sm-12 col-md-4 col-sm-12 col-md-4\">\n                                    <article id=\"post-14183\" class=\"init-animate slideInUp1 post-14183 post type-post status-publish format-standard has-post-thumbnail hentry category-skolnirok2022 category-kalendar-akci category-novinky tag-ms tag-zs\">\n    <div class=\"content-wrapper\">\n                    <!--post thumbnal options-->\n            <div class=\"post-thumb\">\n                <a href=\"https:\/\/zszastavka.cz\/?p=14183\">\n                    <img loading=\"lazy\" decoding=\"async\" width=\"640\" height=\"506\" src=\"https:\/\/zszastavka.cz\/wp-content\/uploads\/2023\/04\/Velikonoce2023-1024x810.jpg\" class=\"attachment-large size-large wp-post-image\" alt=\"\" \/>                <\/a>\n            <\/div><!-- .post-thumb-->\n                    <header class=\"entry-header \">\n            <div class=\"entry-meta\">\n                <a href=\"https:\/\/zszastavka.cz\/?p=14183\">\n                    <span class=\"day-month\">\n                        <span class=\"day\">\n                            6                        <\/span>\n                    <\/span>\n                    <span class=\"year\"><!--editing code? don't be confused it is actually month-->\n                        Dub                    <\/span>\n                <\/a>\n            <\/div><!-- .entry-meta -->\n        <\/header><!-- .entry-header -->\n        <div class=\"entry-content\">\n            <div class=\"entry-header-title\">\n                <h2 class=\"entry-title\"><a href=\"https:\/\/zszastavka.cz\/?p=14183\" rel=\"bookmark\">Kr\u00e1sn\u00e9 Velikonoce<\/a><\/h2>            <\/div>\n            <p>Kr\u00e1sn\u00e9 sv\u00e1tky velikono\u010dn\u00ed, hodn\u011b slune\u010dn\u00fdch dn\u00ed a pohodov\u00fd sv\u00e1te\u010dn\u00ed v\u00edkend p\u0159ejeme v\u0161em d\u011btem, \u017e\u00e1k\u016fm, rodi\u010d\u016fm i zam\u011bstnanc\u016fm \u0161koly.<\/p>\n                <a class=\"btn btn-primary\" href=\"https:\/\/zszastavka.cz\/?p=14183 \">\n                    \u010c\u00edst d\u00e1le                <\/a>\n                        <\/div><!-- .entry-content -->\n    <\/div>\n<\/article><!-- #post-## -->                                <\/div>\n                                <div class='clearfix'><\/div>                                <div class=\"blog-item-wrapper init-animate slideInUp1 col-sm-12 col-md-4 col-sm-12 col-md-4 col-sm-12 col-md-4 col-sm-12 col-md-4\">\n                                    <article id=\"post-14039\" class=\"init-animate slideInUp1 post-14039 post type-post status-publish format-standard has-post-thumbnail hentry category-skolnirok2022 category-kalendar-akci category-novinky tag-kalendar tag-vzdelavani tag-zs\">\n    <div class=\"content-wrapper\">\n                    <!--post thumbnal options-->\n            <div class=\"post-thumb\">\n                <a href=\"https:\/\/zszastavka.cz\/?p=14039\">\n                    <img loading=\"lazy\" decoding=\"async\" width=\"640\" height=\"371\" src=\"https:\/\/zszastavka.cz\/wp-content\/uploads\/2023\/02\/jeseniky-1024x593.jpg\" class=\"attachment-large size-large wp-post-image\" alt=\"\" \/>                <\/a>\n            <\/div><!-- .post-thumb-->\n                    <header class=\"entry-header \">\n            <div class=\"entry-meta\">\n                <a href=\"https:\/\/zszastavka.cz\/?p=14039\">\n                    <span class=\"day-month\">\n                        <span class=\"day\">\n                            22                        <\/span>\n                    <\/span>\n                    <span class=\"year\"><!--editing code? don't be confused it is actually month-->\n                        \u00dano                    <\/span>\n                <\/a>\n            <\/div><!-- .entry-meta -->\n        <\/header><!-- .entry-header -->\n        <div class=\"entry-content\">\n            <div class=\"entry-header-title\">\n                <h2 class=\"entry-title\"><a href=\"https:\/\/zszastavka.cz\/?p=14039\" rel=\"bookmark\">Ly\u017ea\u0159sk\u00fd v\u00fdcvikov\u00fd kurz<\/a><\/h2>            <\/div>\n            <p>V term\u00ednu od 5. do 10. b\u0159ezna 2023 prob\u011bhne pro \u017e\u00e1ky osm\u00e9ho a dev\u00e1t\u00e9 ro\u010dn\u00edku ly\u017ea\u0159sk\u00fd v\u00fdcvikov\u00fd kurz.<\/p>\n                <a class=\"btn btn-primary\" href=\"https:\/\/zszastavka.cz\/?p=14039 \">\n                    \u010c\u00edst d\u00e1le                <\/a>\n                        <\/div><!-- .entry-content -->\n    <\/div>\n<\/article><!-- #post-## -->                                <\/div>\n                                                                <div class=\"blog-item-wrapper init-animate slideInUp1 col-sm-12 col-md-4 col-sm-12 col-md-4 col-sm-12 col-md-4 col-sm-12 col-md-4 col-sm-12 col-md-4\">\n                                    <article id=\"post-14023\" class=\"init-animate slideInUp1 post-14023 post type-post status-publish format-standard has-post-thumbnail hentry category-skolnirok2022 category-kalendar-akci category-novinky tag-jidelna tag-vzdelavani tag-zs\">\n    <div class=\"content-wrapper\">\n                    <!--post thumbnal options-->\n            <div class=\"post-thumb\">\n                <a href=\"https:\/\/zszastavka.cz\/?p=14023\">\n                    <img loading=\"lazy\" decoding=\"async\" width=\"640\" height=\"375\" src=\"https:\/\/zszastavka.cz\/wp-content\/uploads\/2020\/05\/skola1-1024x600.jpg\" class=\"attachment-large size-large wp-post-image\" alt=\"\" \/>                <\/a>\n            <\/div><!-- .post-thumb-->\n                    <header class=\"entry-header \">\n            <div class=\"entry-meta\">\n                <a href=\"https:\/\/zszastavka.cz\/?p=14023\">\n                    <span class=\"day-month\">\n                        <span class=\"day\">\n                            25                        <\/span>\n                    <\/span>\n                    <span class=\"year\"><!--editing code? don't be confused it is actually month-->\n                        Led                    <\/span>\n                <\/a>\n            <\/div><!-- .entry-meta -->\n        <\/header><!-- .entry-header -->\n        <div class=\"entry-content\">\n            <div class=\"entry-header-title\">\n                <h2 class=\"entry-title\"><a href=\"https:\/\/zszastavka.cz\/?p=14023\" rel=\"bookmark\">Vysv\u011bd\u010den\u00ed<\/a><\/h2>            <\/div>\n            <p>V \u00fater\u00fd 31.\u00a0ledna 2023 obdr\u017e\u00ed \u017e\u00e1ci na\u0161\u00ed \u0161koly pololetn\u00ed vysv\u011bd\u010den\u00ed. Vysv\u011bd\u010den\u00ed je vyd\u00e1v\u00e1no v pr\u016fb\u011bhu \u010dtvrt\u00e9 a p\u00e1t\u00e9 vyu\u010dovac\u00ed hodiny, n\u00e1sledn\u011b ja zkr\u00e1ceno vyu\u010dov\u00e1n\u00ed. Ob\u011bdy se vyd\u00e1vaj\u00ed ji\u017e od 11.00 hodin.<\/p>\n                <a class=\"btn btn-primary\" href=\"https:\/\/zszastavka.cz\/?p=14023 \">\n                    \u010c\u00edst d\u00e1le                <\/a>\n                        <\/div><!-- .entry-content -->\n    <\/div>\n<\/article><!-- #post-## -->                                <\/div>\n                                                                <div class=\"blog-item-wrapper init-animate slideInUp1 col-sm-12 col-md-4 col-sm-12 col-md-4 col-sm-12 col-md-4 col-sm-12 col-md-4 col-sm-12 col-md-4 col-sm-12 col-md-4\">\n                                    <article id=\"post-13582\" class=\"init-animate slideInUp1 post-13582 post type-post status-publish format-standard has-post-thumbnail hentry category-skolnirok2022 category-kalendar-akci category-novinky tag-kalendar tag-zs\">\n    <div class=\"content-wrapper\">\n                    <!--post thumbnal options-->\n            <div class=\"post-thumb\">\n                <a href=\"https:\/\/zszastavka.cz\/?p=13582\">\n                    <img loading=\"lazy\" decoding=\"async\" width=\"640\" height=\"533\" src=\"https:\/\/zszastavka.cz\/wp-content\/uploads\/2022\/12\/christmas-tree-1024x852.jpg\" class=\"attachment-large size-large wp-post-image\" alt=\"\" \/>                <\/a>\n            <\/div><!-- .post-thumb-->\n                    <header class=\"entry-header \">\n            <div class=\"entry-meta\">\n                <a href=\"https:\/\/zszastavka.cz\/?p=13582\">\n                    <span class=\"day-month\">\n                        <span class=\"day\">\n                            14                        <\/span>\n                    <\/span>\n                    <span class=\"year\"><!--editing code? don't be confused it is actually month-->\n                        Pro                    <\/span>\n                <\/a>\n            <\/div><!-- .entry-meta -->\n        <\/header><!-- .entry-header -->\n        <div class=\"entry-content\">\n            <div class=\"entry-header-title\">\n                <h2 class=\"entry-title\"><a href=\"https:\/\/zszastavka.cz\/?p=13582\" rel=\"bookmark\">Zp\u00edv\u00e1n\u00ed u v\u00e1no\u010dn\u00edho stromu<\/a><\/h2>            <\/div>\n            <p>\u017d\u00e1ci a zam\u011bstnanci z\u00e1kladn\u00ed \u0161koly zvou v\u0161echny ob\u010dany Zast\u00e1vky k tradi\u010dn\u00edmu zp\u00edv\u00e1n\u00ed u v\u00e1no\u010dn\u00edho stromu. Zp\u00edv\u00e1n\u00ed zaji\u0161\u0165ovan\u00e9 ve spolupr\u00e1ci s obc\u00ed Zast\u00e1vka prob\u011bhne 22.\u00a0prosince 2022 od 18.00 hodin. Zp\u00edv\u00e1n\u00ed doprovod\u00ed na z\u00e1v\u011br oh\u0148ostroj a snad i tradi\u010dn\u00ed ob\u010derstven\u00ed tepl\u00fdmi hasi\u010dsk\u00fdmi n\u00e1poji.<\/p>\n                <a class=\"btn btn-primary\" href=\"https:\/\/zszastavka.cz\/?p=13582 \">\n                    \u010c\u00edst d\u00e1le                <\/a>\n                        <\/div><!-- .entry-content -->\n    <\/div>\n<\/article><!-- #post-## -->                                <\/div>\n                                <div class='clearfix'><\/div>                    <\/div>\n                <\/div>\n            <\/section>\n            <\/div><\/div><\/div><\/div>","protected":false},"excerpt":{"rendered":"<p>13 \u010cvn P\u0159\u00edb\u011bhy na\u0161ich soused\u016f Dovolujeme si V\u00e1s pozvat na slavnostn\u00ed z\u00e1v\u011bre\u010dnou prezentaci projektu P\u0159\u00edb\u011bhy na\u0161ich soused\u016f. \u010c\u00edst d\u00e1le 28 Dub \u0160koln\u00ed jarmark Zveme v\u00e1s na \u0161koln\u00ed jarmark nejen pro maminky, kter\u00fd se kon\u00e1 v sobotu 13.\u00a0kv\u011btna 2023 od 15.00 hodin. V\u00fdt\u011b\u017eek z jarmarku bude v\u011bnov\u00e1n na pomoc handicapovan\u00fdm d\u011btem. \u010c\u00edst d\u00e1le 6 Dub Kr\u00e1sn\u00e9&hellip;<\/p>\n","protected":false},"author":1,"featured_media":0,"parent":4231,"menu_order":0,"comment_status":"closed","ping_status":"closed","template":"","meta":{"footnotes":""},"class_list":["post-13008","page","type-page","status-publish","hentry"],"_links":{"self":[{"href":"https:\/\/zszastavka.cz\/index.php?rest_route=\/wp\/v2\/pages\/13008","targetHints":{"allow":["GET"]}}],"collection":[{"href":"https:\/\/zszastavka.cz\/index.php?rest_route=\/wp\/v2\/pages"}],"about":[{"href":"https:\/\/zszastavka.cz\/index.php?rest_route=\/wp\/v2\/types\/page"}],"author":[{"embeddable":true,"href":"https:\/\/zszastavka.cz\/index.php?rest_route=\/wp\/v2\/users\/1"}],"replies":[{"embeddable":true,"href":"https:\/\/zszastavka.cz\/index.php?rest_route=%2Fwp%2Fv2%2Fcomments&post=13008"}],"version-history":[{"count":2,"href":"https:\/\/zszastavka.cz\/index.php?rest_route=\/wp\/v2\/pages\/13008\/revisions"}],"predecessor-version":[{"id":13010,"href":"https:\/\/zszastavka.cz\/index.php?rest_route=\/wp\/v2\/pages\/13008\/revisions\/13010"}],"up":[{"embeddable":true,"href":"https:\/\/zszastavka.cz\/index.php?rest_route=\/wp\/v2\/pages\/4231"}],"wp:attachment":[{"href":"https:\/\/zszastavka.cz\/index.php?rest_route=%2Fwp%2Fv2%2Fmedia&parent=13008"}],"curies":[{"name":"wp","href":"https:\/\/api.w.org\/{rel}","templated":true}]}}