{"id":11652,"date":"2022-04-11T13:34:55","date_gmt":"2022-04-11T11:34:55","guid":{"rendered":"https:\/\/zszastavka.cz\/?page_id=11652"},"modified":"2022-04-11T13:37:51","modified_gmt":"2022-04-11T11:37:51","slug":"brezen-2022-v-ms-u-skoly","status":"publish","type":"page","link":"https:\/\/zszastavka.cz\/?page_id=11652","title":{"rendered":"B\u0159ezen 2022 v M\u0160 U \u0160koly"},"content":{"rendered":"<nav id=\"foogallery-gallery-11651_paging-top\" class=\"fg-paging-container fg-ph-dots\"><\/nav><style type=\"text\/css\">\n#foogallery-gallery-11651 .fg-image { width: 150px; }\n#foogallery-gallery-11651 { --fg-gutter: 10px; }<\/style>\n\t\t\t<div class=\"foogallery foogallery-container foogallery-default foogallery-lightbox-foobox fg-center fg-default fg-ready fg-light fg-border-thin fg-shadow-outline fg-loading-default fg-loaded-fade-in fg-caption-hover fg-hover-fade fg-hover-zoom\" id=\"foogallery-gallery-11651\" data-foogallery=\"{&quot;item&quot;:{&quot;showCaptionTitle&quot;:true,&quot;showCaptionDescription&quot;:false},&quot;lazy&quot;:true,&quot;paging&quot;:{&quot;type&quot;:&quot;dots&quot;,&quot;size&quot;:20,&quot;position&quot;:&quot;both&quot;,&quot;scrollToTop&quot;:false,&quot;output&quot;:&quot;&quot;,&quot;theme&quot;:&quot;fg-light&quot;}}\" style=\"--fg-title-line-clamp: 0; --fg-description-line-clamp: 0;\" >\n\t<div class=\"fg-item fg-type-image fg-idle\"><figure class=\"fg-item-inner\"><a href=\"https:\/\/zszastavka.cz\/wp-content\/uploads\/2022\/04\/msus_brezen22_07-1.jpg\" data-attachment-id=\"11630\" data-type=\"image\" class=\"fg-thumb\"><span class=\"fg-image-wrap\"><img decoding=\"async\" width=\"150\" height=\"150\" class=\"skip-lazy fg-image\" data-src-fg=\"https:\/\/zszastavka.cz\/wp-content\/uploads\/cache\/2022\/04\/msus_brezen22_07-1\/1631216016.jpg\" src=\"data:image\/svg+xml,%3Csvg%20xmlns%3D%22http%3A%2F%2Fwww.w3.org%2F2000%2Fsvg%22%20width%3D%22150%22%20height%3D%22150%22%20viewBox%3D%220%200%20150%20150%22%3E%3C%2Fsvg%3E\" loading=\"eager\"><\/span><span class=\"fg-image-overlay\"><\/span><\/a><\/figure><div class=\"fg-loader\"><\/div><\/div><div class=\"fg-item fg-type-image fg-idle\"><figure class=\"fg-item-inner\"><a href=\"https:\/\/zszastavka.cz\/wp-content\/uploads\/2022\/04\/msus_brezen22_06-1.jpg\" data-attachment-id=\"11629\" data-type=\"image\" class=\"fg-thumb\"><span class=\"fg-image-wrap\"><img decoding=\"async\" width=\"150\" height=\"150\" class=\"skip-lazy fg-image\" data-src-fg=\"https:\/\/zszastavka.cz\/wp-content\/uploads\/cache\/2022\/04\/msus_brezen22_06-1\/1698733722.jpg\" src=\"data:image\/svg+xml,%3Csvg%20xmlns%3D%22http%3A%2F%2Fwww.w3.org%2F2000%2Fsvg%22%20width%3D%22150%22%20height%3D%22150%22%20viewBox%3D%220%200%20150%20150%22%3E%3C%2Fsvg%3E\" loading=\"eager\"><\/span><span class=\"fg-image-overlay\"><\/span><\/a><\/figure><div class=\"fg-loader\"><\/div><\/div><div class=\"fg-item fg-type-image fg-idle\"><figure class=\"fg-item-inner\"><a href=\"https:\/\/zszastavka.cz\/wp-content\/uploads\/2022\/04\/msus_brezen22_04-1.jpg\" data-attachment-id=\"11627\" data-type=\"image\" class=\"fg-thumb\"><span class=\"fg-image-wrap\"><img decoding=\"async\" width=\"150\" height=\"150\" class=\"skip-lazy fg-image\" data-src-fg=\"https:\/\/zszastavka.cz\/wp-content\/uploads\/cache\/2022\/04\/msus_brezen22_04-1\/573714552.jpg\" src=\"data:image\/svg+xml,%3Csvg%20xmlns%3D%22http%3A%2F%2Fwww.w3.org%2F2000%2Fsvg%22%20width%3D%22150%22%20height%3D%22150%22%20viewBox%3D%220%200%20150%20150%22%3E%3C%2Fsvg%3E\" loading=\"eager\"><\/span><span class=\"fg-image-overlay\"><\/span><\/a><\/figure><div class=\"fg-loader\"><\/div><\/div><div class=\"fg-item fg-type-image fg-idle\"><figure class=\"fg-item-inner\"><a href=\"https:\/\/zszastavka.cz\/wp-content\/uploads\/2022\/04\/msus_brezen22_05-1.jpg\" data-caption-title=\"smart\" data-attachment-id=\"11628\" data-type=\"image\" class=\"fg-thumb\"><span class=\"fg-image-wrap\"><img decoding=\"async\" title=\"smart\" width=\"150\" height=\"150\" class=\"skip-lazy fg-image\" data-src-fg=\"https:\/\/zszastavka.cz\/wp-content\/uploads\/cache\/2022\/04\/msus_brezen22_05-1\/2701738368.jpg\" src=\"data:image\/svg+xml,%3Csvg%20xmlns%3D%22http%3A%2F%2Fwww.w3.org%2F2000%2Fsvg%22%20width%3D%22150%22%20height%3D%22150%22%20viewBox%3D%220%200%20150%20150%22%3E%3C%2Fsvg%3E\" loading=\"eager\"><\/span><span class=\"fg-image-overlay\"><\/span><\/a><figcaption class=\"fg-caption\"><div class=\"fg-caption-inner\"><div class=\"fg-caption-title\">smart<\/div><\/div><\/figcaption><\/figure><div class=\"fg-loader\"><\/div><\/div><div class=\"fg-item fg-type-image fg-idle\"><figure class=\"fg-item-inner\"><a href=\"https:\/\/zszastavka.cz\/wp-content\/uploads\/2022\/04\/msus_brezen22_03-1.jpg\" data-attachment-id=\"11626\" data-type=\"image\" class=\"fg-thumb\"><span class=\"fg-image-wrap\"><img decoding=\"async\" width=\"150\" height=\"150\" class=\"skip-lazy fg-image\" data-src-fg=\"https:\/\/zszastavka.cz\/wp-content\/uploads\/cache\/2022\/04\/msus_brezen22_03-1\/4019212056.jpg\" src=\"data:image\/svg+xml,%3Csvg%20xmlns%3D%22http%3A%2F%2Fwww.w3.org%2F2000%2Fsvg%22%20width%3D%22150%22%20height%3D%22150%22%20viewBox%3D%220%200%20150%20150%22%3E%3C%2Fsvg%3E\" loading=\"eager\"><\/span><span class=\"fg-image-overlay\"><\/span><\/a><\/figure><div class=\"fg-loader\"><\/div><\/div><div class=\"fg-item fg-type-image fg-idle\"><figure class=\"fg-item-inner\"><a href=\"https:\/\/zszastavka.cz\/wp-content\/uploads\/2022\/04\/msus_brezen22_02-1.jpg\" data-attachment-id=\"11625\" data-type=\"image\" class=\"fg-thumb\"><span class=\"fg-image-wrap\"><img decoding=\"async\" width=\"150\" height=\"150\" class=\"skip-lazy fg-image\" data-src-fg=\"https:\/\/zszastavka.cz\/wp-content\/uploads\/cache\/2022\/04\/msus_brezen22_02-1\/1909491725.jpg\" src=\"data:image\/svg+xml,%3Csvg%20xmlns%3D%22http%3A%2F%2Fwww.w3.org%2F2000%2Fsvg%22%20width%3D%22150%22%20height%3D%22150%22%20viewBox%3D%220%200%20150%20150%22%3E%3C%2Fsvg%3E\" loading=\"eager\"><\/span><span class=\"fg-image-overlay\"><\/span><\/a><\/figure><div class=\"fg-loader\"><\/div><\/div><div class=\"fg-item fg-type-image fg-idle\"><figure class=\"fg-item-inner\"><a href=\"https:\/\/zszastavka.cz\/wp-content\/uploads\/2022\/04\/msus_brezen22_01-1.jpg\" data-attachment-id=\"11624\" data-type=\"image\" class=\"fg-thumb\"><span class=\"fg-image-wrap\"><img decoding=\"async\" width=\"150\" height=\"150\" class=\"skip-lazy fg-image\" data-src-fg=\"https:\/\/zszastavka.cz\/wp-content\/uploads\/cache\/2022\/04\/msus_brezen22_01-1\/3046725399.jpg\" src=\"data:image\/svg+xml,%3Csvg%20xmlns%3D%22http%3A%2F%2Fwww.w3.org%2F2000%2Fsvg%22%20width%3D%22150%22%20height%3D%22150%22%20viewBox%3D%220%200%20150%20150%22%3E%3C%2Fsvg%3E\" loading=\"eager\"><\/span><span class=\"fg-image-overlay\"><\/span><\/a><\/figure><div class=\"fg-loader\"><\/div><\/div><div class=\"fg-item fg-type-image fg-idle\"><figure class=\"fg-item-inner\"><a href=\"https:\/\/zszastavka.cz\/wp-content\/uploads\/2022\/04\/msus_brezen22_27-1.jpg\" data-attachment-id=\"11650\" data-type=\"image\" class=\"fg-thumb\"><span class=\"fg-image-wrap\"><img decoding=\"async\" width=\"150\" height=\"150\" class=\"skip-lazy fg-image\" data-src-fg=\"https:\/\/zszastavka.cz\/wp-content\/uploads\/cache\/2022\/04\/msus_brezen22_27-1\/3149736392.jpg\" src=\"data:image\/svg+xml,%3Csvg%20xmlns%3D%22http%3A%2F%2Fwww.w3.org%2F2000%2Fsvg%22%20width%3D%22150%22%20height%3D%22150%22%20viewBox%3D%220%200%20150%20150%22%3E%3C%2Fsvg%3E\" loading=\"eager\"><\/span><span class=\"fg-image-overlay\"><\/span><\/a><\/figure><div class=\"fg-loader\"><\/div><\/div><div class=\"fg-item fg-type-image fg-idle\"><figure class=\"fg-item-inner\"><a href=\"https:\/\/zszastavka.cz\/wp-content\/uploads\/2022\/04\/msus_brezen22_25-1.jpg\" data-attachment-id=\"11648\" data-type=\"image\" class=\"fg-thumb\"><span class=\"fg-image-wrap\"><img decoding=\"async\" width=\"150\" height=\"150\" class=\"skip-lazy fg-image\" data-src-fg=\"https:\/\/zszastavka.cz\/wp-content\/uploads\/cache\/2022\/04\/msus_brezen22_25-1\/2072906200.jpg\" src=\"data:image\/svg+xml,%3Csvg%20xmlns%3D%22http%3A%2F%2Fwww.w3.org%2F2000%2Fsvg%22%20width%3D%22150%22%20height%3D%22150%22%20viewBox%3D%220%200%20150%20150%22%3E%3C%2Fsvg%3E\" loading=\"eager\"><\/span><span class=\"fg-image-overlay\"><\/span><\/a><\/figure><div class=\"fg-loader\"><\/div><\/div><div class=\"fg-item fg-type-image fg-idle\"><figure class=\"fg-item-inner\"><a href=\"https:\/\/zszastavka.cz\/wp-content\/uploads\/2022\/04\/msus_brezen22_24-1.jpg\" data-attachment-id=\"11647\" data-type=\"image\" class=\"fg-thumb\"><span class=\"fg-image-wrap\"><img decoding=\"async\" width=\"150\" height=\"150\" class=\"skip-lazy fg-image\" data-src-fg=\"https:\/\/zszastavka.cz\/wp-content\/uploads\/cache\/2022\/04\/msus_brezen22_24-1\/4172642336.jpg\" src=\"data:image\/svg+xml,%3Csvg%20xmlns%3D%22http%3A%2F%2Fwww.w3.org%2F2000%2Fsvg%22%20width%3D%22150%22%20height%3D%22150%22%20viewBox%3D%220%200%20150%20150%22%3E%3C%2Fsvg%3E\" loading=\"eager\"><\/span><span class=\"fg-image-overlay\"><\/span><\/a><\/figure><div class=\"fg-loader\"><\/div><\/div><div class=\"fg-item fg-type-image fg-idle\"><figure class=\"fg-item-inner\"><a href=\"https:\/\/zszastavka.cz\/wp-content\/uploads\/2022\/04\/msus_brezen22_23-1.jpg\" data-attachment-id=\"11646\" data-type=\"image\" class=\"fg-thumb\"><span class=\"fg-image-wrap\"><img decoding=\"async\" width=\"150\" height=\"150\" class=\"skip-lazy fg-image\" data-src-fg=\"https:\/\/zszastavka.cz\/wp-content\/uploads\/cache\/2022\/04\/msus_brezen22_23-1\/890701632.jpg\" src=\"data:image\/svg+xml,%3Csvg%20xmlns%3D%22http%3A%2F%2Fwww.w3.org%2F2000%2Fsvg%22%20width%3D%22150%22%20height%3D%22150%22%20viewBox%3D%220%200%20150%20150%22%3E%3C%2Fsvg%3E\" loading=\"eager\"><\/span><span class=\"fg-image-overlay\"><\/span><\/a><\/figure><div class=\"fg-loader\"><\/div><\/div><div class=\"fg-item fg-type-image fg-idle\"><figure class=\"fg-item-inner\"><a href=\"https:\/\/zszastavka.cz\/wp-content\/uploads\/2022\/04\/msus_brezen22_22-1.jpg\" data-attachment-id=\"11645\" data-type=\"image\" class=\"fg-thumb\"><span class=\"fg-image-wrap\"><img decoding=\"async\" width=\"150\" height=\"150\" class=\"skip-lazy fg-image\" data-src-fg=\"https:\/\/zszastavka.cz\/wp-content\/uploads\/cache\/2022\/04\/msus_brezen22_22-1\/2874654805.jpg\" src=\"data:image\/svg+xml,%3Csvg%20xmlns%3D%22http%3A%2F%2Fwww.w3.org%2F2000%2Fsvg%22%20width%3D%22150%22%20height%3D%22150%22%20viewBox%3D%220%200%20150%20150%22%3E%3C%2Fsvg%3E\" loading=\"eager\"><\/span><span class=\"fg-image-overlay\"><\/span><\/a><\/figure><div class=\"fg-loader\"><\/div><\/div><div class=\"fg-item fg-type-image fg-idle\"><figure class=\"fg-item-inner\"><a href=\"https:\/\/zszastavka.cz\/wp-content\/uploads\/2022\/04\/msus_brezen22_21-1.jpg\" data-attachment-id=\"11644\" data-type=\"image\" class=\"fg-thumb\"><span class=\"fg-image-wrap\"><img decoding=\"async\" width=\"150\" height=\"150\" class=\"skip-lazy fg-image\" data-src-fg=\"https:\/\/zszastavka.cz\/wp-content\/uploads\/cache\/2022\/04\/msus_brezen22_21-1\/1864245071.jpg\" src=\"data:image\/svg+xml,%3Csvg%20xmlns%3D%22http%3A%2F%2Fwww.w3.org%2F2000%2Fsvg%22%20width%3D%22150%22%20height%3D%22150%22%20viewBox%3D%220%200%20150%20150%22%3E%3C%2Fsvg%3E\" loading=\"eager\"><\/span><span class=\"fg-image-overlay\"><\/span><\/a><\/figure><div class=\"fg-loader\"><\/div><\/div><div class=\"fg-item fg-type-image fg-idle\"><figure class=\"fg-item-inner\"><a href=\"https:\/\/zszastavka.cz\/wp-content\/uploads\/2022\/04\/msus_brezen22_20-1.jpg\" data-attachment-id=\"11643\" data-type=\"image\" class=\"fg-thumb\"><span class=\"fg-image-wrap\"><img decoding=\"async\" width=\"150\" height=\"150\" class=\"skip-lazy fg-image\" data-src-fg=\"https:\/\/zszastavka.cz\/wp-content\/uploads\/cache\/2022\/04\/msus_brezen22_20-1\/1286031422.jpg\" src=\"data:image\/svg+xml,%3Csvg%20xmlns%3D%22http%3A%2F%2Fwww.w3.org%2F2000%2Fsvg%22%20width%3D%22150%22%20height%3D%22150%22%20viewBox%3D%220%200%20150%20150%22%3E%3C%2Fsvg%3E\" loading=\"eager\"><\/span><span class=\"fg-image-overlay\"><\/span><\/a><\/figure><div class=\"fg-loader\"><\/div><\/div><div class=\"fg-item fg-type-image fg-idle\"><figure class=\"fg-item-inner\"><a href=\"https:\/\/zszastavka.cz\/wp-content\/uploads\/2022\/04\/msus_brezen22_19-1.jpg\" data-attachment-id=\"11642\" data-type=\"image\" class=\"fg-thumb\"><span class=\"fg-image-wrap\"><img decoding=\"async\" width=\"150\" height=\"150\" class=\"skip-lazy fg-image\" data-src-fg=\"https:\/\/zszastavka.cz\/wp-content\/uploads\/cache\/2022\/04\/msus_brezen22_19-1\/103703020.jpg\" src=\"data:image\/svg+xml,%3Csvg%20xmlns%3D%22http%3A%2F%2Fwww.w3.org%2F2000%2Fsvg%22%20width%3D%22150%22%20height%3D%22150%22%20viewBox%3D%220%200%20150%20150%22%3E%3C%2Fsvg%3E\" loading=\"eager\"><\/span><span class=\"fg-image-overlay\"><\/span><\/a><\/figure><div class=\"fg-loader\"><\/div><\/div><div class=\"fg-item fg-type-image fg-idle\"><figure class=\"fg-item-inner\"><a href=\"https:\/\/zszastavka.cz\/wp-content\/uploads\/2022\/04\/msus_brezen22_18-1.jpg\" data-attachment-id=\"11641\" data-type=\"image\" class=\"fg-thumb\"><span class=\"fg-image-wrap\"><img decoding=\"async\" width=\"150\" height=\"150\" class=\"skip-lazy fg-image\" data-src-fg=\"https:\/\/zszastavka.cz\/wp-content\/uploads\/cache\/2022\/04\/msus_brezen22_18-1\/2557388537.jpg\" src=\"data:image\/svg+xml,%3Csvg%20xmlns%3D%22http%3A%2F%2Fwww.w3.org%2F2000%2Fsvg%22%20width%3D%22150%22%20height%3D%22150%22%20viewBox%3D%220%200%20150%20150%22%3E%3C%2Fsvg%3E\" loading=\"eager\"><\/span><span class=\"fg-image-overlay\"><\/span><\/a><\/figure><div class=\"fg-loader\"><\/div><\/div><div class=\"fg-item fg-type-image fg-idle\"><figure class=\"fg-item-inner\"><a href=\"https:\/\/zszastavka.cz\/wp-content\/uploads\/2022\/04\/msus_brezen22_17-1.jpg\" data-attachment-id=\"11640\" data-type=\"image\" class=\"fg-thumb\"><span class=\"fg-image-wrap\"><img decoding=\"async\" width=\"150\" height=\"150\" class=\"skip-lazy fg-image\" data-src-fg=\"https:\/\/zszastavka.cz\/wp-content\/uploads\/cache\/2022\/04\/msus_brezen22_17-1\/1176213869.jpg\" src=\"data:image\/svg+xml,%3Csvg%20xmlns%3D%22http%3A%2F%2Fwww.w3.org%2F2000%2Fsvg%22%20width%3D%22150%22%20height%3D%22150%22%20viewBox%3D%220%200%20150%20150%22%3E%3C%2Fsvg%3E\" loading=\"eager\"><\/span><span class=\"fg-image-overlay\"><\/span><\/a><\/figure><div class=\"fg-loader\"><\/div><\/div><div class=\"fg-item fg-type-image fg-idle\"><figure class=\"fg-item-inner\"><a href=\"https:\/\/zszastavka.cz\/wp-content\/uploads\/2022\/04\/msus_brezen22_16-1.jpg\" data-attachment-id=\"11639\" data-type=\"image\" class=\"fg-thumb\"><span class=\"fg-image-wrap\"><img decoding=\"async\" width=\"150\" height=\"150\" class=\"skip-lazy fg-image\" data-src-fg=\"https:\/\/zszastavka.cz\/wp-content\/uploads\/cache\/2022\/04\/msus_brezen22_16-1\/3230308350.jpg\" src=\"data:image\/svg+xml,%3Csvg%20xmlns%3D%22http%3A%2F%2Fwww.w3.org%2F2000%2Fsvg%22%20width%3D%22150%22%20height%3D%22150%22%20viewBox%3D%220%200%20150%20150%22%3E%3C%2Fsvg%3E\" loading=\"eager\"><\/span><span class=\"fg-image-overlay\"><\/span><\/a><\/figure><div class=\"fg-loader\"><\/div><\/div><div class=\"fg-item fg-type-image fg-idle\"><figure class=\"fg-item-inner\"><a href=\"https:\/\/zszastavka.cz\/wp-content\/uploads\/2022\/04\/msus_brezen22_15-1.jpg\" data-attachment-id=\"11638\" data-type=\"image\" class=\"fg-thumb\"><span class=\"fg-image-wrap\"><img decoding=\"async\" width=\"150\" height=\"150\" class=\"skip-lazy fg-image\" data-src-fg=\"https:\/\/zszastavka.cz\/wp-content\/uploads\/cache\/2022\/04\/msus_brezen22_15-1\/79907044.jpg\" src=\"data:image\/svg+xml,%3Csvg%20xmlns%3D%22http%3A%2F%2Fwww.w3.org%2F2000%2Fsvg%22%20width%3D%22150%22%20height%3D%22150%22%20viewBox%3D%220%200%20150%20150%22%3E%3C%2Fsvg%3E\" loading=\"eager\"><\/span><span class=\"fg-image-overlay\"><\/span><\/a><\/figure><div class=\"fg-loader\"><\/div><\/div><div class=\"fg-item fg-type-image fg-idle\"><figure class=\"fg-item-inner\"><a href=\"https:\/\/zszastavka.cz\/wp-content\/uploads\/2022\/04\/msus_brezen22_14-1.jpg\" data-attachment-id=\"11637\" data-type=\"image\" class=\"fg-thumb\"><span class=\"fg-image-wrap\"><img decoding=\"async\" width=\"150\" height=\"150\" class=\"skip-lazy fg-image\" data-src-fg=\"https:\/\/zszastavka.cz\/wp-content\/uploads\/cache\/2022\/04\/msus_brezen22_14-1\/2281191708.jpg\" src=\"data:image\/svg+xml,%3Csvg%20xmlns%3D%22http%3A%2F%2Fwww.w3.org%2F2000%2Fsvg%22%20width%3D%22150%22%20height%3D%22150%22%20viewBox%3D%220%200%20150%20150%22%3E%3C%2Fsvg%3E\" loading=\"eager\"><\/span><span class=\"fg-image-overlay\"><\/span><\/a><\/figure><div class=\"fg-loader\"><\/div><\/div><\/div>\n<nav id=\"foogallery-gallery-11651_paging-bottom\" class=\"fg-paging-container fg-ph-dots\"><\/nav><script type=\"text\/javascript\">  window[\"foogallery-gallery-11651_items\"] = [{\"href\":\"https:\/\/zszastavka.cz\/wp-content\/uploads\/2022\/04\/msus_brezen22_13-1.jpg\",\"type\":\"image\",\"src\":\"https:\/\/zszastavka.cz\/wp-content\/uploads\/cache\/2022\/04\/msus_brezen22_13-1\/1247430268.jpg\",\"width\":150,\"height\":150,\"alt\":\"\",\"id\":11636,\"attr\":{\"anchor\":{\"data-attachment-id\":11636,\"class\":\"fg-thumb\"}}}, {\"href\":\"https:\/\/zszastavka.cz\/wp-content\/uploads\/2022\/04\/msus_brezen22_12-1.jpg\",\"type\":\"image\",\"src\":\"https:\/\/zszastavka.cz\/wp-content\/uploads\/cache\/2022\/04\/msus_brezen22_12-1\/3558506857.jpg\",\"width\":150,\"height\":150,\"alt\":\"\",\"id\":11635,\"attr\":{\"anchor\":{\"data-attachment-id\":11635,\"class\":\"fg-thumb\"}}}, {\"href\":\"https:\/\/zszastavka.cz\/wp-content\/uploads\/2022\/04\/msus_brezen22_11-1.jpg\",\"type\":\"image\",\"src\":\"https:\/\/zszastavka.cz\/wp-content\/uploads\/cache\/2022\/04\/msus_brezen22_11-1\/273899123.jpg\",\"width\":150,\"height\":150,\"alt\":\"\",\"id\":11634,\"attr\":{\"anchor\":{\"data-attachment-id\":11634,\"class\":\"fg-thumb\"}}}, {\"href\":\"https:\/\/zszastavka.cz\/wp-content\/uploads\/2022\/04\/msus_brezen22_10-1.jpg\",\"type\":\"image\",\"src\":\"https:\/\/zszastavka.cz\/wp-content\/uploads\/cache\/2022\/04\/msus_brezen22_10-1\/870975746.jpg\",\"width\":150,\"height\":150,\"alt\":\"\",\"id\":11633,\"attr\":{\"anchor\":{\"data-attachment-id\":11633,\"class\":\"fg-thumb\"}}}, {\"href\":\"https:\/\/zszastavka.cz\/wp-content\/uploads\/2022\/04\/msus_brezen22_09-1.jpg\",\"type\":\"image\",\"src\":\"https:\/\/zszastavka.cz\/wp-content\/uploads\/cache\/2022\/04\/msus_brezen22_09-1\/554670353.jpg\",\"width\":150,\"height\":150,\"alt\":\"\",\"id\":11632,\"attr\":{\"anchor\":{\"data-attachment-id\":11632,\"class\":\"fg-thumb\"}}}, {\"href\":\"https:\/\/zszastavka.cz\/wp-content\/uploads\/2022\/04\/msus_brezen22_08-1.jpg\",\"type\":\"image\",\"src\":\"https:\/\/zszastavka.cz\/wp-content\/uploads\/cache\/2022\/04\/msus_brezen22_08-1\/3209649668.jpg\",\"width\":150,\"height\":150,\"alt\":\"\",\"id\":11631,\"attr\":{\"anchor\":{\"data-attachment-id\":11631,\"class\":\"fg-thumb\"}}}  ];<\/script>\n","protected":false},"excerpt":{"rendered":"","protected":false},"author":1,"featured_media":0,"parent":4337,"menu_order":0,"comment_status":"closed","ping_status":"closed","template":"","meta":{"footnotes":""},"class_list":["post-11652","page","type-page","status-publish","hentry"],"_links":{"self":[{"href":"https:\/\/zszastavka.cz\/index.php?rest_route=\/wp\/v2\/pages\/11652","targetHints":{"allow":["GET"]}}],"collection":[{"href":"https:\/\/zszastavka.cz\/index.php?rest_route=\/wp\/v2\/pages"}],"about":[{"href":"https:\/\/zszastavka.cz\/index.php?rest_route=\/wp\/v2\/types\/page"}],"author":[{"embeddable":true,"href":"https:\/\/zszastavka.cz\/index.php?rest_route=\/wp\/v2\/users\/1"}],"replies":[{"embeddable":true,"href":"https:\/\/zszastavka.cz\/index.php?rest_route=%2Fwp%2Fv2%2Fcomments&post=11652"}],"version-history":[{"count":1,"href":"https:\/\/zszastavka.cz\/index.php?rest_route=\/wp\/v2\/pages\/11652\/revisions"}],"predecessor-version":[{"id":11653,"href":"https:\/\/zszastavka.cz\/index.php?rest_route=\/wp\/v2\/pages\/11652\/revisions\/11653"}],"up":[{"embeddable":true,"href":"https:\/\/zszastavka.cz\/index.php?rest_route=\/wp\/v2\/pages\/4337"}],"wp:attachment":[{"href":"https:\/\/zszastavka.cz\/index.php?rest_route=%2Fwp%2Fv2%2Fmedia&parent=11652"}],"curies":[{"name":"wp","href":"https:\/\/api.w.org\/{rel}","templated":true}]}}