{"id":11373,"date":"2022-01-07T13:43:46","date_gmt":"2022-01-07T12:43:46","guid":{"rendered":"https:\/\/zszastavka.cz\/?page_id=11373"},"modified":"2022-01-07T13:43:47","modified_gmt":"2022-01-07T12:43:47","slug":"zima-ve-zlute-sd","status":"publish","type":"page","link":"https:\/\/zszastavka.cz\/?page_id=11373","title":{"rendered":"Zima ve \u017elut\u00e9 \u0160D"},"content":{"rendered":"<style type=\"text\/css\">\n#foogallery-gallery-11366.fg-justified .fg-item { margin-right: 2px; margin-bottom: 2px; }\n#foogallery-gallery-11366.fg-justified .fg-image { height: 200px; }<\/style>\n\t\t\t<div class=\"foogallery foogallery-container foogallery-justified foogallery-lightbox-foobox fg-justified fg-ready fg-light fg-shadow-outline fg-loading-default fg-loaded-fade-in fg-caption-always fg-hover-fade fg-hover-zoom2\" id=\"foogallery-gallery-11366\" data-foogallery=\"{&quot;item&quot;:{&quot;showCaptionTitle&quot;:false,&quot;showCaptionDescription&quot;:false},&quot;lazy&quot;:true,&quot;paging&quot;:{&quot;type&quot;:&quot;dots&quot;,&quot;size&quot;:20,&quot;position&quot;:&quot;both&quot;,&quot;scrollToTop&quot;:false,&quot;output&quot;:&quot;&quot;,&quot;theme&quot;:&quot;fg-light&quot;},&quot;template&quot;:{&quot;rowHeight&quot;:200,&quot;maxRowHeight&quot;:300,&quot;margins&quot;:2,&quot;align&quot;:&quot;center&quot;,&quot;lastRow&quot;:&quot;smart&quot;}}\" style=\"--fg-title-line-clamp: 0; --fg-description-line-clamp: 0;\" >\n\t<div class=\"fg-item fg-type-image fg-idle\"><figure class=\"fg-item-inner\"><a href=\"https:\/\/zszastavka.cz\/wp-content\/uploads\/2022\/01\/zlute_zima_13.jpg\" data-attachment-id=\"11372\" data-type=\"image\" class=\"fg-thumb\"><span class=\"fg-image-wrap\"><img fetchpriority=\"high\" decoding=\"async\" height=\"300\" width=\"400\" class=\"skip-lazy fg-image\" data-src-fg=\"https:\/\/zszastavka.cz\/wp-content\/uploads\/cache\/2022\/01\/zlute_zima_13\/418610253.jpg\" src=\"data:image\/svg+xml,%3Csvg%20xmlns%3D%22http%3A%2F%2Fwww.w3.org%2F2000%2Fsvg%22%20width%3D%22400%22%20height%3D%22300%22%20viewBox%3D%220%200%20400%20300%22%3E%3C%2Fsvg%3E\" loading=\"eager\"><\/span><span class=\"fg-image-overlay\"><\/span><\/a><\/figure><div class=\"fg-loader\"><\/div><\/div><div class=\"fg-item fg-type-image fg-idle\"><figure class=\"fg-item-inner\"><a href=\"https:\/\/zszastavka.cz\/wp-content\/uploads\/2022\/01\/zlute_zima_12.jpg\" data-attachment-id=\"11371\" data-type=\"image\" class=\"fg-thumb\"><span class=\"fg-image-wrap\"><img decoding=\"async\" height=\"300\" width=\"400\" class=\"skip-lazy fg-image\" data-src-fg=\"https:\/\/zszastavka.cz\/wp-content\/uploads\/cache\/2022\/01\/zlute_zima_12\/3994198103.jpg\" src=\"data:image\/svg+xml,%3Csvg%20xmlns%3D%22http%3A%2F%2Fwww.w3.org%2F2000%2Fsvg%22%20width%3D%22400%22%20height%3D%22300%22%20viewBox%3D%220%200%20400%20300%22%3E%3C%2Fsvg%3E\" loading=\"eager\"><\/span><span class=\"fg-image-overlay\"><\/span><\/a><\/figure><div class=\"fg-loader\"><\/div><\/div><div class=\"fg-item fg-type-image fg-idle\"><figure class=\"fg-item-inner\"><a href=\"https:\/\/zszastavka.cz\/wp-content\/uploads\/2022\/01\/zlute_zima_11.jpg\" data-attachment-id=\"11370\" data-type=\"image\" class=\"fg-thumb\"><span class=\"fg-image-wrap\"><img decoding=\"async\" height=\"300\" width=\"400\" class=\"skip-lazy fg-image\" data-src-fg=\"https:\/\/zszastavka.cz\/wp-content\/uploads\/cache\/2022\/01\/zlute_zima_11\/3228832247.jpg\" src=\"data:image\/svg+xml,%3Csvg%20xmlns%3D%22http%3A%2F%2Fwww.w3.org%2F2000%2Fsvg%22%20width%3D%22400%22%20height%3D%22300%22%20viewBox%3D%220%200%20400%20300%22%3E%3C%2Fsvg%3E\" loading=\"eager\"><\/span><span class=\"fg-image-overlay\"><\/span><\/a><\/figure><div class=\"fg-loader\"><\/div><\/div><div class=\"fg-item fg-type-image fg-idle\"><figure class=\"fg-item-inner\"><a href=\"https:\/\/zszastavka.cz\/wp-content\/uploads\/2022\/01\/zlute_zima_10.jpg\" data-attachment-id=\"11369\" data-type=\"image\" class=\"fg-thumb\"><span class=\"fg-image-wrap\"><img decoding=\"async\" height=\"300\" width=\"400\" class=\"skip-lazy fg-image\" data-src-fg=\"https:\/\/zszastavka.cz\/wp-content\/uploads\/cache\/2022\/01\/zlute_zima_10\/1146683241.jpg\" src=\"data:image\/svg+xml,%3Csvg%20xmlns%3D%22http%3A%2F%2Fwww.w3.org%2F2000%2Fsvg%22%20width%3D%22400%22%20height%3D%22300%22%20viewBox%3D%220%200%20400%20300%22%3E%3C%2Fsvg%3E\" loading=\"eager\"><\/span><span class=\"fg-image-overlay\"><\/span><\/a><\/figure><div class=\"fg-loader\"><\/div><\/div><div class=\"fg-item fg-type-image fg-idle\"><figure class=\"fg-item-inner\"><a href=\"https:\/\/zszastavka.cz\/wp-content\/uploads\/2022\/01\/zlute_zima_09.jpg\" data-attachment-id=\"11368\" data-type=\"image\" class=\"fg-thumb\"><span class=\"fg-image-wrap\"><img decoding=\"async\" height=\"300\" width=\"400\" class=\"skip-lazy fg-image\" data-src-fg=\"https:\/\/zszastavka.cz\/wp-content\/uploads\/cache\/2022\/01\/zlute_zima_09\/3968157250.jpg\" src=\"data:image\/svg+xml,%3Csvg%20xmlns%3D%22http%3A%2F%2Fwww.w3.org%2F2000%2Fsvg%22%20width%3D%22400%22%20height%3D%22300%22%20viewBox%3D%220%200%20400%20300%22%3E%3C%2Fsvg%3E\" loading=\"eager\"><\/span><span class=\"fg-image-overlay\"><\/span><\/a><\/figure><div class=\"fg-loader\"><\/div><\/div><div class=\"fg-item fg-type-image fg-idle\"><figure class=\"fg-item-inner\"><a href=\"https:\/\/zszastavka.cz\/wp-content\/uploads\/2022\/01\/zlute_zima_08.jpg\" data-attachment-id=\"11367\" data-type=\"image\" class=\"fg-thumb\"><span class=\"fg-image-wrap\"><img decoding=\"async\" height=\"300\" width=\"400\" class=\"skip-lazy fg-image\" data-src-fg=\"https:\/\/zszastavka.cz\/wp-content\/uploads\/cache\/2022\/01\/zlute_zima_08\/4081838152.jpg\" src=\"data:image\/svg+xml,%3Csvg%20xmlns%3D%22http%3A%2F%2Fwww.w3.org%2F2000%2Fsvg%22%20width%3D%22400%22%20height%3D%22300%22%20viewBox%3D%220%200%20400%20300%22%3E%3C%2Fsvg%3E\" loading=\"eager\"><\/span><span class=\"fg-image-overlay\"><\/span><\/a><\/figure><div class=\"fg-loader\"><\/div><\/div><div class=\"fg-item fg-type-image fg-idle\"><figure class=\"fg-item-inner\"><a href=\"https:\/\/zszastavka.cz\/wp-content\/uploads\/2022\/01\/zlute_zima_07.jpg\" data-attachment-id=\"11136\" data-type=\"image\" class=\"fg-thumb\"><span class=\"fg-image-wrap\"><img decoding=\"async\" height=\"300\" width=\"225\" class=\"skip-lazy fg-image\" data-src-fg=\"https:\/\/zszastavka.cz\/wp-content\/uploads\/cache\/2022\/01\/zlute_zima_07\/1193151652.jpg\" src=\"data:image\/svg+xml,%3Csvg%20xmlns%3D%22http%3A%2F%2Fwww.w3.org%2F2000%2Fsvg%22%20width%3D%22225%22%20height%3D%22300%22%20viewBox%3D%220%200%20225%20300%22%3E%3C%2Fsvg%3E\" loading=\"eager\"><\/span><span class=\"fg-image-overlay\"><\/span><\/a><\/figure><div class=\"fg-loader\"><\/div><\/div><div class=\"fg-item fg-type-image fg-idle\"><figure class=\"fg-item-inner\"><a href=\"https:\/\/zszastavka.cz\/wp-content\/uploads\/2022\/01\/zlute_zima_05.jpg\" data-attachment-id=\"11134\" data-type=\"image\" class=\"fg-thumb\"><span class=\"fg-image-wrap\"><img decoding=\"async\" height=\"300\" width=\"400\" class=\"skip-lazy fg-image\" data-src-fg=\"https:\/\/zszastavka.cz\/wp-content\/uploads\/cache\/2022\/01\/zlute_zima_05\/2677629214.jpg\" src=\"data:image\/svg+xml,%3Csvg%20xmlns%3D%22http%3A%2F%2Fwww.w3.org%2F2000%2Fsvg%22%20width%3D%22400%22%20height%3D%22300%22%20viewBox%3D%220%200%20400%20300%22%3E%3C%2Fsvg%3E\" loading=\"eager\"><\/span><span class=\"fg-image-overlay\"><\/span><\/a><\/figure><div class=\"fg-loader\"><\/div><\/div><div class=\"fg-item fg-type-image fg-idle\"><figure class=\"fg-item-inner\"><a href=\"https:\/\/zszastavka.cz\/wp-content\/uploads\/2022\/01\/zlute_zima_06.jpg\" data-attachment-id=\"11135\" data-type=\"image\" class=\"fg-thumb\"><span class=\"fg-image-wrap\"><img decoding=\"async\" height=\"300\" width=\"400\" class=\"skip-lazy fg-image\" data-src-fg=\"https:\/\/zszastavka.cz\/wp-content\/uploads\/cache\/2022\/01\/zlute_zima_06\/2986332350.jpg\" src=\"data:image\/svg+xml,%3Csvg%20xmlns%3D%22http%3A%2F%2Fwww.w3.org%2F2000%2Fsvg%22%20width%3D%22400%22%20height%3D%22300%22%20viewBox%3D%220%200%20400%20300%22%3E%3C%2Fsvg%3E\" loading=\"eager\"><\/span><span class=\"fg-image-overlay\"><\/span><\/a><\/figure><div class=\"fg-loader\"><\/div><\/div><div class=\"fg-item fg-type-image fg-idle\"><figure class=\"fg-item-inner\"><a href=\"https:\/\/zszastavka.cz\/wp-content\/uploads\/2022\/01\/zlute_zima_04.jpg\" data-attachment-id=\"11133\" data-type=\"image\" class=\"fg-thumb\"><span class=\"fg-image-wrap\"><img decoding=\"async\" height=\"300\" width=\"400\" class=\"skip-lazy fg-image\" data-src-fg=\"https:\/\/zszastavka.cz\/wp-content\/uploads\/cache\/2022\/01\/zlute_zima_04\/2269998795.jpg\" src=\"data:image\/svg+xml,%3Csvg%20xmlns%3D%22http%3A%2F%2Fwww.w3.org%2F2000%2Fsvg%22%20width%3D%22400%22%20height%3D%22300%22%20viewBox%3D%220%200%20400%20300%22%3E%3C%2Fsvg%3E\" loading=\"eager\"><\/span><span class=\"fg-image-overlay\"><\/span><\/a><\/figure><div class=\"fg-loader\"><\/div><\/div><div class=\"fg-item fg-type-image fg-idle\"><figure class=\"fg-item-inner\"><a href=\"https:\/\/zszastavka.cz\/wp-content\/uploads\/2022\/01\/zlute_zima_03.jpg\" data-attachment-id=\"11132\" data-type=\"image\" class=\"fg-thumb\"><span class=\"fg-image-wrap\"><img decoding=\"async\" height=\"300\" width=\"400\" class=\"skip-lazy fg-image\" data-src-fg=\"https:\/\/zszastavka.cz\/wp-content\/uploads\/cache\/2022\/01\/zlute_zima_03\/761385361.jpg\" src=\"data:image\/svg+xml,%3Csvg%20xmlns%3D%22http%3A%2F%2Fwww.w3.org%2F2000%2Fsvg%22%20width%3D%22400%22%20height%3D%22300%22%20viewBox%3D%220%200%20400%20300%22%3E%3C%2Fsvg%3E\" loading=\"eager\"><\/span><span class=\"fg-image-overlay\"><\/span><\/a><\/figure><div class=\"fg-loader\"><\/div><\/div><div class=\"fg-item fg-type-image fg-idle\"><figure class=\"fg-item-inner\"><a href=\"https:\/\/zszastavka.cz\/wp-content\/uploads\/2022\/01\/zlute_zima_02.jpg\" data-attachment-id=\"11131\" data-type=\"image\" class=\"fg-thumb\"><span class=\"fg-image-wrap\"><img decoding=\"async\" height=\"300\" width=\"225\" class=\"skip-lazy fg-image\" data-src-fg=\"https:\/\/zszastavka.cz\/wp-content\/uploads\/cache\/2022\/01\/zlute_zima_02\/3682602379.jpg\" src=\"data:image\/svg+xml,%3Csvg%20xmlns%3D%22http%3A%2F%2Fwww.w3.org%2F2000%2Fsvg%22%20width%3D%22225%22%20height%3D%22300%22%20viewBox%3D%220%200%20225%20300%22%3E%3C%2Fsvg%3E\" loading=\"eager\"><\/span><span class=\"fg-image-overlay\"><\/span><\/a><\/figure><div class=\"fg-loader\"><\/div><\/div><div class=\"fg-item fg-type-image fg-idle\"><figure class=\"fg-item-inner\"><a href=\"https:\/\/zszastavka.cz\/wp-content\/uploads\/2022\/01\/zlute_zima_01.jpg\" data-attachment-id=\"11130\" data-type=\"image\" class=\"fg-thumb\"><span class=\"fg-image-wrap\"><img decoding=\"async\" height=\"300\" width=\"225\" class=\"skip-lazy fg-image\" data-src-fg=\"https:\/\/zszastavka.cz\/wp-content\/uploads\/cache\/2022\/01\/zlute_zima_01\/4125539371.jpg\" src=\"data:image\/svg+xml,%3Csvg%20xmlns%3D%22http%3A%2F%2Fwww.w3.org%2F2000%2Fsvg%22%20width%3D%22225%22%20height%3D%22300%22%20viewBox%3D%220%200%20225%20300%22%3E%3C%2Fsvg%3E\" loading=\"eager\"><\/span><span class=\"fg-image-overlay\"><\/span><\/a><\/figure><div class=\"fg-loader\"><\/div><\/div><\/div>\n\n","protected":false},"excerpt":{"rendered":"","protected":false},"author":1,"featured_media":0,"parent":10853,"menu_order":0,"comment_status":"closed","ping_status":"closed","template":"","meta":{"footnotes":""},"class_list":["post-11373","page","type-page","status-publish","hentry"],"_links":{"self":[{"href":"https:\/\/zszastavka.cz\/index.php?rest_route=\/wp\/v2\/pages\/11373","targetHints":{"allow":["GET"]}}],"collection":[{"href":"https:\/\/zszastavka.cz\/index.php?rest_route=\/wp\/v2\/pages"}],"about":[{"href":"https:\/\/zszastavka.cz\/index.php?rest_route=\/wp\/v2\/types\/page"}],"author":[{"embeddable":true,"href":"https:\/\/zszastavka.cz\/index.php?rest_route=\/wp\/v2\/users\/1"}],"replies":[{"embeddable":true,"href":"https:\/\/zszastavka.cz\/index.php?rest_route=%2Fwp%2Fv2%2Fcomments&post=11373"}],"version-history":[{"count":1,"href":"https:\/\/zszastavka.cz\/index.php?rest_route=\/wp\/v2\/pages\/11373\/revisions"}],"predecessor-version":[{"id":11374,"href":"https:\/\/zszastavka.cz\/index.php?rest_route=\/wp\/v2\/pages\/11373\/revisions\/11374"}],"up":[{"embeddable":true,"href":"https:\/\/zszastavka.cz\/index.php?rest_route=\/wp\/v2\/pages\/10853"}],"wp:attachment":[{"href":"https:\/\/zszastavka.cz\/index.php?rest_route=%2Fwp%2Fv2%2Fmedia&parent=11373"}],"curies":[{"name":"wp","href":"https:\/\/api.w.org\/{rel}","templated":true}]}}