{"id":10853,"date":"2022-01-07T13:30:58","date_gmt":"2022-01-07T12:30:58","guid":{"rendered":"https:\/\/zszastavka.cz\/?page_id=10853"},"modified":"2023-08-07T12:01:00","modified_gmt":"2023-08-07T10:01:00","slug":"fotogalerie-sd-2021-2022","status":"publish","type":"page","link":"https:\/\/zszastavka.cz\/?page_id=10853","title":{"rendered":"Fotogalerie \u0160D 2021\/2022"},"content":{"rendered":"\n<p class=\"has-black-color has-vivid-green-cyan-background-color has-text-color has-background\"><strong>\u0160D Zelen\u00e1<\/strong><\/p>\n\n\n\n<div class=\"wp-block-columns are-vertically-aligned-center is-layout-flex wp-container-core-columns-is-layout-9d6595d7 wp-block-columns-is-layout-flex\">\n<div class=\"wp-block-column is-vertically-aligned-center is-layout-flow wp-block-column-is-layout-flow\" style=\"flex-basis:100%\">\n<div class=\"wp-block-columns is-layout-flex wp-container-core-columns-is-layout-9d6595d7 wp-block-columns-is-layout-flex\">\n<div class=\"wp-block-column is-layout-flow wp-block-column-is-layout-flow\">\n<p class=\"has-text-align-center has-medium-font-size\"><strong><a href=\"https:\/\/zszastavka.cz\/?page_id=12247\" data-type=\"page\" data-id=\"12247\">Den d\u011bt\u00ed<\/a><\/strong><\/p>\n\n\n\n<p class=\"has-text-align-center has-medium-font-size\"><strong><a href=\"https:\/\/zszastavka.cz\/?page_id=12240\" data-type=\"page\" data-id=\"12240\">Bruslen\u00ed a karneval<\/a><\/strong><\/p>\n\n\n\n<p class=\"has-text-align-center has-medium-font-size\"><a href=\"https:\/\/zszastavka.cz\/?page_id=11350\" data-type=\"page\" data-id=\"11350\"><strong>Pir\u00e1ti a Halloween<\/strong><\/a><\/p>\n<\/div>\n\n\n\n<div class=\"wp-block-column is-layout-flow wp-block-column-is-layout-flow\">\n<p class=\"has-text-align-center has-medium-font-size\"><br><strong><a href=\"https:\/\/zszastavka.cz\/?page_id=12244\" data-type=\"page\" data-id=\"12244\">Jaro a Velikonoce<\/a><\/strong><\/p>\n\n\n\n<p class=\"has-text-align-center has-medium-font-size\"><a href=\"https:\/\/zszastavka.cz\/?page_id=11355\" data-type=\"page\" data-id=\"11355\"><strong>Advent<\/strong><\/a><\/p>\n<\/div>\n<\/div>\n<\/div>\n<\/div>\n\n\n\n<p class=\"has-white-color has-vivid-red-background-color has-text-color has-background\"><strong>\u0160D \u010cerven\u00e1<\/strong><\/p>\n\n\n\n<div class=\"wp-block-columns is-layout-flex wp-container-core-columns-is-layout-9d6595d7 wp-block-columns-is-layout-flex\">\n<div class=\"wp-block-column is-layout-flow wp-block-column-is-layout-flow\">\n<p class=\"has-text-align-center has-medium-font-size\"><strong><a href=\"https:\/\/zszastavka.cz\/?page_id=12434\" data-type=\"page\" data-id=\"12434\">Leden, \u00fanor<\/a><\/strong><\/p>\n\n\n\n<p class=\"has-text-align-center has-medium-font-size\"><a href=\"https:\/\/zszastavka.cz\/?page_id=11358\" data-type=\"page\" data-id=\"11358\"><strong>Sportov\u00e1n\u00ed<\/strong><\/a><\/p>\n<\/div>\n\n\n\n<div class=\"wp-block-column is-layout-flow wp-block-column-is-layout-flow\">\n<p class=\"has-text-align-center has-medium-font-size\"><strong><a href=\"https:\/\/zszastavka.cz\/?page_id=12437\" data-type=\"page\" data-id=\"12437\">Jaro, l\u00e9to<\/a><\/strong><\/p>\n\n\n\n<p class=\"has-text-align-center has-medium-font-size\"><a href=\"https:\/\/zszastavka.cz\/?page_id=11361\" data-type=\"page\" data-id=\"11361\"><strong>Halloween a Je\u017e\u00ed\u0161ek<\/strong><\/a><\/p>\n<\/div>\n<\/div>\n\n\n\n<p class=\"has-black-color has-luminous-vivid-amber-background-color has-text-color has-background\"><strong>\u0160D \u017dlut\u00e1<\/strong><\/p>\n\n\n\n<div class=\"wp-block-columns is-layout-flex wp-container-core-columns-is-layout-9d6595d7 wp-block-columns-is-layout-flex\">\n<div class=\"wp-block-column is-layout-flow wp-block-column-is-layout-flow\">\n<p class=\"has-text-align-center has-medium-font-size\"><strong><a href=\"https:\/\/zszastavka.cz\/?page_id=12441\" data-type=\"page\" data-id=\"12441\">Masopustn\u00ed rej<\/a><\/strong><\/p>\n\n\n\n<p class=\"has-text-align-center has-medium-font-size\"><a href=\"https:\/\/zszastavka.cz\/?page_id=11364\" data-type=\"page\" data-id=\"11364\"><strong>Podzim<\/strong><\/a><\/p>\n<\/div>\n\n\n\n<div class=\"wp-block-column is-layout-flow wp-block-column-is-layout-flow\">\n<p class=\"has-text-align-center has-medium-font-size\"><strong><a href=\"https:\/\/zszastavka.cz\/?page_id=12445\" data-type=\"page\" data-id=\"12445\">Aktivity<\/a><\/strong><\/p>\n\n\n\n<p class=\"has-text-align-center has-medium-font-size\"><a href=\"https:\/\/zszastavka.cz\/?page_id=11373\" data-type=\"page\" data-id=\"11373\"><strong>Zima<\/strong><\/a><\/p>\n<\/div>\n<\/div>\n\n\n\n<p class=\"has-white-color has-vivid-cyan-blue-background-color has-text-color has-background\"><strong>\u0160D Modr\u00e1<\/strong><\/p>\n\n\n\n<div class=\"wp-block-columns is-layout-flex wp-container-core-columns-is-layout-9d6595d7 wp-block-columns-is-layout-flex\">\n<div class=\"wp-block-column is-layout-flow wp-block-column-is-layout-flow\">\n<p class=\"has-text-align-center has-medium-font-size\"><strong><a href=\"https:\/\/zszastavka.cz\/?page_id=12479\" data-type=\"page\" data-id=\"12479\">Masopust<\/a><\/strong><\/p>\n\n\n\n<p class=\"has-text-align-center has-medium-font-size\"><strong><a href=\"https:\/\/zszastavka.cz\/?page_id=11376\" data-type=\"page\" data-id=\"11376\">Podzim<\/a><\/strong><\/p>\n<\/div>\n\n\n\n<div class=\"wp-block-column is-layout-flow wp-block-column-is-layout-flow\">\n<p class=\"has-text-align-center has-medium-font-size\"><strong><a href=\"https:\/\/zszastavka.cz\/?page_id=12568\" data-type=\"page\" data-id=\"12568\">Sout\u011b\u017ee<\/a><\/strong><\/p>\n\n\n\n<p class=\"has-text-align-center has-medium-font-size\"><strong><a href=\"https:\/\/zszastavka.cz\/?page_id=11379\" data-type=\"page\" data-id=\"11379\">Zima<\/a><\/strong><\/p>\n<\/div>\n<\/div>\n\n\n\n<p><\/p>\n","protected":false},"excerpt":{"rendered":"<p>\u0160D Zelen\u00e1 Den d\u011bt\u00ed Bruslen\u00ed a karneval Pir\u00e1ti a Halloween Jaro a Velikonoce Advent \u0160D \u010cerven\u00e1 Leden, \u00fanor Sportov\u00e1n\u00ed Jaro, l\u00e9to Halloween a Je\u017e\u00ed\u0161ek \u0160D \u017dlut\u00e1 Masopustn\u00ed rej Podzim Aktivity Zima \u0160D Modr\u00e1 Masopust Podzim Sout\u011b\u017ee Zima<\/p>\n","protected":false},"author":1,"featured_media":0,"parent":17583,"menu_order":2,"comment_status":"closed","ping_status":"closed","template":"","meta":{"footnotes":""},"class_list":["post-10853","page","type-page","status-publish","hentry"],"_links":{"self":[{"href":"https:\/\/zszastavka.cz\/index.php?rest_route=\/wp\/v2\/pages\/10853","targetHints":{"allow":["GET"]}}],"collection":[{"href":"https:\/\/zszastavka.cz\/index.php?rest_route=\/wp\/v2\/pages"}],"about":[{"href":"https:\/\/zszastavka.cz\/index.php?rest_route=\/wp\/v2\/types\/page"}],"author":[{"embeddable":true,"href":"https:\/\/zszastavka.cz\/index.php?rest_route=\/wp\/v2\/users\/1"}],"replies":[{"embeddable":true,"href":"https:\/\/zszastavka.cz\/index.php?rest_route=%2Fwp%2Fv2%2Fcomments&post=10853"}],"version-history":[{"count":14,"href":"https:\/\/zszastavka.cz\/index.php?rest_route=\/wp\/v2\/pages\/10853\/revisions"}],"predecessor-version":[{"id":12571,"href":"https:\/\/zszastavka.cz\/index.php?rest_route=\/wp\/v2\/pages\/10853\/revisions\/12571"}],"up":[{"embeddable":true,"href":"https:\/\/zszastavka.cz\/index.php?rest_route=\/wp\/v2\/pages\/17583"}],"wp:attachment":[{"href":"https:\/\/zszastavka.cz\/index.php?rest_route=%2Fwp%2Fv2%2Fmedia&parent=10853"}],"curies":[{"name":"wp","href":"https:\/\/api.w.org\/{rel}","templated":true}]}}